{"id":2794,"date":"2023-04-11T10:21:56","date_gmt":"2023-04-11T13:21:56","guid":{"rendered":"https:\/\/sites.uel.br\/prograd\/?page_id=2794"},"modified":"2024-01-18T08:35:58","modified_gmt":"2024-01-18T11:35:58","slug":"gepe-grupo-de-estudos-de-praticas-em-ensino-premios","status":"publish","type":"page","link":"https:\/\/sites.uel.br\/prograd\/gepe-grupo-de-estudos-de-praticas-em-ensino-premios\/","title":{"rendered":"GEPE (Grupo de Estudos de Pr\u00e1ticas em Ensino)"},"content":{"rendered":"\n<hr class=\"wp-block-separator has-alpha-channel-opacity is-style-wide\"\/>\n\n\n\n<h2 class=\"wp-block-heading\">Pr\u00eamios<\/h2>\n\n\n<div class=\"wp-block-image\">\n<figure class=\"aligncenter size-full\"><img loading=\"lazy\" decoding=\"async\" width=\"557\" height=\"371\" src=\"https:\/\/sites.uel.br\/prograd\/wp-content\/uploads\/2023\/04\/2-12-2014-g-pasem.jpg\" alt=\"\" class=\"wp-image-2822\" srcset=\"https:\/\/sites.uel.br\/prograd\/wp-content\/uploads\/2023\/04\/2-12-2014-g-pasem.jpg 557w, https:\/\/sites.uel.br\/prograd\/wp-content\/uploads\/2023\/04\/2-12-2014-g-pasem-300x200.jpg 300w\" sizes=\"auto, (max-width: 557px) 100vw, 557px\" \/><figcaption class=\"wp-element-caption\">As professoras Milena Kanashiro e Elisa Tanaka na premia\u00e7\u00e3o<\/figcaption><\/figure>\n<\/div>\n\n\n<p>Ag\u00eancia UEL &#8211; 03\/12\/2014<\/p>\n\n\n\n<p><br>O Grupo de Estudos em Pr\u00e1ticas de Ensino (GEPE) da UEL, ligado \u00e0 Pr\u00f3-Reitoria de Gradua\u00e7\u00e3o, ganhou o Pr\u00eamio &#8220;Paulo Freire&#8221; do Programa de Apoio ao Setor Educacional do Mercosul (PASEM), que ocorreu nos dias 24 e 25 de novembro, no Encuentro Regional de Cierre Del Primer Concurso de Experiencias Innovadoras, realizado em Colonia Del Sacramento, no Uruguai.<\/p>\n\n\n\n<p>O pr\u00eamio tem como objetivo avaliar as pr\u00e1ticas educacionais desenvolvidas na Argentina, Brasil, Paraguai e Uruguai. As professoras Elisa Emi Tanaka Carloto, do curso de Odontologia e Milena Kanashiro, do curso de Arquitetura e Urbanismo da UEL, receberam o pr\u00eamio, em nome da Universidade.<\/p>\n\n\n\n<p>A UEL foi classificada na categoria Ensino em Ci\u00eancias e Impacto das Tecnologias. O trabalho premiado documentou as experi\u00eancias dos professores, equipes institucionais ou interinstitucionais, diretores de institui\u00e7\u00f5es de forma\u00e7\u00e3o docente e gestores que atuam no \u00e2mbito da forma\u00e7\u00e3o.<\/p>\n\n\n\n<p>O GEPE, direcionado aos docentes da UEL, funciona desde setembro de 2011 e tem por finalidade institucionalizar um espa\u00e7o de discuss\u00e3o e reflex\u00e3o sobre a pr\u00e1tica educativa, com foco na rela\u00e7\u00e3o professor, aluno e conhecimento, al\u00e9m da busca por melhorias na qualidade da forma\u00e7\u00e3o profissional nos cursos de gradua\u00e7\u00e3o e servir de fonte para a revis\u00e3o da a\u00e7\u00e3o docente, pr\u00e1ticas de ensino e intera\u00e7\u00e3o pedag\u00f3gica.<\/p>\n\n\n\n<div style=\"height:20px\" aria-hidden=\"true\" class=\"wp-block-spacer\"><\/div>\n\n\n<div class=\"wp-block-image\">\n<figure class=\"aligncenter size-full\"><img loading=\"lazy\" decoding=\"async\" width=\"557\" height=\"416\" src=\"https:\/\/sites.uel.br\/prograd\/wp-content\/uploads\/2023\/04\/2-12-2014-g-pasem1-1.jpg\" alt=\"\" class=\"wp-image-2825\" srcset=\"https:\/\/sites.uel.br\/prograd\/wp-content\/uploads\/2023\/04\/2-12-2014-g-pasem1-1.jpg 557w, https:\/\/sites.uel.br\/prograd\/wp-content\/uploads\/2023\/04\/2-12-2014-g-pasem1-1-300x224.jpg 300w\" sizes=\"auto, (max-width: 557px) 100vw, 557px\" \/><\/figure>\n<\/div>","protected":false},"excerpt":{"rendered":"<p>Pr\u00eamios Ag\u00eancia UEL &#8211; 03\/12\/2014 O Grupo de Estudos em Pr\u00e1ticas de Ensino (GEPE) da UEL, ligado \u00e0 Pr\u00f3-Reitoria de Gradua\u00e7\u00e3o, ganhou o Pr\u00eamio &#8220;Paulo Freire&#8221; do Programa de Apoio ao Setor Educacional do Mercosul (PASEM), que ocorreu nos dias 24 e 25 de novembro, no Encuentro Regional de Cierre Del Primer Concurso de Experiencias [&hellip;]<\/p>\n","protected":false},"author":8,"featured_media":0,"parent":0,"menu_order":0,"comment_status":"closed","ping_status":"closed","template":"","meta":{"_acf_changed":false,"_themeisle_gutenberg_block_has_review":false,"footnotes":""},"class_list":["post-2794","page","type-page","status-publish","hentry"],"acf":[],"_links":{"self":[{"href":"https:\/\/sites.uel.br\/prograd\/wp-json\/wp\/v2\/pages\/2794","targetHints":{"allow":["GET"]}}],"collection":[{"href":"https:\/\/sites.uel.br\/prograd\/wp-json\/wp\/v2\/pages"}],"about":[{"href":"https:\/\/sites.uel.br\/prograd\/wp-json\/wp\/v2\/types\/page"}],"author":[{"embeddable":true,"href":"https:\/\/sites.uel.br\/prograd\/wp-json\/wp\/v2\/users\/8"}],"replies":[{"embeddable":true,"href":"https:\/\/sites.uel.br\/prograd\/wp-json\/wp\/v2\/comments?post=2794"}],"version-history":[{"count":6,"href":"https:\/\/sites.uel.br\/prograd\/wp-json\/wp\/v2\/pages\/2794\/revisions"}],"predecessor-version":[{"id":16760,"href":"https:\/\/sites.uel.br\/prograd\/wp-json\/wp\/v2\/pages\/2794\/revisions\/16760"}],"wp:attachment":[{"href":"https:\/\/sites.uel.br\/prograd\/wp-json\/wp\/v2\/media?parent=2794"}],"curies":[{"name":"wp","href":"https:\/\/api.w.org\/{rel}","templated":true}]}}