{"id":271,"date":"2022-12-21T14:41:33","date_gmt":"2022-12-21T17:41:33","guid":{"rendered":"https:\/\/sites.uel.br\/prograd\/?page_id=271"},"modified":"2024-05-06T11:34:24","modified_gmt":"2024-05-06T14:34:24","slug":"quem-somos","status":"publish","type":"page","link":"https:\/\/sites.uel.br\/prograd\/apresentacao\/quem-somos\/","title":{"rendered":"Sobre a Pr\u00f3-Reitoria"},"content":{"rendered":"\n<hr class=\"wp-block-separator has-alpha-channel-opacity is-style-wide\"\/>\n\n\n\n<p>A Pr\u00f3-Reitoria de Gradua\u00e7\u00e3o (PROGRAD) \u00e9 o \u00f3rg\u00e3o que planeja, executa e coordena as atividades acad\u00eamicas, atividades relativas a projetos de pesquisa em ensino, atividades referentes ao registro de diplomas e as pol\u00edticas de gradua\u00e7\u00e3o da Universidade.<\/p>\n\n\n\n<p>\u00c9 respons\u00e1vel tamb\u00e9m pelo assessoramento e gerenciamento acad\u00eamico de todos os Cursos de Gradua\u00e7\u00e3o, incluindo os cursos presenciais e Educa\u00e7\u00e3o a Dist\u00e2ncia (EaD). Esse gerenciamento implica a efetiva\u00e7\u00e3o das matr\u00edculas dos estudantes pelas v\u00e1rias formas de ingresso, acompanhamento acad\u00eamico e pedag\u00f3gico, durante toda a sua trajet\u00f3ria na gradua\u00e7\u00e3o e posteriormente como egresso.<\/p>\n\n\n\n<p>Formas de ingresso:<\/p>\n\n\n\n<p>&#8211; Processo Seletivo Vestibular; <\/p>\n\n\n\n<p>&#8211; Sistema de Sele\u00e7\u00e3o Unificado (SISU); <\/p>\n\n\n\n<p>&#8211; Transfer\u00eancia Externa; <\/p>\n\n\n\n<p>&#8211; Vestibular dos Povos Ind\u00edgenas do Paran\u00e1; <\/p>\n\n\n\n<p>&#8211; Conv\u00eanios Federais com o PEC-G (Programa Estudante Conv\u00eanio Gradua\u00e7\u00e3o); <\/p>\n\n\n\n<p>&#8211; Portador de Diploma de Curso Superior (PDCS); <\/p>\n\n\n\n<p>&#8211; Estudante Especial;&nbsp; <\/p>\n\n\n\n<p>&#8211; Transfer\u00eancia Interna; <\/p>\n\n\n\n<p>&#8211; ENEM (Exame Nacional do Ensino M\u00e9dio). <\/p>\n\n\n\n<div style=\"height:20px\" aria-hidden=\"true\" class=\"wp-block-spacer\"><\/div>\n\n\n\n<p>O trabalho administrativo, acad\u00eamico e pedag\u00f3gico desenvolvido pela Pr\u00f3-Reitoria de Gradua\u00e7\u00e3o (Prograd) continua focado na melhoria da qualidade das dimens\u00f5es pedag\u00f3gicas, acad\u00eamicas e administrativas, a saber:<\/p>\n\n\n\n<div style=\"height:20px\" aria-hidden=\"true\" class=\"wp-block-spacer\"><\/div>\n\n\n\n<p><strong>No \u00e2mbito pedag\u00f3gico<\/strong>, prima-se pelo(a):<\/p>\n\n\n\n<p>assessoramento cont\u00ednuo aos coordenadores dos Cursos;<\/p>\n\n\n\n<p>qualidade da forma\u00e7\u00e3o continuada dos docentes e de t\u00e9cnicos;<\/p>\n\n\n\n<p>democratiza\u00e7\u00e3o de acesso e perman\u00eancia dos estudantes de gradua\u00e7\u00e3o.<\/p>\n\n\n\n<p><\/p>\n\n\n\n<p><strong>Na dimens\u00e3o acad\u00eamica e administrativa<\/strong>, busca-se constantemente:<\/p>\n\n\n\n<p>aprimorar as condutas procedimentais;<\/p>\n\n\n\n<p>aperfei\u00e7oar a estrutura administrativa;<\/p>\n\n\n\n<p>agilizar a execu\u00e7\u00e3o dos processos acad\u00eamicos;<\/p>\n\n\n\n<p>informatizar e atualizar os sistemas.<\/p>\n\n\n\n<p><\/p>\n\n\n\n<div style=\"height:20px\" aria-hidden=\"true\" class=\"wp-block-spacer\"><\/div>\n\n\n\n<figure class=\"wp-block-image size-large\"><img loading=\"lazy\" decoding=\"async\" width=\"1024\" height=\"683\" src=\"https:\/\/sites.uel.br\/prograd\/wp-content\/uploads\/2023\/10\/PROGRAD-1-1024x683.jpg\" alt=\"\" class=\"wp-image-13346\" srcset=\"https:\/\/sites.uel.br\/prograd\/wp-content\/uploads\/2023\/10\/PROGRAD-1-1024x683.jpg 1024w, https:\/\/sites.uel.br\/prograd\/wp-content\/uploads\/2023\/10\/PROGRAD-1-300x200.jpg 300w, https:\/\/sites.uel.br\/prograd\/wp-content\/uploads\/2023\/10\/PROGRAD-1-768x512.jpg 768w, https:\/\/sites.uel.br\/prograd\/wp-content\/uploads\/2023\/10\/PROGRAD-1-1536x1024.jpg 1536w, https:\/\/sites.uel.br\/prograd\/wp-content\/uploads\/2023\/10\/PROGRAD-1-2048x1365.jpg 2048w\" sizes=\"auto, (max-width: 1024px) 100vw, 1024px\" \/><\/figure>\n\n\n\n<hr class=\"wp-block-separator has-text-color has-cinza-color has-css-opacity has-cinza-background-color has-background is-style-wide\"\/>\n\n\n\n<p><strong>Veja tamb\u00e9m:<\/strong><\/p>\n\n\n\n<p><a href=\"https:\/\/sites.uel.br\/prograd\/apresentacao\/equipe\/\">Equipe e Estrutura da Prograd<\/a><\/p>\n","protected":false},"excerpt":{"rendered":"<p>A Pr\u00f3-Reitoria de Gradua\u00e7\u00e3o (PROGRAD) \u00e9 o \u00f3rg\u00e3o que planeja, executa e coordena as atividades acad\u00eamicas, atividades relativas a projetos de pesquisa em ensino, atividades referentes ao registro de diplomas e as pol\u00edticas de gradua\u00e7\u00e3o da Universidade. \u00c9 respons\u00e1vel tamb\u00e9m pelo assessoramento e gerenciamento acad\u00eamico de todos os Cursos de Gradua\u00e7\u00e3o, incluindo os cursos presenciais [&hellip;]<\/p>\n","protected":false},"author":2,"featured_media":0,"parent":246,"menu_order":0,"comment_status":"closed","ping_status":"closed","template":"","meta":{"_acf_changed":false,"_themeisle_gutenberg_block_has_review":false,"footnotes":""},"class_list":["post-271","page","type-page","status-publish","hentry"],"acf":[],"_links":{"self":[{"href":"https:\/\/sites.uel.br\/prograd\/wp-json\/wp\/v2\/pages\/271","targetHints":{"allow":["GET"]}}],"collection":[{"href":"https:\/\/sites.uel.br\/prograd\/wp-json\/wp\/v2\/pages"}],"about":[{"href":"https:\/\/sites.uel.br\/prograd\/wp-json\/wp\/v2\/types\/page"}],"author":[{"embeddable":true,"href":"https:\/\/sites.uel.br\/prograd\/wp-json\/wp\/v2\/users\/2"}],"replies":[{"embeddable":true,"href":"https:\/\/sites.uel.br\/prograd\/wp-json\/wp\/v2\/comments?post=271"}],"version-history":[{"count":47,"href":"https:\/\/sites.uel.br\/prograd\/wp-json\/wp\/v2\/pages\/271\/revisions"}],"predecessor-version":[{"id":29346,"href":"https:\/\/sites.uel.br\/prograd\/wp-json\/wp\/v2\/pages\/271\/revisions\/29346"}],"up":[{"embeddable":true,"href":"https:\/\/sites.uel.br\/prograd\/wp-json\/wp\/v2\/pages\/246"}],"wp:attachment":[{"href":"https:\/\/sites.uel.br\/prograd\/wp-json\/wp\/v2\/media?parent=271"}],"curies":[{"name":"wp","href":"https:\/\/api.w.org\/{rel}","templated":true}]}}