{"id":2681,"date":"2023-04-10T11:39:45","date_gmt":"2023-04-10T14:39:45","guid":{"rendered":"https:\/\/sites.uel.br\/prograd\/?page_id=2681"},"modified":"2024-07-01T11:51:04","modified_gmt":"2024-07-01T14:51:04","slug":"estagios-e-intercambios-agentes-de-integracao","status":"publish","type":"page","link":"https:\/\/sites.uel.br\/prograd\/estudante\/estagios-e-intercambios\/estagios-e-intercambios-agentes-de-integracao\/","title":{"rendered":"Est\u00e1gios e Interc\u00e2mbios"},"content":{"rendered":"\n<hr class=\"wp-block-separator has-alpha-channel-opacity is-style-wide\"\/>\n\n\n\n<h2 class=\"wp-block-heading\">Agentes de Integra\u00e7\u00e3o<\/h2>\n\n\n\n<p>Os agentes de integra\u00e7\u00e3o s\u00e3o institui\u00e7\u00f5es aut\u00f4nomas e v\u00eam no sentido de auxiliar as IES na identifica\u00e7\u00e3o das oportunidades de est\u00e1gio junto a Pessoas Jur\u00eddicas de Direito P\u00fablico e Privado, aproximando estudantes do mercado de trabalho, e contribuindo para o desenvolvimento de habilidades, modalidades de atua\u00e7\u00e3o e forma\u00e7\u00e3o profissional destas pessoas.<br>Os Agentes de Integra\u00e7\u00e3o que ainda n\u00e3o tem conv\u00eanio com a UEL e desejam formaliz\u00e1-lo, favor entrar em contato:<br><br><strong>DIVIS\u00c3O CENTRAL DE EST\u00c1GIOS E INTERC\u00c2MBIOS<br>PR\u00d3-REITORIA DE GRADUA\u00c7\u00c3O<br>UNIVERSIDADE ESTADUAL DE LONDRINA<br>FONE: 55 (43) 3371-4900<br>FAX: 55 (43) 3371-4561<\/strong><br><strong>E-MAIL:&nbsp;<\/strong><a href=\"mailto:estagios@uel.br\">estagios@uel.br<\/a><\/p>\n\n\n\n<div style=\"height:30px\" aria-hidden=\"true\" class=\"wp-block-spacer\"><\/div>\n\n\n\n<hr class=\"wp-block-separator has-text-color has-cinza-claro-color has-alpha-channel-opacity has-cinza-claro-background-color has-background is-style-wide\"\/>\n\n\n\n<p><a href=\"https:\/\/sites.uel.br\/prograd\/wp-content\/uploads\/documentos\/resolucoes\/2007\/resolucao_197_07.pdf\" target=\"_blank\" rel=\"noreferrer noopener\"><strong>Resolu\u00e7\u00e3o CEPE n\u00ba 0197\/2007<\/strong><\/a><br>Disciplina a atividade de agentes de integra\u00e7\u00e3o no \u00e2mbito da Universidade Estadual de Londrina, com a finalidade de intermediar Est\u00e1gios Curriculares Obrigat\u00f3rio e n\u00e3o Obrigat\u00f3rio<\/p>\n\n\n\n<p><a href=\"https:\/\/sites.uel.br\/prograd\/wp-content\/uploads\/documentos\/resolucoes\/2007\/resolucao_183_07.pdf\" target=\"_blank\" rel=\"noreferrer noopener\"><strong>Resolu\u00e7\u00e3o CA n\u00ba 183\/2007<\/strong><br><\/a>Possibilita \u00e0 UEL formalizar conv\u00eanios com Agentes de Integra\u00e7\u00e3o, criando normas e regras espec\u00edficas em atendimento aos dispositivos legais existentes<br><br>\u00c9 necess\u00e1rio anexar aos documentos do Agente de Integra\u00e7\u00e3o, o&nbsp;<a href=\"https:\/\/sites.uel.br\/prograd\/wp-content\/uploads\/formularios\/estagios\/curricular_nao_obrigatorio\/plano_estagio.doc\" target=\"_blank\" rel=\"noreferrer noopener\"><strong>plano de est\u00e1gio.<\/strong><\/a><\/p>\n\n\n\n<div style=\"height:20px\" aria-hidden=\"true\" class=\"wp-block-spacer\"><\/div>\n\n\n\n<hr class=\"wp-block-separator has-text-color has-cinza-claro-color has-alpha-channel-opacity has-cinza-claro-background-color has-background is-style-wide\"\/>\n\n\n\n<h3 class=\"wp-block-heading has-text-align-center\"><strong><strong><strong>OFERTAS DE VAGAS DE EST\u00c1GIO \u2013 AGENTES DE INTEGRA\u00c7\u00c3O<\/strong><\/strong><\/strong><\/h3>\n\n\n\n<div style=\"height:30px\" aria-hidden=\"true\" class=\"wp-block-spacer\"><\/div>\n\n\n\n<div class=\"wp-block-columns is-layout-flex wp-container-core-columns-is-layout-9d6595d7 wp-block-columns-is-layout-flex\">\n<div class=\"wp-block-column is-vertically-aligned-center is-layout-flow wp-block-column-is-layout-flow\"><div class=\"wp-block-image\">\n<figure class=\"aligncenter size-full\"><a href=\"http:\/\/www.portalabre.com.br\/\" target=\"_blank\" rel=\"noreferrer noopener\"><img loading=\"lazy\" decoding=\"async\" width=\"150\" height=\"54\" src=\"https:\/\/sites.uel.br\/prograd\/wp-content\/uploads\/2023\/04\/logo_abre.jpg\" alt=\"\" class=\"wp-image-2699\"\/><\/a><\/figure>\n<\/div><\/div>\n\n\n\n<div class=\"wp-block-column is-vertically-aligned-center is-layout-flow wp-block-column-is-layout-flow\"><div class=\"wp-block-image\">\n<figure class=\"aligncenter size-full\"><a href=\"http:\/\/www.nube.com.br\/\" target=\"_blank\" rel=\"noreferrer noopener\"><img loading=\"lazy\" decoding=\"async\" width=\"150\" height=\"68\" src=\"https:\/\/sites.uel.br\/prograd\/wp-content\/uploads\/2023\/04\/nube-logo_pequeno.jpg\" alt=\"\" class=\"wp-image-2700\"\/><\/a><\/figure>\n<\/div><\/div>\n\n\n\n<div class=\"wp-block-column is-vertically-aligned-center is-layout-flow wp-block-column-is-layout-flow\"><div class=\"wp-block-image\">\n<figure class=\"aligncenter size-full\"><a href=\"http:\/\/www.cieepr.org.br\/\" target=\"_blank\" rel=\"noreferrer noopener\"><img loading=\"lazy\" decoding=\"async\" width=\"130\" height=\"54\" src=\"https:\/\/sites.uel.br\/prograd\/wp-content\/uploads\/2023\/04\/logo_ciee.png\" alt=\"\" class=\"wp-image-2701\"\/><\/a><\/figure>\n<\/div><\/div>\n<\/div>\n\n\n\n<div class=\"wp-block-columns is-layout-flex wp-container-core-columns-is-layout-9d6595d7 wp-block-columns-is-layout-flex\">\n<div class=\"wp-block-column is-vertically-aligned-center is-layout-flow wp-block-column-is-layout-flow\"><div class=\"wp-block-image\">\n<figure class=\"aligncenter size-full\"><a href=\"http:\/\/www.cineestagios.org.br\/\" target=\"_blank\" rel=\"noreferrer noopener\"><img loading=\"lazy\" decoding=\"async\" width=\"150\" height=\"115\" src=\"https:\/\/sites.uel.br\/prograd\/wp-content\/uploads\/2023\/04\/logo_cine-2.jpg\" alt=\"\" class=\"wp-image-2732\"\/><\/a><\/figure>\n<\/div><\/div>\n\n\n\n<div class=\"wp-block-column is-vertically-aligned-center is-layout-flow wp-block-column-is-layout-flow\"><div class=\"wp-block-image\">\n<figure class=\"aligncenter size-full\"><a href=\"http:\/\/www.ielpr.org.br\/\" target=\"_blank\" rel=\"noreferrer noopener\"><img loading=\"lazy\" decoding=\"async\" width=\"150\" height=\"46\" src=\"https:\/\/sites.uel.br\/prograd\/wp-content\/uploads\/2023\/04\/logo_iel-1.jpg\" alt=\"\" class=\"wp-image-2734\"\/><\/a><\/figure>\n<\/div><\/div>\n\n\n\n<div class=\"wp-block-column is-vertically-aligned-center is-layout-flow wp-block-column-is-layout-flow\"><div class=\"wp-block-image\">\n<figure class=\"aligncenter size-full\"><a href=\"http:\/\/www.peoplewarerh.com.br\/\" target=\"_blank\" rel=\"noreferrer noopener\"><img loading=\"lazy\" decoding=\"async\" width=\"150\" height=\"148\" src=\"https:\/\/sites.uel.br\/prograd\/wp-content\/uploads\/2023\/04\/logo_peoplewarerh.jpg\" alt=\"\" class=\"wp-image-2736\"\/><\/a><\/figure>\n<\/div><\/div>\n<\/div>\n\n\n\n<div class=\"wp-block-columns is-layout-flex wp-container-core-columns-is-layout-9d6595d7 wp-block-columns-is-layout-flex\">\n<div class=\"wp-block-column is-vertically-aligned-center is-layout-flow wp-block-column-is-layout-flow\"><div class=\"wp-block-image\">\n<figure class=\"aligncenter size-full\"><a href=\"http:\/\/www.futuraestagios.com.br\/\" target=\"_blank\" rel=\"noreferrer noopener\"><img loading=\"lazy\" decoding=\"async\" width=\"175\" height=\"45\" src=\"https:\/\/sites.uel.br\/prograd\/wp-content\/uploads\/2023\/04\/logo_futura_estagios.jpg\" alt=\"\" class=\"wp-image-2710\"\/><\/a><\/figure>\n<\/div><\/div>\n\n\n\n<div class=\"wp-block-column is-vertically-aligned-center is-layout-flow wp-block-column-is-layout-flow\"><div class=\"wp-block-image\">\n<figure class=\"aligncenter size-full\"><a href=\"http:\/\/www.ciadeestagios.com.br\/\" target=\"_blank\" rel=\"noreferrer noopener\"><img loading=\"lazy\" decoding=\"async\" width=\"200\" height=\"48\" src=\"https:\/\/sites.uel.br\/prograd\/wp-content\/uploads\/2023\/04\/logo_cia_estagios-1.jpg\" alt=\"\" class=\"wp-image-2740\"\/><\/a><\/figure>\n<\/div><\/div>\n\n\n\n<div class=\"wp-block-column is-vertically-aligned-center is-layout-flow wp-block-column-is-layout-flow\"><div class=\"wp-block-image\">\n<figure class=\"aligncenter size-full\"><a href=\"http:\/\/www.inqc.org.br\/\" target=\"_blank\" rel=\"noreferrer noopener\"><img loading=\"lazy\" decoding=\"async\" width=\"150\" height=\"48\" src=\"https:\/\/sites.uel.br\/prograd\/wp-content\/uploads\/2023\/04\/logo_inqc.jpg\" alt=\"\" class=\"wp-image-2742\"\/><\/a><\/figure>\n<\/div><\/div>\n<\/div>\n\n\n\n<div class=\"wp-block-columns is-layout-flex wp-container-core-columns-is-layout-9d6595d7 wp-block-columns-is-layout-flex\">\n<div class=\"wp-block-column is-vertically-aligned-center is-layout-flow wp-block-column-is-layout-flow\"><div class=\"wp-block-image\">\n<figure class=\"aligncenter size-full\"><a href=\"http:\/\/www.ifpdpr.com.br\/\" target=\"_blank\" rel=\"noreferrer noopener\"><img loading=\"lazy\" decoding=\"async\" width=\"200\" height=\"51\" src=\"https:\/\/sites.uel.br\/prograd\/wp-content\/uploads\/2023\/04\/logo_fecomercio.jpg\" alt=\"\" class=\"wp-image-2745\"\/><\/a><\/figure>\n<\/div><\/div>\n\n\n\n<div class=\"wp-block-column is-vertically-aligned-center is-layout-flow wp-block-column-is-layout-flow\"><div class=\"wp-block-image\">\n<figure class=\"aligncenter size-full\"><a href=\"http:\/\/www.superestagios.com.br\/\" target=\"_blank\" rel=\"noreferrer noopener\"><img loading=\"lazy\" decoding=\"async\" width=\"150\" height=\"77\" src=\"https:\/\/sites.uel.br\/prograd\/wp-content\/uploads\/2023\/04\/logo_super_estagios.jpg\" alt=\"\" class=\"wp-image-2746\"\/><\/a><\/figure>\n<\/div><\/div>\n\n\n\n<div class=\"wp-block-column is-vertically-aligned-center is-layout-flow wp-block-column-is-layout-flow\"><div class=\"wp-block-image\">\n<figure class=\"aligncenter size-full\"><a href=\"http:\/\/www.employer.com.br\/\" target=\"_blank\" rel=\"noreferrer noopener\"><img loading=\"lazy\" decoding=\"async\" width=\"150\" height=\"63\" src=\"https:\/\/sites.uel.br\/prograd\/wp-content\/uploads\/2023\/04\/logo_employer.jpg\" alt=\"\" class=\"wp-image-2748\"\/><\/a><\/figure>\n<\/div><\/div>\n<\/div>\n\n\n\n<div class=\"wp-block-columns is-layout-flex wp-container-core-columns-is-layout-9d6595d7 wp-block-columns-is-layout-flex\">\n<div class=\"wp-block-column is-vertically-aligned-center is-layout-flow wp-block-column-is-layout-flow\"><div class=\"wp-block-image\">\n<figure class=\"aligncenter size-full\"><a href=\"http:\/\/www.ciunem.org.br\/\" target=\"_blank\" rel=\"noreferrer noopener\"><img loading=\"lazy\" decoding=\"async\" width=\"150\" height=\"150\" src=\"https:\/\/sites.uel.br\/prograd\/wp-content\/uploads\/2023\/04\/logo-ciunem.jpg\" alt=\"\" class=\"wp-image-2749\"\/><\/a><\/figure>\n<\/div><\/div>\n\n\n\n<div class=\"wp-block-column is-vertically-aligned-center is-layout-flow wp-block-column-is-layout-flow\"><div class=\"wp-block-image\">\n<figure class=\"aligncenter size-full\"><a href=\"http:\/\/www.proestagios.com.br\/\" target=\"_blank\" rel=\"noreferrer noopener\"><img loading=\"lazy\" decoding=\"async\" width=\"150\" height=\"111\" src=\"https:\/\/sites.uel.br\/prograd\/wp-content\/uploads\/2023\/04\/logo_pro_estagios.jpg\" alt=\"\" class=\"wp-image-2751\"\/><\/a><\/figure>\n<\/div><\/div>\n\n\n\n<div class=\"wp-block-column is-vertically-aligned-center is-layout-flow wp-block-column-is-layout-flow\"><div class=\"wp-block-image\">\n<figure class=\"aligncenter size-full\"><a href=\"https:\/\/www.walljobs.com.br\/\" target=\"_blank\" rel=\"noreferrer noopener\"><img loading=\"lazy\" decoding=\"async\" width=\"150\" height=\"51\" src=\"https:\/\/sites.uel.br\/prograd\/wp-content\/uploads\/2023\/04\/logo_walljobs.png\" alt=\"\" class=\"wp-image-2752\"\/><\/a><\/figure>\n<\/div><\/div>\n<\/div>\n","protected":false},"excerpt":{"rendered":"<p>Agentes de Integra\u00e7\u00e3o Os agentes de integra\u00e7\u00e3o s\u00e3o institui\u00e7\u00f5es aut\u00f4nomas e v\u00eam no sentido de auxiliar as IES na identifica\u00e7\u00e3o das oportunidades de est\u00e1gio junto a Pessoas Jur\u00eddicas de Direito P\u00fablico e Privado, aproximando estudantes do mercado de trabalho, e contribuindo para o desenvolvimento de habilidades, modalidades de atua\u00e7\u00e3o e forma\u00e7\u00e3o profissional destas pessoas.Os Agentes [&hellip;]<\/p>\n","protected":false},"author":8,"featured_media":0,"parent":122,"menu_order":0,"comment_status":"closed","ping_status":"closed","template":"","meta":{"_acf_changed":false,"_themeisle_gutenberg_block_has_review":false,"footnotes":""},"class_list":["post-2681","page","type-page","status-publish","hentry"],"acf":[],"_links":{"self":[{"href":"https:\/\/sites.uel.br\/prograd\/wp-json\/wp\/v2\/pages\/2681","targetHints":{"allow":["GET"]}}],"collection":[{"href":"https:\/\/sites.uel.br\/prograd\/wp-json\/wp\/v2\/pages"}],"about":[{"href":"https:\/\/sites.uel.br\/prograd\/wp-json\/wp\/v2\/types\/page"}],"author":[{"embeddable":true,"href":"https:\/\/sites.uel.br\/prograd\/wp-json\/wp\/v2\/users\/8"}],"replies":[{"embeddable":true,"href":"https:\/\/sites.uel.br\/prograd\/wp-json\/wp\/v2\/comments?post=2681"}],"version-history":[{"count":33,"href":"https:\/\/sites.uel.br\/prograd\/wp-json\/wp\/v2\/pages\/2681\/revisions"}],"predecessor-version":[{"id":30966,"href":"https:\/\/sites.uel.br\/prograd\/wp-json\/wp\/v2\/pages\/2681\/revisions\/30966"}],"up":[{"embeddable":true,"href":"https:\/\/sites.uel.br\/prograd\/wp-json\/wp\/v2\/pages\/122"}],"wp:attachment":[{"href":"https:\/\/sites.uel.br\/prograd\/wp-json\/wp\/v2\/media?parent=2681"}],"curies":[{"name":"wp","href":"https:\/\/api.w.org\/{rel}","templated":true}]}}