{"id":2646,"date":"2023-04-10T11:25:33","date_gmt":"2023-04-10T14:25:33","guid":{"rendered":"https:\/\/sites.uel.br\/prograd\/?page_id=2646"},"modified":"2026-04-27T15:34:47","modified_gmt":"2026-04-27T18:34:47","slug":"estagios-e-intercambios-curricular-nao-obrigatorio-uel","status":"publish","type":"page","link":"https:\/\/sites.uel.br\/prograd\/estudante\/estagios-e-intercambios\/estagios-e-intercambios-curricular-nao-obrigatorio-uel\/","title":{"rendered":"Est\u00e1gios e Interc\u00e2mbios"},"content":{"rendered":"\n<hr class=\"wp-block-separator has-alpha-channel-opacity is-style-wide\"\/>\n\n\n\n<div class=\"wp-block-columns is-layout-flex wp-container-core-columns-is-layout-9d6595d7 wp-block-columns-is-layout-flex\">\n<div class=\"wp-block-column is-layout-flow wp-block-column-is-layout-flow\">\n<div class=\"wp-block-buttons is-layout-flex wp-block-buttons-is-layout-flex\">\n<div class=\"wp-block-button has-custom-width wp-block-button__width-100 is-style-outline is-style-outline--1\"><a class=\"wp-block-button__link has-white-color has-verde-background-color has-text-color has-background has-medium-font-size has-custom-font-size wp-element-button\" href=\"https:\/\/sites.uel.br\/prograd\/estudante\/estagios-e-intercambios\/estagios-e-intercambios-curricular-obrigatorio-uel\/\" style=\"border-radius:0px\">CURRICULAR OBRIGAT\u00d3RIO<\/a><\/div>\n<\/div>\n<\/div>\n\n\n\n<div class=\"wp-block-column is-layout-flow wp-block-column-is-layout-flow\">\n<div class=\"wp-block-buttons is-layout-flex wp-block-buttons-is-layout-flex\">\n<div class=\"wp-block-button has-custom-width wp-block-button__width-100 is-style-outline is-style-outline--2\"><a class=\"wp-block-button__link has-white-color has-verde-background-color has-text-color has-background has-medium-font-size has-custom-font-size wp-element-button\" href=\"https:\/\/sites.uel.br\/prograd\/estudante\/estagios-e-intercambios\/estagios-e-intercambios-curricular-nao-obrigatorio-uel\/\" style=\"border-radius:0px\">CURRICULAR N\u00c3O OBRIGAT\u00d3RIO<\/a><\/div>\n<\/div>\n<\/div>\n\n\n\n<div class=\"wp-block-column is-layout-flow wp-block-column-is-layout-flow\">\n<div class=\"wp-block-buttons is-layout-flex wp-block-buttons-is-layout-flex\">\n<div class=\"wp-block-button has-custom-width wp-block-button__width-100 is-style-outline is-style-outline--3\"><a class=\"wp-block-button__link has-white-color has-verde-background-color has-text-color has-background has-medium-font-size has-custom-font-size wp-element-button\" href=\"https:\/\/sites.uel.br\/prograd\/estudante\/estagios-e-intercambios\/estagios-e-intercambios-curricular-outras-ies\/\" style=\"border-radius:0px\">CURRICULAR (OUTRAS IES)<\/a><\/div>\n<\/div>\n<\/div>\n\n\n\n<div class=\"wp-block-column is-layout-flow wp-block-column-is-layout-flow\">\n<div class=\"wp-block-buttons is-layout-flex wp-block-buttons-is-layout-flex\">\n<div class=\"wp-block-button has-custom-width wp-block-button__width-100 is-style-outline is-style-outline--4\"><a class=\"wp-block-button__link has-white-color has-verde-background-color has-text-color has-background has-medium-font-size has-custom-font-size wp-element-button\" href=\"https:\/\/sites.uel.br\/prograd\/estudante\/estagios-e-intercambios\/estagios-e-intercambios-vagas-para-estagios\/\" style=\"border-radius:0px\">VAGAS PARA EST\u00c1GIO<\/a><\/div>\n<\/div>\n<\/div>\n<\/div>\n\n\n\n<div class=\"wp-block-columns is-layout-flex wp-container-core-columns-is-layout-9d6595d7 wp-block-columns-is-layout-flex\">\n<div class=\"wp-block-column is-layout-flow wp-block-column-is-layout-flow\">\n<div class=\"wp-block-buttons is-layout-flex wp-block-buttons-is-layout-flex\">\n<div class=\"wp-block-button has-custom-width wp-block-button__width-100 is-style-outline is-style-outline--5\"><a class=\"wp-block-button__link has-white-color has-verde-background-color has-text-color has-background has-medium-font-size has-custom-font-size wp-element-button\" href=\"https:\/\/sites.uel.br\/prograd\/estudante\/estagios-e-intercambios\/estagios-e-intercambios-convenios-para-estagios\/\" style=\"border-radius:0px\">CONV\u00caNIOS PARA EST\u00c1GIO<\/a><\/div>\n<\/div>\n<\/div>\n\n\n\n<div class=\"wp-block-column is-layout-flow wp-block-column-is-layout-flow\">\n<div class=\"wp-block-buttons is-layout-flex wp-block-buttons-is-layout-flex\">\n<div class=\"wp-block-button has-custom-width wp-block-button__width-100 is-style-outline is-style-outline--6\"><a class=\"wp-block-button__link has-white-color has-verde-background-color has-text-color has-background has-medium-font-size has-custom-font-size wp-element-button\" href=\"https:\/\/sites.uel.br\/prograd\/estudante\/estagios-e-intercambios\/estagios-e-intercambios-agentes-de-integracao\/\" style=\"border-radius:0px\">AGENTES DE INTEGRA\u00c7\u00c3O<\/a><\/div>\n<\/div>\n<\/div>\n\n\n\n<div class=\"wp-block-column is-layout-flow wp-block-column-is-layout-flow\">\n<div class=\"wp-block-buttons is-layout-flex wp-block-buttons-is-layout-flex\">\n<div class=\"wp-block-button has-custom-width wp-block-button__width-100 is-style-outline is-style-outline--7\"><a class=\"wp-block-button__link has-white-color has-verde-background-color has-text-color has-background has-medium-font-size has-custom-font-size wp-element-button\" href=\"https:\/\/sites.uel.br\/prograd\/estudante\/estagios-e-intercambios\/estagios-e-intercambios-manual-do-estagiario\/\" style=\"border-radius:0px\">MANUAL DO ESTAGI\u00c1RIO<\/a><\/div>\n<\/div>\n<\/div>\n\n\n\n<div class=\"wp-block-column is-layout-flow wp-block-column-is-layout-flow\">\n<div class=\"wp-block-buttons is-layout-flex wp-block-buttons-is-layout-flex\">\n<div class=\"wp-block-button has-custom-width wp-block-button__width-100 is-style-outline is-style-outline--8\"><a class=\"wp-block-button__link has-white-color has-verde-background-color has-text-color has-background has-medium-font-size has-custom-font-size wp-element-button\" href=\"https:\/\/sites.uel.br\/prograd\/estudante\/estagios-e-intercambios\/estagios-e-intercambios-regulamentos-e-normas\/\" style=\"border-radius:0px\">REGULAMENTOS E NORMAS<\/a><\/div>\n<\/div>\n<\/div>\n<\/div>\n\n\n\n<div class=\"wp-block-columns is-layout-flex wp-container-core-columns-is-layout-9d6595d7 wp-block-columns-is-layout-flex\">\n<div class=\"wp-block-column is-layout-flow wp-block-column-is-layout-flow\">\n<div class=\"wp-block-buttons is-layout-flex wp-block-buttons-is-layout-flex\">\n<div class=\"wp-block-button has-custom-width wp-block-button__width-100 is-style-outline is-style-outline--9\"><a class=\"wp-block-button__link has-white-color has-verde-background-color has-text-color has-background has-medium-font-size has-custom-font-size wp-element-button\" href=\"https:\/\/sites.uel.br\/prograd\/estudante\/estagios-e-intercambios\/estagios-e-intercambios-estagios-no-exterior\/\" style=\"border-radius:0px\">EST\u00c1GIOS NO EXTERIOR<\/a><\/div>\n<\/div>\n<\/div>\n\n\n\n<div class=\"wp-block-column is-layout-flow wp-block-column-is-layout-flow\">\n<div class=\"wp-block-buttons is-layout-flex wp-block-buttons-is-layout-flex\">\n<div class=\"wp-block-button has-custom-width wp-block-button__width-100 is-style-outline is-style-outline--10\"><a class=\"wp-block-button__link has-white-color has-verde-background-color has-text-color has-background has-medium-font-size has-custom-font-size wp-element-button\" href=\"https:\/\/sites.uel.br\/prograd\/estudante\/estagios-e-intercambios\/mobilidade-academica-e-intercambio\/\" style=\"border-radius:0px\">MOBILIDADE E INTERC\u00c2MBIOS<\/a><\/div>\n<\/div>\n<\/div>\n\n\n\n<div class=\"wp-block-column is-layout-flow wp-block-column-is-layout-flow\">\n<div class=\"wp-block-buttons is-layout-flex wp-block-buttons-is-layout-flex\"><\/div>\n<\/div>\n\n\n\n<div class=\"wp-block-column is-layout-flow wp-block-column-is-layout-flow\">\n<div class=\"wp-block-buttons is-layout-flex wp-block-buttons-is-layout-flex\"><\/div>\n<\/div>\n<\/div>\n\n\n\n<h2 class=\"wp-block-heading\">Curricular N\u00e3o Obrigat\u00f3rio &#8211; UEL<\/h2>\n\n\n\n<div style=\"height:20px\" aria-hidden=\"true\" class=\"wp-block-spacer\"><\/div>\n\n\n\n<p><strong><u>ANTES DE INICIAR O EST\u00c1GIO:<\/u><\/strong><\/p>\n\n\n\n<p>1 \u2013&nbsp;Os estudantes devem verificar a exist\u00eancia de <a href=\"https:\/\/sites.uel.br\/prograd\/estudante\/estagios-e-intercambios\/estagios-e-intercambios-convenios-para-estagios\/\"><strong><u>Conv\u00eanio<\/u><\/strong><\/a><strong> <\/strong>entre a Unidade Concedente de Est\u00e1gio e a UEL, caso n\u00e3o haja conv\u00eanio, solicite \u00e0 Unidade Concedente do Est\u00e1gio que&nbsp; estabele\u00e7a conv\u00eanio com a UEL preenchendo o <a href=\"https:\/\/sites.uel.br\/prograd\/estagios-e-intercambios-formulario-cadastral-de-convenio-para-estagio\/\"><strong><u>formul\u00e1rio Cadastral de Conv\u00eanio<\/u><\/strong><\/a>. &nbsp;Com isto, a Divis\u00e3o Central de Est\u00e1gios entrar\u00e1 em contato com a Unidade Concedente do Est\u00e1gio para propor o conv\u00eanio e o estudante dever\u00e1 aguardar a formaliza\u00e7\u00e3o para dar entrada na documenta\u00e7\u00e3o do est\u00e1gio.<\/p>\n\n\n\n<p>2 \u2013&nbsp;Ap\u00f3s a formaliza\u00e7\u00e3o do conv\u00eanio, o(a) estudante dever\u00e1 providenciar os seguintes documentos para protocoliza\u00e7\u00e3o do est\u00e1gio:<\/p>\n\n\n\n<p>&#8211; 01 (uma) via do <strong><u><a href=\"https:\/\/sites.uel.br\/prograd\/wp-content\/uploads\/formularios\/estagios\/curricular_nao_obrigatorio\/plano_estagio.doc\" target=\"_blank\" rel=\"noreferrer noopener\">Plano de Est\u00e1gio<\/a>;<\/u><\/strong>&nbsp;<\/p>\n\n\n\n<p>&#8211; 01 (uma) via do <strong><u><a href=\"https:\/\/sites.uel.br\/prograd\/estagios-e-intercambios-estagio-curricular-nao-obrigatorio-aviso\/\">Termo de Compromisso de Est\u00e1gio Curricular N\u00e3o Obrigat\u00f3rio<\/a><\/u><\/strong>;<\/p>\n\n\n\n<p>&#8211; 01 (uma) c\u00f3pia da ap\u00f3lice de seguro para realiza\u00e7\u00e3o do est\u00e1gio (fornecida pela unidade concedente).<\/p>\n\n\n\n<p>&#8211; Caso seja estudante do Curso de Administra\u00e7\u00e3o: c\u00f3pia do Diploma do Orientador de Campo e c\u00f3pia do Registro de Matr\u00edcula.<\/p>\n\n\n\n<p>&#8211; Caso seja estudante dos Cursos de Pedagogia e Direito: <strong><u><a href=\"https:\/\/sites.uel.br\/prograd\/wp-content\/uploads\/formularios\/estagios\/curricular_nao_obrigatorio\/carta_dispensa.doc\" target=\"_blank\" rel=\"noreferrer noopener\">Carta de Dispensa<\/a><\/u><\/strong>.<\/p>\n\n\n\n<p><strong>Observa\u00e7\u00e3o:<\/strong> Caso o est\u00e1gio seja intermediado por Agente de Integra\u00e7\u00e3o, o estudante dever\u00e1 utilizar e protocolar a documenta\u00e7\u00e3o fornecida pelo pr\u00f3prio agente, em substitui\u00e7\u00e3o aos modelos padr\u00e3o da UEL, desde que esteja devidamente preenchida e assinada.<\/p>\n\n\n\n<p>Na hip\u00f3tese de o agente n\u00e3o disponibilizar algum documento obrigat\u00f3rio \u2014 como, por exemplo, o Plano de Est\u00e1gio \u2014, caber\u00e1 ao estudante providenciar e apresentar o modelo correspondente da Universidade.<\/p>\n\n\n\n<p><strong>Aten\u00e7\u00e3o:<\/strong><br><br>3)&nbsp;Antes de protocolizar, no <em><u>(<a href=\"https:\/\/www.eprotocolo.pr.gov.br\/\" target=\"_blank\" rel=\"noreferrer noopener\">www.eprotocolo.pr.gov.br<\/a>),<\/u><\/em> o estudante dever\u00e1 coletar as assinaturas:<br><br>a) <strong><u>Na via do Plano de Est\u00e1gio:<\/u><\/strong>&nbsp;Estagi\u00e1rio, Orientador de campo e Supervisor docente (caso o estudante seja de: <strong>DIREITO, EDUCA\u00c7\u00c3O F\u00cdSICA \u2013 Bacharelado e Curr\u00edculo novo 2023, PEDAGOGIA, BIBLIOTECONOMIA, ENFERMAGEM ou JORNALISMO<\/strong>. Para os demais cursos, n\u00e3o h\u00e1 necessidade de coletar assinaturas do docente supervisor do est\u00e1gio, pois estes ser\u00e3o indicados pela Coordena\u00e7\u00e3o de Est\u00e1gios do Curso.)<\/p>\n\n\n\n<p>&nbsp;b) <strong><u>Na via do Termo de Compromisso de Est\u00e1gio:<\/u><\/strong>&nbsp;Estagi\u00e1rio e Unidade concedente (em alguns casos, orientador de campo e docente supervisor).<\/p>\n\n\n\n<figure class=\"wp-block-table\"><table class=\"has-verde-claro-background-color has-background\"><tbody><tr><td class=\"has-text-align-center\" data-align=\"center\"><strong><em><u><a href=\"https:\/\/sites.uel.br\/prograd\/wp-content\/uploads\/dcei\/nao_obrigatorio\/orientacoes_e-protocolo_estagio_nao_obrigatorio.pdf\" target=\"_blank\" rel=\"noreferrer noopener\">CLIQUE AQUI PARA ACESSAR O TUTORIAL<\/a><\/u><\/em><\/strong><br><em><a href=\"https:\/\/sites.uel.br\/prograd\/wp-content\/uploads\/dcei\/nao_obrigatorio\/orientacoes_e-protocolo_estagio_nao_obrigatorio.pdf\" target=\"_blank\" rel=\"noreferrer noopener\">Orienta\u00e7\u00f5es para E-Protocolo Para Est\u00e1gio Curricular N\u00e3o Obrigat\u00f3rio<\/a><\/em><\/td><\/tr><\/tbody><\/table><\/figure>\n\n\n\n<p>4)&nbsp;Orienta-se a protocoliza\u00e7\u00e3o dos documentos no site&nbsp;<em><a href=\"http:\/\/www.eprotocolo.pr.gov.br\/\" target=\"_blank\" rel=\"noreferrer noopener\">www.eprotocolo.pr.gov.br<\/a><\/em>&nbsp;pelo menos 10 (dez) dias antes do in\u00edcio do est\u00e1gio. Caso seja protocolizado com data retroativa, o est\u00e1gio ser\u00e1 indeferido (negado) e o estudante n\u00e3o poder\u00e1 iniciar o est\u00e1gio, devendo realizar um novo protocolo.<\/p>\n\n\n\n<p>5) Com o indeferimento por data retroativa, o estudante poder\u00e1 protocolar nova documenta\u00e7\u00e3o, com data de in\u00edcio futura.<\/p>\n\n\n\n<p>6) Estudantes matriculados na \u00faltima s\u00e9rie somente poder\u00e3o realizar est\u00e1gio at\u00e9 o \u00faltimo dia do per\u00edodo letivo, conforme calend\u00e1rio dos cursos de gradua\u00e7\u00e3o da UEL.<\/p>\n\n\n\n<p>7)&nbsp;\u00c9 de responsabilidade do estudante consultar periodicamente no&nbsp;<a href=\"http:\/\/www.uel.br\/portaldoestudante\/\" target=\"_blank\" rel=\"noreferrer noopener\"><em>Portal do Estudante<\/em><\/a><em> <\/em>e no<em> <strong>eProtocolo<\/strong>,<\/em> atramita\u00e7\u00e3o da solicita\u00e7\u00e3o de est\u00e1gio, poss\u00edveis pend\u00eancias, &nbsp;deferimento ou indeferimento do est\u00e1gio, local em que o protocolo se encontra (\u00faltimo andamento).<\/p>\n\n\n\n<p><strong><u>AP\u00d3S O ENCERRAMENTO DO EST\u00c1GIO<\/u><\/strong><\/p>\n\n\n\n<p>1&nbsp;\u2013 Finalizado o est\u00e1gio, o estudante dever\u00e1 solicitar acesso ao protocolo inicial e incluir os seguintes documentos, assinados conforme item 3.a:<\/p>\n\n\n\n<p>a) <strong>Carta de Cancelamento<\/strong>:&nbsp;caso tenha encerrado o est\u00e1gio antes da data prevista para t\u00e9rmino, que consta no termo de compromisso.<\/p>\n\n\n\n<p>b) <strong>Relat\u00f3rio de Atividades de Est\u00e1gios <u>assinado<\/u><\/strong>: um para cada 6 meses (no m\u00e1ximo) de est\u00e1gio realizado, contados a partir da data de in\u00edcio do est\u00e1gio;<\/p>\n\n\n\n<p>c) <strong>Relat\u00f3rio final de Est\u00e1gio<\/strong> <strong><u>assinado<\/u><\/strong> pelo estudante, professor supervisor (conforme item 3.a) e orientador de campo, devidamente preenchidos os campos de in\u00edcio e t\u00e9rmino, TOTAL de carga hor\u00e1ria estagiada no est\u00e1gio, bem como as atividades desenvolvidas.<\/p>\n\n\n\n<p>d) <strong><u>Curso de ADMINISTRA\u00c7\u00c3O<\/u><\/strong>: Relat\u00f3rio Anual Complementar (modelo dispon\u00edvel neste site)<\/p>\n\n\n\n<p><strong><u>Observa\u00e7\u00e3o: somente para est\u00e1gios com protocolos f\u00edsicos<\/u>: <\/strong>Caso o estudante queira fazer a inclus\u00e3o de relat\u00f3rios de encerramento dos est\u00e1gios que constam como processos f\u00edsicos, dever\u00e1 abrir um protocolo no site <a href=\"http:\/\/www.eprotocolo.pr.gov.br\" target=\"_blank\" rel=\"noreferrer noopener\"><em>www.eprotocolo.pr.gov.br<\/em><\/a> e incluir os documentos faltantes que ser\u00e3o analisados, cadastrados e enviados para as devidas aprova\u00e7\u00f5es.<\/p>\n\n\n\n<p>2 \u2013&nbsp;A Divis\u00e3o Central de Est\u00e1gios\/PROGRAD \u2013 encaminhar\u00e1 os relat\u00f3rios para an\u00e1lise e aprova\u00e7\u00f5es da Coordena\u00e7\u00e3o de Est\u00e1gio e Colegiado do Curso.<\/p>\n\n\n\n<p>3 \u2013 De acordo com o Regulamento de Est\u00e1gios de cada curso, toda ou parte do total de carga hor\u00e1ria, poder\u00e1 ser convertida para Atividade Acad\u00eamica Complementar (AAC) ou certificado.<\/p>\n\n\n\n<p>4 \u2013 Caso haja carga hor\u00e1ria destinada para Certificado:<\/p>\n\n\n\n<p><u>a) Certificado virtual:<\/u> acessar o Portal do Estudante (sem logar), menu lado esquerdo \u2013 EMISS\u00c3O DE CERTIFICADO \u2013 EST\u00c1GIO CURRICULAR N\u00c3O OBRIGAT\u00d3RIO \u2013 Inserir seus dados (matr\u00edcula, Primeiro Nome, RG e CPF), clicar em \u201cN\u00e3o sou um Rob\u00f4\u201d, confirmar dados.<\/p>\n\n\n\n<p>b) <u>Certificado f\u00edsico:<\/u> acessar o Portal do Estudante (sem logar), menu lado esquerdo &#8211; SOLICITA\u00c7\u00c3O DE DOCUMENTOS \u2013 PROGRAD \u2013 CERTIFICADO DE EST\u00c1GIO CURRICULAR N\u00c3O OBRIGAT\u00d3RIO ou PROGRAD \u2013 CERTIFICADOS DE EST\u00c1GIOS EM REGIME DE URG\u00caNCIA.<\/p>\n\n\n\n<p>5 \u2013 Caso haja carga hor\u00e1ria inclu\u00edda em Hist\u00f3rico Escolar como AAC: O Atestado virtual desta carga hor\u00e1ria, poder\u00e1 ser emitida via Portal do Estudante (inserindo login e senha, caso ainda tenha acesso ao Portal) menu lado esquerdo, DOCUMENTOS, ATESTADOS, EST\u00c1GIO CURRICULAR N\u00c3O OBRIGAT\u00d3RIO.<\/p>\n\n\n\n<p><strong>ATENDIMENTO:<\/strong><br><br>PROGRAD\/DIVIS\u00c3O DE EST\u00c1GIOS \u2013 Segunda \u00e0 sexta-feira das 08h00 \u00e0s 11h30 e das 14h00 \u00e0s 17h00. SAUEL \u2013&nbsp;Sistema de Arquivo da UEL \u2013 atende das 8h00 \u00e0s 12h00 e das 14h00 \u00e0s 18h00, de segunda a sexta-feira.<\/p>\n\n\n\n<div style=\"height:20px\" aria-hidden=\"true\" class=\"wp-block-spacer\"><\/div>\n\n\n\n<hr class=\"wp-block-separator has-text-color has-cinza-claro-color has-alpha-channel-opacity has-cinza-claro-background-color has-background is-style-wide\"\/>\n\n\n\n<p class=\"has-text-align-center\"><strong><a href=\"https:\/\/sites.uel.br\/prograd\/estudante\/formularios\/\">ACESSAR FORMUL\u00c1RIOS<\/a><\/strong><\/p>\n","protected":false},"excerpt":{"rendered":"<p>Curricular N\u00e3o Obrigat\u00f3rio &#8211; UEL ANTES DE INICIAR O EST\u00c1GIO: 1 \u2013&nbsp;Os estudantes devem verificar a exist\u00eancia de Conv\u00eanio entre a Unidade Concedente de Est\u00e1gio e a UEL, caso n\u00e3o haja conv\u00eanio, solicite \u00e0 Unidade Concedente do Est\u00e1gio que&nbsp; estabele\u00e7a conv\u00eanio com a UEL preenchendo o formul\u00e1rio Cadastral de Conv\u00eanio. &nbsp;Com isto, a Divis\u00e3o Central [&hellip;]<\/p>\n","protected":false},"author":8,"featured_media":0,"parent":122,"menu_order":0,"comment_status":"closed","ping_status":"closed","template":"","meta":{"_acf_changed":false,"_themeisle_gutenberg_block_has_review":false,"footnotes":""},"class_list":["post-2646","page","type-page","status-publish","hentry"],"acf":[],"_links":{"self":[{"href":"https:\/\/sites.uel.br\/prograd\/wp-json\/wp\/v2\/pages\/2646","targetHints":{"allow":["GET"]}}],"collection":[{"href":"https:\/\/sites.uel.br\/prograd\/wp-json\/wp\/v2\/pages"}],"about":[{"href":"https:\/\/sites.uel.br\/prograd\/wp-json\/wp\/v2\/types\/page"}],"author":[{"embeddable":true,"href":"https:\/\/sites.uel.br\/prograd\/wp-json\/wp\/v2\/users\/8"}],"replies":[{"embeddable":true,"href":"https:\/\/sites.uel.br\/prograd\/wp-json\/wp\/v2\/comments?post=2646"}],"version-history":[{"count":55,"href":"https:\/\/sites.uel.br\/prograd\/wp-json\/wp\/v2\/pages\/2646\/revisions"}],"predecessor-version":[{"id":37327,"href":"https:\/\/sites.uel.br\/prograd\/wp-json\/wp\/v2\/pages\/2646\/revisions\/37327"}],"up":[{"embeddable":true,"href":"https:\/\/sites.uel.br\/prograd\/wp-json\/wp\/v2\/pages\/122"}],"wp:attachment":[{"href":"https:\/\/sites.uel.br\/prograd\/wp-json\/wp\/v2\/media?parent=2646"}],"curies":[{"name":"wp","href":"https:\/\/api.w.org\/{rel}","templated":true}]}}