{"id":2643,"date":"2023-04-10T11:23:40","date_gmt":"2023-04-10T14:23:40","guid":{"rendered":"https:\/\/sites.uel.br\/prograd\/?page_id=2643"},"modified":"2026-02-25T10:03:31","modified_gmt":"2026-02-25T13:03:31","slug":"estagios-e-intercambios-curricular-obrigatorio-uel","status":"publish","type":"page","link":"https:\/\/sites.uel.br\/prograd\/estudante\/estagios-e-intercambios\/estagios-e-intercambios-curricular-obrigatorio-uel\/","title":{"rendered":"Est\u00e1gios e Interc\u00e2mbios"},"content":{"rendered":"\n<hr class=\"wp-block-separator has-alpha-channel-opacity is-style-wide\" \/>\n\n\n\n<h2 class=\"wp-block-heading\">Curricular Obrigat\u00f3rio &#8211; UEL<\/h2>\n\n\n\n<div style=\"height:20px\" aria-hidden=\"true\" class=\"wp-block-spacer\"><\/div>\n\n\n\n<figure class=\"wp-block-table\"><table class=\"has-verde-claro-background-color has-background\"><tbody><tr><td class=\"has-text-align-center\" data-align=\"center\"><strong><em><u><a href=\"https:\/\/sites.uel.br\/prograd\/wp-content\/uploads\/dcei\/obrigatorio\/orientacoes_e-protocolo_estagio_obrigatorio.pdf\" target=\"_blank\" rel=\"noreferrer noopener\">CLIQUE AQUI PARA ACESSAR O TUTORIAL<\/a><\/u><\/em><\/strong><br><em><a href=\"https:\/\/sites.uel.br\/prograd\/wp-content\/uploads\/dcei\/obrigatorio\/orientacoes_e-protocolo_estagio_obrigatorio.pdf\" target=\"_blank\" rel=\"noreferrer noopener\">Orienta\u00e7\u00f5es para E-Protocolo Para Est\u00e1gio Curricular Obrigat\u00f3rio &#8211; Estudantes da UEL<\/a><\/em><\/td><\/tr><\/tbody><\/table><\/figure>\n\n\n\n<div style=\"height:20px\" aria-hidden=\"true\" class=\"wp-block-spacer\"><\/div>\n\n\n\n<p><strong><a href=\"https:\/\/sites.uel.br\/prograd\/estagios-e-intercambios-curricular-obrigatorio-uel-aviso-com-bolsa\/\">Termo de Compromisso de Est\u00e1gios &#8211; Com Bolsa &#8211; Modelo<\/a><\/strong><\/p>\n\n\n\n<p><strong><a href=\"https:\/\/sites.uel.br\/prograd\/wp-content\/uploads\/formularios\/estagios\/curricular_obrigatorio\/modelo_termo_obrigatorio_com_bolsa_b_profissional_liberal-1.doc\" target=\"_blank\" rel=\"noreferrer noopener\">Termo de Compromisso de Est\u00e1gios &#8211; Com Bolsa &#8211; Profissional Liberal<\/a><\/strong><\/p>\n\n\n\n<p><strong><a href=\"https:\/\/sites.uel.br\/prograd\/wp-content\/uploads\/formularios\/estagios\/curricular_obrigatorio\/modelo_termo_obrigatorio_sem_bolsa_b_profissional_liberal-1.doc\" target=\"_blank\" rel=\"noreferrer noopener\">Termo de Compromisso de Est\u00e1gios &#8211; Sem Bolsa &#8211; Profissional Liberal<\/a><\/strong><\/p>\n\n\n\n<p><strong><a href=\"https:\/\/sites.uel.br\/prograd\/wp-content\/uploads\/formularios\/estagios\/curricular_obrigatorio\/modelo_termo_obrigatorio_sem_bolsa_b-1.doc\" target=\"_blank\" rel=\"noreferrer noopener\">Termo de Compromisso de Est\u00e1gios &#8211; Sem Bolsa &#8211; Modelo<\/a><\/strong><\/p>\n\n\n\n<p><strong><a href=\"https:\/\/sites.uel.br\/prograd\/wp-content\/uploads\/formularios\/estagios\/curricular_obrigatorio\/modelo_carta_apresentacao.doc\" target=\"_blank\" rel=\"noreferrer noopener\">Modelo de Carta de Apresenta\u00e7\u00e3o<\/a><\/strong><\/p>\n\n\n\n<p><strong><a href=\"https:\/\/sites.uel.br\/prograd\/estagios-e-intercambios-curricular-obrigatorio-uel-ciente-orientacao-estagio-obrigatorio-pml\/\">Escolas do Munic\u00edpio de Londrina<\/a><\/strong><\/p>\n\n\n\n<p><strong><a href=\"https:\/\/sites.uel.br\/prograd\/wp-content\/uploads\/formularios\/estagios\/curricular_obrigatorio\/modelo_termo_obrigatorio_sem_bolsa_escolas_estaduais.doc\" target=\"_blank\" rel=\"noreferrer noopener\">Termo de Compromisso de Est\u00e1gios &#8211; Sem Bolsa &#8211; Escolas Estaduais<\/a><\/strong><\/p>\n","protected":false},"excerpt":{"rendered":"<p>Curricular Obrigat\u00f3rio &#8211; UEL CLIQUE AQUI PARA ACESSAR O TUTORIALOrienta\u00e7\u00f5es para E-Protocolo Para Est\u00e1gio Curricular Obrigat\u00f3rio &#8211; Estudantes da UEL Termo de Compromisso de Est\u00e1gios &#8211; Com Bolsa &#8211; Modelo Termo de Compromisso de Est\u00e1gios &#8211; Com Bolsa &#8211; Profissional Liberal Termo de Compromisso de Est\u00e1gios &#8211; Sem Bolsa &#8211; Profissional Liberal Termo de Compromisso [&hellip;]<\/p>\n","protected":false},"author":8,"featured_media":0,"parent":122,"menu_order":0,"comment_status":"closed","ping_status":"closed","template":"","meta":{"_acf_changed":false,"_themeisle_gutenberg_block_has_review":false,"footnotes":""},"class_list":["post-2643","page","type-page","status-publish","hentry"],"acf":[],"_links":{"self":[{"href":"https:\/\/sites.uel.br\/prograd\/wp-json\/wp\/v2\/pages\/2643","targetHints":{"allow":["GET"]}}],"collection":[{"href":"https:\/\/sites.uel.br\/prograd\/wp-json\/wp\/v2\/pages"}],"about":[{"href":"https:\/\/sites.uel.br\/prograd\/wp-json\/wp\/v2\/types\/page"}],"author":[{"embeddable":true,"href":"https:\/\/sites.uel.br\/prograd\/wp-json\/wp\/v2\/users\/8"}],"replies":[{"embeddable":true,"href":"https:\/\/sites.uel.br\/prograd\/wp-json\/wp\/v2\/comments?post=2643"}],"version-history":[{"count":34,"href":"https:\/\/sites.uel.br\/prograd\/wp-json\/wp\/v2\/pages\/2643\/revisions"}],"predecessor-version":[{"id":36878,"href":"https:\/\/sites.uel.br\/prograd\/wp-json\/wp\/v2\/pages\/2643\/revisions\/36878"}],"up":[{"embeddable":true,"href":"https:\/\/sites.uel.br\/prograd\/wp-json\/wp\/v2\/pages\/122"}],"wp:attachment":[{"href":"https:\/\/sites.uel.br\/prograd\/wp-json\/wp\/v2\/media?parent=2643"}],"curies":[{"name":"wp","href":"https:\/\/api.w.org\/{rel}","templated":true}]}}