{"id":25565,"date":"2024-03-26T12:47:24","date_gmt":"2024-03-26T15:47:24","guid":{"rendered":"https:\/\/sites.uel.br\/prograd\/?page_id=25565"},"modified":"2025-05-22T08:05:57","modified_gmt":"2025-05-22T11:05:57","slug":"resolucoes-2024","status":"publish","type":"page","link":"https:\/\/sites.uel.br\/prograd\/resolucoes-2024\/","title":{"rendered":"Resolu\u00e7\u00f5es"},"content":{"rendered":"\n<hr class=\"wp-block-separator has-alpha-channel-opacity is-style-wide\"\/>\n\n\n\n<h4 class=\"wp-block-heading has-text-align-left\" style=\"font-size:25px\">2024<\/h4>\n\n\n\n<div style=\"height:20px\" aria-hidden=\"true\" class=\"wp-block-spacer\"><\/div>\n\n\n\n<h4 class=\"wp-block-heading\" style=\"font-size:25px\">CEPE<\/h4>\n\n\n\n<p><strong><a href=\"https:\/\/sites.uel.br\/prograd\/wp-content\/uploads\/documentos\/resolucoes\/2024\/resolucao_79_24.pdf\" target=\"_blank\" rel=\"noreferrer noopener\">Resolu\u00e7\u00e3o CEPE n\u00ba 79\/2024<\/a><\/strong><br>Estabelece normas para matr\u00edcula de estudantes em Projeto Pedag\u00f3gico do Curso (PPC) em Extin\u00e7\u00e3o para Transposi\u00e7\u00e3o Curricular ou Progress\u00e3o Curricular<\/p>\n\n\n\n<p><strong><a href=\"https:\/\/sites.uel.br\/prograd\/wp-content\/uploads\/documentos\/resolucoes\/2024\/resolucao_78_24.pdf\" target=\"_blank\" rel=\"noreferrer noopener\">Resolu\u00e7\u00e3o CEPE n\u00ba 78\/2024<\/a><\/strong><br>Altera os artigos 2\u00ba, \u00a7 4\u00ba, IV; art. 11 e art. 15 da Resolu\u00e7\u00e3o CEPE 025\/2019, que Regulamenta o Processo Seletivo de Transfer\u00eancia Externa para Cursos de Gradua\u00e7\u00e3o da Universidade Estadual de Londrina<\/p>\n\n\n\n<p><strong><a href=\"https:\/\/sites.uel.br\/prograd\/wp-content\/uploads\/documentos\/resolucoes\/2024\/resolucao_77_24.pdf\" target=\"_blank\" rel=\"noreferrer noopener\">Resolu\u00e7\u00e3o CEPE n\u00ba 77\/2024<\/a><\/strong><br>Altera o Art. 1\u00ba da Resolu\u00e7\u00e3o CEPE n\u00ba 071\/2021, que estabelece diretrizes dos sistemas acad\u00eamicos e diretrizes para cria\u00e7\u00e3o, reformula\u00e7\u00e3o e adequa\u00e7\u00e3o de Projetos Pedag\u00f3gicos de Cursos de Gradua\u00e7\u00e3o na Universidade Estadual de Londrina<\/p>\n\n\n\n<p><strong><a href=\"https:\/\/sites.uel.br\/prograd\/wp-content\/uploads\/documentos\/resolucoes\/2024\/resolucao_76_24.pdf\" target=\"_blank\" rel=\"noreferrer noopener\">Resolu\u00e7\u00e3o CEPE n\u00ba 76\/2024<\/a><\/strong><br>Estabelece adequa\u00e7\u00e3o da Resolu\u00e7\u00e3o CEPE n\u00ba 091\/2023, que disp\u00f5e sobre o Calend\u00e1rio das Atividades de Ensino dos Cursos de Gradua\u00e7\u00e3o para o ano letivo de 2024<\/p>\n\n\n\n<p><strong><a href=\"https:\/\/sites.uel.br\/prograd\/resolucoes-errata-70-2024\/\">Resolu\u00e7\u00e3o CEPE n\u00ba 70\/2024<\/a><\/strong><br>Estabelece o Calend\u00e1rio das Atividades de Ensino dos Cursos de Gradua\u00e7\u00e3o para o ano letivo de 2025<\/p>\n\n\n\n<p><strong><a href=\"https:\/\/sites.uel.br\/prograd\/wp-content\/uploads\/documentos\/resolucoes\/2024\/resolucao_69_24.pdf\" target=\"_blank\" rel=\"noreferrer noopener\">Resolu\u00e7\u00e3o CEPE n\u00ba 69\/2024<\/a><\/strong><br>Estabelece adequa\u00e7\u00e3o da Resolu\u00e7\u00e3o n\u00ba 091\/2023, que disp\u00f5e sobre o Calend\u00e1rio das Atividades de Ensino dos Cursos de Gradua\u00e7\u00e3o para o ano letivo de 2024<\/p>\n\n\n\n<p><strong><a href=\"https:\/\/sites.uel.br\/prograd\/wp-content\/uploads\/documentos\/resolucoes\/2024\/resolucao_56_24.pdf\" target=\"_blank\" rel=\"noreferrer noopener\">Resolu\u00e7\u00e3o CEPE n\u00ba 56\/2024<\/a><\/strong><br>Estabelece adequa\u00e7\u00e3o da Resolu\u00e7\u00e3o CEPE n\u00ba 091\/2023, que disp\u00f5e sobre o Calend\u00e1rio das Atividades de Ensino dos Cursos de Gradua\u00e7\u00e3o para o ano letivo de 2024<\/p>\n\n\n\n<p><strong><a href=\"https:\/\/sites.uel.br\/prograd\/wp-content\/uploads\/documentos\/resolucoes\/2024\/resolucao_39_24.pdf\" target=\"_blank\" rel=\"noreferrer noopener\">Resolu\u00e7\u00e3o CEPE n\u00ba 39\/2024<\/a><\/strong><br>Estabelece adequa\u00e7\u00e3o da Resolu\u00e7\u00e3o CEPE n\u00ba 091\/2023, que disp\u00f5e sobre o Calend\u00e1rio das Atividades de Ensino dos Cursos de Gradua\u00e7\u00e3o para o ano letivo de 2024<\/p>\n\n\n\n<p><strong><a href=\"https:\/\/sites.uel.br\/prograd\/wp-content\/uploads\/documentos\/resolucoes\/2024\/resolucao_38_24.pdf\" target=\"_blank\" rel=\"noreferrer noopener\">Resolu\u00e7\u00e3o CEPE n\u00ba 38\/2024<\/a><\/strong><br>Estabelece adequa\u00e7\u00e3o da Resolu\u00e7\u00e3o CEPE n\u00ba 047\/2023, que disp\u00f5e sobre o Calend\u00e1rio das Atividades de Ensino dos Cursos de Gradua\u00e7\u00e3o para o ano letivo de 2023<\/p>\n\n\n\n<p><strong><a href=\"https:\/\/sites.uel.br\/prograd\/wp-content\/uploads\/documentos\/resolucoes\/2024\/resolucao_35_24.pdf\" target=\"_blank\" rel=\"noreferrer noopener\">Resolu\u00e7\u00e3o CEPE n\u00ba 35\/2024<\/a><\/strong><br>Revoga a Resolu\u00e7\u00e3o Cepe n\u00ba 025\/2024 e aprova a ades\u00e3o da Universidade Estadual de Londrina (UEL) ao Sistema de Sele\u00e7\u00e3o Unificada (SISU) para os Cursos de Gradua\u00e7\u00e3o da UEL e a sua regulamenta\u00e7\u00e3o para a 1\u00aa Edi\u00e7\u00e3o \u2013 2025<\/p>\n\n\n\n<p><strong><a href=\"https:\/\/sites.uel.br\/prograd\/wp-content\/uploads\/documentos\/resolucoes\/2024\/resolucao_19_24.pdf\" target=\"_blank\" rel=\"noreferrer noopener\">Resolu\u00e7\u00e3o CEPE n\u00ba 19\/2024<\/a><\/strong><br>Estabelece adequa\u00e7\u00e3o da Resolu\u00e7\u00e3o CEPE n\u00ba 091\/2023, que disp\u00f5e sobre o a Calend\u00e1rio das Atividades de Ensino dos Cursos de Gradua\u00e7\u00e3o para o ano letivo de 2024<\/p>\n\n\n\n<p><\/p>\n\n\n\n<p><strong><a href=\"https:\/\/sites.uel.br\/prograd\/wp-content\/uploads\/documentos\/resolucoes\/2024\/resolucao_05_24.pdf\" target=\"_blank\" rel=\"noreferrer noopener\">Resolu\u00e7\u00e3o CEPE n\u00ba 05\/2024<\/a><\/strong><br>Estabelece adequa\u00e7\u00e3o da Resolu\u00e7\u00e3o CEPE n\u00ba 047\/2023, que disp\u00f5e sobre o Calend\u00e1rio das Atividades de Ensino dos Cursos de Gradua\u00e7\u00e3o para o ano letivo de 2023<\/p>\n\n\n\n<p><\/p>\n\n\n\n<div style=\"height:20px\" aria-hidden=\"true\" class=\"wp-block-spacer\"><\/div>\n\n\n\n<h4 class=\"wp-block-heading\" style=\"font-size:25px\">CU<\/h4>\n\n\n\n<p><strong><a href=\"https:\/\/sites.uel.br\/prograd\/wp-content\/uploads\/documentos\/resolucoes\/2024\/resolucao_31_24.pdf\" target=\"_blank\" rel=\"noreferrer noopener\">Resolu\u00e7\u00e3o CU n\u00ba 31\/2024<\/a><\/strong><br>Revoga a Resolu\u00e7\u00e3o CU n\u00ba 008\/2017 e 042\/2017, institui a Prova Paran\u00e1 Mais como uma das formas de ingresso nos cursos de gradua\u00e7\u00e3o da UEL e estabelece a reserva de vagas no Processo Seletivo Vestibular e no Sistema de Sele\u00e7\u00e3o Unificada do Minist\u00e9rio da Educa\u00e7\u00e3o para candidatos oriundos de institui\u00e7\u00f5es p\u00fablicas brasileiras de ensino e para aqueles que se autodeclararem negros<\/p>\n\n\n\n<p><strong><a href=\"https:\/\/sites.uel.br\/prograd\/wp-content\/uploads\/documentos\/resolucoes\/2024\/resolucao_29_24.pdf\" target=\"_blank\" rel=\"noreferrer noopener\">Resolu\u00e7\u00e3o CU n\u00ba 29\/2024<\/a><\/strong><br>Regulamenta a Pol\u00edtica de Gradua\u00e7\u00e3o na Universidade Estadual de Londrina, e d\u00e1 outras provid\u00eancias<\/p>\n\n\n\n<p><\/p>\n","protected":false},"excerpt":{"rendered":"<p>2024 CEPE Resolu\u00e7\u00e3o CEPE n\u00ba 79\/2024Estabelece normas para matr\u00edcula de estudantes em Projeto Pedag\u00f3gico do Curso (PPC) em Extin\u00e7\u00e3o para Transposi\u00e7\u00e3o Curricular ou Progress\u00e3o Curricular Resolu\u00e7\u00e3o CEPE n\u00ba 78\/2024Altera os artigos 2\u00ba, \u00a7 4\u00ba, IV; art. 11 e art. 15 da Resolu\u00e7\u00e3o CEPE 025\/2019, que Regulamenta o Processo Seletivo de Transfer\u00eancia Externa para Cursos de [&hellip;]<\/p>\n","protected":false},"author":8,"featured_media":0,"parent":0,"menu_order":0,"comment_status":"closed","ping_status":"closed","template":"","meta":{"_acf_changed":false,"_themeisle_gutenberg_block_has_review":false,"footnotes":""},"class_list":["post-25565","page","type-page","status-publish","hentry"],"acf":[],"_links":{"self":[{"href":"https:\/\/sites.uel.br\/prograd\/wp-json\/wp\/v2\/pages\/25565","targetHints":{"allow":["GET"]}}],"collection":[{"href":"https:\/\/sites.uel.br\/prograd\/wp-json\/wp\/v2\/pages"}],"about":[{"href":"https:\/\/sites.uel.br\/prograd\/wp-json\/wp\/v2\/types\/page"}],"author":[{"embeddable":true,"href":"https:\/\/sites.uel.br\/prograd\/wp-json\/wp\/v2\/users\/8"}],"replies":[{"embeddable":true,"href":"https:\/\/sites.uel.br\/prograd\/wp-json\/wp\/v2\/comments?post=25565"}],"version-history":[{"count":23,"href":"https:\/\/sites.uel.br\/prograd\/wp-json\/wp\/v2\/pages\/25565\/revisions"}],"predecessor-version":[{"id":34389,"href":"https:\/\/sites.uel.br\/prograd\/wp-json\/wp\/v2\/pages\/25565\/revisions\/34389"}],"wp:attachment":[{"href":"https:\/\/sites.uel.br\/prograd\/wp-json\/wp\/v2\/media?parent=25565"}],"curies":[{"name":"wp","href":"https:\/\/api.w.org\/{rel}","templated":true}]}}