{"id":25463,"date":"2024-03-25T15:15:07","date_gmt":"2024-03-25T18:15:07","guid":{"rendered":"https:\/\/sites.uel.br\/prograd\/?page_id=25463"},"modified":"2025-11-06T13:17:01","modified_gmt":"2025-11-06T16:17:01","slug":"deliberacoes-camara-de-graduacao-2024","status":"publish","type":"page","link":"https:\/\/sites.uel.br\/prograd\/deliberacoes-camara-de-graduacao-2024\/","title":{"rendered":"Delibera\u00e7\u00f5es (C\u00e2mara de Gradua\u00e7\u00e3o)"},"content":{"rendered":"\n<hr class=\"wp-block-separator has-alpha-channel-opacity is-style-wide\"\/>\n\n\n\n<h3 class=\"wp-block-heading\">2024<\/h3>\n\n\n\n<div style=\"height:20px\" aria-hidden=\"true\" class=\"wp-block-spacer\"><\/div>\n\n\n\n<p><strong><a href=\"https:\/\/sites.uel.br\/prograd\/wp-content\/uploads\/documentos\/deliberacoes\/2024\/deliberacao_32_24.pdf\" target=\"_blank\" rel=\"noreferrer noopener\">Delibera\u00e7\u00e3o da C\u00e2mara de Gradua\u00e7\u00e3o n\u00ba 32\/2024<\/a><\/strong><br>Altera o item 9.3.3 \u2013 Trabalho de Conclus\u00e3o de Curso (TCC), da Resolu\u00e7\u00e3o CEPE\/CA 102\/2022, do Projeto Pedag\u00f3gico do Curso de F\u00edsica \u2013 Bacharelado<\/p>\n\n\n\n<p><strong><a href=\"https:\/\/sites.uel.br\/prograd\/wp-content\/uploads\/documentos\/deliberacoes\/2024\/deliberacao_31_24.pdf\" target=\"_blank\" rel=\"noreferrer noopener\">Delibera\u00e7\u00e3o da C\u00e2mara de Gradua\u00e7\u00e3o n\u00ba 31\/2024<\/a><\/strong><br>Aprova o Regulamento do Trabalho de Conclus\u00e3o de Curso &#8211; TCC, do Curso de Tecnologia em Gest\u00e3o P\u00fablica &#8211; Modalidade: Educa\u00e7\u00e3o a Dist\u00e2ncia<\/p>\n\n\n\n<p><strong><a href=\"https:\/\/sites.uel.br\/prograd\/wp-content\/uploads\/documentos\/deliberacoes\/2024\/deliberacao_30_24.pdf\" target=\"_blank\" rel=\"noreferrer noopener\">Delibera\u00e7\u00e3o da C\u00e2mara de Gradua\u00e7\u00e3o n\u00ba 30\/2024<\/a><\/strong><br>Atualiza a equival\u00eancia de estudos para a disciplina 6NIC215 &#8211; Comunica\u00e7\u00e3o Organizacional, do Curso de Gradua\u00e7\u00e3o em Rela\u00e7\u00f5es P\u00fablicas<\/p>\n\n\n\n<p><strong><a href=\"https:\/\/sites.uel.br\/prograd\/wp-content\/uploads\/documentos\/deliberacoes\/2024\/deliberacao_29_24.pdf\" target=\"_blank\" rel=\"noreferrer noopener\">Delibera\u00e7\u00e3o da C\u00e2mara de Gradua\u00e7\u00e3o n\u00ba 29\/2024<\/a><\/strong><br>Estabelece adequa\u00e7\u00f5es curriculares no Curso de Gradua\u00e7\u00e3o em Odontologia<\/p>\n\n\n\n<p><strong><a href=\"https:\/\/sites.uel.br\/prograd\/wp-content\/uploads\/documentos\/deliberacoes\/2024\/deliberacao_28_24.pdf\" target=\"_blank\" rel=\"noreferrer noopener\">Delibera\u00e7\u00e3o da C\u00e2mara de Gradua\u00e7\u00e3o n\u00ba 28\/2024<\/a><\/strong><br>Altera o Artigo 33 da Resolu\u00e7\u00e3o CEPE n\u00ba 0255\/2009, do Projeto Pedag\u00f3gico do Curso de Educa\u00e7\u00e3o F\u00edsica &#8211; Licenciatura<\/p>\n\n\n\n<p><strong><a href=\"https:\/\/sites.uel.br\/prograd\/wp-content\/uploads\/documentos\/deliberacoes\/2024\/deliberacao_27_24.pdf\" target=\"_blank\" rel=\"noreferrer noopener\">Delibera\u00e7\u00e3o da C\u00e2mara de Gradua\u00e7\u00e3o n\u00ba 27\/2024<\/a><\/strong><br>Estabelece adequa\u00e7\u00f5es curriculares no curso de Gradua\u00e7\u00e3o em Medicina Veterin\u00e1ria, curr\u00edculo 2023<\/p>\n\n\n\n<p><strong><a href=\"https:\/\/sites.uel.br\/prograd\/wp-content\/uploads\/documentos\/deliberacoes\/2024\/deliberacao_26_24.pdf\" target=\"_blank\" rel=\"noreferrer noopener\">Delibera\u00e7\u00e3o da C\u00e2mara de Gradua\u00e7\u00e3o n\u00ba 26\/2024<\/a><\/strong><br>Aprova o Regulamento do Trabalho de Conclus\u00e3o de Curso &#8211; TCC, do Curso de F\u00edsica &#8211; Bacharelado<\/p>\n\n\n\n<p><strong><a href=\"https:\/\/sites.uel.br\/prograd\/wp-content\/uploads\/documentos\/deliberacoes\/2024\/deliberacao_25_24.pdf\" target=\"_blank\" rel=\"noreferrer noopener\">Delibera\u00e7\u00e3o da C\u00e2mara de Gradua\u00e7\u00e3o n\u00ba 25\/2024<\/a><\/strong><br>Aprova o Regulamento do Trabalho de Conclus\u00e3o de Curso &#8211; TCC, do Curso de Filosofia<\/p>\n\n\n\n<p><strong><a href=\"https:\/\/sites.uel.br\/prograd\/wp-content\/uploads\/documentos\/deliberacoes\/2024\/deliberacao_24_24.pdf\" target=\"_blank\" rel=\"noreferrer noopener\">Delibera\u00e7\u00e3o da C\u00e2mara de Gradua\u00e7\u00e3o n\u00ba 24\/2024<\/a><\/strong><br>Transfere a atividade acad\u00eamica 2BIO0007 &#8211; Gest\u00e3o Ambiental na Engenharia Civil, do curso de Engenharia Civil, curr\u00edculo 2023, do Departamento de Biologia Geral para o Departamento de Biologia Animal e Vegetal<\/p>\n\n\n\n<p><strong><a href=\"https:\/\/sites.uel.br\/prograd\/wp-content\/uploads\/documentos\/deliberacoes\/2024\/deliberacao_23_24.pdf\" target=\"_blank\" rel=\"noreferrer noopener\">Delibera\u00e7\u00e3o da C\u00e2mara de Gradua\u00e7\u00e3o n\u00ba 23\/2024<\/a><\/strong><br>Estabelece adequa\u00e7\u00f5es curriculares no curso de Design Gr\u00e1fico, curr\u00edculo 2023<\/p>\n\n\n\n<p><strong><a href=\"https:\/\/sites.uel.br\/prograd\/wp-content\/uploads\/documentos\/deliberacoes\/2024\/deliberacao_22_24.pdf\" target=\"_blank\" rel=\"noreferrer noopener\">Delibera\u00e7\u00e3o da C\u00e2mara de Gradua\u00e7\u00e3o n\u00ba 22\/2024<\/a><\/strong><br>Altera a distribui\u00e7\u00e3o da carga hor\u00e1ria da atividade acad\u00eamica 2DEF008 &#8211; Fisiologia do Exerc\u00edcio, do curso de Educa\u00e7\u00e3o F\u00edsica &#8211; Bacharelado e Licenciatura, curr\u00edculo 2023<\/p>\n\n\n\n<p><strong><a href=\"https:\/\/sites.uel.br\/prograd\/wp-content\/uploads\/documentos\/deliberacoes\/2024\/deliberacao_21_24.pdf\" target=\"_blank\" rel=\"noreferrer noopener\">Delibera\u00e7\u00e3o da C\u00e2mara de Gradua\u00e7\u00e3o n\u00ba 21\/2024<\/a><\/strong><br>Aprova o Regulamento das Atividades Acad\u00eamicas Complementares (AAC) do Curso de Gradua\u00e7\u00e3o em Enfermagem<\/p>\n\n\n\n<p><strong><a href=\"https:\/\/sites.uel.br\/prograd\/wp-content\/uploads\/documentos\/deliberacoes\/2024\/deliberacao_20_24.pdf\" target=\"_blank\" rel=\"noreferrer noopener\">Delibera\u00e7\u00e3o da C\u00e2mara de Gradua\u00e7\u00e3o n\u00ba 20\/2024<\/a><\/strong><br>Aprova o regulamento do N\u00facleo Docente Estruturante (NDE) do Curso de Enfermagem<\/p>\n\n\n\n<p><strong><a href=\"https:\/\/sites.uel.br\/prograd\/wp-content\/uploads\/documentos\/deliberacoes\/2024\/deliberacao_19_24.pdf\" target=\"_blank\" rel=\"noreferrer noopener\">Delibera\u00e7\u00e3o da C\u00e2mara de Gradua\u00e7\u00e3o n\u00ba 19\/2024<\/a><\/strong><br>Estabelece adequa\u00e7\u00f5es curriculares no Curso de Design de Moda, curr\u00edculo 2023<\/p>\n\n\n\n<p><strong><a href=\"https:\/\/sites.uel.br\/prograd\/wp-content\/uploads\/documentos\/deliberacoes\/2024\/deliberacao_18_24.pdf\" target=\"_blank\" rel=\"noreferrer noopener\">Delibera\u00e7\u00e3o da C\u00e2mara de Gradua\u00e7\u00e3o n\u00ba 18\/2024<\/a><\/strong><br>Altera a ementa da atividade acad\u00eamica STA009 &#8211; Estat\u00edstica, do curso de Gradua\u00e7\u00e3o em Qu\u00edmica &#8211; Bacharelado, curr\u00edculo 2022<\/p>\n\n\n\n<p><strong><a href=\"https:\/\/sites.uel.br\/prograd\/wp-content\/uploads\/documentos\/deliberacoes\/2024\/deliberacao_17_24.pdf\" target=\"_blank\" rel=\"noreferrer noopener\">Delibera\u00e7\u00e3o da C\u00e2mara de Gradua\u00e7\u00e3o n\u00ba 17\/2024<\/a><\/strong><br>Altera a composi\u00e7\u00e3o do Colegiado do Curso de Geografia<\/p>\n\n\n\n<p><strong><a href=\"https:\/\/sites.uel.br\/prograd\/wp-content\/uploads\/documentos\/deliberacoes\/2024\/deliberacao_16_24.pdf\" target=\"_blank\" rel=\"noreferrer noopener\">Delibera\u00e7\u00e3o da C\u00e2mara de Gradua\u00e7\u00e3o n\u00ba 16\/2024<\/a><\/strong><br>Cria ementa para a atividade acad\u00eamica 2MUT164 &#8211; Piano Funcional II, do Curso de Gradua\u00e7\u00e3o em M\u00fasica &#8211; Licenciatura, curr\u00edculo 2023<\/p>\n\n\n\n<p><strong><a href=\"https:\/\/sites.uel.br\/prograd\/wp-content\/uploads\/documentos\/deliberacoes\/2024\/deliberacao_15_24.pdf\" target=\"_blank\" rel=\"noreferrer noopener\">Delibera\u00e7\u00e3o da C\u00e2mara de Gradua\u00e7\u00e3o n\u00ba 15\/2024<\/a><\/strong><br>Altera as ementas das atividades acad\u00eamicas 2SOC011 &#8211; Introdu\u00e7\u00e3o \u00e0 Ci\u00eancia Pol\u00edtica, 2SOC014 &#8211; Ci\u00eancia Pol\u00edtica I, 2SOC017 &#8211; Ci\u00eancia Pol\u00edtica II, 2 SOC035 &#8211; Introdu\u00e7\u00e3o \u00e0 Ci\u00eancia Pol\u00edtica, 2SOC040 &#8211; Ci\u00eancia Pol\u00edtica I e 2SOC043 &#8211; Ci\u00eancia Pol\u00edtica II, do Curso de Gradua\u00e7\u00e3o em Ci\u00eancias Sociais &#8211; Bacharelado e Licenciatura, curr\u00edculos 2023<\/p>\n\n\n\n<p><strong><a href=\"https:\/\/sites.uel.br\/prograd\/wp-content\/uploads\/documentos\/deliberacoes\/2024\/deliberacao_14_24.pdf\" target=\"_blank\" rel=\"noreferrer noopener\">Delibera\u00e7\u00e3o da C\u00e2mara de Gradua\u00e7\u00e3o n\u00ba 14\/2024<\/a><\/strong><br>Aprova o Regulamento do Trabalho de Conclus\u00e3o de Curso &#8211; TCC, do Curso de Pedagogia, a vigorar a partir do ano letivo de 2024<\/p>\n\n\n\n<p><strong><a href=\"https:\/\/sites.uel.br\/prograd\/wp-content\/uploads\/documentos\/deliberacoes\/2024\/deliberacao_13_24.pdf\" target=\"_blank\" rel=\"noreferrer noopener\">Delibera\u00e7\u00e3o da C\u00e2mara de Gradua\u00e7\u00e3o n\u00ba 13\/2024<\/a><\/strong><br>Altera a distribui\u00e7\u00e3o da carga hor\u00e1ria da atividade acad\u00eamica 6API008 &#8211; Atividade Pedag\u00f3gica Integradora IV, alocada na 5\u00aa s\u00e9rie do curso de Engenharia Civil, curr\u00edculo 2010<\/p>\n\n\n\n<p><strong><a href=\"https:\/\/sites.uel.br\/prograd\/wp-content\/uploads\/documentos\/deliberacoes\/2024\/deliberacao_12_24.pdf\" target=\"_blank\" rel=\"noreferrer noopener\">Delibera\u00e7\u00e3o da C\u00e2mara de Gradua\u00e7\u00e3o n\u00ba 12\/2024<\/a><\/strong><br>Altera a composi\u00e7\u00e3o do Colegiado do Curso de Biblioteconomia<\/p>\n\n\n\n<p><strong><a href=\"https:\/\/sites.uel.br\/prograd\/wp-content\/uploads\/documentos\/deliberacoes\/2024\/deliberacao_11_24.pdf\" target=\"_blank\" rel=\"noreferrer noopener\">Delibera\u00e7\u00e3o da C\u00e2mara de Gradua\u00e7\u00e3o n\u00ba 11\/2024<\/a><\/strong><br>Altera a composi\u00e7\u00e3o do Colegiado do Curso de Engenharia Civil<\/p>\n\n\n\n<p><strong><a href=\"https:\/\/sites.uel.br\/prograd\/wp-content\/uploads\/documentos\/deliberacoes\/2024\/deliberacao_10_24.pdf\" target=\"_blank\" rel=\"noreferrer noopener\">Delibera\u00e7\u00e3o da C\u00e2mara de Gradua\u00e7\u00e3o n\u00ba 10\/2024<\/a><\/strong><br>Altera a composi\u00e7\u00e3o do Colegiado do Curso de Arquitetura e Urbanismo<\/p>\n\n\n\n<p><strong><a href=\"https:\/\/sites.uel.br\/prograd\/wp-content\/uploads\/documentos\/deliberacoes\/2024\/deliberacao_09_24.pdf\" target=\"_blank\" rel=\"noreferrer noopener\">Delibera\u00e7\u00e3o da C\u00e2mara de Gradua\u00e7\u00e3o n\u00ba 09\/2024<\/a><\/strong><br>Estabelece adequa\u00e7\u00f5es no Projeto Pedag\u00f3gico do curso de Enfermagem<\/p>\n\n\n\n<p><strong><a href=\"https:\/\/sites.uel.br\/prograd\/wp-content\/uploads\/documentos\/deliberacoes\/2024\/deliberacao_08_24.pdf\" target=\"_blank\" rel=\"noreferrer noopener\">Delibera\u00e7\u00e3o da C\u00e2mara de Gradua\u00e7\u00e3o n\u00ba 08\/2024<\/a><\/strong><br>Altera a distribui\u00e7\u00e3o da carga hor\u00e1ria das atividades destinadas ao cumprimento das horas de Atividade Acad\u00eamica Complementar &#8211; AAC no Curso de Letras &#8211; Ingl\u00eas, curr\u00edculo 2019<\/p>\n\n\n\n<p><strong><a href=\"https:\/\/sites.uel.br\/prograd\/wp-content\/uploads\/documentos\/deliberacoes\/2024\/deliberacao_07_24.pdf\" target=\"_blank\" rel=\"noreferrer noopener\">Delibera\u00e7\u00e3o da C\u00e2mara de Gradua\u00e7\u00e3o n\u00ba 07\/2024<\/a><\/strong><br>Altera a distribui\u00e7\u00e3o da carga hor\u00e1ria da atividade acad\u00eamica 2MOR006 &#8211; Anatomia dos Animais dom\u00e9sticos, do curso de Zootecnia, 1\u00ba ano, curr\u00edculo 2022<\/p>\n\n\n\n<p><strong><a href=\"https:\/\/sites.uel.br\/prograd\/wp-content\/uploads\/documentos\/deliberacoes\/2024\/deliberacao_06_24.pdf\" target=\"_blank\" rel=\"noreferrer noopener\">Delibera\u00e7\u00e3o da C\u00e2mara de Gradua\u00e7\u00e3o n\u00ba 06\/2024<\/a><\/strong><br>Estabelece adequa\u00e7\u00f5es curriculares no Curso de Gradua\u00e7\u00e3o em Ci\u00eancias Biol\u00f3gicas &#8211; Licenciatura, curr\u00edculo 2023<\/p>\n\n\n\n<p><strong><a href=\"https:\/\/sites.uel.br\/prograd\/wp-content\/uploads\/documentos\/deliberacoes\/2024\/deliberacao_05_24.pdf\" target=\"_blank\" rel=\"noreferrer noopener\">Delibera\u00e7\u00e3o da C\u00e2mara de Gradua\u00e7\u00e3o n\u00ba 05\/2024<\/a><\/strong><br>Altera o per\u00edodo de oferta e o pr\u00e9-requisito da Atividade Acad\u00eamica de Natureza Obrigat\u00f3ria Especial 2TCC202 &#8211; Trabalho de Conclus\u00e3o de Curso, 4\u00ba ano, do Curso de Ci\u00eancias Biol\u00f3gicas &#8211; Bacharelado, curr\u00edculo 2023<\/p>\n\n\n\n<p><strong><a href=\"https:\/\/sites.uel.br\/prograd\/wp-content\/uploads\/documentos\/deliberacoes\/2024\/deliberacao_04_24.pdf\" target=\"_blank\" rel=\"noreferrer noopener\">Delibera\u00e7\u00e3o da C\u00e2mara de Gradua\u00e7\u00e3o n\u00ba 04\/2024<\/a><\/strong><br>Estabelece adequa\u00e7\u00f5es curriculares no Curso de Gradua\u00e7\u00e3o em Odontologia, curr\u00edculo 2022<\/p>\n\n\n\n<p><strong><a href=\"https:\/\/sites.uel.br\/prograd\/wp-content\/uploads\/documentos\/deliberacoes\/2024\/deliberacao_03_24.pdf\" target=\"_blank\" rel=\"noreferrer noopener\">Delibera\u00e7\u00e3o da C\u00e2mara de Gradua\u00e7\u00e3o n\u00ba 03\/2024<\/a><\/strong><br>Estabelece adequa\u00e7\u00f5es curriculares no curso de Artes Visuais &#8211; Licenciatura, curr\u00edculos 2019 e 2023<\/p>\n\n\n\n<p><strong><a href=\"https:\/\/sites.uel.br\/prograd\/wp-content\/uploads\/documentos\/deliberacoes\/2024\/deliberacao_02_24.pdf\" target=\"_blank\" rel=\"noreferrer noopener\">Delibera\u00e7\u00e3o da C\u00e2mara de Gradua\u00e7\u00e3o n\u00ba 02\/2024<\/a><\/strong><br>Estabelece adequa\u00e7\u00f5es curriculares no curso de Hist\u00f3ria, licenciatura, curr\u00edculos 2021 e 2023<\/p>\n\n\n\n<p><strong><a href=\"https:\/\/sites.uel.br\/prograd\/wp-content\/uploads\/documentos\/deliberacoes\/2024\/deliberacao_01_24.pdf\" target=\"_blank\" rel=\"noreferrer noopener\">Delibera\u00e7\u00e3o da C\u00e2mara de Gradua\u00e7\u00e3o n\u00ba 01\/2024<\/a><\/strong><br>Constitui o Colegiado do Curso de Ci\u00eancia de Dados e Intelig\u00eancia Artificial<\/p>\n","protected":false},"excerpt":{"rendered":"<p>2024 Delibera\u00e7\u00e3o da C\u00e2mara de Gradua\u00e7\u00e3o n\u00ba 32\/2024Altera o item 9.3.3 \u2013 Trabalho de Conclus\u00e3o de Curso (TCC), da Resolu\u00e7\u00e3o CEPE\/CA 102\/2022, do Projeto Pedag\u00f3gico do Curso de F\u00edsica \u2013 Bacharelado Delibera\u00e7\u00e3o da C\u00e2mara de Gradua\u00e7\u00e3o n\u00ba 31\/2024Aprova o Regulamento do Trabalho de Conclus\u00e3o de Curso &#8211; TCC, do Curso de Tecnologia em Gest\u00e3o P\u00fablica [&hellip;]<\/p>\n","protected":false},"author":8,"featured_media":0,"parent":0,"menu_order":0,"comment_status":"closed","ping_status":"closed","template":"","meta":{"_acf_changed":false,"_themeisle_gutenberg_block_has_review":false,"footnotes":""},"class_list":["post-25463","page","type-page","status-publish","hentry"],"acf":[],"_links":{"self":[{"href":"https:\/\/sites.uel.br\/prograd\/wp-json\/wp\/v2\/pages\/25463","targetHints":{"allow":["GET"]}}],"collection":[{"href":"https:\/\/sites.uel.br\/prograd\/wp-json\/wp\/v2\/pages"}],"about":[{"href":"https:\/\/sites.uel.br\/prograd\/wp-json\/wp\/v2\/types\/page"}],"author":[{"embeddable":true,"href":"https:\/\/sites.uel.br\/prograd\/wp-json\/wp\/v2\/users\/8"}],"replies":[{"embeddable":true,"href":"https:\/\/sites.uel.br\/prograd\/wp-json\/wp\/v2\/comments?post=25463"}],"version-history":[{"count":26,"href":"https:\/\/sites.uel.br\/prograd\/wp-json\/wp\/v2\/pages\/25463\/revisions"}],"predecessor-version":[{"id":35769,"href":"https:\/\/sites.uel.br\/prograd\/wp-json\/wp\/v2\/pages\/25463\/revisions\/35769"}],"wp:attachment":[{"href":"https:\/\/sites.uel.br\/prograd\/wp-json\/wp\/v2\/media?parent=25463"}],"curies":[{"name":"wp","href":"https:\/\/api.w.org\/{rel}","templated":true}]}}