{"id":25,"date":"2022-10-11T16:38:35","date_gmt":"2022-10-11T19:38:35","guid":{"rendered":"https:\/\/sites.uel.br\/prograd\/?page_id=25"},"modified":"2024-05-22T16:51:23","modified_gmt":"2024-05-22T19:51:23","slug":"publicacoes","status":"publish","type":"page","link":"https:\/\/sites.uel.br\/prograd\/publicacoes\/","title":{"rendered":"Publica\u00e7\u00f5es"},"content":{"rendered":"\n<hr class=\"wp-block-separator has-alpha-channel-opacity is-style-wide\"\/>\n\n\n\n<figure class=\"wp-block-table is-style-stripes\"><table class=\"has-cinza-claro-background-color has-background\"><tbody><tr><td class=\"has-text-align-center\" data-align=\"center\"><strong><a rel=\"noreferrer noopener\" href=\"http:\/\/anais.uel.br\/portal\/index.php\/proensino\" target=\"_blank\">Anais do Pr\u00f3-Ensino: Mostra Anual de Atividades de Ensino da UEL<\/a><\/strong><\/td><\/tr><\/tbody><\/table><\/figure>\n\n\n\n<figure class=\"wp-block-table is-style-stripes\"><table class=\"has-cinza-claro-background-color has-background\"><tbody><tr><td class=\"has-text-align-center\" data-align=\"center\"><strong><strong><a href=\"https:\/\/sites.uel.br\/prograd\/graduacao\/catalogo-dos-cursos-de-graduacao-indice\/\">Cat\u00e1logo do Cursos de Gradua\u00e7\u00e3o<\/a><\/strong><\/strong><\/td><\/tr><\/tbody><\/table><\/figure>\n\n\n\n<figure class=\"wp-block-table is-style-stripes\"><table class=\"has-cinza-claro-background-color has-background\"><tbody><tr><td class=\"has-text-align-center\" data-align=\"center\"><strong><strong><a href=\"https:\/\/sites.uel.br\/prograd\/guia-academico\/\">Guia Acad\u00eamico UEL<\/a><\/strong><\/strong><\/td><\/tr><\/tbody><\/table><\/figure>\n\n\n\n<figure class=\"wp-block-table is-style-stripes\"><table class=\"has-cinza-claro-background-color has-background\"><tbody><tr><td class=\"has-text-align-center\" data-align=\"center\"><strong><strong><a href=\"https:\/\/sites.uel.br\/prograd\/wp-content\/uploads\/publicacoes\/guia_tecnico_estudantes_privados_liberdades.pdf\" target=\"_blank\" rel=\"noreferrer noopener\">Guia T\u00e9cnico &#8211; O que precisamos saber sobre a presen\u00e7a de estudantes privados de liberdade na UEL?<\/a><\/strong><\/strong><\/td><\/tr><\/tbody><\/table><\/figure>\n\n\n\n<figure class=\"wp-block-table is-style-stripes\"><table class=\"has-cinza-claro-background-color has-background\"><tbody><tr><td class=\"has-text-align-center\" data-align=\"center\"><strong><strong><a href=\"https:\/\/sites.uel.br\/prograd\/wp-content\/uploads\/publicacoes\/manual_orientacoes_apoio_atendimento_estudantes.pdf\" target=\"_blank\" rel=\"noreferrer noopener\">Manual com orienta\u00e7\u00f5es sobre servi\u00e7os de apoio no atendimento dos estudantes da UEL<\/a><\/strong><\/strong><\/td><\/tr><\/tbody><\/table><\/figure>\n\n\n\n<figure class=\"wp-block-table is-style-stripes\"><table class=\"has-cinza-claro-background-color has-background\"><tbody><tr><td class=\"has-text-align-center\" data-align=\"center\"><strong><strong><a href=\"https:\/\/sites.uel.br\/prograd\/wp-content\/uploads\/publicacoes\/manual_parana.pdf\" target=\"_blank\" rel=\"noreferrer noopener\">Manual de Identidade Visual do Governo do Estado do Paran\u00e1<\/a><\/strong><\/strong><\/td><\/tr><\/tbody><\/table><\/figure>\n\n\n\n<figure class=\"wp-block-table is-style-stripes\"><table class=\"has-cinza-claro-background-color has-background\"><tbody><tr><td class=\"has-text-align-center\" data-align=\"center\"><strong><strong><a href=\"https:\/\/sites.uel.br\/prograd\/estudante\/estagios-e-intercambios\/estagios-e-intercambios-manual-do-estagiario\/\">Manual do Estagi\u00e1rio<\/a><\/strong><\/strong><\/td><\/tr><\/tbody><\/table><\/figure>\n\n\n\n<figure class=\"wp-block-table is-style-stripes\"><table class=\"has-cinza-claro-background-color has-background\"><tbody><tr><td class=\"has-text-align-center\" data-align=\"center\"><strong><strong><a href=\"https:\/\/sites.uel.br\/prograd\/tutoriais-portal-do-estudante-de-graduacao\/\">Tutoriais Portal do Estudante de Gradua\u00e7\u00e3o<\/a><\/strong><\/strong><\/td><\/tr><\/tbody><\/table><\/figure>\n\n\n\n<p><\/p>\n","protected":false},"excerpt":{"rendered":"<p>Anais do Pr\u00f3-Ensino: Mostra Anual de Atividades de Ensino da UEL Cat\u00e1logo do Cursos de Gradua\u00e7\u00e3o Guia Acad\u00eamico UEL Guia T\u00e9cnico &#8211; O que precisamos saber sobre a presen\u00e7a de estudantes privados de liberdade na UEL? Manual com orienta\u00e7\u00f5es sobre servi\u00e7os de apoio no atendimento dos estudantes da UEL Manual de Identidade Visual do Governo [&hellip;]<\/p>\n","protected":false},"author":2,"featured_media":0,"parent":0,"menu_order":0,"comment_status":"closed","ping_status":"closed","template":"","meta":{"_acf_changed":false,"_themeisle_gutenberg_block_has_review":false,"footnotes":""},"class_list":["post-25","page","type-page","status-publish","hentry"],"acf":[],"_links":{"self":[{"href":"https:\/\/sites.uel.br\/prograd\/wp-json\/wp\/v2\/pages\/25","targetHints":{"allow":["GET"]}}],"collection":[{"href":"https:\/\/sites.uel.br\/prograd\/wp-json\/wp\/v2\/pages"}],"about":[{"href":"https:\/\/sites.uel.br\/prograd\/wp-json\/wp\/v2\/types\/page"}],"author":[{"embeddable":true,"href":"https:\/\/sites.uel.br\/prograd\/wp-json\/wp\/v2\/users\/2"}],"replies":[{"embeddable":true,"href":"https:\/\/sites.uel.br\/prograd\/wp-json\/wp\/v2\/comments?post=25"}],"version-history":[{"count":26,"href":"https:\/\/sites.uel.br\/prograd\/wp-json\/wp\/v2\/pages\/25\/revisions"}],"predecessor-version":[{"id":30164,"href":"https:\/\/sites.uel.br\/prograd\/wp-json\/wp\/v2\/pages\/25\/revisions\/30164"}],"wp:attachment":[{"href":"https:\/\/sites.uel.br\/prograd\/wp-json\/wp\/v2\/media?parent=25"}],"curies":[{"name":"wp","href":"https:\/\/api.w.org\/{rel}","templated":true}]}}