{"id":23,"date":"2022-10-11T16:38:24","date_gmt":"2022-10-11T19:38:24","guid":{"rendered":"https:\/\/sites.uel.br\/prograd\/?page_id=23"},"modified":"2026-04-22T10:37:42","modified_gmt":"2026-04-22T13:37:42","slug":"programas","status":"publish","type":"page","link":"https:\/\/sites.uel.br\/prograd\/programas\/","title":{"rendered":"Programas"},"content":{"rendered":"\n<hr class=\"wp-block-separator has-alpha-channel-opacity is-style-wide\"\/>\n\n\n\n<figure class=\"wp-block-table is-style-stripes\"><table class=\"has-cinza-claro-background-color has-background\"><tbody><tr><td class=\"has-text-align-center\" data-align=\"center\"><strong><a href=\"https:\/\/sites.uel.br\/pibid\/\" target=\"_blank\" rel=\"noreferrer noopener\">Programa Institucional de Bolsas de Inicia\u00e7\u00e3o \u00e0 Doc\u00eancia (PIBID)<\/a><\/strong><\/td><\/tr><\/tbody><\/table><\/figure>\n\n\n\n<figure class=\"wp-block-table is-style-stripes\"><table class=\"has-cinza-claro-background-color has-background\"><tbody><tr><td class=\"has-text-align-center\" data-align=\"center\"><strong><a href=\"https:\/\/sites.uel.br\/prograd\/residencia-pedagogica\/\">Programa de Resid\u00eancia Pedag\u00f3gica (RP)<\/a><\/strong><\/td><\/tr><\/tbody><\/table><\/figure>\n\n\n\n<figure class=\"wp-block-table is-style-stripes\"><table class=\"has-cinza-claro-background-color has-background\"><tbody><tr><td class=\"has-text-align-center\" data-align=\"center\"><strong><a href=\"https:\/\/sites.uel.br\/prograd\/prope-programa-de-apoio-ao-acesso-e-permanencia-para-a-formacao-do-estudante-da-uel\/\">Programa de Apoio ao Acesso e Perman\u00eancia para a Forma\u00e7\u00e3o do Estudante da UEL (PROPE)<\/a><\/strong><\/td><\/tr><\/tbody><\/table><\/figure>\n\n\n\n<figure class=\"wp-block-table is-style-stripes\"><table class=\"has-cinza-claro-background-color has-background\"><tbody><tr><td class=\"has-text-align-center\" data-align=\"center\"><strong><a href=\"https:\/\/sites.uel.br\/prograd\/prope-programa-de-apoio-ao-acesso-e-permanencia-para-a-formacao-do-estudante-da-uel\/\"><strong><\/strong><\/a><strong><a href=\"https:\/\/sites.uel.br\/prograd\/programa-de-estudantes-convenio-de-graduacao-pec-g\/\">Programa de Estudantes-Conv\u00eanio de Gradua\u00e7\u00e3o (PEC-G)<\/a> <\/strong><\/strong><\/td><\/tr><\/tbody><\/table><\/figure>\n\n\n\n<figure class=\"wp-block-table is-style-stripes\"><table class=\"has-cinza-claro-background-color has-background\"><tbody><tr><td class=\"has-text-align-center\" data-align=\"center\"><strong><a href=\"https:\/\/sites.uel.br\/prograd\/programa-de-educacao-tutorial-pet\/\">Programa de Educa\u00e7\u00e3o Tutorial (PET)<\/a><\/strong><\/td><\/tr><\/tbody><\/table><\/figure>\n\n\n\n<figure class=\"wp-block-table is-style-stripes\"><table class=\"has-cinza-claro-background-color has-background\"><tbody><tr><td class=\"has-text-align-center\" data-align=\"center\"><strong><a href=\"https:\/\/sites.uel.br\/prograd\/programa-de-formacao-complementar\/\">Programa de Forma\u00e7\u00e3o Complementar<\/a><\/strong><\/td><\/tr><\/tbody><\/table><\/figure>\n\n\n\n<figure class=\"wp-block-table is-style-stripes\"><table class=\"has-cinza-claro-background-color has-background\"><tbody><tr><td class=\"has-text-align-center\" data-align=\"center\"><strong><a href=\"https:\/\/sites.uel.br\/prograd\/programa-de-formacao-complementar\/\"><\/a><strong><a href=\"https:\/\/sites.uel.br\/prograd\/projetos-de-pesquisa-em-ensino-pesquisa-extensao-e-integrados\/\">Projetos de Pesquisa em Ensino, Pesquisa, Extens\u00e3o e Integrados<\/a><\/strong><\/strong><\/td><\/tr><\/tbody><\/table><\/figure>\n\n\n\n<figure class=\"wp-block-table is-style-stripes\"><table class=\"has-cinza-claro-background-color has-background\"><tbody><tr><td class=\"has-text-align-center\" data-align=\"center\"><strong><a href=\"https:\/\/sites.uel.br\/prograd\/programa-de-formacao-complementar\/\"><\/a><strong><a href=\"https:\/\/sites.uel.br\/prograd\/programa-de-acompanhamento-de-bolsas-pab\/\">Programa de Acompanhamento de Bolsas (PAB)<\/a><\/strong><\/strong><\/td><\/tr><\/tbody><\/table><\/figure>\n\n\n\n<figure class=\"wp-block-table is-style-stripes\"><table class=\"has-cinza-claro-background-color has-background\"><tbody><tr><td class=\"has-text-align-center\" data-align=\"center\"><strong><a href=\"https:\/\/sites.uel.br\/prograd\/programa-de-formacao-complementar\/\"><\/a><a href=\"https:\/\/sites.uel.br\/prograd\/pfee\/\">Programa de Forma\u00e7\u00e3o de Estudante Empreendedor (PFEE)<\/a><\/strong><\/td><\/tr><\/tbody><\/table><\/figure>\n\n\n\n<figure class=\"wp-block-table is-style-stripes\"><table class=\"has-cinza-claro-background-color has-background\"><tbody><tr><td class=\"has-text-align-center\" data-align=\"center\"><strong><a href=\"https:\/\/sites.uel.br\/prograd\/programa-paranaense-de-aprendizado-pratico-e-integracao-universidade-sociedade-nucleo-de-insercao-profissional-nip-uel\/\">N\u00facleo de Inser\u00e7\u00e3o Profissional (NIP)<\/a><\/strong><\/td><\/tr><\/tbody><\/table><\/figure>\n\n\n\n<p class=\"has-text-align-center\"><\/p>\n\n\n\n<hr class=\"wp-block-separator has-text-color has-cinza-color has-css-opacity has-cinza-background-color has-background is-style-wide\"\/>\n\n\n\n<p><strong>Conhe\u00e7a tamb\u00e9m:<\/strong><\/p>\n\n\n\n<p><a href=\"https:\/\/sites.uel.br\/prograd\/fundo-de-apoio-ao-ensino-a-pesquisa-e-a-extensao-faepe\/\">Fundo de Apoio ao Ensino, \u00e0 Pesquisa e \u00e0 Extens\u00e3o (FAEPE)<\/a><\/p>\n\n\n\n<p><a href=\"https:\/\/sites.uel.br\/prograd\/fope-forum-permanente-dos-cursos-de-licenciatura\/\">F\u00f3rum Permanente dos Cursos de Licenciatura (FOPE)<\/a><\/p>\n\n\n\n<p><a href=\"https:\/\/sites.uel.br\/prograd\/gepe-grupo-de-estudos-de-praticas-em-ensino\/\">Grupo de Estudos de Pr\u00e1ticas em Ensino (GEPE)<\/a><\/p>\n\n\n\n<p><a href=\"https:\/\/sites.uel.br\/pdi\/programa-nacional-de-formacao-de-professores-da-educacao-basica\/\" target=\"_blank\" rel=\"noreferrer noopener\">Plano Nacional de Forma\u00e7\u00e3o de Professores (PARFOR)<\/a><\/p>\n\n\n\n<p><a rel=\"noreferrer noopener\" href=\"http:\/\/ser.uel.br\/\" target=\"_blank\">Recep\u00e7\u00e3o aos Ingressantes<\/a><\/p>\n","protected":false},"excerpt":{"rendered":"<p>Programa Institucional de Bolsas de Inicia\u00e7\u00e3o \u00e0 Doc\u00eancia (PIBID) Programa de Resid\u00eancia Pedag\u00f3gica (RP) Programa de Apoio ao Acesso e Perman\u00eancia para a Forma\u00e7\u00e3o do Estudante da UEL (PROPE) Programa de Estudantes-Conv\u00eanio de Gradua\u00e7\u00e3o (PEC-G) Programa de Educa\u00e7\u00e3o Tutorial (PET) Programa de Forma\u00e7\u00e3o Complementar Projetos de Pesquisa em Ensino, Pesquisa, Extens\u00e3o e Integrados Programa de [&hellip;]<\/p>\n","protected":false},"author":2,"featured_media":0,"parent":0,"menu_order":0,"comment_status":"closed","ping_status":"closed","template":"","meta":{"_acf_changed":false,"_themeisle_gutenberg_block_has_review":false,"footnotes":""},"class_list":["post-23","page","type-page","status-publish","hentry"],"acf":[],"_links":{"self":[{"href":"https:\/\/sites.uel.br\/prograd\/wp-json\/wp\/v2\/pages\/23","targetHints":{"allow":["GET"]}}],"collection":[{"href":"https:\/\/sites.uel.br\/prograd\/wp-json\/wp\/v2\/pages"}],"about":[{"href":"https:\/\/sites.uel.br\/prograd\/wp-json\/wp\/v2\/types\/page"}],"author":[{"embeddable":true,"href":"https:\/\/sites.uel.br\/prograd\/wp-json\/wp\/v2\/users\/2"}],"replies":[{"embeddable":true,"href":"https:\/\/sites.uel.br\/prograd\/wp-json\/wp\/v2\/comments?post=23"}],"version-history":[{"count":47,"href":"https:\/\/sites.uel.br\/prograd\/wp-json\/wp\/v2\/pages\/23\/revisions"}],"predecessor-version":[{"id":37287,"href":"https:\/\/sites.uel.br\/prograd\/wp-json\/wp\/v2\/pages\/23\/revisions\/37287"}],"wp:attachment":[{"href":"https:\/\/sites.uel.br\/prograd\/wp-json\/wp\/v2\/media?parent=23"}],"curies":[{"name":"wp","href":"https:\/\/api.w.org\/{rel}","templated":true}]}}