{"id":2263,"date":"2023-04-04T10:43:51","date_gmt":"2023-04-04T13:43:51","guid":{"rendered":"https:\/\/sites.uel.br\/prograd\/?page_id=2263"},"modified":"2024-05-23T14:37:44","modified_gmt":"2024-05-23T17:37:44","slug":"instrucoes-de-servico-2008","status":"publish","type":"page","link":"https:\/\/sites.uel.br\/prograd\/instrucoes-de-servico-2008\/","title":{"rendered":"Instru\u00e7\u00f5es de Servi\u00e7o"},"content":{"rendered":"\n<hr class=\"wp-block-separator has-alpha-channel-opacity is-style-wide\"\/>\n\n\n\n<h2 class=\"wp-block-heading\">PROGRAD<\/h2>\n\n\n\n<h4 class=\"wp-block-heading\">2008<\/h4>\n\n\n\n<div style=\"height:20px\" aria-hidden=\"true\" class=\"wp-block-spacer\"><\/div>\n\n\n\n<p><a href=\"https:\/\/sites.uel.br\/prograd\/wp-content\/uploads\/documentos\/instrucoes_servico\/2008\/instrucao_servico_10_08.pdf\" target=\"_blank\" rel=\"noreferrer noopener\"><strong>Instru\u00e7\u00e3o de Servi\u00e7o Prograd n\u00ba 010\/2008<\/strong><\/a><br>Disp\u00f5e sobre procedimentos referentes \u00e0 concess\u00e3o de Certificados de Honra ao M\u00e9rito aos estudantes concluintes dos Cursos de Gradua\u00e7\u00e3o da UEL<\/p>\n\n\n\n<p><a href=\"https:\/\/sites.uel.br\/prograd\/wp-content\/uploads\/documentos\/instrucoes_servico\/2008\/instrucao_servico_09_08.pdf\" target=\"_blank\" rel=\"noreferrer noopener\"><strong>Instru\u00e7\u00e3o de Servi\u00e7o Prograd n\u00ba 009\/2008<\/strong><\/a><br>Disp\u00f5e sobre a devolu\u00e7\u00e3o de processos de diplomas registrados pela Divis\u00e3o Especial de Registro de Diplomas<\/p>\n\n\n\n<p><a href=\"https:\/\/sites.uel.br\/prograd\/wp-content\/uploads\/documentos\/instrucoes_servico\/2008\/instrucao_servico_08_08.pdf\" target=\"_blank\" rel=\"noreferrer noopener\"><strong>Instru\u00e7\u00e3o de Servi\u00e7o Prograd n\u00ba 008\/2008<\/strong><\/a><br>Estabelece procedimentos relativos ao empr\u00e9stimo e devolu\u00e7\u00e3o de processos protocolados de assuntos acad\u00eamicos, arquivados na Divis\u00e3o de Arquivo Geral<\/p>\n\n\n\n<p><a href=\"https:\/\/sites.uel.br\/prograd\/wp-content\/uploads\/documentos\/instrucoes_servico\/2008\/instrucao_servico_07_08.pdf\" target=\"_blank\" rel=\"noreferrer noopener\"><strong>Instru\u00e7\u00e3o de Servi\u00e7o Prograd n\u00ba 007\/2008<\/strong><\/a><br>Instrui que somente poder\u00e1 participar da Solenidade de Formatura o estudante concluinte de curso de gradua\u00e7\u00e3o que estiver com situa\u00e7\u00e3o regular junto ao Exame Nacional de Desempenho dos Estudantes &#8211; ENADE<\/p>\n\n\n\n<p><a href=\"https:\/\/sites.uel.br\/prograd\/wp-content\/uploads\/documentos\/instrucoes_servico\/2008\/instrucao_servico_06_08.pdf\" target=\"_blank\" rel=\"noreferrer noopener\"><strong>Instru\u00e7\u00e3o de Servi\u00e7o Prograd n\u00ba 006\/2008<br><\/strong><\/a>Designa o servidor \u00c1lvaro Alcindo Pacheco Braga, para proceder \u00e0 autentica\u00e7\u00e3o de c\u00f3pias fotost\u00e1ticas exclusivamente de documentos exigidos para inscri\u00e7\u00e3o no PSP<\/p>\n\n\n\n<p><a href=\"https:\/\/sites.uel.br\/prograd\/wp-content\/uploads\/documentos\/instrucoes_servico\/2008\/instrucao_servico_05_08.pdf\" target=\"_blank\" rel=\"noreferrer noopener\"><strong>Instru\u00e7\u00e3o de Servi\u00e7o Prograd n\u00ba 005\/2008<\/strong><\/a><br>Estabelece procedimentos para bloqueio de acesso, por meio eletr\u00f4nico, ao Rendimento Escolar<\/p>\n\n\n\n<p><a href=\"https:\/\/sites.uel.br\/prograd\/wp-content\/uploads\/documentos\/instrucoes_servico\/2008\/instrucao_servico_04_08.pdf\" target=\"_blank\" rel=\"noreferrer noopener\"><strong>Instru\u00e7\u00e3o de Servi\u00e7o Prograd n\u00ba 004\/2008<\/strong><\/a><br>Controle de freq\u00fc\u00eancia \u00e0s atividades acad\u00eamicas por meio de lista de presen\u00e7a, dispon\u00edvel no sistema de pauta eletr\u00f4nica, por docentes que atuam na 1\u00aa s\u00e9rie\/per\u00edodo dos Cursos de Gradua\u00e7\u00e3o, colhendo-se as assinaturas dos estudantes ingressantes de 2008, no per\u00edodo de 25 de fevereiro a 10 de mar\u00e7o de 2008<\/p>\n\n\n\n<p><a href=\"https:\/\/sites.uel.br\/prograd\/wp-content\/uploads\/documentos\/instrucoes_servico\/2008\/instrucao_servico_03_08.pdf\" target=\"_blank\" rel=\"noreferrer noopener\"><strong>Instru\u00e7\u00e3o de Servi\u00e7o Prograd n\u00ba 003\/2008<\/strong><\/a><br>Estabelece procedimentos quanto \u00e0 emiss\u00e3o de Certificados para Orientadores de Campo de Est\u00e1gio Curricular Obrigat\u00f3rio e n\u00e3o Obrigat\u00f3rio<\/p>\n\n\n\n<p><a href=\"https:\/\/sites.uel.br\/prograd\/wp-content\/uploads\/documentos\/instrucoes_servico\/2008\/instrucao_servico_02_08.pdf\" target=\"_blank\" rel=\"noreferrer noopener\"><strong>Instru\u00e7\u00e3o de Servi\u00e7o Prograd n\u00ba 002\/2008<br><\/strong><\/a>Disp\u00f5e sobre procedimentos referentes \u00e0 participa\u00e7\u00e3o de formandos na solenidade de formatura da Universidade Estadual de Londrina<\/p>\n\n\n\n<p><strong><a href=\"https:\/\/sites.uel.br\/prograd\/wp-content\/uploads\/documentos\/instrucoes_servico\/2008\/instrucao_servico_01_08.pdf\" target=\"_blank\" rel=\"noreferrer noopener\">Instru\u00e7\u00e3o de Servi\u00e7o Prograd n\u00ba 001\/2008<\/a><\/strong><br>Suspens\u00e3o das propostas de altera\u00e7\u00e3o dos Projetos Pedag\u00f3gicos para o ano letivo de 2008<\/p>\n","protected":false},"excerpt":{"rendered":"<p>PROGRAD 2008 Instru\u00e7\u00e3o de Servi\u00e7o Prograd n\u00ba 010\/2008Disp\u00f5e sobre procedimentos referentes \u00e0 concess\u00e3o de Certificados de Honra ao M\u00e9rito aos estudantes concluintes dos Cursos de Gradua\u00e7\u00e3o da UEL Instru\u00e7\u00e3o de Servi\u00e7o Prograd n\u00ba 009\/2008Disp\u00f5e sobre a devolu\u00e7\u00e3o de processos de diplomas registrados pela Divis\u00e3o Especial de Registro de Diplomas Instru\u00e7\u00e3o de Servi\u00e7o Prograd n\u00ba 008\/2008Estabelece [&hellip;]<\/p>\n","protected":false},"author":8,"featured_media":0,"parent":0,"menu_order":0,"comment_status":"closed","ping_status":"closed","template":"","meta":{"_acf_changed":false,"_themeisle_gutenberg_block_has_review":false,"footnotes":""},"class_list":["post-2263","page","type-page","status-publish","hentry"],"acf":[],"_links":{"self":[{"href":"https:\/\/sites.uel.br\/prograd\/wp-json\/wp\/v2\/pages\/2263","targetHints":{"allow":["GET"]}}],"collection":[{"href":"https:\/\/sites.uel.br\/prograd\/wp-json\/wp\/v2\/pages"}],"about":[{"href":"https:\/\/sites.uel.br\/prograd\/wp-json\/wp\/v2\/types\/page"}],"author":[{"embeddable":true,"href":"https:\/\/sites.uel.br\/prograd\/wp-json\/wp\/v2\/users\/8"}],"replies":[{"embeddable":true,"href":"https:\/\/sites.uel.br\/prograd\/wp-json\/wp\/v2\/comments?post=2263"}],"version-history":[{"count":10,"href":"https:\/\/sites.uel.br\/prograd\/wp-json\/wp\/v2\/pages\/2263\/revisions"}],"predecessor-version":[{"id":30228,"href":"https:\/\/sites.uel.br\/prograd\/wp-json\/wp\/v2\/pages\/2263\/revisions\/30228"}],"wp:attachment":[{"href":"https:\/\/sites.uel.br\/prograd\/wp-json\/wp\/v2\/media?parent=2263"}],"curies":[{"name":"wp","href":"https:\/\/api.w.org\/{rel}","templated":true}]}}