{"id":2242,"date":"2023-04-04T09:51:12","date_gmt":"2023-04-04T12:51:12","guid":{"rendered":"https:\/\/sites.uel.br\/prograd\/?page_id=2242"},"modified":"2025-12-22T10:46:41","modified_gmt":"2025-12-22T13:46:41","slug":"instrucoes-de-servico-prograd-proex-proppg","status":"publish","type":"page","link":"https:\/\/sites.uel.br\/prograd\/instrucoes-de-servico-prograd-proex-proppg\/","title":{"rendered":"Instru\u00e7\u00f5es de Servi\u00e7o"},"content":{"rendered":"\n<hr class=\"wp-block-separator has-alpha-channel-opacity is-style-wide\"\/>\n\n\n\n<h2 class=\"wp-block-heading\"><strong>Instru\u00e7\u00f5es de Servi\u00e7o (em conjunto com outros \u00f3rg\u00e3os\/setores da UEL)<\/strong><\/h2>\n\n\n\n<h3 class=\"wp-block-heading\">PROGRAD\/PROEX\/PROPPG<\/h3>\n\n\n\n<div style=\"height:20px\" aria-hidden=\"true\" class=\"wp-block-spacer\"><\/div>\n\n\n\n<p><strong>2025<\/strong><\/p>\n\n\n\n<p><strong><a href=\"https:\/\/sites.uel.br\/prograd\/wp-content\/uploads\/documentos\/instrucoes_servico\/2025\/instrucao_servico_prograd_proex_proppg_01_25.pdf\" target=\"_blank\" rel=\"noreferrer noopener\">Instru\u00e7\u00e3o de Servi\u00e7o Prograd\/Proex\/Proppg n\u00ba 01\/2025<\/a><\/strong><br>Estabelece orienta\u00e7\u00f5es e disciplina os arts. 4\u00ba e 5\u00ba da Resolu\u00e7\u00e3o C. A. n\u00ba 062\/2025 quanto ao seguro de vida e acidentes pessoais a participantes de programas ou projetos de pesquisa em ensino, pesquisa ou extens\u00e3o na condi\u00e7\u00e3o de colaboradores externos<\/p>\n\n\n\n<div style=\"height:20px\" aria-hidden=\"true\" class=\"wp-block-spacer\"><\/div>\n\n\n\n<p><strong>2018<\/strong><\/p>\n\n\n\n<p><strong><a href=\"https:\/\/sites.uel.br\/prograd\/wp-content\/uploads\/documentos\/instrucoes_servico\/2018\/instrucao_servico_prograd_proex_proppg_01_18.pdf\" target=\"_blank\" rel=\"noreferrer noopener\">Instru\u00e7\u00e3o de Servi\u00e7o Prograd\/Proex\/Proppg n\u00ba 01\/2018<\/a><\/strong><br>Padroniza\u00e7\u00e3o de procedimentos entre as Pr\u00f3-Reitorias Acad\u00eamicas (PROGRAD, PROEX e PROPPG) quanto \u00e0 participa\u00e7\u00e3o de estudantes bolsistas de inclus\u00e3o social em projetos\/programas por meio do Programa de Apoio a A\u00e7\u00f5es Afirmativas para Inclus\u00e3o Social &#8211; PIBIS 2018<\/p>\n","protected":false},"excerpt":{"rendered":"<p>Instru\u00e7\u00f5es de Servi\u00e7o (em conjunto com outros \u00f3rg\u00e3os\/setores da UEL) PROGRAD\/PROEX\/PROPPG 2025 Instru\u00e7\u00e3o de Servi\u00e7o Prograd\/Proex\/Proppg n\u00ba 01\/2025Estabelece orienta\u00e7\u00f5es e disciplina os arts. 4\u00ba e 5\u00ba da Resolu\u00e7\u00e3o C. A. n\u00ba 062\/2025 quanto ao seguro de vida e acidentes pessoais a participantes de programas ou projetos de pesquisa em ensino, pesquisa ou extens\u00e3o na condi\u00e7\u00e3o [&hellip;]<\/p>\n","protected":false},"author":8,"featured_media":0,"parent":0,"menu_order":0,"comment_status":"closed","ping_status":"closed","template":"","meta":{"_acf_changed":false,"_themeisle_gutenberg_block_has_review":false,"footnotes":""},"class_list":["post-2242","page","type-page","status-publish","hentry"],"acf":[],"_links":{"self":[{"href":"https:\/\/sites.uel.br\/prograd\/wp-json\/wp\/v2\/pages\/2242","targetHints":{"allow":["GET"]}}],"collection":[{"href":"https:\/\/sites.uel.br\/prograd\/wp-json\/wp\/v2\/pages"}],"about":[{"href":"https:\/\/sites.uel.br\/prograd\/wp-json\/wp\/v2\/types\/page"}],"author":[{"embeddable":true,"href":"https:\/\/sites.uel.br\/prograd\/wp-json\/wp\/v2\/users\/8"}],"replies":[{"embeddable":true,"href":"https:\/\/sites.uel.br\/prograd\/wp-json\/wp\/v2\/comments?post=2242"}],"version-history":[{"count":10,"href":"https:\/\/sites.uel.br\/prograd\/wp-json\/wp\/v2\/pages\/2242\/revisions"}],"predecessor-version":[{"id":36533,"href":"https:\/\/sites.uel.br\/prograd\/wp-json\/wp\/v2\/pages\/2242\/revisions\/36533"}],"wp:attachment":[{"href":"https:\/\/sites.uel.br\/prograd\/wp-json\/wp\/v2\/media?parent=2242"}],"curies":[{"name":"wp","href":"https:\/\/api.w.org\/{rel}","templated":true}]}}