{"id":2237,"date":"2023-04-04T09:45:58","date_gmt":"2023-04-04T12:45:58","guid":{"rendered":"https:\/\/sites.uel.br\/prograd\/?page_id=2237"},"modified":"2024-05-22T16:50:46","modified_gmt":"2024-05-22T19:50:46","slug":"instrucoes-de-servico","status":"publish","type":"page","link":"https:\/\/sites.uel.br\/prograd\/instrucoes-de-servico\/","title":{"rendered":"Instru\u00e7\u00f5es de Servi\u00e7o"},"content":{"rendered":"\n<hr class=\"wp-block-separator has-alpha-channel-opacity is-style-wide\"\/>\n\n\n\n<figure class=\"wp-block-table is-style-stripes\"><table class=\"has-cinza-claro-background-color has-background\"><tbody><tr><td class=\"has-text-align-center\" data-align=\"center\"><strong><a href=\"https:\/\/sites.uel.br\/prograd\/instrucoes-de-servico-prograd\/\">Instru\u00e7\u00f5es de Servi\u00e7o (Prograd)<\/a><\/strong><\/td><\/tr><\/tbody><\/table><\/figure>\n\n\n\n<figure class=\"wp-block-table is-style-stripes\"><table class=\"has-cinza-claro-background-color has-background\"><tbody><tr><td class=\"has-text-align-center\" data-align=\"center\"><strong><a href=\"https:\/\/sites.uel.br\/prograd\/instrucoes-de-servico-em-conjunto-com-outros-orgaos-setores-da-uel\/\">Instru\u00e7\u00f5es de Servi\u00e7o (em conjunto com outros \u00f3rg\u00e3os\/setores da UEL)<\/a><\/strong><\/td><\/tr><\/tbody><\/table><\/figure>\n","protected":false},"excerpt":{"rendered":"<p>Instru\u00e7\u00f5es de Servi\u00e7o (Prograd) Instru\u00e7\u00f5es de Servi\u00e7o (em conjunto com outros \u00f3rg\u00e3os\/setores da UEL)<\/p>\n","protected":false},"author":8,"featured_media":0,"parent":0,"menu_order":0,"comment_status":"closed","ping_status":"closed","template":"","meta":{"_acf_changed":false,"_themeisle_gutenberg_block_has_review":false,"footnotes":""},"class_list":["post-2237","page","type-page","status-publish","hentry"],"acf":[],"_links":{"self":[{"href":"https:\/\/sites.uel.br\/prograd\/wp-json\/wp\/v2\/pages\/2237","targetHints":{"allow":["GET"]}}],"collection":[{"href":"https:\/\/sites.uel.br\/prograd\/wp-json\/wp\/v2\/pages"}],"about":[{"href":"https:\/\/sites.uel.br\/prograd\/wp-json\/wp\/v2\/types\/page"}],"author":[{"embeddable":true,"href":"https:\/\/sites.uel.br\/prograd\/wp-json\/wp\/v2\/users\/8"}],"replies":[{"embeddable":true,"href":"https:\/\/sites.uel.br\/prograd\/wp-json\/wp\/v2\/comments?post=2237"}],"version-history":[{"count":12,"href":"https:\/\/sites.uel.br\/prograd\/wp-json\/wp\/v2\/pages\/2237\/revisions"}],"predecessor-version":[{"id":30162,"href":"https:\/\/sites.uel.br\/prograd\/wp-json\/wp\/v2\/pages\/2237\/revisions\/30162"}],"wp:attachment":[{"href":"https:\/\/sites.uel.br\/prograd\/wp-json\/wp\/v2\/media?parent=2237"}],"curies":[{"name":"wp","href":"https:\/\/api.w.org\/{rel}","templated":true}]}}