{"id":2233,"date":"2023-04-04T09:43:44","date_gmt":"2023-04-04T12:43:44","guid":{"rendered":"https:\/\/sites.uel.br\/prograd\/?page_id=2233"},"modified":"2023-09-28T11:25:05","modified_gmt":"2023-09-28T14:25:05","slug":"instrucoes-de-servico-em-conjunto-com-outros-orgaos-setores-da-uel","status":"publish","type":"page","link":"https:\/\/sites.uel.br\/prograd\/instrucoes-de-servico-em-conjunto-com-outros-orgaos-setores-da-uel\/","title":{"rendered":"Instru\u00e7\u00f5es de Servi\u00e7o"},"content":{"rendered":"\n<hr class=\"wp-block-separator has-alpha-channel-opacity is-style-wide\"\/>\n\n\n\n<h2 class=\"wp-block-heading\"><strong>Instru\u00e7\u00f5es de Servi\u00e7o (em conjunto com outros \u00f3rg\u00e3os\/setores da UEL)<\/strong><\/h2>\n\n\n\n<figure class=\"wp-block-table is-style-stripes\"><table class=\"has-cinza-claro-background-color has-background\"><tbody><tr><td class=\"has-text-align-center\" data-align=\"center\"><a href=\"http:\/\/www.uel.br\/prograd\/?content=documentos\/resolucoes\/2023\/resolucoes.html\"><\/a><strong><a href=\"https:\/\/sites.uel.br\/prograd\/instrucoes-de-servico-prograd-proex-proppg\/\">PROGRAD\/PROEX\/PROPPG<\/a><\/strong><\/td><\/tr><\/tbody><\/table><\/figure>\n","protected":false},"excerpt":{"rendered":"<p>Instru\u00e7\u00f5es de Servi\u00e7o (em conjunto com outros \u00f3rg\u00e3os\/setores da UEL) PROGRAD\/PROEX\/PROPPG<\/p>\n","protected":false},"author":8,"featured_media":0,"parent":0,"menu_order":0,"comment_status":"closed","ping_status":"closed","template":"","meta":{"_acf_changed":false,"_themeisle_gutenberg_block_has_review":false,"footnotes":""},"class_list":["post-2233","page","type-page","status-publish","hentry"],"acf":[],"_links":{"self":[{"href":"https:\/\/sites.uel.br\/prograd\/wp-json\/wp\/v2\/pages\/2233","targetHints":{"allow":["GET"]}}],"collection":[{"href":"https:\/\/sites.uel.br\/prograd\/wp-json\/wp\/v2\/pages"}],"about":[{"href":"https:\/\/sites.uel.br\/prograd\/wp-json\/wp\/v2\/types\/page"}],"author":[{"embeddable":true,"href":"https:\/\/sites.uel.br\/prograd\/wp-json\/wp\/v2\/users\/8"}],"replies":[{"embeddable":true,"href":"https:\/\/sites.uel.br\/prograd\/wp-json\/wp\/v2\/comments?post=2233"}],"version-history":[{"count":9,"href":"https:\/\/sites.uel.br\/prograd\/wp-json\/wp\/v2\/pages\/2233\/revisions"}],"predecessor-version":[{"id":13117,"href":"https:\/\/sites.uel.br\/prograd\/wp-json\/wp\/v2\/pages\/2233\/revisions\/13117"}],"wp:attachment":[{"href":"https:\/\/sites.uel.br\/prograd\/wp-json\/wp\/v2\/media?parent=2233"}],"curies":[{"name":"wp","href":"https:\/\/api.w.org\/{rel}","templated":true}]}}