{"id":2231,"date":"2023-04-04T09:42:32","date_gmt":"2023-04-04T12:42:32","guid":{"rendered":"https:\/\/sites.uel.br\/prograd\/?page_id=2231"},"modified":"2024-05-23T14:37:35","modified_gmt":"2024-05-23T17:37:35","slug":"instrucoes-de-servico-2006","status":"publish","type":"page","link":"https:\/\/sites.uel.br\/prograd\/instrucoes-de-servico-2006\/","title":{"rendered":"Instru\u00e7\u00f5es de Servi\u00e7o"},"content":{"rendered":"\n<hr class=\"wp-block-separator has-alpha-channel-opacity is-style-wide\"\/>\n\n\n\n<h2 class=\"wp-block-heading\">PROGRAD<\/h2>\n\n\n\n<h4 class=\"wp-block-heading\">2006<\/h4>\n\n\n\n<div style=\"height:20px\" aria-hidden=\"true\" class=\"wp-block-spacer\"><\/div>\n\n\n\n<p><strong><a href=\"https:\/\/sites.uel.br\/prograd\/wp-content\/uploads\/documentos\/instrucoes_servico\/2006\/instrucao_servico_09_06.pdf\" target=\"_blank\" rel=\"noreferrer noopener\">Instru\u00e7\u00e3o de Servi\u00e7o Prograd n\u00ba 009\/2006<\/a><\/strong><br>Estabelece procedimentos quanto ao Est\u00e1gio Curricular Obrigat\u00f3rio e N\u00e3o Obrigat\u00f3rio<\/p>\n\n\n\n<p><strong><a href=\"https:\/\/sites.uel.br\/prograd\/wp-content\/uploads\/documentos\/instrucoes_servico\/2006\/instrucao_servico_04_06.pdf\" target=\"_blank\" rel=\"noreferrer noopener\">Instru\u00e7\u00e3o de Servi\u00e7o Prograd n\u00ba 004\/2006<\/a><\/strong><br>Estabelece procedimentos relativos \u00e0 entrega de diplomas de curso superior mediante instrumento de mandato<\/p>\n","protected":false},"excerpt":{"rendered":"<p>PROGRAD 2006 Instru\u00e7\u00e3o de Servi\u00e7o Prograd n\u00ba 009\/2006Estabelece procedimentos quanto ao Est\u00e1gio Curricular Obrigat\u00f3rio e N\u00e3o Obrigat\u00f3rio Instru\u00e7\u00e3o de Servi\u00e7o Prograd n\u00ba 004\/2006Estabelece procedimentos relativos \u00e0 entrega de diplomas de curso superior mediante instrumento de mandato<\/p>\n","protected":false},"author":8,"featured_media":0,"parent":0,"menu_order":0,"comment_status":"closed","ping_status":"closed","template":"","meta":{"_acf_changed":false,"_themeisle_gutenberg_block_has_review":false,"footnotes":""},"class_list":["post-2231","page","type-page","status-publish","hentry"],"acf":[],"_links":{"self":[{"href":"https:\/\/sites.uel.br\/prograd\/wp-json\/wp\/v2\/pages\/2231","targetHints":{"allow":["GET"]}}],"collection":[{"href":"https:\/\/sites.uel.br\/prograd\/wp-json\/wp\/v2\/pages"}],"about":[{"href":"https:\/\/sites.uel.br\/prograd\/wp-json\/wp\/v2\/types\/page"}],"author":[{"embeddable":true,"href":"https:\/\/sites.uel.br\/prograd\/wp-json\/wp\/v2\/users\/8"}],"replies":[{"embeddable":true,"href":"https:\/\/sites.uel.br\/prograd\/wp-json\/wp\/v2\/comments?post=2231"}],"version-history":[{"count":9,"href":"https:\/\/sites.uel.br\/prograd\/wp-json\/wp\/v2\/pages\/2231\/revisions"}],"predecessor-version":[{"id":30226,"href":"https:\/\/sites.uel.br\/prograd\/wp-json\/wp\/v2\/pages\/2231\/revisions\/30226"}],"wp:attachment":[{"href":"https:\/\/sites.uel.br\/prograd\/wp-json\/wp\/v2\/media?parent=2231"}],"curies":[{"name":"wp","href":"https:\/\/api.w.org\/{rel}","templated":true}]}}