{"id":2229,"date":"2023-04-04T09:42:11","date_gmt":"2023-04-04T12:42:11","guid":{"rendered":"https:\/\/sites.uel.br\/prograd\/?page_id=2229"},"modified":"2024-05-23T14:37:39","modified_gmt":"2024-05-23T17:37:39","slug":"instrucoes-de-servico-2007","status":"publish","type":"page","link":"https:\/\/sites.uel.br\/prograd\/instrucoes-de-servico-2007\/","title":{"rendered":"Instru\u00e7\u00f5es de Servi\u00e7o"},"content":{"rendered":"\n<hr class=\"wp-block-separator has-alpha-channel-opacity is-style-wide\"\/>\n\n\n\n<h2 class=\"wp-block-heading\">PROGRAD<\/h2>\n\n\n\n<h4 class=\"wp-block-heading\">2007<\/h4>\n\n\n\n<div style=\"height:20px\" aria-hidden=\"true\" class=\"wp-block-spacer\"><\/div>\n\n\n\n<p><strong><a href=\"https:\/\/sites.uel.br\/prograd\/wp-content\/uploads\/documentos\/instrucoes_servico\/2007\/instrucao_servico_09_07.pdf\" target=\"_blank\" rel=\"noreferrer noopener\">Instru\u00e7\u00e3o de Servi\u00e7o Prograd n\u00ba 009\/2007<br><\/a><\/strong>Estabelece procedimentos para realiza\u00e7\u00e3o de bloqueio de acesso, por meio eletr\u00f4nico, ao Rendimento Escolar<\/p>\n\n\n\n<p><strong><a href=\"https:\/\/sites.uel.br\/prograd\/wp-content\/uploads\/documentos\/instrucoes_servico\/2007\/instrucao_servico_08_07.pdf\" target=\"_blank\" rel=\"noreferrer noopener\">Instru\u00e7\u00e3o de Servi\u00e7o Prograd n\u00ba 008\/2007<\/a><\/strong><br>Estabelece procedimentos quanto \u00e0 emiss\u00e3o de Certificados para Orientadores de Campo de Est\u00e1gio Curricular Obrigat\u00f3rio e n\u00e3o Obrigat\u00f3rio<\/p>\n\n\n\n<p><a href=\"https:\/\/sites.uel.br\/prograd\/wp-content\/uploads\/documentos\/instrucoes_servico\/2007\/instrucao_servico_07_07.pdf\" target=\"_blank\" rel=\"noreferrer noopener\"><strong>Instru\u00e7\u00e3o de Servi\u00e7o Prograd n\u00ba 007\/2007<br><\/strong><\/a>Estabelece procedimentos relativos \u00e0 inscri\u00e7\u00e3o e matr\u00edcula de ingressantes nos cursos de gradua\u00e7\u00e3o da UEL, mediante o Processo Seletivo de Transfer\u00eancia Externa referente ao ano letivo de 2008<\/p>\n\n\n\n<p><a href=\"https:\/\/sites.uel.br\/prograd\/wp-content\/uploads\/documentos\/instrucoes_servico\/2007\/instrucao_servico_06_07.pdf\" target=\"_blank\" rel=\"noreferrer noopener\"><strong>Instru\u00e7\u00e3o de Servi\u00e7o Prograd n\u00ba 006\/2007<\/strong><\/a><br>Disp\u00f5e sobre a publicidade dos atos normativos emanados da Pr\u00f3-Reitoria de Gradua\u00e7\u00e3o<\/p>\n\n\n\n<p><a href=\"https:\/\/sites.uel.br\/prograd\/wp-content\/uploads\/documentos\/instrucoes_servico\/2007\/instrucao_servico_05_07.pdf\" target=\"_blank\" rel=\"noreferrer noopener\"><strong>Instru\u00e7\u00e3o de Servi\u00e7o Prograd n\u00ba 005\/2007<\/strong><\/a><br>Estabelece procedimentos quanto ao Est\u00e1gio Curricular Obrigat\u00f3rio<\/p>\n\n\n\n<p><a href=\"https:\/\/sites.uel.br\/prograd\/wp-content\/uploads\/documentos\/instrucoes_servico\/2007\/instrucao_servico_04_07.pdf\" target=\"_blank\" rel=\"noreferrer noopener\"><strong>Instru\u00e7\u00e3o de Servi\u00e7o Prograd n\u00ba 004\/2007<\/strong><\/a><br>Estabelece procedimentos relativos \u00e0 tramita\u00e7\u00e3o dos processos de reestrutura\u00e7\u00e3o ou adequa\u00e7\u00e3o dos Projetos Pedag\u00f3gicos dos Cursos de Gradua\u00e7\u00e3o, para implanta\u00e7\u00e3o no ano letivo de 2008<\/p>\n\n\n\n<p><a href=\"https:\/\/sites.uel.br\/prograd\/wp-content\/uploads\/documentos\/instrucoes_servico\/2007\/instrucao_servico_03_07.pdf\" target=\"_blank\" rel=\"noreferrer noopener\"><strong>Instru\u00e7\u00e3o de Servi\u00e7o Prograd n\u00ba 003\/2007<\/strong><\/a><br>Disp\u00f5e sobre a devolu\u00e7\u00e3o dos processos dos diplomas registrados pela Divis\u00e3o Especial de Registro de Diplomas \u2013 DERD<\/p>\n\n\n\n<p><strong><a href=\"https:\/\/sites.uel.br\/prograd\/wp-content\/uploads\/documentos\/instrucoes_servico\/2007\/instrucao_servico_02_07.pdf\" target=\"_blank\" rel=\"noreferrer noopener\">Instru\u00e7\u00e3o de Servi\u00e7o Prograd n\u00ba 002\/2007<\/a><\/strong><br>Estabelece procedimentos relativos ao registro de diplomas de Mestrado e Doutorado, expedidos pela Pr\u00f3-Reitoria de Pesquisa e P\u00f3s-Gradua\u00e7\u00e3o \u2013 PROPPG<\/p>\n\n\n\n<p><strong><a href=\"https:\/\/sites.uel.br\/prograd\/wp-content\/uploads\/documentos\/instrucoes_servico\/2007\/instrucao_servico_proex_proppg_prograd_01_07.pdf\" target=\"_blank\" rel=\"noreferrer noopener\">Instru\u00e7\u00e3o de Servi\u00e7o Proex\/Proppg\/Prograd n\u00ba 001\/2007<\/a><\/strong><br>Disp\u00f5e sobre os procedimentos para tramita\u00e7\u00e3o, cadastro e acompanhamento de Projetos Integrados nas Pr\u00f3-Reitorias<\/p>\n\n\n\n<p><a href=\"https:\/\/sites.uel.br\/prograd\/wp-content\/uploads\/documentos\/instrucoes_servico\/2007\/instrucao_servico_01_07.pdf\" target=\"_blank\" rel=\"noreferrer noopener\"><strong>Instru\u00e7\u00e3o de Servi\u00e7o Prograd n\u00ba 001\/2007<\/strong><\/a><br>Estabelece procedimentos para a expedi\u00e7\u00e3o e registro de segunda ou mais vias de diploma de Curso de Gradua\u00e7\u00e3o da Universidade Estadual de Londrina<\/p>\n","protected":false},"excerpt":{"rendered":"<p>PROGRAD 2007 Instru\u00e7\u00e3o de Servi\u00e7o Prograd n\u00ba 009\/2007Estabelece procedimentos para realiza\u00e7\u00e3o de bloqueio de acesso, por meio eletr\u00f4nico, ao Rendimento Escolar Instru\u00e7\u00e3o de Servi\u00e7o Prograd n\u00ba 008\/2007Estabelece procedimentos quanto \u00e0 emiss\u00e3o de Certificados para Orientadores de Campo de Est\u00e1gio Curricular Obrigat\u00f3rio e n\u00e3o Obrigat\u00f3rio Instru\u00e7\u00e3o de Servi\u00e7o Prograd n\u00ba 007\/2007Estabelece procedimentos relativos \u00e0 inscri\u00e7\u00e3o e [&hellip;]<\/p>\n","protected":false},"author":8,"featured_media":0,"parent":0,"menu_order":0,"comment_status":"closed","ping_status":"closed","template":"","meta":{"_acf_changed":false,"_themeisle_gutenberg_block_has_review":false,"footnotes":""},"class_list":["post-2229","page","type-page","status-publish","hentry"],"acf":[],"_links":{"self":[{"href":"https:\/\/sites.uel.br\/prograd\/wp-json\/wp\/v2\/pages\/2229","targetHints":{"allow":["GET"]}}],"collection":[{"href":"https:\/\/sites.uel.br\/prograd\/wp-json\/wp\/v2\/pages"}],"about":[{"href":"https:\/\/sites.uel.br\/prograd\/wp-json\/wp\/v2\/types\/page"}],"author":[{"embeddable":true,"href":"https:\/\/sites.uel.br\/prograd\/wp-json\/wp\/v2\/users\/8"}],"replies":[{"embeddable":true,"href":"https:\/\/sites.uel.br\/prograd\/wp-json\/wp\/v2\/comments?post=2229"}],"version-history":[{"count":10,"href":"https:\/\/sites.uel.br\/prograd\/wp-json\/wp\/v2\/pages\/2229\/revisions"}],"predecessor-version":[{"id":30227,"href":"https:\/\/sites.uel.br\/prograd\/wp-json\/wp\/v2\/pages\/2229\/revisions\/30227"}],"wp:attachment":[{"href":"https:\/\/sites.uel.br\/prograd\/wp-json\/wp\/v2\/media?parent=2229"}],"curies":[{"name":"wp","href":"https:\/\/api.w.org\/{rel}","templated":true}]}}