{"id":2227,"date":"2023-04-04T09:41:53","date_gmt":"2023-04-04T12:41:53","guid":{"rendered":"https:\/\/sites.uel.br\/prograd\/?page_id=2227"},"modified":"2024-05-23T14:37:48","modified_gmt":"2024-05-23T17:37:48","slug":"instrucoes-de-servico-2009","status":"publish","type":"page","link":"https:\/\/sites.uel.br\/prograd\/instrucoes-de-servico-2009\/","title":{"rendered":"Instru\u00e7\u00f5es de Servi\u00e7o"},"content":{"rendered":"\n<hr class=\"wp-block-separator has-alpha-channel-opacity is-style-wide\"\/>\n\n\n\n<h2 class=\"wp-block-heading\">PROGRAD<\/h2>\n\n\n\n<h4 class=\"wp-block-heading\">2009<\/h4>\n\n\n\n<div style=\"height:20px\" aria-hidden=\"true\" class=\"wp-block-spacer\"><\/div>\n\n\n\n<p><strong><a href=\"https:\/\/sites.uel.br\/prograd\/wp-content\/uploads\/documentos\/instrucoes_servico\/2009\/instrucao_servico_06_09.pdf\" target=\"_blank\" rel=\"noreferrer noopener\">Instru\u00e7\u00e3o de Servi\u00e7o Prograd n\u00ba 006\/2009<\/a><\/strong><br>Estabelece procedimentos para realiza\u00e7\u00e3o de bloqueio de acesso, por meio eletr\u00f4nico, ao Rendimento Escolar<\/p>\n\n\n\n<p><strong><a href=\"https:\/\/sites.uel.br\/prograd\/wp-content\/uploads\/documentos\/instrucoes_servico\/2009\/instrucao_servico_04_09.pdf\" target=\"_blank\" rel=\"noreferrer noopener\">Instru\u00e7\u00e3o de Servi\u00e7o Prograd n\u00ba 004\/2009<\/a><\/strong><br>Disp\u00f5e sobre procedimentos para o atendimento de solicita\u00e7\u00f5es formuladas em l\u00edngua estrangeira para o fornecimento de informa\u00e7\u00f5es, procedimentos ou documentos acad\u00eamicos na UEL<\/p>\n\n\n\n<p><strong><a href=\"https:\/\/sites.uel.br\/prograd\/wp-content\/uploads\/documentos\/instrucoes_servico\/2009\/instrucao_servico_03_09.pdf\" target=\"_blank\" rel=\"noreferrer noopener\">Instru\u00e7\u00e3o de Servi\u00e7o Prograd n\u00ba 003\/2009<\/a><\/strong><br>Disp\u00f5e sobre o cumprimento de carga hor\u00e1ria de Atividades Acad\u00eamicas Complementares<\/p>\n\n\n\n<p><strong><a href=\"https:\/\/sites.uel.br\/prograd\/wp-content\/uploads\/documentos\/instrucoes_servico\/2009\/instrucao_servico_02_09.pdf\" target=\"_blank\" rel=\"noreferrer noopener\">Instru\u00e7\u00e3o de Servi\u00e7o Prograd n\u00ba 002\/2009<\/a><\/strong>&nbsp;*<br>Estabelece procedimentos relativos \u00e0 tramita\u00e7\u00e3o dos processos de cria\u00e7\u00e3o, reformula\u00e7\u00e3o ou adequa\u00e7\u00e3o curricular dos Projetos Pedag\u00f3gicos dos Cursos de Gradua\u00e7\u00e3o para implanta\u00e7\u00e3o no ano letivo de 2010<br><br>*&nbsp;Ver&nbsp;<a href=\"https:\/\/sites.uel.br\/prograd\/wp-content\/uploads\/documentos\/instrucoes_servico\/2009\/oficio_circ_prograd_025_09.pdf\" target=\"_blank\" rel=\"noreferrer noopener\">OF. CIRC.PROGRAD N\u00ba 25\/09<\/a>:&nbsp;Prorroga\u00e7\u00e3o do prazo de entrega das reformula\u00e7\u00f5es dos Projetos Pedag\u00f3gicos dos Cursos de Gradua\u00e7\u00e3o de 30 de junho para&nbsp;<strong>at\u00e9 31 de julho<\/strong><\/p>\n\n\n\n<p><strong><a href=\"https:\/\/sites.uel.br\/prograd\/wp-content\/uploads\/documentos\/instrucoes_servico\/2009\/instrucao_servico_01_09.pdf\" target=\"_blank\" rel=\"noreferrer noopener\">Instru\u00e7\u00e3o de Servi\u00e7o Prograd n\u00ba 001\/2009<\/a><\/strong><br>Estabelece procedimentos relativos \u00e0 Pr\u00e9-Matr\u00edcula e Matr\u00edcula para a efetiva\u00e7\u00e3o de matr\u00edcula de ingressantes nos Cursos de Gradua\u00e7\u00e3o da UEL por meio de Processo Seletivo Vestibular<\/p>\n","protected":false},"excerpt":{"rendered":"<p>PROGRAD 2009 Instru\u00e7\u00e3o de Servi\u00e7o Prograd n\u00ba 006\/2009Estabelece procedimentos para realiza\u00e7\u00e3o de bloqueio de acesso, por meio eletr\u00f4nico, ao Rendimento Escolar Instru\u00e7\u00e3o de Servi\u00e7o Prograd n\u00ba 004\/2009Disp\u00f5e sobre procedimentos para o atendimento de solicita\u00e7\u00f5es formuladas em l\u00edngua estrangeira para o fornecimento de informa\u00e7\u00f5es, procedimentos ou documentos acad\u00eamicos na UEL Instru\u00e7\u00e3o de Servi\u00e7o Prograd n\u00ba 003\/2009Disp\u00f5e [&hellip;]<\/p>\n","protected":false},"author":8,"featured_media":0,"parent":0,"menu_order":0,"comment_status":"closed","ping_status":"closed","template":"","meta":{"_acf_changed":false,"_themeisle_gutenberg_block_has_review":false,"footnotes":""},"class_list":["post-2227","page","type-page","status-publish","hentry"],"acf":[],"_links":{"self":[{"href":"https:\/\/sites.uel.br\/prograd\/wp-json\/wp\/v2\/pages\/2227","targetHints":{"allow":["GET"]}}],"collection":[{"href":"https:\/\/sites.uel.br\/prograd\/wp-json\/wp\/v2\/pages"}],"about":[{"href":"https:\/\/sites.uel.br\/prograd\/wp-json\/wp\/v2\/types\/page"}],"author":[{"embeddable":true,"href":"https:\/\/sites.uel.br\/prograd\/wp-json\/wp\/v2\/users\/8"}],"replies":[{"embeddable":true,"href":"https:\/\/sites.uel.br\/prograd\/wp-json\/wp\/v2\/comments?post=2227"}],"version-history":[{"count":11,"href":"https:\/\/sites.uel.br\/prograd\/wp-json\/wp\/v2\/pages\/2227\/revisions"}],"predecessor-version":[{"id":30229,"href":"https:\/\/sites.uel.br\/prograd\/wp-json\/wp\/v2\/pages\/2227\/revisions\/30229"}],"wp:attachment":[{"href":"https:\/\/sites.uel.br\/prograd\/wp-json\/wp\/v2\/media?parent=2227"}],"curies":[{"name":"wp","href":"https:\/\/api.w.org\/{rel}","templated":true}]}}