{"id":2223,"date":"2023-04-04T09:41:17","date_gmt":"2023-04-04T12:41:17","guid":{"rendered":"https:\/\/sites.uel.br\/prograd\/?page_id=2223"},"modified":"2024-05-23T14:37:57","modified_gmt":"2024-05-23T17:37:57","slug":"instrucoes-de-servico-2011","status":"publish","type":"page","link":"https:\/\/sites.uel.br\/prograd\/instrucoes-de-servico-2011\/","title":{"rendered":"Instru\u00e7\u00f5es de Servi\u00e7o"},"content":{"rendered":"\n<hr class=\"wp-block-separator has-alpha-channel-opacity is-style-wide\"\/>\n\n\n\n<h2 class=\"wp-block-heading\">PROGRAD<\/h2>\n\n\n\n<h4 class=\"wp-block-heading\">2011<\/h4>\n\n\n\n<div style=\"height:20px\" aria-hidden=\"true\" class=\"wp-block-spacer\"><\/div>\n\n\n\n<p><strong><a href=\"https:\/\/sites.uel.br\/prograd\/wp-content\/uploads\/documentos\/instrucoes_servico\/2011\/instrucao_servico_08_11.pdf\" target=\"_blank\" rel=\"noreferrer noopener\">Instru\u00e7\u00e3o de Servi\u00e7o n\u00ba 08\/2011<\/a><\/strong><br>Estabelece procedimentos relativos \u00e0 tramita\u00e7\u00e3o dos processos de proposi\u00e7\u00e3o, implanta\u00e7\u00e3o e altera\u00e7\u00e3o de Projetos Pedag\u00f3gicos de Cursos de Gradua\u00e7\u00e3o para o ano letivo de 2012<\/p>\n\n\n\n<p><strong><a href=\"https:\/\/sites.uel.br\/prograd\/wp-content\/uploads\/documentos\/instrucoes_servico\/2011\/instrucao_servico_07_11.pdf\" target=\"_blank\" rel=\"noreferrer noopener\">Instru\u00e7\u00e3o de Servi\u00e7o n\u00ba 07\/2011<\/a><\/strong><br>Estabelece procedimentos para a outorga de premia\u00e7\u00e3o a estudantes e organiza\u00e7\u00f5es externas \u00e0 Universidade Estadual de Londrina<\/p>\n\n\n\n<p><strong><a href=\"https:\/\/sites.uel.br\/prograd\/wp-content\/uploads\/documentos\/instrucoes_servico\/2011\/instrucao_servico_06_11.pdf\" target=\"_blank\" rel=\"noreferrer noopener\">Instru\u00e7\u00e3o de Servi\u00e7o n\u00ba 06\/2011<\/a><\/strong><br>Estabelece procedimentos para a oferta de atividades acad\u00eamicas na modalidade semipresencial para os Cursos de Gradua\u00e7\u00e3o na UEL<\/p>\n\n\n\n<p><strong><a href=\"https:\/\/sites.uel.br\/prograd\/wp-content\/uploads\/documentos\/instrucoes_servico\/2011\/instrucao_servico_05_11.pdf\" target=\"_blank\" rel=\"noreferrer noopener\">Instru\u00e7\u00e3o de Servi\u00e7o n\u00ba 05\/2011<\/a><\/strong><br>Estabelece procedimentos para a revalida\u00e7\u00e3o de diplomas de Cursos de Gradua\u00e7\u00e3o expedidos por estabelecimentos estrangeiros de ensino superior na UEL<\/p>\n\n\n\n<p><strong><a href=\"https:\/\/sites.uel.br\/prograd\/wp-content\/uploads\/documentos\/instrucoes_servico\/2011\/instrucao_servico_03_11.pdf\" target=\"_blank\" rel=\"noreferrer noopener\">Instru\u00e7\u00e3o de Servi\u00e7o n\u00ba 03\/2011<\/a><\/strong><br>Estabelece procedimentos para aproveitamento de estudos para estudante matriculado no curso de primeira licenciatura em Pedagogia\/PARFOR<\/p>\n\n\n\n<p><strong><a href=\"https:\/\/sites.uel.br\/prograd\/wp-content\/uploads\/documentos\/instrucoes_servico\/2011\/instrucao_servico_01_11.pdf\" target=\"_blank\" rel=\"noreferrer noopener\">Instru\u00e7\u00e3o de Servi\u00e7o Prograd n\u00ba 002\/2011<\/a><\/strong><br>Disp\u00f5e sobre os procedimentos de envio de informa\u00e7\u00f5es dos setores da Pr\u00f3-Reitoria de Gradua\u00e7\u00e3o ao Espa\u00e7o &#8220;Informa Estudantes&#8221; do Portal do Estudante da Gradua\u00e7\u00e3o<\/p>\n\n\n\n<p><strong><a href=\"https:\/\/sites.uel.br\/prograd\/wp-content\/uploads\/documentos\/instrucoes_servico\/2011\/instrucao_servico_proppg_proex_01_11.pdf\" target=\"_blank\" rel=\"noreferrer noopener\">Instru\u00e7\u00e3o de Servi\u00e7o Prograd\/Proppg\/Proex n\u00ba 001\/2011<\/a><\/strong><br>Padroniza\u00e7\u00e3o de formul\u00e1rios adotados pela Pr\u00f3-Reitoria de Gradua\u00e7\u00e3o, Pr\u00f3-Reitoria de Extens\u00e3o e Pr\u00f3-Reitoria de Pesquisa e P\u00f3s-Gradua\u00e7\u00e3o, visando facilitar a Inscri\u00e7\u00e3o, o Relat\u00f3rio Final de estudantes nos projetos\/programas de forma\u00e7\u00e3o complementar, bem como o aproveitamento da participa\u00e7\u00e3o para fins de Atividade Acad\u00eamica Complementar<\/p>\n\n\n\n<p><strong><a href=\"https:\/\/sites.uel.br\/prograd\/wp-content\/uploads\/documentos\/instrucoes_servico\/2011\/instrucao_servico_01_11.pdf\" target=\"_blank\" rel=\"noreferrer noopener\">Instru\u00e7\u00e3o de Servi\u00e7o Prograd n\u00ba 001\/2011<\/a><\/strong><br>Estabelece procedimentos relativos \u00e0 tramita\u00e7\u00e3o dos processos de proposi\u00e7\u00e3o, implanta\u00e7\u00e3o e altera\u00e7\u00e3o de Projetos Pedag\u00f3gicos de Cursos de Gradua\u00e7\u00e3o a vigorar a partir do ano letivo de 2012<\/p>\n","protected":false},"excerpt":{"rendered":"<p>PROGRAD 2011 Instru\u00e7\u00e3o de Servi\u00e7o n\u00ba 08\/2011Estabelece procedimentos relativos \u00e0 tramita\u00e7\u00e3o dos processos de proposi\u00e7\u00e3o, implanta\u00e7\u00e3o e altera\u00e7\u00e3o de Projetos Pedag\u00f3gicos de Cursos de Gradua\u00e7\u00e3o para o ano letivo de 2012 Instru\u00e7\u00e3o de Servi\u00e7o n\u00ba 07\/2011Estabelece procedimentos para a outorga de premia\u00e7\u00e3o a estudantes e organiza\u00e7\u00f5es externas \u00e0 Universidade Estadual de Londrina Instru\u00e7\u00e3o de Servi\u00e7o [&hellip;]<\/p>\n","protected":false},"author":8,"featured_media":0,"parent":0,"menu_order":0,"comment_status":"closed","ping_status":"closed","template":"","meta":{"_acf_changed":false,"_themeisle_gutenberg_block_has_review":false,"footnotes":""},"class_list":["post-2223","page","type-page","status-publish","hentry"],"acf":[],"_links":{"self":[{"href":"https:\/\/sites.uel.br\/prograd\/wp-json\/wp\/v2\/pages\/2223","targetHints":{"allow":["GET"]}}],"collection":[{"href":"https:\/\/sites.uel.br\/prograd\/wp-json\/wp\/v2\/pages"}],"about":[{"href":"https:\/\/sites.uel.br\/prograd\/wp-json\/wp\/v2\/types\/page"}],"author":[{"embeddable":true,"href":"https:\/\/sites.uel.br\/prograd\/wp-json\/wp\/v2\/users\/8"}],"replies":[{"embeddable":true,"href":"https:\/\/sites.uel.br\/prograd\/wp-json\/wp\/v2\/comments?post=2223"}],"version-history":[{"count":10,"href":"https:\/\/sites.uel.br\/prograd\/wp-json\/wp\/v2\/pages\/2223\/revisions"}],"predecessor-version":[{"id":30231,"href":"https:\/\/sites.uel.br\/prograd\/wp-json\/wp\/v2\/pages\/2223\/revisions\/30231"}],"wp:attachment":[{"href":"https:\/\/sites.uel.br\/prograd\/wp-json\/wp\/v2\/media?parent=2223"}],"curies":[{"name":"wp","href":"https:\/\/api.w.org\/{rel}","templated":true}]}}