{"id":2219,"date":"2023-04-04T09:40:47","date_gmt":"2023-04-04T12:40:47","guid":{"rendered":"https:\/\/sites.uel.br\/prograd\/?page_id=2219"},"modified":"2024-05-23T14:38:05","modified_gmt":"2024-05-23T17:38:05","slug":"instrucoes-de-servico-2013","status":"publish","type":"page","link":"https:\/\/sites.uel.br\/prograd\/instrucoes-de-servico-2013\/","title":{"rendered":"Instru\u00e7\u00f5es de Servi\u00e7o"},"content":{"rendered":"\n<hr class=\"wp-block-separator has-alpha-channel-opacity is-style-wide\"\/>\n\n\n\n<h2 class=\"wp-block-heading\">PROGRAD<\/h2>\n\n\n\n<h4 class=\"wp-block-heading\">2013<\/h4>\n\n\n\n<div style=\"height:20px\" aria-hidden=\"true\" class=\"wp-block-spacer\"><\/div>\n\n\n\n<p><strong><a href=\"https:\/\/sites.uel.br\/prograd\/wp-content\/uploads\/documentos\/instrucoes_servico\/2013\/instrucao_servico_03_13.pdf\" target=\"_blank\" rel=\"noreferrer noopener\">Instru\u00e7\u00e3o de Servi\u00e7o Prograd n\u00ba 003\/2013<\/a><\/strong><br>Estabelece procedimentos e prazos relativos \u00e0 tramita\u00e7\u00e3o dos processos de adequa\u00e7\u00e3o, reformula\u00e7\u00e3o ou cria\u00e7\u00e3o de Projetos Pedag\u00f3gicos dos Cursos de Gradua\u00e7\u00e3o<\/p>\n\n\n\n<p><strong><a href=\"https:\/\/sites.uel.br\/prograd\/wp-content\/uploads\/documentos\/instrucoes_servico\/2013\/instrucao_servico_02_13.pdf\" target=\"_blank\" rel=\"noreferrer noopener\">Instru\u00e7\u00e3o de Servi\u00e7o Prograd n\u00ba 002\/2013<\/a><\/strong><br>Estabelece os procedimentos referentes \u00e0 contrata\u00e7\u00e3o de seguros de vida e de acidentes pessoais aos docentes e estudantes da UEL e de outras institui\u00e7\u00f5es que realizam est\u00e1gio nesta Institui\u00e7\u00e3o<\/p>\n\n\n\n<p><strong><a href=\"https:\/\/sites.uel.br\/prograd\/wp-content\/uploads\/documentos\/instrucoes_servico\/2013\/instrucao_servico_01_13.pdf\" target=\"_blank\" rel=\"noreferrer noopener\">Instru\u00e7\u00e3o de Servi\u00e7o Prograd n\u00ba 001\/2013<\/a><\/strong><br>Estabelece procedimentos relativos \u00e0 tramita\u00e7\u00e3o dos processos de proposi\u00e7\u00e3o, implanta\u00e7\u00e3o e altera\u00e7\u00e3o de Projetos Pedag\u00f3gicos dos Cursos de Gradua\u00e7\u00e3o, para o ano letivo de 2014<\/p>\n","protected":false},"excerpt":{"rendered":"<p>PROGRAD 2013 Instru\u00e7\u00e3o de Servi\u00e7o Prograd n\u00ba 003\/2013Estabelece procedimentos e prazos relativos \u00e0 tramita\u00e7\u00e3o dos processos de adequa\u00e7\u00e3o, reformula\u00e7\u00e3o ou cria\u00e7\u00e3o de Projetos Pedag\u00f3gicos dos Cursos de Gradua\u00e7\u00e3o Instru\u00e7\u00e3o de Servi\u00e7o Prograd n\u00ba 002\/2013Estabelece os procedimentos referentes \u00e0 contrata\u00e7\u00e3o de seguros de vida e de acidentes pessoais aos docentes e estudantes da UEL e de [&hellip;]<\/p>\n","protected":false},"author":8,"featured_media":0,"parent":0,"menu_order":0,"comment_status":"closed","ping_status":"closed","template":"","meta":{"_acf_changed":false,"_themeisle_gutenberg_block_has_review":false,"footnotes":""},"class_list":["post-2219","page","type-page","status-publish","hentry"],"acf":[],"_links":{"self":[{"href":"https:\/\/sites.uel.br\/prograd\/wp-json\/wp\/v2\/pages\/2219","targetHints":{"allow":["GET"]}}],"collection":[{"href":"https:\/\/sites.uel.br\/prograd\/wp-json\/wp\/v2\/pages"}],"about":[{"href":"https:\/\/sites.uel.br\/prograd\/wp-json\/wp\/v2\/types\/page"}],"author":[{"embeddable":true,"href":"https:\/\/sites.uel.br\/prograd\/wp-json\/wp\/v2\/users\/8"}],"replies":[{"embeddable":true,"href":"https:\/\/sites.uel.br\/prograd\/wp-json\/wp\/v2\/comments?post=2219"}],"version-history":[{"count":10,"href":"https:\/\/sites.uel.br\/prograd\/wp-json\/wp\/v2\/pages\/2219\/revisions"}],"predecessor-version":[{"id":30233,"href":"https:\/\/sites.uel.br\/prograd\/wp-json\/wp\/v2\/pages\/2219\/revisions\/30233"}],"wp:attachment":[{"href":"https:\/\/sites.uel.br\/prograd\/wp-json\/wp\/v2\/media?parent=2219"}],"curies":[{"name":"wp","href":"https:\/\/api.w.org\/{rel}","templated":true}]}}