{"id":2215,"date":"2023-04-04T09:40:23","date_gmt":"2023-04-04T12:40:23","guid":{"rendered":"https:\/\/sites.uel.br\/prograd\/?page_id=2215"},"modified":"2024-05-23T14:38:59","modified_gmt":"2024-05-23T17:38:59","slug":"instrucoes-de-servico-2015","status":"publish","type":"page","link":"https:\/\/sites.uel.br\/prograd\/instrucoes-de-servico-2015\/","title":{"rendered":"Instru\u00e7\u00f5es de Servi\u00e7o"},"content":{"rendered":"\n<hr class=\"wp-block-separator has-alpha-channel-opacity is-style-wide\"\/>\n\n\n\n<h2 class=\"wp-block-heading\">PROGRAD<\/h2>\n\n\n\n<h4 class=\"wp-block-heading\">2015<\/h4>\n\n\n\n<div style=\"height:20px\" aria-hidden=\"true\" class=\"wp-block-spacer\"><\/div>\n\n\n\n<p><strong><a href=\"https:\/\/sites.uel.br\/prograd\/wp-content\/uploads\/documentos\/instrucoes_servico\/2015\/instrucao_servico_08_15-1.pdf\" target=\"_blank\" rel=\"noreferrer noopener\">Instru\u00e7\u00e3o de Servi\u00e7o Prograd n\u00ba 008\/2015<\/a><\/strong><br>Estabelece procedimentos relativos \u00e0 Dispensa do Enade 2015<\/p>\n\n\n\n<p><strong><a href=\"https:\/\/sites.uel.br\/prograd\/wp-content\/uploads\/documentos\/instrucoes_servico\/2015\/instrucao_servico_07_15.pdf\" target=\"_blank\" rel=\"noreferrer noopener\">Instru\u00e7\u00e3o de Servi\u00e7o Prograd n\u00ba 007\/2015<\/a><\/strong><br>Certifica\u00e7\u00e3o gratuita dos eventos\/cursos organizados pelo PIBID\/CAPES da UEL<\/p>\n\n\n\n<p><strong><a href=\"https:\/\/sites.uel.br\/prograd\/wp-content\/uploads\/documentos\/instrucoes_servico\/2015\/instrucao_servico_06_15.pdf\" target=\"_blank\" rel=\"noreferrer noopener\">Instru\u00e7\u00e3o de Servi\u00e7o Prograd n\u00ba 006\/2015<\/a><\/strong><br>Estabelece procedimentos para a prorroga\u00e7\u00e3o de est\u00e1gio curricular n\u00e3o obrigat\u00f3rio mediante Termo Aditivo referente ao per\u00edodo de paralisa\u00e7\u00e3o\/greve de estudantes, servidores t\u00e9cnico-administrativos e docentes da Universidade Estadual de Londrina (UEL)<\/p>\n\n\n\n<p><strong><a href=\"https:\/\/sites.uel.br\/prograd\/wp-content\/uploads\/documentos\/instrucoes_servico\/2015\/instrucao_servico_05_15.pdf\" target=\"_blank\" rel=\"noreferrer noopener\">Instru\u00e7\u00e3o de Servi\u00e7o Prograd n\u00ba 005\/2015<\/a><\/strong><br>Prorroga os prazos para tramita\u00e7\u00e3o dos processos de adequa\u00e7\u00e3o e\/ou reformula\u00e7\u00e3o dos Projetos Pedag\u00f3gicos dos Cursos de Gradua\u00e7\u00e3o<\/p>\n\n\n\n<p><strong><a href=\"https:\/\/sites.uel.br\/prograd\/wp-content\/uploads\/documentos\/instrucoes_servico\/2015\/instrucao_servico_04_15.pdf\" target=\"_blank\" rel=\"noreferrer noopener\">Instru\u00e7\u00e3o de Servi\u00e7o Prograd n\u00ba 004\/2015<\/a><\/strong><br>Estabelece procedimentos para a concess\u00e3o de Tratamento Excepcional referente ao per\u00edodo de paralisa\u00e7\u00e3o\/greve de estudantes, servidores t\u00e9cnico-administrativos e docentes da Universidade Estadual de Londrina (UEL)<\/p>\n\n\n\n<p><strong><a href=\"https:\/\/sites.uel.br\/prograd\/wp-content\/uploads\/documentos\/instrucoes_servico\/2015\/instrucao_servico_03_15.pdf\" target=\"_blank\" rel=\"noreferrer noopener\">Instru\u00e7\u00e3o de Servi\u00e7o Prograd n\u00ba 003\/2015<\/a><\/strong><br>Estabelece procedimentos e prazos para a tramita\u00e7\u00e3o dos processos de adequa\u00e7\u00e3o, reformula\u00e7\u00e3o ou cria\u00e7\u00e3o de Projetos Pedag\u00f3gicos dos Cursos de Gradua\u00e7\u00e3o<\/p>\n\n\n\n<p><strong><a href=\"https:\/\/sites.uel.br\/prograd\/wp-content\/uploads\/documentos\/instrucoes_servico\/2015\/instrucao_servico_02_15.pdf\" target=\"_blank\" rel=\"noreferrer noopener\">Instru\u00e7\u00e3o de Servi\u00e7o Prograd n\u00ba 002\/2015<\/a><\/strong><br>Estabelece datas para entrega de termos aditivos de contratos findados no per\u00edodo compreendido entre 10\/02\/2015 e 13\/03\/2015 para estudantes estagi\u00e1rios<\/p>\n","protected":false},"excerpt":{"rendered":"<p>PROGRAD 2015 Instru\u00e7\u00e3o de Servi\u00e7o Prograd n\u00ba 008\/2015Estabelece procedimentos relativos \u00e0 Dispensa do Enade 2015 Instru\u00e7\u00e3o de Servi\u00e7o Prograd n\u00ba 007\/2015Certifica\u00e7\u00e3o gratuita dos eventos\/cursos organizados pelo PIBID\/CAPES da UEL Instru\u00e7\u00e3o de Servi\u00e7o Prograd n\u00ba 006\/2015Estabelece procedimentos para a prorroga\u00e7\u00e3o de est\u00e1gio curricular n\u00e3o obrigat\u00f3rio mediante Termo Aditivo referente ao per\u00edodo de paralisa\u00e7\u00e3o\/greve de estudantes, servidores [&hellip;]<\/p>\n","protected":false},"author":8,"featured_media":0,"parent":0,"menu_order":0,"comment_status":"closed","ping_status":"closed","template":"","meta":{"_acf_changed":false,"_themeisle_gutenberg_block_has_review":false,"footnotes":""},"class_list":["post-2215","page","type-page","status-publish","hentry"],"acf":[],"_links":{"self":[{"href":"https:\/\/sites.uel.br\/prograd\/wp-json\/wp\/v2\/pages\/2215","targetHints":{"allow":["GET"]}}],"collection":[{"href":"https:\/\/sites.uel.br\/prograd\/wp-json\/wp\/v2\/pages"}],"about":[{"href":"https:\/\/sites.uel.br\/prograd\/wp-json\/wp\/v2\/types\/page"}],"author":[{"embeddable":true,"href":"https:\/\/sites.uel.br\/prograd\/wp-json\/wp\/v2\/users\/8"}],"replies":[{"embeddable":true,"href":"https:\/\/sites.uel.br\/prograd\/wp-json\/wp\/v2\/comments?post=2215"}],"version-history":[{"count":12,"href":"https:\/\/sites.uel.br\/prograd\/wp-json\/wp\/v2\/pages\/2215\/revisions"}],"predecessor-version":[{"id":30244,"href":"https:\/\/sites.uel.br\/prograd\/wp-json\/wp\/v2\/pages\/2215\/revisions\/30244"}],"wp:attachment":[{"href":"https:\/\/sites.uel.br\/prograd\/wp-json\/wp\/v2\/media?parent=2215"}],"curies":[{"name":"wp","href":"https:\/\/api.w.org\/{rel}","templated":true}]}}