{"id":2209,"date":"2023-04-04T09:39:41","date_gmt":"2023-04-04T12:39:41","guid":{"rendered":"https:\/\/sites.uel.br\/prograd\/?page_id=2209"},"modified":"2024-05-23T14:38:28","modified_gmt":"2024-05-23T17:38:28","slug":"instrucoes-de-servico-2018","status":"publish","type":"page","link":"https:\/\/sites.uel.br\/prograd\/instrucoes-de-servico-2018\/","title":{"rendered":"Instru\u00e7\u00f5es de Servi\u00e7o"},"content":{"rendered":"\n<hr class=\"wp-block-separator has-alpha-channel-opacity is-style-wide\"\/>\n\n\n\n<h2 class=\"wp-block-heading\">PROGRAD<\/h2>\n\n\n\n<h4 class=\"wp-block-heading\">2018<\/h4>\n\n\n\n<div style=\"height:20px\" aria-hidden=\"true\" class=\"wp-block-spacer\"><\/div>\n\n\n\n<p><strong><a href=\"https:\/\/sites.uel.br\/prograd\/wp-content\/uploads\/documentos\/instrucoes_servico\/2018\/instrucao_servico_06_18.pdf\" target=\"_blank\" rel=\"noreferrer noopener\">Instru\u00e7\u00e3o de Servi\u00e7o Prograd n\u00ba 06\/2018<\/a><\/strong><br>Estabelece procedimentos relativos \u00e0 proposta de Oferta e Hor\u00e1rio das Atividades Acad\u00eamicas dos Cursos de Gradua\u00e7\u00e3o<\/p>\n\n\n\n<p><strong><a href=\"https:\/\/sites.uel.br\/prograd\/wp-content\/uploads\/documentos\/instrucoes_servico\/2018\/instrucao_servico_05_18.pdf\" target=\"_blank\" rel=\"noreferrer noopener\">Instru\u00e7\u00e3o de Servi\u00e7o Prograd n\u00ba 05\/2018<\/a><\/strong><br>Estabelece procedimentos e prazos para tramita\u00e7\u00e3o dos processos de adequa\u00e7\u00e3o de Projetos Pedag\u00f3gicos dos Cursos de Gradua\u00e7\u00e3o, a vigorar a partir do ano letivo de 2019<\/p>\n\n\n\n<p><strong><a href=\"https:\/\/sites.uel.br\/prograd\/wp-content\/uploads\/documentos\/instrucoes_servico\/2018\/instrucao_servico_04_18.pdf\" target=\"_blank\" rel=\"noreferrer noopener\">Instru\u00e7\u00e3o de Servi\u00e7o Prograd n\u00ba 04\/2018<\/a><\/strong><br>Estabelece procedimentos relativos ao bloqueio de lan\u00e7amentos de Atividades Acad\u00eamicas Complementares (AAC) em datas previstas no Calend\u00e1rio das Atividades de Ensino dos Cursos de gradua\u00e7\u00e3o para a Solenidade de Formatura<\/p>\n\n\n\n<p><strong><a href=\"https:\/\/sites.uel.br\/prograd\/wp-content\/uploads\/documentos\/instrucoes_servico\/2018\/instrucao_servico_03_18.pdf\" target=\"_blank\" rel=\"noreferrer noopener\">Instru\u00e7\u00e3o de Servi\u00e7o Prograd n\u00ba 03\/2018<\/a><\/strong><br>Estabelece procedimentos para a Comiss\u00e3o de Homologa\u00e7\u00e3o de Matr\u00edculas de candidatos autodeclarados negros nos termos da Resolu\u00e7\u00e3o CU n\u00ba 008\/2017<\/p>\n\n\n\n<p><strong><a href=\"https:\/\/sites.uel.br\/prograd\/wp-content\/uploads\/documentos\/instrucoes_servico\/2018\/instrucao_servico_02_18.pdf\" target=\"_blank\" rel=\"noreferrer noopener\">Instru\u00e7\u00e3o de Servi\u00e7o Prograd n\u00ba 02\/2018<\/a><\/strong><br>Altera o art. 7\u00ba da Instru\u00e7\u00e3o de Servi\u00e7o PROGRAD n\u00ba 04\/2017, que estabelece procedimentos e prazos para a tramita\u00e7\u00e3o dos processos de reformula\u00e7\u00e3o ou cria\u00e7\u00e3o de projetos pedag\u00f3gicos dos Cursos de Gradua\u00e7\u00e3o, a vigorar a partir do ano letivo de 2019<\/p>\n\n\n\n<p><strong><a href=\"https:\/\/sites.uel.br\/prograd\/wp-content\/uploads\/documentos\/instrucoes_servico\/2018\/instrucao_servico_01_18.pdf\" target=\"_blank\" rel=\"noreferrer noopener\">Instru\u00e7\u00e3o de Servi\u00e7o Prograd n\u00ba 01\/2018<\/a><\/strong><br>Estabelece procedimentos relativos \u00e0 Dispensa do Enade 2017<\/p>\n","protected":false},"excerpt":{"rendered":"<p>PROGRAD 2018 Instru\u00e7\u00e3o de Servi\u00e7o Prograd n\u00ba 06\/2018Estabelece procedimentos relativos \u00e0 proposta de Oferta e Hor\u00e1rio das Atividades Acad\u00eamicas dos Cursos de Gradua\u00e7\u00e3o Instru\u00e7\u00e3o de Servi\u00e7o Prograd n\u00ba 05\/2018Estabelece procedimentos e prazos para tramita\u00e7\u00e3o dos processos de adequa\u00e7\u00e3o de Projetos Pedag\u00f3gicos dos Cursos de Gradua\u00e7\u00e3o, a vigorar a partir do ano letivo de 2019 Instru\u00e7\u00e3o [&hellip;]<\/p>\n","protected":false},"author":8,"featured_media":0,"parent":0,"menu_order":0,"comment_status":"closed","ping_status":"closed","template":"","meta":{"_acf_changed":false,"_themeisle_gutenberg_block_has_review":false,"footnotes":""},"class_list":["post-2209","page","type-page","status-publish","hentry"],"acf":[],"_links":{"self":[{"href":"https:\/\/sites.uel.br\/prograd\/wp-json\/wp\/v2\/pages\/2209","targetHints":{"allow":["GET"]}}],"collection":[{"href":"https:\/\/sites.uel.br\/prograd\/wp-json\/wp\/v2\/pages"}],"about":[{"href":"https:\/\/sites.uel.br\/prograd\/wp-json\/wp\/v2\/types\/page"}],"author":[{"embeddable":true,"href":"https:\/\/sites.uel.br\/prograd\/wp-json\/wp\/v2\/users\/8"}],"replies":[{"embeddable":true,"href":"https:\/\/sites.uel.br\/prograd\/wp-json\/wp\/v2\/comments?post=2209"}],"version-history":[{"count":14,"href":"https:\/\/sites.uel.br\/prograd\/wp-json\/wp\/v2\/pages\/2209\/revisions"}],"predecessor-version":[{"id":30238,"href":"https:\/\/sites.uel.br\/prograd\/wp-json\/wp\/v2\/pages\/2209\/revisions\/30238"}],"wp:attachment":[{"href":"https:\/\/sites.uel.br\/prograd\/wp-json\/wp\/v2\/media?parent=2209"}],"curies":[{"name":"wp","href":"https:\/\/api.w.org\/{rel}","templated":true}]}}