{"id":2205,"date":"2023-04-04T09:39:04","date_gmt":"2023-04-04T12:39:04","guid":{"rendered":"https:\/\/sites.uel.br\/prograd\/?page_id=2205"},"modified":"2024-05-23T14:38:37","modified_gmt":"2024-05-23T17:38:37","slug":"instrucoes-de-servico-2020","status":"publish","type":"page","link":"https:\/\/sites.uel.br\/prograd\/instrucoes-de-servico-2020\/","title":{"rendered":"Instru\u00e7\u00f5es de Servi\u00e7o"},"content":{"rendered":"\n<hr class=\"wp-block-separator has-alpha-channel-opacity is-style-wide\"\/>\n\n\n\n<h2 class=\"wp-block-heading\">PROGRAD<\/h2>\n\n\n\n<h4 class=\"wp-block-heading\">2020<\/h4>\n\n\n\n<div style=\"height:20px\" aria-hidden=\"true\" class=\"wp-block-spacer\"><\/div>\n\n\n\n<p><a href=\"https:\/\/sites.uel.br\/prograd\/wp-content\/uploads\/documentos\/instrucoes_servico\/2020\/instrucao_servico_04_20.pdf\" target=\"_blank\" rel=\"noreferrer noopener\"><strong>Instru\u00e7\u00e3o de Servi\u00e7o Prograd n\u00ba 04\/2020<\/strong><\/a><br>Estabelece orienta\u00e7\u00f5es para procedimentos e prazos relativos \u00e0 tramita\u00e7\u00e3o de Reformula\u00e7\u00e3o dos Projetos Pedag\u00f3gicos de Curso (PPC) com vistas \u00e0 implanta\u00e7\u00e3o para o ano letivo de 2022 e os procedimentos e prazos relativos \u00e0 tramita\u00e7\u00e3o de Adequa\u00e7\u00e3o Curricular dos Projetos Pedag\u00f3gicos de Curso (PPC) com vistas \u00e0 implanta\u00e7\u00e3o para o ano letivo de 2021<\/p>\n\n\n\n<p><a href=\"https:\/\/sites.uel.br\/prograd\/wp-content\/uploads\/documentos\/instrucoes_servico\/2020\/instrucao_servico_03_20.pdf\" target=\"_blank\" rel=\"noreferrer noopener\"><strong>Instru\u00e7\u00e3o de Servi\u00e7o Prograd n\u00ba 03\/2020<\/strong><\/a><br>Estabelece orienta\u00e7\u00f5es para o Amparo Excepcional para o per\u00edodo de pandemia, enquanto perdurarem as excepcionalidades decorrentes da COVID-19<\/p>\n\n\n\n<p><a href=\"https:\/\/sites.uel.br\/prograd\/wp-content\/uploads\/documentos\/instrucoes_servico\/2020\/instrucao_servico_02_20.pdf\" target=\"_blank\" rel=\"noreferrer noopener\"><strong>Instru\u00e7\u00e3o de Servi\u00e7o Prograd n\u00ba 02\/2020<\/strong><\/a><br>Estabelece orienta\u00e7\u00f5es para o Plano Especial de Matriz Curricular para organiza\u00e7\u00e3o das atividades acad\u00eamicas da gradua\u00e7\u00e3o enquanto perdurarem as excepcionalidades decorrentes da pandemia COVID-19<\/p>\n\n\n\n<p><a href=\"https:\/\/sites.uel.br\/prograd\/wp-content\/uploads\/documentos\/instrucoes_servico\/2020\/instrucao_servico_01_20.pdf\" target=\"_blank\" rel=\"noreferrer noopener\"><strong>Instru\u00e7\u00e3o de Servi\u00e7o Prograd n\u00ba 01\/2020<\/strong><\/a><br>Orienta\u00e7\u00f5es para os Programas de Atividades Acad\u00eamicas para organiza\u00e7\u00e3o das atividades acad\u00eamicas da gradua\u00e7\u00e3o enquanto perdurarem as excepcionalidades decorrentes da pandemia COVID-19<\/p>\n","protected":false},"excerpt":{"rendered":"<p>PROGRAD 2020 Instru\u00e7\u00e3o de Servi\u00e7o Prograd n\u00ba 04\/2020Estabelece orienta\u00e7\u00f5es para procedimentos e prazos relativos \u00e0 tramita\u00e7\u00e3o de Reformula\u00e7\u00e3o dos Projetos Pedag\u00f3gicos de Curso (PPC) com vistas \u00e0 implanta\u00e7\u00e3o para o ano letivo de 2022 e os procedimentos e prazos relativos \u00e0 tramita\u00e7\u00e3o de Adequa\u00e7\u00e3o Curricular dos Projetos Pedag\u00f3gicos de Curso (PPC) com vistas \u00e0 implanta\u00e7\u00e3o [&hellip;]<\/p>\n","protected":false},"author":8,"featured_media":0,"parent":0,"menu_order":0,"comment_status":"closed","ping_status":"closed","template":"","meta":{"_acf_changed":false,"_themeisle_gutenberg_block_has_review":false,"footnotes":""},"class_list":["post-2205","page","type-page","status-publish","hentry"],"acf":[],"_links":{"self":[{"href":"https:\/\/sites.uel.br\/prograd\/wp-json\/wp\/v2\/pages\/2205","targetHints":{"allow":["GET"]}}],"collection":[{"href":"https:\/\/sites.uel.br\/prograd\/wp-json\/wp\/v2\/pages"}],"about":[{"href":"https:\/\/sites.uel.br\/prograd\/wp-json\/wp\/v2\/types\/page"}],"author":[{"embeddable":true,"href":"https:\/\/sites.uel.br\/prograd\/wp-json\/wp\/v2\/users\/8"}],"replies":[{"embeddable":true,"href":"https:\/\/sites.uel.br\/prograd\/wp-json\/wp\/v2\/comments?post=2205"}],"version-history":[{"count":11,"href":"https:\/\/sites.uel.br\/prograd\/wp-json\/wp\/v2\/pages\/2205\/revisions"}],"predecessor-version":[{"id":30240,"href":"https:\/\/sites.uel.br\/prograd\/wp-json\/wp\/v2\/pages\/2205\/revisions\/30240"}],"wp:attachment":[{"href":"https:\/\/sites.uel.br\/prograd\/wp-json\/wp\/v2\/media?parent=2205"}],"curies":[{"name":"wp","href":"https:\/\/api.w.org\/{rel}","templated":true}]}}