{"id":2203,"date":"2023-04-04T09:38:48","date_gmt":"2023-04-04T12:38:48","guid":{"rendered":"https:\/\/sites.uel.br\/prograd\/?page_id=2203"},"modified":"2024-09-13T09:31:10","modified_gmt":"2024-09-13T12:31:10","slug":"instrucoes-de-servico-2021","status":"publish","type":"page","link":"https:\/\/sites.uel.br\/prograd\/instrucoes-de-servico-2021\/","title":{"rendered":"Instru\u00e7\u00f5es de Servi\u00e7o"},"content":{"rendered":"\n<hr class=\"wp-block-separator has-alpha-channel-opacity is-style-wide\"\/>\n\n\n\n<h2 class=\"wp-block-heading\">PROGRAD<\/h2>\n\n\n\n<h4 class=\"wp-block-heading\">2021<\/h4>\n\n\n\n<div style=\"height:20px\" aria-hidden=\"true\" class=\"wp-block-spacer\"><\/div>\n\n\n\n<p><strong>Instru\u00e7\u00e3o de Servi\u00e7o Prograd n\u00ba 04\/2021<\/strong> (revogada)<br>Estabelece procedimentos para a Comiss\u00e3o de Homologa\u00e7\u00e3o de Matr\u00edculas de candidatos autodeclarados negros nos termos da Resolu\u00e7\u00e3o CU n\u00ba 008\/2017<\/p>\n\n\n\n<p><a href=\"https:\/\/sites.uel.br\/prograd\/wp-content\/uploads\/documentos\/instrucoes_servico\/2021\/instrucao_servico_02_21.pdf\" target=\"_blank\" rel=\"noreferrer noopener\"><strong>Instru\u00e7\u00e3o de Servi\u00e7o Prograd n\u00ba 02\/2021<\/strong><\/a><br>Estabelece orienta\u00e7\u00f5es e procedimentos para a cria\u00e7\u00e3o de turmas \/ pautas de Est\u00e1gio Curricular Obrigat\u00f3rio e de Trabalho de Conclus\u00e3o de Curso, e d\u00e1 outras provid\u00eancias<\/p>\n\n\n\n<p><a href=\"https:\/\/sites.uel.br\/prograd\/wp-content\/uploads\/documentos\/instrucoes_servico\/2021\/instrucao_servico_01_21.pdf\" target=\"_blank\" rel=\"noreferrer noopener\"><strong>Instru\u00e7\u00e3o de Servi\u00e7o Prograd n\u00ba 01\/2021<\/strong><\/a><br>Estabelece procedimentos quanto ao protocolo de novas solicita\u00e7\u00f5es de Est\u00e1gio Curricular Obrigat\u00f3rio e outros documentos relativos aos Est\u00e1gios Curriculares Obrigat\u00f3rios, para o per\u00edodo de pandemia<strong>,&nbsp;<\/strong>enquanto perdurarem as excepcionalidades decorrentes da COVID-19, para os Cursos de Gradua\u00e7\u00e3o da Universidade Estadual de Londrina<\/p>\n","protected":false},"excerpt":{"rendered":"<p>PROGRAD 2021 Instru\u00e7\u00e3o de Servi\u00e7o Prograd n\u00ba 04\/2021 (revogada)Estabelece procedimentos para a Comiss\u00e3o de Homologa\u00e7\u00e3o de Matr\u00edculas de candidatos autodeclarados negros nos termos da Resolu\u00e7\u00e3o CU n\u00ba 008\/2017 Instru\u00e7\u00e3o de Servi\u00e7o Prograd n\u00ba 02\/2021Estabelece orienta\u00e7\u00f5es e procedimentos para a cria\u00e7\u00e3o de turmas \/ pautas de Est\u00e1gio Curricular Obrigat\u00f3rio e de Trabalho de Conclus\u00e3o de Curso, [&hellip;]<\/p>\n","protected":false},"author":8,"featured_media":0,"parent":0,"menu_order":0,"comment_status":"closed","ping_status":"closed","template":"","meta":{"_acf_changed":false,"_themeisle_gutenberg_block_has_review":false,"footnotes":""},"class_list":["post-2203","page","type-page","status-publish","hentry"],"acf":[],"_links":{"self":[{"href":"https:\/\/sites.uel.br\/prograd\/wp-json\/wp\/v2\/pages\/2203","targetHints":{"allow":["GET"]}}],"collection":[{"href":"https:\/\/sites.uel.br\/prograd\/wp-json\/wp\/v2\/pages"}],"about":[{"href":"https:\/\/sites.uel.br\/prograd\/wp-json\/wp\/v2\/types\/page"}],"author":[{"embeddable":true,"href":"https:\/\/sites.uel.br\/prograd\/wp-json\/wp\/v2\/users\/8"}],"replies":[{"embeddable":true,"href":"https:\/\/sites.uel.br\/prograd\/wp-json\/wp\/v2\/comments?post=2203"}],"version-history":[{"count":12,"href":"https:\/\/sites.uel.br\/prograd\/wp-json\/wp\/v2\/pages\/2203\/revisions"}],"predecessor-version":[{"id":32077,"href":"https:\/\/sites.uel.br\/prograd\/wp-json\/wp\/v2\/pages\/2203\/revisions\/32077"}],"wp:attachment":[{"href":"https:\/\/sites.uel.br\/prograd\/wp-json\/wp\/v2\/media?parent=2203"}],"curies":[{"name":"wp","href":"https:\/\/api.w.org\/{rel}","templated":true}]}}