{"id":2201,"date":"2023-04-04T09:38:34","date_gmt":"2023-04-04T12:38:34","guid":{"rendered":"https:\/\/sites.uel.br\/prograd\/?page_id=2201"},"modified":"2024-05-23T14:38:46","modified_gmt":"2024-05-23T17:38:46","slug":"instrucoes-de-servico-2022","status":"publish","type":"page","link":"https:\/\/sites.uel.br\/prograd\/instrucoes-de-servico-2022\/","title":{"rendered":"Instru\u00e7\u00f5es de Servi\u00e7o"},"content":{"rendered":"\n<hr class=\"wp-block-separator has-alpha-channel-opacity is-style-wide\"\/>\n\n\n\n<h2 class=\"wp-block-heading\">PROGRAD<\/h2>\n\n\n\n<h4 class=\"wp-block-heading\">2022<\/h4>\n\n\n\n<div style=\"height:20px\" aria-hidden=\"true\" class=\"wp-block-spacer\"><\/div>\n\n\n\n<p><a href=\"https:\/\/sites.uel.br\/prograd\/wp-content\/uploads\/documentos\/instrucoes_servico\/2022\/instrucao_servico_01_22.pdf\" target=\"_blank\" rel=\"noreferrer noopener\"><strong>Instru\u00e7\u00e3o de Servi\u00e7o Prograd n\u00ba 01\/2022<\/strong><\/a><br>Estabelece orienta\u00e7\u00f5es e procedimentos para amparar estudantes suspeitos\/acometidos pela COVID-19, com sintomas leves a moderados, mas que necessitam ser amparados por meio da Pr\u00f3-Reitoria de Gradua\u00e7\u00e3o (Prograd) da Universidade Estadual de Londrina, e d\u00e1 outras provid\u00eancias<\/p>\n","protected":false},"excerpt":{"rendered":"<p>PROGRAD 2022 Instru\u00e7\u00e3o de Servi\u00e7o Prograd n\u00ba 01\/2022Estabelece orienta\u00e7\u00f5es e procedimentos para amparar estudantes suspeitos\/acometidos pela COVID-19, com sintomas leves a moderados, mas que necessitam ser amparados por meio da Pr\u00f3-Reitoria de Gradua\u00e7\u00e3o (Prograd) da Universidade Estadual de Londrina, e d\u00e1 outras provid\u00eancias<\/p>\n","protected":false},"author":8,"featured_media":0,"parent":0,"menu_order":0,"comment_status":"closed","ping_status":"closed","template":"","meta":{"_acf_changed":false,"_themeisle_gutenberg_block_has_review":false,"footnotes":""},"class_list":["post-2201","page","type-page","status-publish","hentry"],"acf":[],"_links":{"self":[{"href":"https:\/\/sites.uel.br\/prograd\/wp-json\/wp\/v2\/pages\/2201","targetHints":{"allow":["GET"]}}],"collection":[{"href":"https:\/\/sites.uel.br\/prograd\/wp-json\/wp\/v2\/pages"}],"about":[{"href":"https:\/\/sites.uel.br\/prograd\/wp-json\/wp\/v2\/types\/page"}],"author":[{"embeddable":true,"href":"https:\/\/sites.uel.br\/prograd\/wp-json\/wp\/v2\/users\/8"}],"replies":[{"embeddable":true,"href":"https:\/\/sites.uel.br\/prograd\/wp-json\/wp\/v2\/comments?post=2201"}],"version-history":[{"count":9,"href":"https:\/\/sites.uel.br\/prograd\/wp-json\/wp\/v2\/pages\/2201\/revisions"}],"predecessor-version":[{"id":30242,"href":"https:\/\/sites.uel.br\/prograd\/wp-json\/wp\/v2\/pages\/2201\/revisions\/30242"}],"wp:attachment":[{"href":"https:\/\/sites.uel.br\/prograd\/wp-json\/wp\/v2\/media?parent=2201"}],"curies":[{"name":"wp","href":"https:\/\/api.w.org\/{rel}","templated":true}]}}