{"id":2199,"date":"2023-04-04T09:38:04","date_gmt":"2023-04-04T12:38:04","guid":{"rendered":"https:\/\/sites.uel.br\/prograd\/?page_id=2199"},"modified":"2024-05-23T14:38:51","modified_gmt":"2024-05-23T17:38:51","slug":"instrucoes-de-servico-2023","status":"publish","type":"page","link":"https:\/\/sites.uel.br\/prograd\/instrucoes-de-servico-2023\/","title":{"rendered":"Instru\u00e7\u00f5es de Servi\u00e7o"},"content":{"rendered":"\n<hr class=\"wp-block-separator has-alpha-channel-opacity is-style-wide\"\/>\n\n\n\n<h2 class=\"wp-block-heading\">PROGRAD<\/h2>\n\n\n\n<h4 class=\"wp-block-heading\">2023<\/h4>\n\n\n\n<div style=\"height:20px\" aria-hidden=\"true\" class=\"wp-block-spacer\"><\/div>\n\n\n\n<p><a href=\"https:\/\/sites.uel.br\/prograd\/wp-content\/uploads\/documentos\/instrucoes_servico\/2023\/instrucao_servico_01_23.pdf\" target=\"_blank\" rel=\"noreferrer noopener\"><strong>Instru\u00e7\u00e3o de Servi\u00e7o Prograd n\u00ba 01\/2023<\/strong><\/a><br>Estabelece procedimentos acad\u00eamicos e administrativos referentes ao desenvolvimento de atividades, exclusivamente, durante a Semana Estadual de Ci\u00eancia, Tecnologia e Ensino Superior do Paran\u00e1 &#8211; &#8220;Paran\u00e1 Faz Ci\u00eancia&#8221; 2023 na Universidade Estadual de Londrina<\/p>\n","protected":false},"excerpt":{"rendered":"<p>PROGRAD 2023 Instru\u00e7\u00e3o de Servi\u00e7o Prograd n\u00ba 01\/2023Estabelece procedimentos acad\u00eamicos e administrativos referentes ao desenvolvimento de atividades, exclusivamente, durante a Semana Estadual de Ci\u00eancia, Tecnologia e Ensino Superior do Paran\u00e1 &#8211; &#8220;Paran\u00e1 Faz Ci\u00eancia&#8221; 2023 na Universidade Estadual de Londrina<\/p>\n","protected":false},"author":8,"featured_media":0,"parent":0,"menu_order":0,"comment_status":"closed","ping_status":"closed","template":"","meta":{"_acf_changed":false,"_themeisle_gutenberg_block_has_review":false,"footnotes":""},"class_list":["post-2199","page","type-page","status-publish","hentry"],"acf":[],"_links":{"self":[{"href":"https:\/\/sites.uel.br\/prograd\/wp-json\/wp\/v2\/pages\/2199","targetHints":{"allow":["GET"]}}],"collection":[{"href":"https:\/\/sites.uel.br\/prograd\/wp-json\/wp\/v2\/pages"}],"about":[{"href":"https:\/\/sites.uel.br\/prograd\/wp-json\/wp\/v2\/types\/page"}],"author":[{"embeddable":true,"href":"https:\/\/sites.uel.br\/prograd\/wp-json\/wp\/v2\/users\/8"}],"replies":[{"embeddable":true,"href":"https:\/\/sites.uel.br\/prograd\/wp-json\/wp\/v2\/comments?post=2199"}],"version-history":[{"count":11,"href":"https:\/\/sites.uel.br\/prograd\/wp-json\/wp\/v2\/pages\/2199\/revisions"}],"predecessor-version":[{"id":30243,"href":"https:\/\/sites.uel.br\/prograd\/wp-json\/wp\/v2\/pages\/2199\/revisions\/30243"}],"wp:attachment":[{"href":"https:\/\/sites.uel.br\/prograd\/wp-json\/wp\/v2\/media?parent=2199"}],"curies":[{"name":"wp","href":"https:\/\/api.w.org\/{rel}","templated":true}]}}