{"id":2159,"date":"2023-04-03T11:06:20","date_gmt":"2023-04-03T14:06:20","guid":{"rendered":"https:\/\/sites.uel.br\/prograd\/?page_id=2159"},"modified":"2024-05-24T15:37:20","modified_gmt":"2024-05-24T18:37:20","slug":"deliberacoes-camara-de-graduacao-2020","status":"publish","type":"page","link":"https:\/\/sites.uel.br\/prograd\/deliberacoes-camara-de-graduacao-2020\/","title":{"rendered":"Delibera\u00e7\u00f5es (C\u00e2mara de Gradua\u00e7\u00e3o)"},"content":{"rendered":"\n<hr class=\"wp-block-separator has-alpha-channel-opacity is-style-wide\"\/>\n\n\n\n<h3 class=\"wp-block-heading\">2020<\/h3>\n\n\n\n<div style=\"height:20px\" aria-hidden=\"true\" class=\"wp-block-spacer\"><\/div>\n\n\n\n<p><strong><a href=\"https:\/\/sites.uel.br\/prograd\/wp-content\/uploads\/documentos\/deliberacoes\/2020\/deliberacao_12_20.pdf\" target=\"_blank\" rel=\"noreferrer noopener\">Delibera\u00e7\u00e3o da C\u00e2mara de Gradua\u00e7\u00e3o n\u00ba 12\/2020<\/a><\/strong><br>Aprova o Regulamento de Est\u00e1gio Curricular Obrigat\u00f3rio do Curso de Gradua\u00e7\u00e3o em Letras, Modalidade Licenciatura: Habilita\u00e7\u00e3o em L\u00edngua Portuguesa e Respectivas Literaturas<\/p>\n\n\n\n<p><strong><a href=\"https:\/\/sites.uel.br\/prograd\/wp-content\/uploads\/documentos\/deliberacoes\/2020\/deliberacao_11_20.pdf\" target=\"_blank\" rel=\"noreferrer noopener\">Delibera\u00e7\u00e3o da C\u00e2mara de Gradua\u00e7\u00e3o n\u00ba 11\/2020<\/a><\/strong><br>Estabelece adequa\u00e7\u00f5es curriculares no Curso de Gradua\u00e7\u00e3o em F\u00edsica, Bacharelado e Licenciatura<\/p>\n\n\n\n<p><strong><a href=\"https:\/\/sites.uel.br\/prograd\/wp-content\/uploads\/documentos\/deliberacoes\/2020\/deliberacao_10_20.pdf\" target=\"_blank\" rel=\"noreferrer noopener\">Delibera\u00e7\u00e3o da C\u00e2mara de Gradua\u00e7\u00e3o n\u00ba 10\/2020<\/a><\/strong><br>Altera o Artigo 4\u00ba, da Delibera\u00e7\u00e2o &#8211; C\u00e2mara de Gradua\u00e7\u00e3o N\u00ba 028\/2017, que inclui a op\u00e7\u00e3o IV &#8211; Direito Constitucional, Administrativo e Tribut\u00e1rio no Projeto Pedag\u00f3gico do Curso de Direito<\/p>\n\n\n\n<p><strong><a href=\"https:\/\/sites.uel.br\/prograd\/wp-content\/uploads\/documentos\/deliberacoes\/2020\/deliberacao_09_20.pdf\" target=\"_blank\" rel=\"noreferrer noopener\">Delibera\u00e7\u00e3o da C\u00e2mara de Gradua\u00e7\u00e3o n\u00ba 09\/2020<\/a><\/strong><br>Altera a modalidade e carga hor\u00e1ria m\u00e1xima de aproveitamento em Atividade Acad\u00eamica<br>Complementar (AAC) no curso de Hist\u00f3ria<\/p>\n\n\n\n<p><strong><a href=\"https:\/\/sites.uel.br\/prograd\/wp-content\/uploads\/documentos\/deliberacoes\/2020\/deliberacao_08_20.pdf\" target=\"_blank\" rel=\"noreferrer noopener\">Delibera\u00e7\u00e3o da C\u00e2mara de Gradua\u00e7\u00e3o n\u00ba 08\/2020<\/a><\/strong><br>Desmembra a atividade acad\u00eamica 6MED021 &#8211; Pr\u00e1tica Supervisionada em Cl\u00ednica M\u00e9dica I, do Curso de Gradua\u00e7\u00e2o em Medicina<\/p>\n\n\n\n<p><strong><a href=\"https:\/\/sites.uel.br\/prograd\/wp-content\/uploads\/documentos\/deliberacoes\/2020\/deliberacao_07_20.pdf\" target=\"_blank\" rel=\"noreferrer noopener\">Delibera\u00e7\u00e3o da C\u00e2mara de Gradua\u00e7\u00e3o n\u00ba 07\/2020<\/a><\/strong><br>Aprova o Regulamento Geral do Est\u00e1gio Curricular Obrigat\u00f3rio do Curso de Educa\u00e7\u00e3o F\u00edsica &#8211; Bacharelado<\/p>\n\n\n\n<p><strong><a href=\"https:\/\/sites.uel.br\/prograd\/wp-content\/uploads\/documentos\/deliberacoes\/2020\/deliberacao_06_20.pdf\" target=\"_blank\" rel=\"noreferrer noopener\">Delibera\u00e7\u00e3o da C\u00e2mara de Gradua\u00e7\u00e3o n\u00ba 06\/2020<\/a><\/strong><br>Aprova o Regulamento de Est\u00e1gio Curricular Obrigat\u00f3rio e Est\u00e1gio Curricular n\u00e3o Obrigat\u00f3rio do Curso de Gradua\u00e7\u00e3o em Pedagogia, ano de implanta\u00e7\u00e3o 2019<\/p>\n\n\n\n<p><strong><a href=\"https:\/\/sites.uel.br\/prograd\/wp-content\/uploads\/documentos\/deliberacoes\/2020\/deliberacao_05_20.pdf\" target=\"_blank\" rel=\"noreferrer noopener\">Delibera\u00e7\u00e3o da C\u00e2mara de Gradua\u00e7\u00e3o n\u00ba 05\/2020<\/a><\/strong><br>Aprova o Regulamento do NDE, N\u00facleo Docente Estruturante, do Curso de Farm\u00e1cia<\/p>\n\n\n\n<p><strong><a href=\"https:\/\/sites.uel.br\/prograd\/wp-content\/uploads\/documentos\/deliberacoes\/2020\/deliberacao_04_20.pdf\" target=\"_blank\" rel=\"noreferrer noopener\">Delibera\u00e7\u00e3o da C\u00e2mara de Gradua\u00e7\u00e3o n\u00ba 04\/2020<\/a><\/strong><br>Altera o sistema de promo\u00e7\u00e3o do Curso de Ci\u00eancia da Computa\u00e7\u00e3o, regulamentado pela Delibera\u00e7\u00e3o &#8211; C\u00e2mara de Gradua\u00e7\u00e3o n\u00ba 009\/2011<\/p>\n\n\n\n<p><strong><a href=\"https:\/\/sites.uel.br\/prograd\/wp-content\/uploads\/documentos\/deliberacoes\/2020\/deliberacao_03_20.pdf\" target=\"_blank\" rel=\"noreferrer noopener\">Delibera\u00e7\u00e3o da C\u00e2mara de Gradua\u00e7\u00e3o n\u00ba 03\/2020<\/a><\/strong><br>Fica alterado o pr\u00e9-requisito exigido para a atividade acad\u00eamica 2ELE047 &#8211; Gera\u00e7\u00e3o, Transmiss\u00e3o e Distribui\u00e7\u00e3o de Energia El\u00e9trica &#8211; do Curso de Gradua\u00e7\u00e3o em Engenharia &#8211; Habilita\u00e7\u00e3o: Engenharia El\u00e9trica, curr\u00edculo 2017<\/p>\n\n\n\n<p><strong><a href=\"https:\/\/sites.uel.br\/prograd\/wp-content\/uploads\/documentos\/deliberacoes\/2020\/deliberacao_02_20.pdf\" target=\"_blank\" rel=\"noreferrer noopener\">Delibera\u00e7\u00e3o da C\u00e2mara de Gradua\u00e7\u00e3o n\u00ba 02\/2020<\/a><\/strong><br>Constitui o Colegiado do Curso de Biotecnologia<\/p>\n\n\n\n<p><strong><a href=\"https:\/\/sites.uel.br\/prograd\/wp-content\/uploads\/documentos\/deliberacoes\/2020\/deliberacao_01_20.pdf\" target=\"_blank\" rel=\"noreferrer noopener\">Delibera\u00e7\u00e3o da C\u00e2mara de Gradua\u00e7\u00e3o n\u00ba 01\/2020<\/a><\/strong><br>Constitui o Colegiado do Curso de Nutri\u00e7\u00e3o<\/p>\n","protected":false},"excerpt":{"rendered":"<p>2020 Delibera\u00e7\u00e3o da C\u00e2mara de Gradua\u00e7\u00e3o n\u00ba 12\/2020Aprova o Regulamento de Est\u00e1gio Curricular Obrigat\u00f3rio do Curso de Gradua\u00e7\u00e3o em Letras, Modalidade Licenciatura: Habilita\u00e7\u00e3o em L\u00edngua Portuguesa e Respectivas Literaturas Delibera\u00e7\u00e3o da C\u00e2mara de Gradua\u00e7\u00e3o n\u00ba 11\/2020Estabelece adequa\u00e7\u00f5es curriculares no Curso de Gradua\u00e7\u00e3o em F\u00edsica, Bacharelado e Licenciatura Delibera\u00e7\u00e3o da C\u00e2mara de Gradua\u00e7\u00e3o n\u00ba 10\/2020Altera o [&hellip;]<\/p>\n","protected":false},"author":8,"featured_media":0,"parent":0,"menu_order":0,"comment_status":"closed","ping_status":"closed","template":"","meta":{"_acf_changed":false,"_themeisle_gutenberg_block_has_review":false,"footnotes":""},"class_list":["post-2159","page","type-page","status-publish","hentry"],"acf":[],"_links":{"self":[{"href":"https:\/\/sites.uel.br\/prograd\/wp-json\/wp\/v2\/pages\/2159","targetHints":{"allow":["GET"]}}],"collection":[{"href":"https:\/\/sites.uel.br\/prograd\/wp-json\/wp\/v2\/pages"}],"about":[{"href":"https:\/\/sites.uel.br\/prograd\/wp-json\/wp\/v2\/types\/page"}],"author":[{"embeddable":true,"href":"https:\/\/sites.uel.br\/prograd\/wp-json\/wp\/v2\/users\/8"}],"replies":[{"embeddable":true,"href":"https:\/\/sites.uel.br\/prograd\/wp-json\/wp\/v2\/comments?post=2159"}],"version-history":[{"count":9,"href":"https:\/\/sites.uel.br\/prograd\/wp-json\/wp\/v2\/pages\/2159\/revisions"}],"predecessor-version":[{"id":30286,"href":"https:\/\/sites.uel.br\/prograd\/wp-json\/wp\/v2\/pages\/2159\/revisions\/30286"}],"wp:attachment":[{"href":"https:\/\/sites.uel.br\/prograd\/wp-json\/wp\/v2\/media?parent=2159"}],"curies":[{"name":"wp","href":"https:\/\/api.w.org\/{rel}","templated":true}]}}