{"id":2157,"date":"2023-04-03T11:06:04","date_gmt":"2023-04-03T14:06:04","guid":{"rendered":"https:\/\/sites.uel.br\/prograd\/?page_id=2157"},"modified":"2024-02-02T16:06:08","modified_gmt":"2024-02-02T19:06:08","slug":"deliberacoes-camara-de-graduacao-2021","status":"publish","type":"page","link":"https:\/\/sites.uel.br\/prograd\/deliberacoes-camara-de-graduacao-2021\/","title":{"rendered":"Delibera\u00e7\u00f5es (C\u00e2mara de Gradua\u00e7\u00e3o)"},"content":{"rendered":"\n<hr class=\"wp-block-separator has-alpha-channel-opacity is-style-wide\"\/>\n\n\n\n<h3 class=\"wp-block-heading\">2021<\/h3>\n\n\n\n<div style=\"height:20px\" aria-hidden=\"true\" class=\"wp-block-spacer\"><\/div>\n\n\n\n<p><strong><a href=\"https:\/\/sites.uel.br\/prograd\/wp-content\/uploads\/documentos\/deliberacoes\/2021\/deliberacao_14_21.pdf\" target=\"_blank\" rel=\"noreferrer noopener\">Delibera\u00e7\u00e3o da C\u00e2mara de Gradua\u00e7\u00e3o n\u00ba 14\/2021<\/a><\/strong><br>Estabelece adequa\u00e7\u00f5es curriculares no curso de gradua\u00e7\u00e3o em Hist\u00f3ria &#8211; Licenciatura<\/p>\n\n\n\n<p><strong><a href=\"https:\/\/sites.uel.br\/prograd\/wp-content\/uploads\/documentos\/deliberacoes\/2021\/deliberacao_13_21.pdf\" target=\"_blank\" rel=\"noreferrer noopener\">Delibera\u00e7\u00e3o da C\u00e2mara de Gradua\u00e7\u00e3o n\u00ba 13\/2021<\/a><\/strong><br>Aprova o Regulamento do Trabalho de Conclus\u00e3o do Curso &#8211; TCC, do Curso de Engenharia El\u00e9trica, a vigorar a partir do ano letivo de 2021<\/p>\n\n\n\n<p><strong><a href=\"https:\/\/sites.uel.br\/prograd\/wp-content\/uploads\/documentos\/deliberacoes\/2021\/deliberacao_11_21.pdf\" target=\"_blank\" rel=\"noreferrer noopener\">Delibera\u00e7\u00e3o da C\u00e2mara de Gradua\u00e7\u00e3o n\u00ba 12\/2021<\/a><\/strong><br>Altera o \u00a71\u00ba, do Artigo 18, da Delibera\u00e7\u00e3o &#8211; C\u00e2mara de Gradua\u00e7\u00e3o n\u00ba 012\/2012, do Regulamento do Trabalho de Conclus\u00e3o de Curso &#8211; TCC, do curso de Educa\u00e7\u00e3o F\u00edsica &#8211; Bacharelado<\/p>\n\n\n\n<p><strong><a href=\"https:\/\/sites.uel.br\/prograd\/wp-content\/uploads\/documentos\/deliberacoes\/2021\/deliberacao_11_21.pdf\" target=\"_blank\" rel=\"noreferrer noopener\">Delibera\u00e7\u00e3o da C\u00e2mara de Gradua\u00e7\u00e3o n\u00ba 11\/2021<\/a><\/strong><br>Estabelece adequa\u00e7\u00e3o da Resolu\u00e7\u00e3o CEPE n\u00ba 023\/2021, que disp\u00f5e sobre o Calend\u00e1rio das Atividades de Ensino dos Cursos de Gradua\u00e7\u00e3o para o ano letivo de 2021<\/p>\n\n\n\n<p><strong><a href=\"https:\/\/sites.uel.br\/prograd\/wp-content\/uploads\/documentos\/deliberacoes\/2021\/deliberacao_10_21.pdf\" target=\"_blank\" rel=\"noreferrer noopener\">Delibera\u00e7\u00e3o da C\u00e2mara de Gradua\u00e7\u00e3o n\u00ba 10\/2021<\/a><\/strong><br>Aprova o Regulamento Geral do Est\u00e1gio Curricular Obrigat\u00f3rio e n\u00e3o Obrigat\u00f3rio do Curso de Ci\u00eancia da Computa\u00e7\u00e3o<\/p>\n\n\n\n<p><strong><a href=\"https:\/\/sites.uel.br\/prograd\/wp-content\/uploads\/documentos\/deliberacoes\/2021\/deliberacao_09_21.pdf\" target=\"_blank\" rel=\"noreferrer noopener\">Delibera\u00e7\u00e3o da C\u00e2mara de Gradua\u00e7\u00e3o n\u00ba 09\/2021<\/a><\/strong><br>Desmembra as Atividades Acad\u00eamicas de Natureza Obrigat\u00f3ria Especiais 2EST315 &#8211; Pr\u00e1tica e Metodologia do Ensino de Matem\u00e1tica II: Est\u00e1gio Supervisionado (MAT), 2EST320 &#8211; Pr\u00e1tica e Metodologia do Ensino de Matem\u00e1tica I: Est\u00e1gio Supervisionado (MAT) e 2EST321 &#8211; Pr\u00e1t\u00edca e Metodologia do Ensino de Matem\u00e1t\u00edca II: Est\u00e1gio Supervisionado (MAT), curr\u00edculos 2014 e 2019, do curso de Matem\u00e1tica &#8211; Licenciatura<\/p>\n\n\n\n<p><strong><a href=\"https:\/\/sites.uel.br\/prograd\/wp-content\/uploads\/documentos\/deliberacoes\/2021\/deliberacao_08_21.pdf\" target=\"_blank\" rel=\"noreferrer noopener\">Delibera\u00e7\u00e3o da C\u00e2mara de Gradua\u00e7\u00e3o n\u00ba 08\/2021<\/a><\/strong><br>Cria pr\u00e9-requisitos para as Atividades Acad\u00eamicas de Natureza Obrigat\u00f3ria Especial 1EST678 &#8211; Est\u00e1gio Supervisionado da Educa\u00e7\u00e3o Infantil II &#8211; N\u00facleo Integrador II, 1EST680 &#8211; Est\u00e1gio Supervisionado dos Anos Iniciais II &#8211; N\u00facleo Integrador IV, 1 EST681 &#8211; Est\u00e1gio Supervisionado de Gest\u00e3o Escolar I &#8211; N\u00facleo Integrador V, 1EST683 &#8211; Est\u00e1gio Supervisionado de Gest\u00e3o Escolar II &#8211; N\u00facleo Integrador VI, 1TCC602 &#8211; Trabalho de Conclus\u00e3o de Curso II e 1TCC603 &#8211; Trabalho de Conclus\u00e3o de Curso III, do Curso de Gradua\u00e7\u00e3o em Pedagogia<\/p>\n\n\n\n<p><strong><a href=\"https:\/\/sites.uel.br\/prograd\/wp-content\/uploads\/documentos\/deliberacoes\/2021\/deliberacao_07_21.pdf\" target=\"_blank\" rel=\"noreferrer noopener\">Delibera\u00e7\u00e3o da C\u00e2mara de Gradua\u00e7\u00e3o n\u00ba 07\/2021<\/a><\/strong><br>Altera os Artigos 9\u00ba, 10, 11 , 12 e 13 da Delibera\u00e7\u00e3o &#8211; C\u00e2mara de Gradua\u00e7\u00e3o n\u00ba 32\/2014, referente ao sistema de promo\u00e7ao do curso de Farm\u00e1cia<\/p>\n\n\n\n<p><strong><a href=\"https:\/\/sites.uel.br\/prograd\/wp-content\/uploads\/documentos\/deliberacoes\/2021\/deliberacao_06_21.pdf\" target=\"_blank\" rel=\"noreferrer noopener\">Delibera\u00e7\u00e3o da C\u00e2mara de Gradua\u00e7\u00e3o n\u00ba 06\/2021<\/a><\/strong><br>Aprova o Regulamento do Trabalho de Conclus\u00e3o de Curso &#8211; TCC, do Curso de Pedagogia, a vigorar a partir do ano letivo de 2021<\/p>\n\n\n\n<p><strong><a href=\"https:\/\/sites.uel.br\/prograd\/wp-content\/uploads\/documentos\/deliberacoes\/2021\/deliberacao_05_21.pdf\" target=\"_blank\" rel=\"noreferrer noopener\">Delibera\u00e7\u00e3o da C\u00e2mara de Gradua\u00e7\u00e3o n\u00ba 05\/2021<\/a><\/strong><br>Estabelece as modalidades e a carga hor\u00e1ria m\u00e1xima que ser\u00e3o aproveitadas para Atividade Acad\u00eamica Complementar (AAC) no curso de Biotecnologia<\/p>\n\n\n\n<p><strong><a href=\"https:\/\/sites.uel.br\/prograd\/wp-content\/uploads\/documentos\/deliberacoes\/2021\/deliberacao_04_21.pdf\" target=\"_blank\" rel=\"noreferrer noopener\">Delibera\u00e7\u00e3o da C\u00e2mara de Gradua\u00e7\u00e3o n\u00ba 04\/2021<\/a><\/strong><br>Altera o Artigo 13, da Resolu\u00e7\u00e3o CEPE\/CA n\u00ba 04\/2016, sobre o aproveitamento de carga hor\u00e1ria para AAC &#8211; Atividade Acad\u00eamica Complementar do curso de Jornalismo<\/p>\n\n\n\n<p><strong><a href=\"https:\/\/sites.uel.br\/prograd\/wp-content\/uploads\/documentos\/deliberacoes\/2021\/deliberacao_03_21.pdf\" target=\"_blank\" rel=\"noreferrer noopener\">Delibera\u00e7\u00e3o da C\u00e2mara de Gradua\u00e7\u00e3o n\u00ba 03\/2021<\/a><\/strong><br>Estabelece adequa\u00e7\u00f5es no Projeto Pedag\u00f3gico do curso de Engenharia El\u00e9trica<\/p>\n\n\n\n<p><strong><a href=\"https:\/\/sites.uel.br\/prograd\/wp-content\/uploads\/documentos\/deliberacoes\/2021\/deliberacao_02_21.pdf\" target=\"_blank\" rel=\"noreferrer noopener\">Delibera\u00e7\u00e3o da C\u00e2mara de Gradua\u00e7\u00e3o n\u00ba 02\/2021<\/a><\/strong><br>Estabelece as modalidades e a carga hor\u00e1ria m\u00e1xima que ser\u00e3o aproveitadas para Atividade Acad\u00eamica Complementar (AAC) no curso de Nutri\u00e7\u00e3o<\/p>\n\n\n\n<p><strong><a href=\"https:\/\/sites.uel.br\/prograd\/wp-content\/uploads\/documentos\/deliberacoes\/2021\/deliberacao_01_21.pdf\" target=\"_blank\" rel=\"noreferrer noopener\">Delibera\u00e7\u00e3o da C\u00e2mara de Gradua\u00e7\u00e3o n\u00ba 01\/2021<\/a><\/strong><a href=\"https:\/\/sites.uel.br\/prograd\/wp-content\/uploads\/documentos\/deliberacoes\/2021\/deliberacao_01_21.pdf\"><br><\/a>Aprova o Regulamento de Est\u00e1gio Curricular Obrigat\u00f3rio e Est\u00e1gio Curricular n\u00e3o Obrigat\u00f3rio do Curso de Gradua\u00e7\u00e3o em Pedagogia<\/p>\n","protected":false},"excerpt":{"rendered":"<p>2021 Delibera\u00e7\u00e3o da C\u00e2mara de Gradua\u00e7\u00e3o n\u00ba 14\/2021Estabelece adequa\u00e7\u00f5es curriculares no curso de gradua\u00e7\u00e3o em Hist\u00f3ria &#8211; Licenciatura Delibera\u00e7\u00e3o da C\u00e2mara de Gradua\u00e7\u00e3o n\u00ba 13\/2021Aprova o Regulamento do Trabalho de Conclus\u00e3o do Curso &#8211; TCC, do Curso de Engenharia El\u00e9trica, a vigorar a partir do ano letivo de 2021 Delibera\u00e7\u00e3o da C\u00e2mara de Gradua\u00e7\u00e3o n\u00ba [&hellip;]<\/p>\n","protected":false},"author":8,"featured_media":0,"parent":0,"menu_order":0,"comment_status":"closed","ping_status":"closed","template":"","meta":{"_acf_changed":false,"_themeisle_gutenberg_block_has_review":false,"footnotes":""},"class_list":["post-2157","page","type-page","status-publish","hentry"],"acf":[],"_links":{"self":[{"href":"https:\/\/sites.uel.br\/prograd\/wp-json\/wp\/v2\/pages\/2157","targetHints":{"allow":["GET"]}}],"collection":[{"href":"https:\/\/sites.uel.br\/prograd\/wp-json\/wp\/v2\/pages"}],"about":[{"href":"https:\/\/sites.uel.br\/prograd\/wp-json\/wp\/v2\/types\/page"}],"author":[{"embeddable":true,"href":"https:\/\/sites.uel.br\/prograd\/wp-json\/wp\/v2\/users\/8"}],"replies":[{"embeddable":true,"href":"https:\/\/sites.uel.br\/prograd\/wp-json\/wp\/v2\/comments?post=2157"}],"version-history":[{"count":9,"href":"https:\/\/sites.uel.br\/prograd\/wp-json\/wp\/v2\/pages\/2157\/revisions"}],"predecessor-version":[{"id":20224,"href":"https:\/\/sites.uel.br\/prograd\/wp-json\/wp\/v2\/pages\/2157\/revisions\/20224"}],"wp:attachment":[{"href":"https:\/\/sites.uel.br\/prograd\/wp-json\/wp\/v2\/media?parent=2157"}],"curies":[{"name":"wp","href":"https:\/\/api.w.org\/{rel}","templated":true}]}}