{"id":2137,"date":"2023-03-31T14:52:52","date_gmt":"2023-03-31T17:52:52","guid":{"rendered":"https:\/\/sites.uel.br\/prograd\/?page_id=2137"},"modified":"2024-05-23T14:18:53","modified_gmt":"2024-05-23T17:18:53","slug":"editais-sebec-prograd","status":"publish","type":"page","link":"https:\/\/sites.uel.br\/prograd\/editais-sebec-prograd\/","title":{"rendered":"Editais"},"content":{"rendered":"\n<hr class=\"wp-block-separator has-alpha-channel-opacity is-style-wide\"\/>\n\n\n\n<h2 class=\"wp-block-heading\">Em Conjunto com Outros \u00d3rg\u00e3os\/Setores da UEL<\/h2>\n\n\n\n<h3 class=\"wp-block-heading\">Anos Anteriores<\/h3>\n\n\n\n<h3 class=\"wp-block-heading\">SEBEC\/PROGRAD<\/h3>\n\n\n\n<div style=\"height:20px\" aria-hidden=\"true\" class=\"wp-block-spacer\"><\/div>\n\n\n\n<p><strong>2022<\/strong><\/p>\n\n\n\n<p><a href=\"https:\/\/sites.uel.br\/prograd\/wp-content\/uploads\/documentos\/editais\/2022\/sebec_prograd\/edital_sebec_prograd_01_22.pdf\" target=\"_blank\" rel=\"noreferrer noopener\">Edital Sebec\/Prograd 01\/2022 &#8211; Torna p\u00fablico as normas estabelecidas para a realiza\u00e7\u00e3o do Processo de Sele\u00e7\u00e3o Socioecon\u00f4mica do Programa de Bolsas Santander Universidades destinada a estudantes de gradua\u00e7\u00e3o da Universidade Estadual de Londrina<\/a><\/p>\n","protected":false},"excerpt":{"rendered":"<p>Em Conjunto com Outros \u00d3rg\u00e3os\/Setores da UEL Anos Anteriores SEBEC\/PROGRAD 2022 Edital Sebec\/Prograd 01\/2022 &#8211; Torna p\u00fablico as normas estabelecidas para a realiza\u00e7\u00e3o do Processo de Sele\u00e7\u00e3o Socioecon\u00f4mica do Programa de Bolsas Santander Universidades destinada a estudantes de gradua\u00e7\u00e3o da Universidade Estadual de Londrina<\/p>\n","protected":false},"author":8,"featured_media":0,"parent":0,"menu_order":0,"comment_status":"closed","ping_status":"closed","template":"","meta":{"_acf_changed":false,"_themeisle_gutenberg_block_has_review":false,"footnotes":""},"class_list":["post-2137","page","type-page","status-publish","hentry"],"acf":[],"_links":{"self":[{"href":"https:\/\/sites.uel.br\/prograd\/wp-json\/wp\/v2\/pages\/2137","targetHints":{"allow":["GET"]}}],"collection":[{"href":"https:\/\/sites.uel.br\/prograd\/wp-json\/wp\/v2\/pages"}],"about":[{"href":"https:\/\/sites.uel.br\/prograd\/wp-json\/wp\/v2\/types\/page"}],"author":[{"embeddable":true,"href":"https:\/\/sites.uel.br\/prograd\/wp-json\/wp\/v2\/users\/8"}],"replies":[{"embeddable":true,"href":"https:\/\/sites.uel.br\/prograd\/wp-json\/wp\/v2\/comments?post=2137"}],"version-history":[{"count":9,"href":"https:\/\/sites.uel.br\/prograd\/wp-json\/wp\/v2\/pages\/2137\/revisions"}],"predecessor-version":[{"id":30219,"href":"https:\/\/sites.uel.br\/prograd\/wp-json\/wp\/v2\/pages\/2137\/revisions\/30219"}],"wp:attachment":[{"href":"https:\/\/sites.uel.br\/prograd\/wp-json\/wp\/v2\/media?parent=2137"}],"curies":[{"name":"wp","href":"https:\/\/api.w.org\/{rel}","templated":true}]}}