{"id":2133,"date":"2023-03-31T14:50:43","date_gmt":"2023-03-31T17:50:43","guid":{"rendered":"https:\/\/sites.uel.br\/prograd\/?page_id=2133"},"modified":"2024-05-23T14:31:25","modified_gmt":"2024-05-23T17:31:25","slug":"editais-prograd-claa","status":"publish","type":"page","link":"https:\/\/sites.uel.br\/prograd\/editais-prograd-claa\/","title":{"rendered":"Editais"},"content":{"rendered":"\n<hr class=\"wp-block-separator has-alpha-channel-opacity is-style-wide\"\/>\n\n\n\n<h2 class=\"wp-block-heading\">Em Conjunto com Outros \u00d3rg\u00e3os\/Setores da UEL<\/h2>\n\n\n\n<h3 class=\"wp-block-heading\">Anos Anteriores<\/h3>\n\n\n\n<h3 class=\"wp-block-heading\">PROGRAD\/CLAA<\/h3>\n\n\n\n<div style=\"height:20px\" aria-hidden=\"true\" class=\"wp-block-spacer\"><\/div>\n\n\n\n<p><strong>2022<\/strong><\/p>\n\n\n\n<div style=\"height:20px\" aria-hidden=\"true\" class=\"wp-block-spacer\"><\/div>\n\n\n\n<p><a href=\"https:\/\/sites.uel.br\/prograd\/wp-content\/uploads\/documentos\/editais\/2022\/claa\/edital_prograd_claa_09_22.pdf\" target=\"_blank\" rel=\"noreferrer noopener\">Edital Prograd\/Claa 09\/2022 &#8211; Torna p\u00fablico o resultado final do processo de sele\u00e7\u00e3o aberto pelo Edital Prograd\/Claa n\u00ba 007\/2022, para Sele\u00e7\u00e3o de Tutoria para o Grupo PET Zootecnia<\/a><\/p>\n\n\n\n<p><a href=\"https:\/\/sites.uel.br\/prograd\/wp-content\/uploads\/documentos\/editais\/2022\/claa\/edital_prograd_claa_08_22.pdf\" target=\"_blank\" rel=\"noreferrer noopener\">Edital Prograd\/Claa 08\/2022 &#8211; Torna p\u00fablico o resultado parcial do processo de sele\u00e7\u00e3o aberto pelo Edital Prograd\/Claa n\u00ba 007\/2022, para Sele\u00e7\u00e3o de Tutoria para o Grupo PET Zootecnia<br><\/a><br><a href=\"https:\/\/sites.uel.br\/prograd\/wp-content\/uploads\/documentos\/editais\/2022\/claa\/edital_prograd_claa_07_22.pdf\" target=\"_blank\" rel=\"noreferrer noopener\">Edital Prograd\/Claa 07\/2022 &#8211; Torna p\u00fablico a abertura de inscri\u00e7\u00e3o para o processo de sele\u00e7\u00e3o de docentes interessados em atuar como Tutor(a) do Grupo PET Zootecnia<br><br><\/a><strong><em>Obs: os anexos I, II e IV do Edital Prograd\/Claa 07\/2022, est\u00e3o dispon\u00edveis no formato Word (DOC) para download e preenchimento: (<a href=\"https:\/\/sites.uel.br\/prograd\/wp-content\/uploads\/documentos\/editais\/2022\/claa\/edital_prograd_claa_07_22_anexo_i.doc\" target=\"_blank\" rel=\"noreferrer noopener\">anexo I<\/a>)<\/em><\/strong><em>&nbsp;<strong>(<a href=\"https:\/\/sites.uel.br\/prograd\/wp-content\/uploads\/documentos\/editais\/2022\/claa\/edital_prograd_claa_07_22_anexo_ii.doc\" target=\"_blank\" rel=\"noreferrer noopener\">anexo II<\/a>)<\/strong><\/em>&nbsp;<strong><em>(<a href=\"https:\/\/sites.uel.br\/prograd\/wp-content\/uploads\/documentos\/editais\/2022\/claa\/edital_prograd_claa_07_22_anexo_iv.doc\" target=\"_blank\" rel=\"noreferrer noopener\">anexo IV<\/a>)<\/em><\/strong><\/p>\n\n\n\n<p><a href=\"https:\/\/sites.uel.br\/prograd\/wp-content\/uploads\/documentos\/editais\/2022\/claa\/edital_prograd_claa_06_22.pdf\" target=\"_blank\" rel=\"noreferrer noopener\">Edital Prograd\/Claa 06\/2022 &#8211; Torna p\u00fablico o resultado final do processo de sele\u00e7\u00e3o aberto pelo Edital Prograd\/Claa n\u00ba 02\/2022, para Sele\u00e7\u00e3o de Tutoria para o Grupo PET Geografia<\/a><\/p>\n\n\n\n<p><a href=\"https:\/\/sites.uel.br\/prograd\/wp-content\/uploads\/documentos\/editais\/2022\/claa\/edital_prograd_claa_05_22.pdf\" target=\"_blank\" rel=\"noreferrer noopener\">Edital Prograd\/Claa 05\/2022 &#8211; Torna p\u00fablico o resultado parcial do processo de sele\u00e7\u00e3o aberto pelo Edital Prograd\/Claa n\u00ba 02\/2022, para Sele\u00e7\u00e3o de Tutoria para o Grupo PET Geografia<\/a><\/p>\n\n\n\n<p><a href=\"https:\/\/sites.uel.br\/prograd\/wp-content\/uploads\/documentos\/editais\/2022\/claa\/edital_prograd_claa_04_22.pdf\" target=\"_blank\" rel=\"noreferrer noopener\">Edital Prograd\/Claa 04\/2022 &#8211; Torna p\u00fablico o resultado final do processo de sele\u00e7\u00e3o aberto pelo Edital Prograd\/Claa n\u00ba 02\/2022, para Sele\u00e7\u00e3o de Tutoria para o Grupo PET Educa\u00e7\u00e3o F\u00edsica<\/a><\/p>\n\n\n\n<p><a href=\"https:\/\/sites.uel.br\/prograd\/wp-content\/uploads\/documentos\/editais\/2022\/claa\/edital_prograd_claa_03_22.pdf\" target=\"_blank\" rel=\"noreferrer noopener\">Edital Prograd\/Claa 03\/2022 &#8211; Torna p\u00fablico o resultado parcial do processo de sele\u00e7\u00e3o aberto pelo Edital Prograd\/Claa n\u00ba 02\/2022, para Sele\u00e7\u00e3o de Tutoria para o Grupo PET Educa\u00e7\u00e3o F\u00edsica<\/a><\/p>\n\n\n\n<p><a href=\"https:\/\/sites.uel.br\/prograd\/wp-content\/uploads\/documentos\/editais\/2022\/claa\/edital_prograd_claa_02_22.pdf\" target=\"_blank\" rel=\"noreferrer noopener\">Edital Prograd\/Claa 02\/2022 &#8211; Torna p\u00fablico a abertura de inscri\u00e7\u00e3o para o processo de sele\u00e7\u00e3o de docentes interessados em atuar como Tutor(a) do Grupo PET Geografia<br><\/a><br><strong><em>Obs: os anexos I, II e IV do Edital Prograd\/Claa 02\/2022, est\u00e3o dispon\u00edveis no formato Word (DOC) para download e preenchimento: (<a href=\"https:\/\/sites.uel.br\/prograd\/wp-content\/uploads\/documentos\/editais\/2022\/claa\/edital_prograd_claa_02_22_anexo_i.doc\" target=\"_blank\" rel=\"noreferrer noopener\">anexo I<\/a>)<\/em><\/strong><em>&nbsp;<strong>(<a href=\"https:\/\/sites.uel.br\/prograd\/wp-content\/uploads\/documentos\/editais\/2022\/claa\/edital_prograd_claa_02_22_anexo_ii.doc\" target=\"_blank\" rel=\"noreferrer noopener\">anexo II<\/a>)<\/strong><\/em>&nbsp;<strong><em>(<a href=\"https:\/\/sites.uel.br\/prograd\/wp-content\/uploads\/documentos\/editais\/2022\/claa\/edital_prograd_claa_02_22_anexo_iv.doc\" target=\"_blank\" rel=\"noreferrer noopener\">anexo IV<\/a>)<\/em><\/strong><\/p>\n\n\n\n<p><a href=\"https:\/\/sites.uel.br\/prograd\/wp-content\/uploads\/documentos\/editais\/2022\/claa\/edital_prograd_claa_01_22.pdf\" target=\"_blank\" rel=\"noreferrer noopener\">Edital Prograd\/Claa 01\/2022 &#8211; Torna p\u00fablico a abertura de inscri\u00e7\u00e3o para o processo de sele\u00e7\u00e3o de docentes interessados em atuar como Tutor(a) do Grupo PET Educa\u00e7\u00e3o F\u00edsica<br><\/a><br><strong><em>Obs: os anexos I, II e IV do Edital Prograd\/Claa 01\/2022, est\u00e3o dispon\u00edveis no formato Word (DOC) para download e preenchimento: (<a href=\"https:\/\/sites.uel.br\/prograd\/wp-content\/uploads\/documentos\/editais\/2022\/claa\/edital_prograd_claa_01_22_anexo_i.doc\" target=\"_blank\" rel=\"noreferrer noopener\">anexo I<\/a>)<\/em><\/strong><em>&nbsp;<strong>(<a href=\"https:\/\/sites.uel.br\/prograd\/wp-content\/uploads\/documentos\/editais\/2022\/claa\/edital_prograd_claa_01_22_anexo_ii.doc\" target=\"_blank\" rel=\"noreferrer noopener\">anexo II<\/a>)<\/strong><\/em>&nbsp;<strong><em>(<a href=\"https:\/\/sites.uel.br\/prograd\/wp-content\/uploads\/documentos\/editais\/2022\/claa\/edital_prograd_claa_01_22_anexo_iv.doc\" target=\"_blank\" rel=\"noreferrer noopener\">anexo IV<\/a>)<\/em><\/strong><\/p>\n","protected":false},"excerpt":{"rendered":"<p>Em Conjunto com Outros \u00d3rg\u00e3os\/Setores da UEL Anos Anteriores PROGRAD\/CLAA 2022 Edital Prograd\/Claa 09\/2022 &#8211; Torna p\u00fablico o resultado final do processo de sele\u00e7\u00e3o aberto pelo Edital Prograd\/Claa n\u00ba 007\/2022, para Sele\u00e7\u00e3o de Tutoria para o Grupo PET Zootecnia Edital Prograd\/Claa 08\/2022 &#8211; Torna p\u00fablico o resultado parcial do processo de sele\u00e7\u00e3o aberto pelo Edital [&hellip;]<\/p>\n","protected":false},"author":8,"featured_media":0,"parent":0,"menu_order":0,"comment_status":"closed","ping_status":"closed","template":"","meta":{"_acf_changed":false,"_themeisle_gutenberg_block_has_review":false,"footnotes":""},"class_list":["post-2133","page","type-page","status-publish","hentry"],"acf":[],"_links":{"self":[{"href":"https:\/\/sites.uel.br\/prograd\/wp-json\/wp\/v2\/pages\/2133","targetHints":{"allow":["GET"]}}],"collection":[{"href":"https:\/\/sites.uel.br\/prograd\/wp-json\/wp\/v2\/pages"}],"about":[{"href":"https:\/\/sites.uel.br\/prograd\/wp-json\/wp\/v2\/types\/page"}],"author":[{"embeddable":true,"href":"https:\/\/sites.uel.br\/prograd\/wp-json\/wp\/v2\/users\/8"}],"replies":[{"embeddable":true,"href":"https:\/\/sites.uel.br\/prograd\/wp-json\/wp\/v2\/comments?post=2133"}],"version-history":[{"count":12,"href":"https:\/\/sites.uel.br\/prograd\/wp-json\/wp\/v2\/pages\/2133\/revisions"}],"predecessor-version":[{"id":30221,"href":"https:\/\/sites.uel.br\/prograd\/wp-json\/wp\/v2\/pages\/2133\/revisions\/30221"}],"wp:attachment":[{"href":"https:\/\/sites.uel.br\/prograd\/wp-json\/wp\/v2\/media?parent=2133"}],"curies":[{"name":"wp","href":"https:\/\/api.w.org\/{rel}","templated":true}]}}