{"id":2130,"date":"2023-03-31T14:46:53","date_gmt":"2023-03-31T17:46:53","guid":{"rendered":"https:\/\/sites.uel.br\/prograd\/?page_id=2130"},"modified":"2024-05-23T14:18:23","modified_gmt":"2024-05-23T17:18:23","slug":"editais-sebec-prograd-proppg-proex","status":"publish","type":"page","link":"https:\/\/sites.uel.br\/prograd\/editais-sebec-prograd-proppg-proex\/","title":{"rendered":"Editais"},"content":{"rendered":"\n<hr class=\"wp-block-separator has-alpha-channel-opacity is-style-wide\"\/>\n\n\n\n<h2 class=\"wp-block-heading\">Em Conjunto com Outros \u00d3rg\u00e3os\/Setores da UEL<\/h2>\n\n\n\n<h3 class=\"wp-block-heading\">Anos Anteriores<\/h3>\n\n\n\n<h3 class=\"wp-block-heading\">SEBEC\/PROGRAD\/PROPPG\/PROEX<\/h3>\n\n\n\n<div style=\"height:20px\" aria-hidden=\"true\" class=\"wp-block-spacer\"><\/div>\n\n\n\n<p><strong>2021<\/strong><\/p>\n\n\n\n<p><a href=\"https:\/\/sites.uel.br\/prograd\/wp-content\/uploads\/documentos\/editais\/2021\/sebec_prograd_proppg_proex\/edital_sebec_prograd_proppg_proex_02_21.pdf\" target=\"_blank\" rel=\"noreferrer noopener\">Edital Sebec\/Prograd\/Proppg\/Proex 02\/2021 &#8211; Torna p\u00fablico a altera\u00e7\u00e3o do prazo de inscri\u00e7\u00f5es do Edital Sebec\/Prograd\/Proppg\/Proex 01\/2021 de 15\/04\/2021 a 30\/04\/2021 para at\u00e9 o dia 02\/05\/2021 \u00e0s 23h59min<\/a><\/p>\n\n\n\n<p><a href=\"https:\/\/sites.uel.br\/prograd\/wp-content\/uploads\/documentos\/editais\/2021\/sebec_prograd_proppg_proex\/edital_sebec_prograd_proppg_proex_01_21.pdf\" target=\"_blank\" rel=\"noreferrer noopener\">Edital Sebec\/Prograd\/Proppg\/Proex 01\/2021 &#8211; Torna p\u00fablico as normas e crit\u00e9rios estabelecidos para o Processo de Sele\u00e7\u00e3o Socioecon\u00f4mica e Acad\u00eamica de estudantes cotistas da UEL, para bolsas do Programa Institucional de Apoio \u00e0 Inclus\u00e3o Social &#8211; Pesquisa e Extens\u00e3o Universit\u00e1ria 2021 da Funda\u00e7\u00e3o Arauc\u00e1ria<\/a><\/p>\n","protected":false},"excerpt":{"rendered":"<p>Em Conjunto com Outros \u00d3rg\u00e3os\/Setores da UEL Anos Anteriores SEBEC\/PROGRAD\/PROPPG\/PROEX 2021 Edital Sebec\/Prograd\/Proppg\/Proex 02\/2021 &#8211; Torna p\u00fablico a altera\u00e7\u00e3o do prazo de inscri\u00e7\u00f5es do Edital Sebec\/Prograd\/Proppg\/Proex 01\/2021 de 15\/04\/2021 a 30\/04\/2021 para at\u00e9 o dia 02\/05\/2021 \u00e0s 23h59min Edital Sebec\/Prograd\/Proppg\/Proex 01\/2021 &#8211; Torna p\u00fablico as normas e crit\u00e9rios estabelecidos para o Processo de Sele\u00e7\u00e3o Socioecon\u00f4mica [&hellip;]<\/p>\n","protected":false},"author":8,"featured_media":0,"parent":0,"menu_order":0,"comment_status":"closed","ping_status":"closed","template":"","meta":{"_acf_changed":false,"_themeisle_gutenberg_block_has_review":false,"footnotes":""},"class_list":["post-2130","page","type-page","status-publish","hentry"],"acf":[],"_links":{"self":[{"href":"https:\/\/sites.uel.br\/prograd\/wp-json\/wp\/v2\/pages\/2130","targetHints":{"allow":["GET"]}}],"collection":[{"href":"https:\/\/sites.uel.br\/prograd\/wp-json\/wp\/v2\/pages"}],"about":[{"href":"https:\/\/sites.uel.br\/prograd\/wp-json\/wp\/v2\/types\/page"}],"author":[{"embeddable":true,"href":"https:\/\/sites.uel.br\/prograd\/wp-json\/wp\/v2\/users\/8"}],"replies":[{"embeddable":true,"href":"https:\/\/sites.uel.br\/prograd\/wp-json\/wp\/v2\/comments?post=2130"}],"version-history":[{"count":9,"href":"https:\/\/sites.uel.br\/prograd\/wp-json\/wp\/v2\/pages\/2130\/revisions"}],"predecessor-version":[{"id":30218,"href":"https:\/\/sites.uel.br\/prograd\/wp-json\/wp\/v2\/pages\/2130\/revisions\/30218"}],"wp:attachment":[{"href":"https:\/\/sites.uel.br\/prograd\/wp-json\/wp\/v2\/media?parent=2130"}],"curies":[{"name":"wp","href":"https:\/\/api.w.org\/{rel}","templated":true}]}}