{"id":2126,"date":"2023-03-31T14:45:10","date_gmt":"2023-03-31T17:45:10","guid":{"rendered":"https:\/\/sites.uel.br\/prograd\/?page_id=2126"},"modified":"2024-05-23T14:18:01","modified_gmt":"2024-05-23T17:18:01","slug":"prograd-uab-parfor-nead","status":"publish","type":"page","link":"https:\/\/sites.uel.br\/prograd\/prograd-uab-parfor-nead\/","title":{"rendered":"Editais"},"content":{"rendered":"\n<hr class=\"wp-block-separator has-alpha-channel-opacity is-style-wide\"\/>\n\n\n\n<h2 class=\"wp-block-heading\">Em Conjunto com Outros \u00d3rg\u00e3os\/Setores da UEL<\/h2>\n\n\n\n<h3 class=\"wp-block-heading\">Anos Anteriores<\/h3>\n\n\n\n<h3 class=\"wp-block-heading\">PROGRAD\/UAB\/PARFOR\/NEAD<\/h3>\n\n\n\n<div style=\"height:20px\" aria-hidden=\"true\" class=\"wp-block-spacer\"><\/div>\n\n\n\n<p><strong>2014<\/strong><\/p>\n\n\n\n<p><a href=\"https:\/\/sites.uel.br\/prograd\/wp-content\/uploads\/documentos\/editais\/2014\/parfor_uab_parfor_nead\/edital_parfor_uab_parfor_nead_04_14.pdf\" target=\"_blank\" rel=\"noreferrer noopener\">Edital PROGRAD\/UAB\/PARFOR\/NEAD 004\/2014 &#8211; Resultado final de pr\u00e9-matr\u00edcula do Curso de Pedagogia &#8211; Oferta Especial &#8211; modalidade a dist\u00e2ncia, que apresenta a rela\u00e7\u00e3o de candidatos deferidos e indeferidos, ap\u00f3s an\u00e1lise pela DED\/CAPES, e dos recursos apresentados, constantes no Edital PROGRAD\/UAB\/PARFOR\/NEAD n\u00ba 003\/2014, de 14\/10\/2014<\/a><\/p>\n\n\n\n<p><a href=\"https:\/\/sites.uel.br\/prograd\/wp-content\/uploads\/documentos\/editais\/2014\/parfor_uab_parfor_nead\/edital_parfor_uab_parfor_nead_03_14.pdf\" target=\"_blank\" rel=\"noreferrer noopener\">Edital PROGRAD\/UAB\/PARFOR\/NEAD 003\/2014 &#8211; Resultado da pr\u00e9-matr\u00edcula do Curso de Pedagogia &#8211; Oferta Especial &#8211; modalidade a distancia, o qual apresenta a rela\u00e7\u00e3o de candidatos deferidos e indeferidos, obedecidas as determina\u00e7\u00f5es da CAPES<\/a><\/p>\n\n\n\n<p><a href=\"https:\/\/sites.uel.br\/prograd\/wp-content\/uploads\/documentos\/editais\/2014\/parfor_uab_parfor_nead\/edital_parfor_uab_parfor_nead_02_14.pdf\" target=\"_blank\" rel=\"noreferrer noopener\">Edital PROGRAD\/UAB\/PARFOR\/NEAD 002\/2014 &#8211; Retifica a data de Divulga\u00e7\u00e3o do Resultado da pr\u00e9-matr\u00edcula do Edital n\u00ba 001\/2014 do Curso de Pedagogia &#8211; Oferta Especial &#8211; Modalidade a dist\u00e2ncia<\/a><\/p>\n\n\n\n<p><a href=\"https:\/\/sites.uel.br\/prograd\/wp-content\/uploads\/documentos\/editais\/2014\/parfor_uab_parfor_nead\/edital_parfor_uab_parfor_nead_01_14.pdf\" target=\"_blank\" rel=\"noreferrer noopener\">Edital PROGRAD\/UAB\/PARFOR\/NEAD 001\/2014 &#8211; Estabelecem procedimentos a realiza\u00e7\u00e3o da pr\u00e9-matr\u00edcula e aproveitamento de estudos para o Curso de Pedagogia &#8211; Oferta Especial &#8211; Modalidade a dist\u00e2ncia<\/a><\/p>\n","protected":false},"excerpt":{"rendered":"<p>Em Conjunto com Outros \u00d3rg\u00e3os\/Setores da UEL Anos Anteriores PROGRAD\/UAB\/PARFOR\/NEAD 2014 Edital PROGRAD\/UAB\/PARFOR\/NEAD 004\/2014 &#8211; Resultado final de pr\u00e9-matr\u00edcula do Curso de Pedagogia &#8211; Oferta Especial &#8211; modalidade a dist\u00e2ncia, que apresenta a rela\u00e7\u00e3o de candidatos deferidos e indeferidos, ap\u00f3s an\u00e1lise pela DED\/CAPES, e dos recursos apresentados, constantes no Edital PROGRAD\/UAB\/PARFOR\/NEAD n\u00ba 003\/2014, de 14\/10\/2014 [&hellip;]<\/p>\n","protected":false},"author":8,"featured_media":0,"parent":0,"menu_order":0,"comment_status":"closed","ping_status":"closed","template":"","meta":{"_acf_changed":false,"_themeisle_gutenberg_block_has_review":false,"footnotes":""},"class_list":["post-2126","page","type-page","status-publish","hentry"],"acf":[],"_links":{"self":[{"href":"https:\/\/sites.uel.br\/prograd\/wp-json\/wp\/v2\/pages\/2126","targetHints":{"allow":["GET"]}}],"collection":[{"href":"https:\/\/sites.uel.br\/prograd\/wp-json\/wp\/v2\/pages"}],"about":[{"href":"https:\/\/sites.uel.br\/prograd\/wp-json\/wp\/v2\/types\/page"}],"author":[{"embeddable":true,"href":"https:\/\/sites.uel.br\/prograd\/wp-json\/wp\/v2\/users\/8"}],"replies":[{"embeddable":true,"href":"https:\/\/sites.uel.br\/prograd\/wp-json\/wp\/v2\/comments?post=2126"}],"version-history":[{"count":10,"href":"https:\/\/sites.uel.br\/prograd\/wp-json\/wp\/v2\/pages\/2126\/revisions"}],"predecessor-version":[{"id":30216,"href":"https:\/\/sites.uel.br\/prograd\/wp-json\/wp\/v2\/pages\/2126\/revisions\/30216"}],"wp:attachment":[{"href":"https:\/\/sites.uel.br\/prograd\/wp-json\/wp\/v2\/media?parent=2126"}],"curies":[{"name":"wp","href":"https:\/\/api.w.org\/{rel}","templated":true}]}}