{"id":2101,"date":"2023-03-31T13:48:35","date_gmt":"2023-03-31T16:48:35","guid":{"rendered":"https:\/\/sites.uel.br\/prograd\/?page_id=2101"},"modified":"2024-05-23T14:18:17","modified_gmt":"2024-05-23T17:18:17","slug":"editais-prograd-necj","status":"publish","type":"page","link":"https:\/\/sites.uel.br\/prograd\/editais-prograd-necj\/","title":{"rendered":"Editais"},"content":{"rendered":"\n<hr class=\"wp-block-separator has-alpha-channel-opacity is-style-wide\"\/>\n\n\n\n<h2 class=\"wp-block-heading\">Em Conjunto com Outros \u00d3rg\u00e3os\/Setores da UEL<\/h2>\n\n\n\n<h3 class=\"wp-block-heading\">Anos Anteriores<\/h3>\n\n\n\n<h3 class=\"wp-block-heading\">PROGRAD\/NECJ<\/h3>\n\n\n\n<div style=\"height:20px\" aria-hidden=\"true\" class=\"wp-block-spacer\"><\/div>\n\n\n\n<p><strong>2019<\/strong><\/p>\n\n\n\n<p><a href=\"https:\/\/sites.uel.br\/prograd\/wp-content\/uploads\/documentos\/editais\/2019\/necj\/convocacao_necj.pdf\" target=\"_blank\" rel=\"noreferrer noopener\">Interc\u00e2mbio Acad\u00eamico e Cultural no Jap\u00e3o &#8211; Convoca\u00e7\u00e3o Estudante Suplente Universidade Meio-Okinawa &#8211; Viviana Samara Yoko Matsui<\/a><\/p>\n\n\n\n<p><a href=\"https:\/\/sites.uel.br\/prograd\/wp-content\/uploads\/documentos\/editais\/2019\/necj\/edital_prograd_ari_necj_01_19.pdf\" target=\"_blank\" rel=\"noreferrer noopener\">Edital Prograd\/Ari\/Necj 01\/2019 -Torna p\u00fablico o edital de abertura de inscri\u00e7\u00f5es, considerando a necessidade de selecionar estudantes de gradua\u00e7\u00e3o para a realiza\u00e7\u00e3o de interc\u00e2mbio acad\u00eamico e cultural em universidades do Jap\u00e3o<\/a><\/p>\n\n\n\n<p><strong><br>2018<\/strong><\/p>\n\n\n\n<p><a href=\"https:\/\/sites.uel.br\/prograd\/wp-content\/uploads\/documentos\/editais\/2018\/necj\/edital_prograd_ari_necj_01_18.pdf\" target=\"_blank\" rel=\"noreferrer noopener\">Edital Prograd\/Ari\/Necj 01\/2018 -Torna p\u00fablico o edital de abertura de inscri\u00e7\u00f5es, considerando a necessidade de selecionar estudantes de gradua\u00e7\u00e3o para a realiza\u00e7\u00e3o de interc\u00e2mbio acad\u00eamico e cultural em universidades do Jap\u00e3o<\/a><\/p>\n\n\n\n<p><strong><br>2017<\/strong><\/p>\n\n\n\n<p><a href=\"https:\/\/sites.uel.br\/prograd\/wp-content\/uploads\/documentos\/editais\/2017\/necj\/edital_prograd_ari_necj_04_17.pdf\" target=\"_blank\" rel=\"noreferrer noopener\">Edital Prograd\/Ari\/Necj 04\/2017 &#8211; Torna p\u00fablico o edital de abertura de inscri\u00e7\u00f5es para interc\u00e2mbio acad\u00eamico-cultural para o Jap\u00e3o &#8211; Kagawa University<\/a><\/p>\n\n\n\n<p><a href=\"https:\/\/sites.uel.br\/prograd\/wp-content\/uploads\/documentos\/editais\/2017\/necj\/edital_prograd_ari_necj_01_17.pdf\" target=\"_blank\" rel=\"noreferrer noopener\">Edital Prograd\/Ari\/Necj 01\/2017 &#8211; Torna p\u00fablico o edital de abertura de inscri\u00e7\u00f5es para a realiza\u00e7\u00e3o de interc\u00e2mbio acad\u00eamico e cultural em universidades do Jap\u00e3o<\/a><\/p>\n","protected":false},"excerpt":{"rendered":"<p>Em Conjunto com Outros \u00d3rg\u00e3os\/Setores da UEL Anos Anteriores PROGRAD\/NECJ 2019 Interc\u00e2mbio Acad\u00eamico e Cultural no Jap\u00e3o &#8211; Convoca\u00e7\u00e3o Estudante Suplente Universidade Meio-Okinawa &#8211; Viviana Samara Yoko Matsui Edital Prograd\/Ari\/Necj 01\/2019 -Torna p\u00fablico o edital de abertura de inscri\u00e7\u00f5es, considerando a necessidade de selecionar estudantes de gradua\u00e7\u00e3o para a realiza\u00e7\u00e3o de interc\u00e2mbio acad\u00eamico e cultural [&hellip;]<\/p>\n","protected":false},"author":8,"featured_media":0,"parent":0,"menu_order":0,"comment_status":"closed","ping_status":"closed","template":"","meta":{"_acf_changed":false,"_themeisle_gutenberg_block_has_review":false,"footnotes":""},"class_list":["post-2101","page","type-page","status-publish","hentry"],"acf":[],"_links":{"self":[{"href":"https:\/\/sites.uel.br\/prograd\/wp-json\/wp\/v2\/pages\/2101","targetHints":{"allow":["GET"]}}],"collection":[{"href":"https:\/\/sites.uel.br\/prograd\/wp-json\/wp\/v2\/pages"}],"about":[{"href":"https:\/\/sites.uel.br\/prograd\/wp-json\/wp\/v2\/types\/page"}],"author":[{"embeddable":true,"href":"https:\/\/sites.uel.br\/prograd\/wp-json\/wp\/v2\/users\/8"}],"replies":[{"embeddable":true,"href":"https:\/\/sites.uel.br\/prograd\/wp-json\/wp\/v2\/comments?post=2101"}],"version-history":[{"count":11,"href":"https:\/\/sites.uel.br\/prograd\/wp-json\/wp\/v2\/pages\/2101\/revisions"}],"predecessor-version":[{"id":30217,"href":"https:\/\/sites.uel.br\/prograd\/wp-json\/wp\/v2\/pages\/2101\/revisions\/30217"}],"wp:attachment":[{"href":"https:\/\/sites.uel.br\/prograd\/wp-json\/wp\/v2\/media?parent=2101"}],"curies":[{"name":"wp","href":"https:\/\/api.w.org\/{rel}","templated":true}]}}