{"id":21,"date":"2022-10-11T16:38:12","date_gmt":"2022-10-11T19:38:12","guid":{"rendered":"https:\/\/sites.uel.br\/prograd\/?page_id=21"},"modified":"2025-10-24T16:56:37","modified_gmt":"2025-10-24T19:56:37","slug":"vestibular","status":"publish","type":"page","link":"https:\/\/sites.uel.br\/prograd\/graduacao\/vestibular\/","title":{"rendered":"Vestibular UEL"},"content":{"rendered":"\n<hr class=\"wp-block-separator has-alpha-channel-opacity is-style-wide\"\/>\n\n\n<div class=\"wp-block-image\">\n<figure class=\"alignright size-full\"><img loading=\"lazy\" decoding=\"async\" width=\"354\" height=\"142\" src=\"https:\/\/sites.uel.br\/prograd\/wp-content\/uploads\/2023\/02\/logo-cops-1.png\" alt=\"\" class=\"wp-image-1226\" srcset=\"https:\/\/sites.uel.br\/prograd\/wp-content\/uploads\/2023\/02\/logo-cops-1.png 354w, https:\/\/sites.uel.br\/prograd\/wp-content\/uploads\/2023\/02\/logo-cops-1-300x120.png 300w\" sizes=\"auto, (max-width: 354px) 100vw, 354px\" \/><\/figure>\n<\/div>\n\n\n<p>O Vestibular da UEL \u00e9 a principal forma de acesso \u00e0 UEL, com vagas para todos os cursos de gradua\u00e7\u00e3o presenciais da Universidade.<\/p>\n\n\n\n<p>\u00c9 um processo seletivo anual, organizado pela Coordenadoria de Processos Seletivos (COPS).<\/p>\n\n\n\n<p><\/p>\n\n\n\n<p><strong>\ud83d\udd0d Quem pode participar<\/strong><\/p>\n\n\n\n<ul class=\"wp-block-list\">\n<li>Concluintes do Ensino M\u00e9dio ou equivalente no Brasil ou no exterior;<\/li>\n\n\n\n<li>Candidatos que desejam concorrer pelo sistema universal ou pelas pol\u00edticas de a\u00e7\u00f5es afirmativas (escola p\u00fablica, negros e pessoas com defici\u00eancia), conforme previsto em edital.<\/li>\n<\/ul>\n\n\n\n<p><strong>\ud83d\udccc Como funciona o Vestibular<\/strong><\/p>\n\n\n\n<p>O processo seletivo \u00e9 realizado em fase \u00fanica e composto por:<\/p>\n\n\n\n<ul class=\"wp-block-list\">\n<li><strong>Prova de Habilidades Espec\u00edficas (PHE)<\/strong> (para cursos de Arquitetura e Urbanismo, Artes Visuais, Design Gr\u00e1fico, Design de Moda e M\u00fasica)<\/li>\n\n\n\n<li><strong>Prova de Conhecimentos Gerais<\/strong> e <strong>Reda\u00e7\u00e3o <\/strong>(para todos os candidatos)<\/li>\n\n\n\n<li><strong>Provas de Conhecimentos Espec\u00edficos<\/strong> (para cursos com concorr\u00eancia igual ou maior que 10 candidatos por vaga, na m\u00e9dia dos tr\u00eas \u00faltimos vestibulares)<\/li>\n<\/ul>\n\n\n\n<p>\ud83c\udfaf <strong>Formato das Provas do Vestibular UEL<\/strong><\/p>\n\n\n\n<ul class=\"wp-block-list\">\n<li><strong>Prova de Habilidades Espec\u00edficas (PHE)<\/strong><br>Depende do curso escolhido. No geral, a prova avalia a capacidade dos candidatos em demostrar conhecimento pr\u00e9vio para o curso, como desenhar ou tocar um instrumento.<\/li>\n\n\n\n<li><strong>Prova de Conhecimentos Gerais e Reda\u00e7\u00e3o<\/strong><br><strong>60 quest\u00f5es objetivas<\/strong> (Artes, Biologia, Filosofia, F\u00edsica, Geografia, Hist\u00f3ria, L\u00edngua Portuguesa e Literaturas em L\u00edngua Portuguesa, L\u00edngua Estrangeira (Espanhol ou Ingl\u00eas), Matem\u00e1tica e Qu\u00edmica) e <strong>proposta \u00fanica de texto dissertativo argumentativo<\/strong>.<\/li>\n\n\n\n<li><strong>Provas de Conhecimentos Espec\u00edficos<\/strong><br><strong>9 quest\u00f5es discursivas<\/strong>, distribu\u00eddas entre a disciplina de Sociologia (comum e obrigat\u00f3ria para todos os cursos) e duas disciplinas indicadas como priorit\u00e1rias pelos Colegiados dos cursos.<\/li>\n<\/ul>\n\n\n\n<p><strong>\ud83e\udded Etapas do Processo<\/strong><\/p>\n\n\n\n<ol start=\"1\" class=\"wp-block-list\">\n<li>Publica\u00e7\u00e3o da Resolu\u00e7\u00e3o do Vestibular<\/li>\n\n\n\n<li>Publica\u00e7\u00e3o do Manual do Candidato<\/li>\n\n\n\n<li>Pedido de isen\u00e7\u00e3o ou desconto do pre\u00e7o p\u00fablico<\/li>\n\n\n\n<li>Inscri\u00e7\u00e3o online<\/li>\n\n\n\n<li>Aplica\u00e7\u00e3o da Prova de Habilidades Espec\u00edficas (PHE)<\/li>\n\n\n\n<li>Divulga\u00e7\u00e3o do resultado da PHE<\/li>\n\n\n\n<li>Aplica\u00e7\u00e3o da Prova de Conhecimentos Gerais e Reda\u00e7\u00e3o<\/li>\n\n\n\n<li>Aplica\u00e7\u00e3o da Provas de Conhecimentos Espec\u00edficos<\/li>\n\n\n\n<li>Divulga\u00e7\u00e3o dos aprovados na 1\u00aa convoca\u00e7\u00e3o<\/li>\n\n\n\n<li>Pr\u00e9-matr\u00edcula dos aprovados<\/li>\n\n\n\n<li>Declara\u00e7\u00e3o de interesse na lista de espera<\/li>\n\n\n\n<li>Demais convoca\u00e7\u00f5es do Vestibular<\/li>\n<\/ol>\n\n\n\n<p><strong>\ud83d\udcc4 Pol\u00edticas de A\u00e7\u00f5es Afirmativas<\/strong><\/p>\n\n\n\n<p>A UEL reserva vagas para estudantes de escolas p\u00fablicas, pessoas autodeclaradas pretas ou pardas e pessoas com defici\u00eancia, conforme a Lei Estadual n\u00ba 20.443\/2022 e normas internas.<\/p>\n\n\n\n<ul class=\"wp-block-list\">\n<li>10% para estudantes de escola p\u00fablica<\/li>\n\n\n\n<li>10% para estudantes autodeclarados negros de escola p\u00fablica<\/li>\n\n\n\n<li>5% para candidatos autodeclarados negros, independente do percurso de forma\u00e7\u00e3o.<\/li>\n\n\n\n<li>5% para pessoas com defici\u00eancia<\/li>\n<\/ul>\n\n\n\n<p>Saiba mais sobre a <a href=\"https:\/\/sites.uel.br\/prograd\/graduacao\/acoes-afirmativas\/politicas-de-cotas-da-uel\/\" target=\"_blank\" rel=\"noreferrer noopener\">Pol\u00edticas de Cotas da UEL<\/a>.<\/p>\n\n\n\n<p><strong>\ud83d\udcda Manual do Candidato e Provas Anteriores<\/strong><\/p>\n\n\n\n<p>Para auxiliar na prepara\u00e7\u00e3o, a UEL disponibiliza:<\/p>\n\n\n\n<ul class=\"wp-block-list\">\n<li>Manual do Candidato<\/li>\n\n\n\n<li>Provas e gabaritos de anos anteriores<\/li>\n\n\n\n<li>Revista Di\u00e1logos Pedag\u00f3gicos \u2013 quest\u00f5es comentadas<\/li>\n<\/ul>\n\n\n\n<p>\ud83d\udd17 Dispon\u00edveis no <a href=\"https:\/\/sites.uel.br\/vestibular\/\" target=\"_blank\" rel=\"noreferrer noopener\">site do Vestibular<\/a>.<\/p>\n\n\n\n<p><strong>\ud83d\udcc4 Pr\u00e9-matr\u00edcula e matr\u00edcula<\/strong><\/p>\n\n\n\n<ul class=\"wp-block-list\">\n<li>A pr\u00e9-matr\u00edcula \u00e9 a primeira fase a ser cumprida para assegurar a ocupa\u00e7\u00e3o da vaga na UEL. Os estudantes devem acessar o <a href=\"https:\/\/sistemas.uel.br\/portaldoestudante\/preMatricula\/preMatricula\">Portal do Estudante<\/a> e enviar a documenta\u00e7\u00e3o exigida.<\/li>\n\n\n\n<li>A segunda fase ocorre nos 5 primeiros dias \u00fateis do in\u00edcio do ano letivo, quando deve ser feita a &#8216;Confirma\u00e7\u00e3o de Matr\u00edcula&#8217;, no Portal do Estudante.<\/li>\n<\/ul>\n\n\n\n<p>Confira a lista de documento exigidas para a <a href=\"https:\/\/sistemas.uel.br\/portaldoestudante\/preMatricula\/preMatricula\">pr\u00e9-matr\u00edcula na UEL<\/a>.<\/p>\n\n\n\n<p><strong>\ud83d\udd17 Links \u00fateis<\/strong><\/p>\n\n\n\n<ul class=\"wp-block-list\">\n<li><a href=\"https:\/\/sites.uel.br\/cursinho\/\" target=\"_blank\" rel=\"noreferrer noopener\">Informa\u00e7\u00f5es oficiais do Vestibular UEL<\/a><\/li>\n\n\n\n<li><a href=\"https:\/\/sites.uel.br\/prograd\/\" target=\"_blank\" rel=\"noreferrer noopener\">P\u00e1gina da Pr\u00f3-Reitoria de Gradua\u00e7\u00e3o (Prograd)<\/a><\/li>\n\n\n\n<li><a href=\"https:\/\/www.cops.uel.br\/v2\/Selecao\/DetalharSelecao\/Selecao\/385\">P\u00e1gina da Coordenadoria de Processos Seletivos (Cops)<\/a><\/li>\n\n\n\n<li><a href=\"https:\/\/sistemas.uel.br\/portaldoestudante\/index\" target=\"_blank\" rel=\"noreferrer noopener\">Portal do Estudante de Gradua\u00e7\u00e3o da UEL<\/a><\/li>\n\n\n\n<li><a href=\"https:\/\/sites.uel.br\/cursinho\/\" target=\"_blank\" rel=\"noreferrer noopener\">P\u00e1gina do Curso Pr\u00e9-Vestibular da UEL (CEPV)<\/a><\/li>\n<\/ul>\n\n\n\n<p><\/p>\n\n\n\n<p><\/p>\n","protected":false},"excerpt":{"rendered":"<p>O Vestibular da UEL \u00e9 a principal forma de acesso \u00e0 UEL, com vagas para todos os cursos de gradua\u00e7\u00e3o presenciais da Universidade. \u00c9 um processo seletivo anual, organizado pela Coordenadoria de Processos Seletivos (COPS). \ud83d\udd0d Quem pode participar \ud83d\udccc Como funciona o Vestibular O processo seletivo \u00e9 realizado em fase \u00fanica e composto por: [&hellip;]<\/p>\n","protected":false},"author":2,"featured_media":0,"parent":12,"menu_order":0,"comment_status":"closed","ping_status":"closed","template":"","meta":{"_acf_changed":false,"_themeisle_gutenberg_block_has_review":false,"footnotes":""},"class_list":["post-21","page","type-page","status-publish","hentry"],"acf":[],"_links":{"self":[{"href":"https:\/\/sites.uel.br\/prograd\/wp-json\/wp\/v2\/pages\/21","targetHints":{"allow":["GET"]}}],"collection":[{"href":"https:\/\/sites.uel.br\/prograd\/wp-json\/wp\/v2\/pages"}],"about":[{"href":"https:\/\/sites.uel.br\/prograd\/wp-json\/wp\/v2\/types\/page"}],"author":[{"embeddable":true,"href":"https:\/\/sites.uel.br\/prograd\/wp-json\/wp\/v2\/users\/2"}],"replies":[{"embeddable":true,"href":"https:\/\/sites.uel.br\/prograd\/wp-json\/wp\/v2\/comments?post=21"}],"version-history":[{"count":23,"href":"https:\/\/sites.uel.br\/prograd\/wp-json\/wp\/v2\/pages\/21\/revisions"}],"predecessor-version":[{"id":35699,"href":"https:\/\/sites.uel.br\/prograd\/wp-json\/wp\/v2\/pages\/21\/revisions\/35699"}],"up":[{"embeddable":true,"href":"https:\/\/sites.uel.br\/prograd\/wp-json\/wp\/v2\/pages\/12"}],"wp:attachment":[{"href":"https:\/\/sites.uel.br\/prograd\/wp-json\/wp\/v2\/media?parent=21"}],"curies":[{"name":"wp","href":"https:\/\/api.w.org\/{rel}","templated":true}]}}