{"id":2096,"date":"2023-03-31T13:46:24","date_gmt":"2023-03-31T16:46:24","guid":{"rendered":"https:\/\/sites.uel.br\/prograd\/?page_id=2096"},"modified":"2024-05-23T14:22:52","modified_gmt":"2024-05-23T17:22:52","slug":"editais-prograd-cap","status":"publish","type":"page","link":"https:\/\/sites.uel.br\/prograd\/editais-prograd-cap\/","title":{"rendered":"Editais"},"content":{"rendered":"\n<hr class=\"wp-block-separator has-alpha-channel-opacity is-style-wide\"\/>\n\n\n\n<h2 class=\"wp-block-heading\">Em Conjunto com Outros \u00d3rg\u00e3os\/Setores da UEL<\/h2>\n\n\n\n<h3 class=\"wp-block-heading\">Anos Anteriores<\/h3>\n\n\n\n<h3 class=\"wp-block-heading\">PROGRAD\/CAP<\/h3>\n\n\n\n<div style=\"height:20px\" aria-hidden=\"true\" class=\"wp-block-spacer\"><\/div>\n\n\n\n<p><strong>2015<\/strong><\/p>\n\n\n\n<p><a href=\"https:\/\/sites.uel.br\/prograd\/wp-content\/uploads\/documentos\/editais\/2015\/cap\/edital_prograd_cap_06_15.pdf\" target=\"_blank\" rel=\"noreferrer noopener\">Edital PROGRAD\/CAP 006\/2015 &#8211; Resultado do processo de sele\u00e7\u00e3o para o \u201cPrograma Institucional de Bolsas de Inicia\u00e7\u00e3o \u00e0 Doc\u00eancia\u201d, aberto pelo Edital PROGRAD\/CAP N\u00ba 05\/2015<\/a><\/p>\n\n\n\n<p><a href=\"https:\/\/sites.uel.br\/prograd\/wp-content\/uploads\/documentos\/editais\/2015\/cap\/edital_prograd_cap_05_15.pdf\" target=\"_blank\" rel=\"noreferrer noopener\">Edital PROGRAD\/CAP 005\/2015 &#8211; Torna p\u00fablico a abertura de inscri\u00e7\u00e3o para o processo de<br>sele\u00e7\u00e3o de vagas remanescentes para atuar como bolsista de inicia\u00e7\u00e3o \u00e0 doc\u00eancia e supervisor em \u00e1rea espec\u00edfica e para regime de dedica\u00e7\u00e3o<\/a><br><br><strong><em>Obs:&nbsp;<a href=\"https:\/\/sites.uel.br\/prograd\/wp-content\/uploads\/documentos\/editais\/2015\/cap\/anexo_edital_prograd_cap_05.15.doc\" target=\"_blank\" rel=\"noreferrer noopener\">os anexos IV, V e VI do Edital PROGRAD\/CAP 005\/2015, est\u00e3o dispon\u00edveis no formato Word (DOC) para download e preenchimento, clique aqui<\/a><\/em><\/strong><\/p>\n\n\n\n<p><a href=\"https:\/\/sites.uel.br\/prograd\/wp-content\/uploads\/documentos\/editais\/2015\/cap\/edital_prograd_cap_04_15.pdf\" target=\"_blank\" rel=\"noreferrer noopener\">Edital PROGRAD\/CAP 004\/2015 &#8211; Resultado do processo de sele\u00e7\u00e3o para o \u201cPrograma Institucional de Bolsas de Inicia\u00e7\u00e3o \u00e0 Doc\u00eancia\u201d, aberto pelo Edital PROGRAD\/CAP N\u00ba 03\/2015<\/a><\/p>\n\n\n\n<p><a href=\"https:\/\/sites.uel.br\/prograd\/wp-content\/uploads\/documentos\/editais\/2015\/cap\/edital_prograd_cap_03_15.pdf\" target=\"_blank\" rel=\"noreferrer noopener\">Edital PROGRAD\/CAP 003\/2015 &#8211; Torna p\u00fablico a abertura de inscri\u00e7\u00e3o para o processo de sele\u00e7\u00e3o de vagas remanescentes para atuar como bolsista de inicia\u00e7\u00e3o \u00e0 doc\u00eancia e supervisor em \u00e1rea espec\u00edfica e para regime de dedica\u00e7\u00e3o<\/a><br><br><strong><em>Obs:&nbsp;<a href=\"https:\/\/sites.uel.br\/prograd\/wp-content\/uploads\/documentos\/editais\/2015\/cap\/anexo_edital_prograd_cap_03.15.doc\" target=\"_blank\" rel=\"noreferrer noopener\">os anexos IV, V e VI do Edital PROGRAD\/CAP 003\/2015, est\u00e3o dispon\u00edveis no formato Word (DOC) para download e preenchimento, clique aqui<\/a><\/em><\/strong><\/p>\n\n\n\n<p><a href=\"https:\/\/sites.uel.br\/prograd\/wp-content\/uploads\/documentos\/editais\/2015\/cap\/edital_prograd_cap_02_15.pdf\" target=\"_blank\" rel=\"noreferrer noopener\">Edital PROGRAD\/CAP 002\/2015 &#8211; Resultado do processo de sele\u00e7\u00e3o para o &#8220;Programa Institucional de Bolsas de Inicia\u00e7\u00e3o \u00e0 Doc\u00eancia&#8221;, aberto pelo Edital PROGRAD\/CAP N\u00ba 01\/2015<\/a><\/p>\n\n\n\n<p><a href=\"https:\/\/sites.uel.br\/prograd\/wp-content\/uploads\/documentos\/editais\/2015\/cap\/edital_prograd_cap_01_15.pdf\" target=\"_blank\" rel=\"noreferrer noopener\">Edital PROGRAD\/CAP 001\/2015 &#8211; Programa Institucional de Bolsa de Inicia\u00e7\u00e3o \u00e0 Doc\u00eancia \u2013 PIBID, torna p\u00fablico a abertura de inscri\u00e7\u00e3o para o processo de sele\u00e7\u00e3o de vagas remanescentes para atuar como bolsista de Inicia\u00e7\u00e3o \u00e0 Doc\u00eancia, supervisor em \u00e1rea espec\u00edfica<\/a><\/p>\n","protected":false},"excerpt":{"rendered":"<p>Em Conjunto com Outros \u00d3rg\u00e3os\/Setores da UEL Anos Anteriores PROGRAD\/CAP 2015 Edital PROGRAD\/CAP 006\/2015 &#8211; Resultado do processo de sele\u00e7\u00e3o para o \u201cPrograma Institucional de Bolsas de Inicia\u00e7\u00e3o \u00e0 Doc\u00eancia\u201d, aberto pelo Edital PROGRAD\/CAP N\u00ba 05\/2015 Edital PROGRAD\/CAP 005\/2015 &#8211; Torna p\u00fablico a abertura de inscri\u00e7\u00e3o para o processo desele\u00e7\u00e3o de vagas remanescentes para atuar [&hellip;]<\/p>\n","protected":false},"author":8,"featured_media":0,"parent":0,"menu_order":0,"comment_status":"closed","ping_status":"closed","template":"","meta":{"_acf_changed":false,"_themeisle_gutenberg_block_has_review":false,"footnotes":""},"class_list":["post-2096","page","type-page","status-publish","hentry"],"acf":[],"_links":{"self":[{"href":"https:\/\/sites.uel.br\/prograd\/wp-json\/wp\/v2\/pages\/2096","targetHints":{"allow":["GET"]}}],"collection":[{"href":"https:\/\/sites.uel.br\/prograd\/wp-json\/wp\/v2\/pages"}],"about":[{"href":"https:\/\/sites.uel.br\/prograd\/wp-json\/wp\/v2\/types\/page"}],"author":[{"embeddable":true,"href":"https:\/\/sites.uel.br\/prograd\/wp-json\/wp\/v2\/users\/8"}],"replies":[{"embeddable":true,"href":"https:\/\/sites.uel.br\/prograd\/wp-json\/wp\/v2\/comments?post=2096"}],"version-history":[{"count":10,"href":"https:\/\/sites.uel.br\/prograd\/wp-json\/wp\/v2\/pages\/2096\/revisions"}],"predecessor-version":[{"id":30220,"href":"https:\/\/sites.uel.br\/prograd\/wp-json\/wp\/v2\/pages\/2096\/revisions\/30220"}],"wp:attachment":[{"href":"https:\/\/sites.uel.br\/prograd\/wp-json\/wp\/v2\/media?parent=2096"}],"curies":[{"name":"wp","href":"https:\/\/api.w.org\/{rel}","templated":true}]}}