{"id":2025,"date":"2023-03-31T12:10:58","date_gmt":"2023-03-31T15:10:58","guid":{"rendered":"https:\/\/sites.uel.br\/prograd\/?page_id=2025"},"modified":"2024-05-23T11:48:23","modified_gmt":"2024-05-23T14:48:23","slug":"editais-2015","status":"publish","type":"page","link":"https:\/\/sites.uel.br\/prograd\/editais-2015\/","title":{"rendered":"Editais"},"content":{"rendered":"\n<hr class=\"wp-block-separator has-alpha-channel-opacity is-style-wide\"\/>\n\n\n\n<h2 class=\"wp-block-heading\">Anos Anteriores<\/h2>\n\n\n\n<h3 class=\"wp-block-heading\">2015<\/h3>\n\n\n\n<div style=\"height:20px\" aria-hidden=\"true\" class=\"wp-block-spacer\"><\/div>\n\n\n\n<p><a href=\"https:\/\/sites.uel.br\/prograd\/wp-content\/uploads\/documentos\/editais\/2015\/prograd\/edital_101_15.pdf\" target=\"_blank\" rel=\"noreferrer noopener\">Edital 101\/2015 &#8211; Pedido de Prorroga\u00e7\u00e3o de Prazo Deferido<\/a><\/p>\n\n\n\n<p><a href=\"https:\/\/sites.uel.br\/prograd\/wp-content\/uploads\/documentos\/editais\/2015\/prograd\/edital_100_15.pdf\" target=\"_blank\" rel=\"noreferrer noopener\">Edital 100\/2015 &#8211; Estudante Participante do Programa de Estudantes-Conv\u00eanio de Gradua\u00e7\u00e3o &#8211; PEC-G &#8211; Cancelado no Ano Letivo de 2015<\/a><\/p>\n\n\n\n<p><a href=\"https:\/\/sites.uel.br\/prograd\/wp-content\/uploads\/documentos\/editais\/2015\/prograd\/edital_99_15.pdf\" target=\"_blank\" rel=\"noreferrer noopener\">Edital 99\/2015 &#8211; Torna p\u00fablico aos estudantes de gradua\u00e7\u00e3o de outras IES as vagas, os cursos e prazos para as candidaturas para o primeiro semestre de 2016 no campus de Londrina &#8211; Paran\u00e1, objetivando a chamada do Programa de Mobilidade ABRUEM, em parceria com as Institui\u00e7\u00f5es de Ensino Superior (IES) por interm\u00e9dio da Associa\u00e7\u00e3o Brasileira dos Reitores das Universidades Estaduais e Municipais (ABRUEM)<\/a><\/p>\n\n\n\n<p><a href=\"https:\/\/sites.uel.br\/prograd\/wp-content\/uploads\/documentos\/editais\/2015\/prograd\/edital_98_15.pdf\" target=\"_blank\" rel=\"noreferrer noopener\">Edital 98\/2015 &#8211; Pedidos de Prorroga\u00e7\u00e3o de Prazo Deferidos<\/a><\/p>\n\n\n\n<p><a href=\"https:\/\/sites.uel.br\/prograd\/wp-content\/uploads\/documentos\/editais\/2015\/prograd\/edital_89_15_97_15.pdf\" target=\"_blank\" rel=\"noreferrer noopener\">Editais 89\/2015 a 97\/2015- Disciplinas Especiais<\/a><\/p>\n\n\n\n<p><a href=\"https:\/\/sites.uel.br\/prograd\/wp-content\/uploads\/documentos\/editais\/2015\/prograd\/edital_86_15_88_15.pdf\" target=\"_blank\" rel=\"noreferrer noopener\">Editais 86\/2015 a 88\/2015- Disciplinas Optativas<\/a><\/p>\n\n\n\n<p><a href=\"https:\/\/sites.uel.br\/prograd\/wp-content\/uploads\/documentos\/editais\/2015\/prograd\/edital_84_15_85_15.pdf\" target=\"_blank\" rel=\"noreferrer noopener\">Editais 84\/2015 a 85\/2015- Ajuste de Matr\u00edcula<\/a><\/p>\n\n\n\n<p><a href=\"https:\/\/sites.uel.br\/prograd\/wp-content\/uploads\/documentos\/editais\/2015\/prograd\/edital_83_15.pdf\" target=\"_blank\" rel=\"noreferrer noopener\">Edital 83\/2015 &#8211; Pedido de Prorroga\u00e7\u00e3o de Prazo Deferido<\/a><\/p>\n\n\n\n<p><a href=\"https:\/\/sites.uel.br\/prograd\/wp-content\/uploads\/documentos\/editais\/2015\/prograd\/edital_81_15.pdf\" target=\"_blank\" rel=\"noreferrer noopener\">Edital 81\/2015 &#8211; Torna p\u00fablico o resultado final do processo seletivo aberto por meio do Edital PROGRAD n\u00ba 077\/2015, para sele\u00e7\u00e3o de Bolsista rec\u00e9m-graduado, para atua\u00e7\u00e3o no Programa de Apoio ao Acesso e Perman\u00eancia para a Forma\u00e7\u00e3o do Estudante da UEL &#8211; PROPE<\/a><\/p>\n\n\n\n<p><a href=\"https:\/\/sites.uel.br\/prograd\/wp-content\/uploads\/documentos\/editais\/2015\/prograd\/edital_80_15.pdf\" target=\"_blank\" rel=\"noreferrer noopener\">Edital 80\/2015 &#8211; Torna p\u00fablico o resultado da prova escrita do processo de sele\u00e7\u00e3o de Bolsista rec\u00e9m-graduado para atuar no &#8220;Programa de Apoio ao Acesso e Perman\u00eancia para a Forma\u00e7\u00e3o do Estudante da UEL &#8211; PROPE&#8221;<\/a><\/p>\n\n\n\n<p><a href=\"https:\/\/sites.uel.br\/prograd\/wp-content\/uploads\/documentos\/editais\/2015\/prograd\/edital_79_15.pdf\" target=\"_blank\" rel=\"noreferrer noopener\">Edital 79\/2015 &#8211; Torna p\u00fablico o resultado da an\u00e1lise da documenta\u00e7\u00e3o do processo seletivo, aberto por meio do Edital PROGRAD n\u00ba 77\/2015, para sele\u00e7\u00e3o de bolsista rec\u00e9m-graduado, para atuar no PROGRAMA DE APOIO AO ACESSO E PERMAN\u00caNCIA PARA A FORMA\u00c7\u00c3O DO ESTUDANTE DA UEL (PROPE)<\/a><\/p>\n\n\n\n<p><a href=\"https:\/\/sites.uel.br\/prograd\/wp-content\/uploads\/documentos\/editais\/2015\/prograd\/edital_78_15.pdf\" target=\"_blank\" rel=\"noreferrer noopener\">Edital 78\/2015 &#8211; Inscri\u00e7\u00e3o para Disciplina Especial em Libras<\/a><\/p>\n\n\n\n<p><a href=\"https:\/\/sites.uel.br\/prograd\/wp-content\/uploads\/documentos\/editais\/2015\/prograd\/edital_77_15.pdf\" target=\"_blank\" rel=\"noreferrer noopener\">Edital 77\/2015 &#8211; Torna p\u00fablica a abertura de inscri\u00e7\u00e3o para o processo de sele\u00e7\u00e3o de estudante\/bolsista rec\u00e9m-graduado para atuarem como bolsistas do Programa de Apoio ao Acesso e Perman\u00eancia para a Forma\u00e7\u00e3o do Estudante da UEL (PROPE)<\/a><\/p>\n\n\n\n<p><a href=\"https:\/\/sites.uel.br\/prograd\/wp-content\/uploads\/documentos\/editais\/2015\/prograd\/edital_76_15.pdf\" target=\"_blank\" rel=\"noreferrer noopener\">Edital 76\/2015 &#8211; Requerimento de Rematr\u00edcula Indeferidos<\/a><\/p>\n\n\n\n<p><a href=\"https:\/\/sites.uel.br\/prograd\/wp-content\/uploads\/documentos\/editais\/2015\/prograd\/edital_75_15.pdf\" target=\"_blank\" rel=\"noreferrer noopener\">Edital 75\/2015 &#8211; Requerimento de Rematr\u00edcula &#8211; Deferidos<\/a><\/p>\n\n\n\n<p><a href=\"https:\/\/sites.uel.br\/prograd\/wp-content\/uploads\/documentos\/editais\/2015\/prograd\/edital_73_15.pdf\" target=\"_blank\" rel=\"noreferrer noopener\">Edital 73\/2015 &#8211; Pedido de Prorroga\u00e7\u00e3o de Prazo Deferido<\/a><\/p>\n\n\n\n<p><a href=\"https:\/\/sites.uel.br\/prograd\/wp-content\/uploads\/documentos\/editais\/2015\/prograd\/edital_72_15.pdf\" target=\"_blank\" rel=\"noreferrer noopener\">Edital 72\/2015 &#8211; Pedido de Prorroga\u00e7\u00e3o de Prazo Deferido<\/a><\/p>\n\n\n\n<p><a href=\"https:\/\/sites.uel.br\/prograd\/wp-content\/uploads\/documentos\/editais\/2015\/prograd\/edital_71_15.pdf\" target=\"_blank\" rel=\"noreferrer noopener\">Edital 71\/2015 &#8211; Pedidos de Prorroga\u00e7\u00e3o de Prazo Deferidos<\/a><\/p>\n\n\n\n<p><a href=\"https:\/\/sites.uel.br\/prograd\/wp-content\/uploads\/documentos\/editais\/2015\/prograd\/edital_70_15.pdf\" target=\"_blank\" rel=\"noreferrer noopener\">Edital 70\/2015 &#8211; Sele\u00e7\u00e3o de estudantes para o Programa Bolsas &#8220;Ibero-Americanas para Estudantes de Gradua\u00e7\u00e3o &#8211; Santander Universidades&#8221; Edi\u00e7\u00e3o 2015\/Bolsas ABRUEM, tendo em vista o Edital Prograd 54\/2015<\/a><\/p>\n\n\n\n<p><a href=\"https:\/\/sites.uel.br\/prograd\/wp-content\/uploads\/documentos\/editais\/2015\/prograd\/edital_69_15.pdf\" target=\"_blank\" rel=\"noreferrer noopener\">Edital 69\/2015 &#8211; Retira Estudantes da Rela\u00e7\u00e3o de Jubilados de 2014, Constante do Edital Prograd n\u00ba 015\/2015<\/a><\/p>\n\n\n\n<p><a href=\"https:\/\/sites.uel.br\/prograd\/wp-content\/uploads\/documentos\/editais\/2015\/prograd\/edital_68_15.pdf\" target=\"_blank\" rel=\"noreferrer noopener\">Edital 68\/2015 &#8211; Pedido de Prorroga\u00e7\u00e3o de Prazo Deferido<\/a><\/p>\n\n\n\n<p><a href=\"https:\/\/sites.uel.br\/prograd\/wp-content\/uploads\/documentos\/editais\/2015\/prograd\/edital_67_15.pdf\" target=\"_blank\" rel=\"noreferrer noopener\">Edital 67\/2015 &#8211; Pedido de Prorroga\u00e7\u00e3o de Prazo Deferido<\/a><\/p>\n\n\n\n<p><a href=\"https:\/\/sites.uel.br\/prograd\/wp-content\/uploads\/documentos\/editais\/2015\/prograd\/edital_66_15.pdf\" target=\"_blank\" rel=\"noreferrer noopener\">Edital 66\/2015 &#8211; Resultado da sele\u00e7\u00e3o realizada pela Pr\u00f3-Reitoria de Gradua\u00e7\u00e3o e Assessoria de Rela\u00e7\u00f5es Internacionais para o Programa Bolsas Ibero-Americanas Para Estudantes De Gradua\u00e7\u00e3o Santander Universidades &#8211; Edi\u00e7\u00e3o 2015<\/a><\/p>\n\n\n\n<p><a href=\"https:\/\/sites.uel.br\/prograd\/wp-content\/uploads\/documentos\/editais\/2015\/prograd\/edital_65_15.pdf\" target=\"_blank\" rel=\"noreferrer noopener\">Edital 65\/2015 &#8211; Portador de Diploma de Curso Superior &#8211; Outra Habilita\u00e7\u00e3o do Mesmo Curso &#8211; Resultado Final<\/a><\/p>\n\n\n\n<p><a href=\"https:\/\/sites.uel.br\/prograd\/wp-content\/uploads\/documentos\/editais\/2015\/prograd\/edital_64_15.pdf\" target=\"_blank\" rel=\"noreferrer noopener\">Edital 64\/2015 &#8211; Rela\u00e7\u00e3o dos Estudantes que t\u00eam Prazo M\u00e1ximo at\u00e9 o Primeiro Semestre Letivo de 2015 para Permanecerem na Institui\u00e7\u00e3o<\/a><\/p>\n\n\n\n<p><a href=\"https:\/\/sites.uel.br\/prograd\/wp-content\/uploads\/documentos\/editais\/2015\/prograd\/edital_63_15.pdf\" target=\"_blank\" rel=\"noreferrer noopener\">Edital 63\/2015 &#8211; Rela\u00e7\u00e3o dos Estudantes que t\u00eam Prazo M\u00e1ximo at\u00e9 2015 para Permanecerem na Institui\u00e7\u00e3o<\/a><\/p>\n\n\n\n<p><a href=\"https:\/\/sites.uel.br\/prograd\/wp-content\/uploads\/documentos\/editais\/2015\/prograd\/edital_62_15.pdf\" target=\"_blank\" rel=\"noreferrer noopener\">Edital 62\/2015 &#8211; Retira Estudantes da Rela\u00e7\u00e3o de Jubilados de 2014, constante do Edital Prograd n\u00ba 015\/2015<\/a><\/p>\n\n\n\n<p><a href=\"https:\/\/sites.uel.br\/prograd\/wp-content\/uploads\/documentos\/editais\/2015\/prograd\/edital_61_15.pdf\" target=\"_blank\" rel=\"noreferrer noopener\">Edital 61\/2015 &#8211; Pedido de Prorroga\u00e7\u00e3o de Prazo Deferido<\/a><\/p>\n\n\n\n<p><a href=\"https:\/\/sites.uel.br\/prograd\/wp-content\/uploads\/documentos\/editais\/2015\/prograd\/edital_60_15.pdf\" target=\"_blank\" rel=\"noreferrer noopener\">Edital 60\/2015 &#8211; Portador de Diploma de Curso Superior &#8211; Vaga Inicial &#8211; Requerimentos Deferidos &#8211; 2\u00aa Convoca\u00e7\u00e3o<\/a><\/p>\n\n\n\n<p><a href=\"https:\/\/sites.uel.br\/prograd\/wp-content\/uploads\/documentos\/editais\/2015\/prograd\/edital_59_15.pdf\" target=\"_blank\" rel=\"noreferrer noopener\">Edital 59\/2015 &#8211; Pedido de Prorroga\u00e7\u00e3o de Prazo Deferido<\/a><\/p>\n\n\n\n<p><a href=\"https:\/\/sites.uel.br\/prograd\/wp-content\/uploads\/documentos\/editais\/2015\/prograd\/edital_58_15.pdf\" target=\"_blank\" rel=\"noreferrer noopener\">Edital 58\/2015 &#8211; XIV &#8211; Vestibular dos Povos Ind\u00edgenas no Paran\u00e1 &#8211; 2015 &#8211; Matr\u00edcula<\/a><\/p>\n\n\n\n<p><a href=\"https:\/\/sites.uel.br\/prograd\/wp-content\/uploads\/documentos\/editais\/2015\/prograd\/edital_56_15.pdf\" target=\"_blank\" rel=\"noreferrer noopener\">Edital 56\/2015 &#8211; Pedido de Prorroga\u00e7\u00e3o de Prazo Deferido<\/a><\/p>\n\n\n\n<p><a href=\"https:\/\/sites.uel.br\/prograd\/wp-content\/uploads\/documentos\/editais\/2015\/prograd\/edital_55_15.pdf\" target=\"_blank\" rel=\"noreferrer noopener\">Edital 55\/2015 &#8211; Matr\u00edcula n\u00e3o Homologada &#8211; Processo Seletivo Vestibular 2015<\/a><\/p>\n\n\n\n<p><a href=\"https:\/\/sites.uel.br\/prograd\/wp-content\/uploads\/documentos\/editais\/2015\/prograd\/edital_54_15.pdf\" target=\"_blank\" rel=\"noreferrer noopener\">Edital 54\/2015 &#8211; Programa Bolsas Ibero-Americanas para Estudantes de Gradua\u00e7\u00e3o Santander Universidades &#8211; Edi\u00e7\u00e3o 2015<\/a><\/p>\n\n\n\n<p><a href=\"https:\/\/sites.uel.br\/prograd\/wp-content\/uploads\/documentos\/editais\/2015\/prograd\/edital_53_15.pdf\" target=\"_blank\" rel=\"noreferrer noopener\">Edital 53\/2015 &#8211; Matr\u00edculas Homologadas &#8211; Processo Seletivo Vestibular 2015<\/a><\/p>\n\n\n\n<p><a href=\"https:\/\/sites.uel.br\/prograd\/wp-content\/uploads\/documentos\/editais\/2015\/prograd\/edital_52_15.pdf\" target=\"_blank\" rel=\"noreferrer noopener\">Edital 52\/2015 &#8211; Portador de Diploma de Curso Superior &#8211; Vaga Inicial &#8211; Resultado<\/a><\/p>\n\n\n\n<p><a href=\"https:\/\/sites.uel.br\/prograd\/wp-content\/uploads\/documentos\/editais\/2015\/prograd\/edital_51_15.pdf\" target=\"_blank\" rel=\"noreferrer noopener\">Edital 51\/2015 &#8211; Pedidos de Prorroga\u00e7\u00e3o de Prazo Deferidos<\/a><\/p>\n\n\n\n<p><a href=\"https:\/\/sites.uel.br\/prograd\/wp-content\/uploads\/documentos\/editais\/2015\/prograd\/edital_44_15_50_15.pdf\" target=\"_blank\" rel=\"noreferrer noopener\">Editais 44 a 50\/2015 &#8211; Disciplinas Eletivas<\/a><\/p>\n\n\n\n<p><a href=\"https:\/\/sites.uel.br\/prograd\/wp-content\/uploads\/documentos\/editais\/2015\/prograd\/edital_36_15_43_15.pdf\" target=\"_blank\" rel=\"noreferrer noopener\">Editais 36 a 43\/2015 &#8211; Disciplinas Especiais<\/a><\/p>\n\n\n\n<p><a href=\"https:\/\/sites.uel.br\/prograd\/wp-content\/uploads\/documentos\/editais\/2015\/prograd\/edital_31_15_35_15.pdf\" target=\"_blank\" rel=\"noreferrer noopener\">Editais 31 a 35\/2015 &#8211; Disciplinas Optativas<\/a><\/p>\n\n\n\n<p><a href=\"https:\/\/sites.uel.br\/prograd\/wp-content\/uploads\/documentos\/editais\/2015\/prograd\/edital_30_15.pdf\" target=\"_blank\" rel=\"noreferrer noopener\">Edital 30\/2015 &#8211; Disciplinas Especiais Programadas<\/a><\/p>\n\n\n\n<p><a href=\"https:\/\/sites.uel.br\/prograd\/wp-content\/uploads\/documentos\/editais\/2015\/prograd\/edital_26_15_29_15.pdf\" target=\"_blank\" rel=\"noreferrer noopener\">Editais 26 a 29\/2015 &#8211; Sistema de Matr\u00edcula por Atividade Acad\u00eamica de Gradua\u00e7\u00e3o<\/a><\/p>\n\n\n\n<p><a href=\"https:\/\/sites.uel.br\/prograd\/wp-content\/uploads\/documentos\/editais\/2015\/prograd\/edital_25_15.pdf\" target=\"_blank\" rel=\"noreferrer noopener\">Edital 25\/2015 &#8211; Estudante Participante do Programa de Estudantes-Conv\u00eanio de Gradua\u00e7\u00e3o &#8211; PEC-G &#8211; Cancelado no Ano Letivo de 2015<\/a><\/p>\n\n\n\n<p><a href=\"https:\/\/sites.uel.br\/prograd\/wp-content\/uploads\/documentos\/editais\/2015\/prograd\/edital_24_15.pdf\" target=\"_blank\" rel=\"noreferrer noopener\">Edital 24\/2015 &#8211; Transfer\u00eancia Externa &#8211; Ano Letivo 2015 &#8211; Resultado de Recurso<\/a><\/p>\n\n\n\n<p><a href=\"https:\/\/sites.uel.br\/prograd\/wp-content\/uploads\/documentos\/editais\/2015\/prograd\/edital_23_15.pdf\" target=\"_blank\" rel=\"noreferrer noopener\">Edital 23\/2015 &#8211; Matr\u00edcula Homologada &#8211; Processo Seletivo Vestibular 2015<\/a><\/p>\n\n\n\n<p><a href=\"https:\/\/sites.uel.br\/prograd\/wp-content\/uploads\/documentos\/editais\/2015\/prograd\/edital_22_15.pdf\" target=\"_blank\" rel=\"noreferrer noopener\">Edital 22\/2015 &#8211; Matr\u00edculas Homologadas &#8211; Processo Seletivo Vestibular 2015<\/a><\/p>\n\n\n\n<p><a href=\"https:\/\/sites.uel.br\/prograd\/wp-content\/uploads\/documentos\/editais\/2015\/cap\/edital_prograd_cap_01_15.pdf\" target=\"_blank\" rel=\"noreferrer noopener\">Edital 21\/2015 &#8211; Programa Institucional de Bolsa de Inicia\u00e7\u00e3o \u00e0 Doc\u00eancia \u2013 PIBID, torna p\u00fablico a abertura de inscri\u00e7\u00e3o para o processo de sele\u00e7\u00e3o de vagas remanescentes para atuar como bolsista de Inicia\u00e7\u00e3o \u00e0 Doc\u00eancia, supervisor em \u00e1rea espec\u00edfica<\/a><br>(substitu\u00eddo pelo Edital PROGRAD\/CAP N\u00ba 001\/2015)<br><br><strong><em>Obs:&nbsp;<a href=\"https:\/\/sites.uel.br\/prograd\/wp-content\/uploads\/documentos\/editais\/2015\/cap\/anexo_edital_prograd_cap_01.15.doc\" target=\"_blank\" rel=\"noreferrer noopener\">os anexos IV, V e VI do Edital PROGRAD\/CAP 001\/2015, est\u00e3o dispon\u00edveis no formato Word (DOC) para download e preenchimento, clique aqui<\/a><\/em><\/strong><\/p>\n\n\n\n<p><a href=\"https:\/\/sites.uel.br\/prograd\/wp-content\/uploads\/documentos\/editais\/2015\/prograd\/edital_20_15.pdf\" target=\"_blank\" rel=\"noreferrer noopener\">Edital 20\/2015 &#8211; Vaga Inicial para Portador de Diploma de Curso Superior<\/a><\/p>\n\n\n\n<p><a href=\"https:\/\/sites.uel.br\/prograd\/wp-content\/uploads\/documentos\/editais\/2015\/prograd\/edital_19_15.pdf\" target=\"_blank\" rel=\"noreferrer noopener\">Edital 19\/2015 &#8211; Matr\u00edculas Homologadas &#8211; Processo Seletivo Vestibular 2015<\/a><\/p>\n\n\n\n<p><a href=\"https:\/\/sites.uel.br\/prograd\/wp-content\/uploads\/documentos\/editais\/2015\/prograd\/edital_18_15.pdf\" target=\"_blank\" rel=\"noreferrer noopener\">Edital 18\/2015 &#8211; Matr\u00edculas n\u00e3o Homologadas &#8211; dos Candidatos Aprovados e que se Autodeclararam Negros, no Processo Seletivo Vestibular 2015<\/a><\/p>\n\n\n\n<p><a href=\"https:\/\/sites.uel.br\/prograd\/wp-content\/uploads\/documentos\/editais\/2015\/prograd\/edital_17_15.pdf\" target=\"_blank\" rel=\"noreferrer noopener\">Edital 17\/2015 &#8211; Matr\u00edculas Homologadas &#8211; dos Candidatos Aprovados e que se Autodeclararam Negros, no Processo Seletivo Vestibular 2015<\/a><\/p>\n\n\n\n<p><a href=\"https:\/\/sites.uel.br\/prograd\/wp-content\/uploads\/documentos\/editais\/2015\/prograd\/edital_16_15.pdf\" target=\"_blank\" rel=\"noreferrer noopener\">Edital 16\/2015 &#8211; Cancelamento de Matr\u00edcula 2015\/0<\/a><\/p>\n\n\n\n<p><a href=\"https:\/\/sites.uel.br\/prograd\/wp-content\/uploads\/documentos\/editais\/2015\/prograd\/edital_15_15.pdf\" target=\"_blank\" rel=\"noreferrer noopener\">Edital 15\/2015 &#8211; Jubilados &#8211; 2014<\/a><\/p>\n\n\n\n<p><a href=\"https:\/\/sites.uel.br\/prograd\/wp-content\/uploads\/documentos\/editais\/2015\/prograd\/edital_14_15.pdf\" target=\"_blank\" rel=\"noreferrer noopener\">Edital 14\/2015 &#8211; Portadores de Diploma de Curso Superior &#8211; Outra Habilita\u00e7\u00e3o do Mesmo Curso &#8211; Resultado Final<\/a><\/p>\n\n\n\n<p><a href=\"https:\/\/sites.uel.br\/prograd\/wp-content\/uploads\/documentos\/editais\/2015\/prograd\/edital_13_15.pdf\" target=\"_blank\" rel=\"noreferrer noopener\">Edital 13\/2015 &#8211; Transfer\u00eancia Interna de Turno e Habilita\u00e7\u00e3o &#8211; 1\u00aa Fase &#8211; Requerimentos Deferidos<\/a><\/p>\n\n\n\n<p><a href=\"https:\/\/sites.uel.br\/prograd\/wp-content\/uploads\/documentos\/editais\/2015\/prograd\/edital_10_15.pdf\" target=\"_blank\" rel=\"noreferrer noopener\">Edital 10\/2015 &#8211; Torna p\u00fablico o resultado final do processo seletivo aberto por meio de publica\u00e7\u00e3o, para sele\u00e7\u00e3o de Estudante Estagi\u00e1rio Bolsista, para atua\u00e7\u00e3o no Programa de Apoio ao Acesso e Perman\u00eancia, para a Forma\u00e7\u00e3o do Estudante da UEL &#8211; PROPE<\/a><\/p>\n\n\n\n<p><a href=\"https:\/\/sites.uel.br\/prograd\/wp-content\/uploads\/documentos\/editais\/2015\/prograd\/edital_09_15.pdf\" target=\"_blank\" rel=\"noreferrer noopener\">Edital 09\/2015 &#8211; Resultado de Estudante Especial<\/a><\/p>\n\n\n\n<p><a href=\"https:\/\/sites.uel.br\/prograd\/wp-content\/uploads\/documentos\/editais\/2015\/prograd\/edital_08_15.pdf\" target=\"_blank\" rel=\"noreferrer noopener\">Edital 08\/2015 &#8211; Vagas para Transfer\u00eancia Interna de Turno e Habilita\u00e7\u00e3o &#8211; 1\u00aa Fase<\/a><\/p>\n\n\n\n<p><a href=\"https:\/\/sites.uel.br\/prograd\/wp-content\/uploads\/documentos\/editais\/2015\/prograd\/edital_07_15.pdf\" target=\"_blank\" rel=\"noreferrer noopener\">Edital 07\/2015 &#8211; Dispensa de Estudantes &#8211; Enade 2014<\/a><\/p>\n\n\n\n<p><a href=\"https:\/\/sites.uel.br\/prograd\/wp-content\/uploads\/documentos\/editais\/2015\/prograd\/edital_06_15.pdf\" target=\"_blank\" rel=\"noreferrer noopener\">Edital 06\/2015 &#8211; Portador de Diploma de Curso Superior &#8211; Outra Habilita\u00e7\u00e3o do Mesmo Curso Conclu\u00eddo<\/a><\/p>\n\n\n\n<p><a href=\"https:\/\/sites.uel.br\/prograd\/wp-content\/uploads\/documentos\/editais\/2015\/prograd\/edital_05_15.pdf\" target=\"_blank\" rel=\"noreferrer noopener\">Edital 05\/2015 &#8211; XIV &#8211; Vestibular dos Povos Ind\u00edgenas no Paran\u00e1 &#8211; 2015 &#8211; Matr\u00edcula<\/a><\/p>\n\n\n\n<p><a href=\"https:\/\/sites.uel.br\/prograd\/wp-content\/uploads\/documentos\/editais\/2015\/prograd\/edital_04_15.pdf\" target=\"_blank\" rel=\"noreferrer noopener\">Edital 04\/2015 &#8211; Requerimento de Rematr\u00edcula &#8211; Deferidos<\/a><\/p>\n\n\n\n<p><a href=\"https:\/\/sites.uel.br\/prograd\/wp-content\/uploads\/documentos\/editais\/2015\/prograd\/edital_03_15.pdf\" target=\"_blank\" rel=\"noreferrer noopener\">Edital 03\/2015 (DMD) &#8211; Requerimento de Rematr\u00edcula Indeferidos<\/a><\/p>\n\n\n\n<p><a href=\"https:\/\/sites.uel.br\/prograd\/wp-content\/uploads\/documentos\/editais\/2015\/prograd\/edital_02_15.pdf\" target=\"_blank\" rel=\"noreferrer noopener\">Edital 02\/2015 &#8211; Pedido de Prorroga\u00e7\u00e3o de Prazo Deferido<\/a><\/p>\n\n\n\n<p><a href=\"https:\/\/sites.uel.br\/prograd\/wp-content\/uploads\/documentos\/editais\/2015\/prograd\/edital_01_15.pdf\" target=\"_blank\" rel=\"noreferrer noopener\">Edital 01\/2015 &#8211; XIV &#8211; Vestibular dos Povos Ind\u00edgenas no Paran\u00e1 &#8211; 2015 &#8211; Matr\u00edcula<\/a><\/p>\n","protected":false},"excerpt":{"rendered":"<p>Anos Anteriores 2015 Edital 101\/2015 &#8211; Pedido de Prorroga\u00e7\u00e3o de Prazo Deferido Edital 100\/2015 &#8211; Estudante Participante do Programa de Estudantes-Conv\u00eanio de Gradua\u00e7\u00e3o &#8211; PEC-G &#8211; Cancelado no Ano Letivo de 2015 Edital 99\/2015 &#8211; Torna p\u00fablico aos estudantes de gradua\u00e7\u00e3o de outras IES as vagas, os cursos e prazos para as candidaturas para o [&hellip;]<\/p>\n","protected":false},"author":8,"featured_media":0,"parent":0,"menu_order":0,"comment_status":"closed","ping_status":"closed","template":"","meta":{"_acf_changed":false,"_themeisle_gutenberg_block_has_review":false,"footnotes":""},"class_list":["post-2025","page","type-page","status-publish","hentry"],"acf":[],"_links":{"self":[{"href":"https:\/\/sites.uel.br\/prograd\/wp-json\/wp\/v2\/pages\/2025","targetHints":{"allow":["GET"]}}],"collection":[{"href":"https:\/\/sites.uel.br\/prograd\/wp-json\/wp\/v2\/pages"}],"about":[{"href":"https:\/\/sites.uel.br\/prograd\/wp-json\/wp\/v2\/types\/page"}],"author":[{"embeddable":true,"href":"https:\/\/sites.uel.br\/prograd\/wp-json\/wp\/v2\/users\/8"}],"replies":[{"embeddable":true,"href":"https:\/\/sites.uel.br\/prograd\/wp-json\/wp\/v2\/comments?post=2025"}],"version-history":[{"count":21,"href":"https:\/\/sites.uel.br\/prograd\/wp-json\/wp\/v2\/pages\/2025\/revisions"}],"predecessor-version":[{"id":30195,"href":"https:\/\/sites.uel.br\/prograd\/wp-json\/wp\/v2\/pages\/2025\/revisions\/30195"}],"wp:attachment":[{"href":"https:\/\/sites.uel.br\/prograd\/wp-json\/wp\/v2\/media?parent=2025"}],"curies":[{"name":"wp","href":"https:\/\/api.w.org\/{rel}","templated":true}]}}