{"id":2021,"date":"2023-03-31T12:10:36","date_gmt":"2023-03-31T15:10:36","guid":{"rendered":"https:\/\/sites.uel.br\/prograd\/?page_id=2021"},"modified":"2024-07-18T09:34:55","modified_gmt":"2024-07-18T12:34:55","slug":"editais-2013","status":"publish","type":"page","link":"https:\/\/sites.uel.br\/prograd\/editais-2013\/","title":{"rendered":"Editais"},"content":{"rendered":"\n<hr class=\"wp-block-separator has-alpha-channel-opacity is-style-wide\"\/>\n\n\n\n<h2 class=\"wp-block-heading\">Anos Anteriores<\/h2>\n\n\n\n<h3 class=\"wp-block-heading\">2013<\/h3>\n\n\n\n<div style=\"height:20px\" aria-hidden=\"true\" class=\"wp-block-spacer\"><\/div>\n\n\n\n<p><strong>PROGRAD\/ARI<\/strong><\/p>\n\n\n\n<p><a href=\"https:\/\/sites.uel.br\/prograd\/wp-content\/uploads\/documentos\/editais\/2013\/prograd\/edital_prograd_ari_02_13.pdf\" target=\"_blank\" rel=\"noreferrer noopener\">Edital Prograd\/Ari n\u00ba 02\/2013 &#8211; Resultado da sele\u00e7\u00e3o realizada pela Pr\u00f3-Reitoria de Gradua\u00e7\u00e3o e Assessoria de Rela\u00e7\u00f5es Internacionais, de acordo com o disposto no Edital PROGRAD\/ARI N\u00ba 01\/2013<\/a><\/p>\n\n\n\n<p><a href=\"https:\/\/sites.uel.br\/prograd\/wp-content\/uploads\/documentos\/editais\/2013\/prograd\/edital_prograd_ari_01_13.pdf\" target=\"_blank\" rel=\"noreferrer noopener\">Edital Prograd\/Ari n\u00ba 01\/2013 &#8211; Programa Bolsas Ibero-Americanas para Estudantes de Gradua\u00e7\u00e3o Santander Edi\u00e7\u00e3o 2013<\/a><br><br><a href=\"https:\/\/sites.uel.br\/prograd\/wp-content\/uploads\/documentos\/editais\/2013\/prograd\/formulario_candidatura_programa_bolsas_ibero_americanas_2013.pdf\" target=\"_blank\" rel=\"noreferrer noopener\">Formul\u00e1rio de Candidatura \u2013 Programa de Bolsas Ibero-Americanas<\/a><\/p>\n\n\n\n<p><strong>PROGRAD<\/strong><\/p>\n\n\n\n<p><a href=\"https:\/\/sites.uel.br\/prograd\/wp-content\/uploads\/documentos\/editais\/2013\/prograd\/edital_94_13.pdf\" target=\"_blank\" rel=\"noreferrer noopener\">Edital 94\/2013 &#8211; Torna p\u00fablico a lista das candidaturas homologadas no processo seletivo interno do Programa &#8220;Ci\u00eancia sem Fronteiras&#8221;<\/a><\/p>\n\n\n\n<p><a href=\"https:\/\/sites.uel.br\/prograd\/wp-content\/uploads\/documentos\/editais\/2013\/prograd\/edital_93_13.pdf\" target=\"_blank\" rel=\"noreferrer noopener\">Edital 93\/2013 &#8211; Pedidos de Prorroga\u00e7\u00e3o de Prazo &#8211; Deferidos<\/a><\/p>\n\n\n\n<p><a href=\"https:\/\/sites.uel.br\/prograd\/wp-content\/uploads\/documentos\/editais\/2013\/prograd\/edital_92_13.pdf\" target=\"_blank\" rel=\"noreferrer noopener\">Edital 92\/2013 &#8211; Resultado final do processo seletivo aberto por meio do Edital Prograd 085\/2013, para sele\u00e7\u00e3o de Bolsista Bolsista Graduando, para atua\u00e7\u00e3o no Programa de Apoio ao Acesso e Perman\u00eancia para a Forma\u00e7\u00e3o do Estudante da UEL &#8211; PROPE<\/a><\/p>\n\n\n\n<p><a href=\"https:\/\/sites.uel.br\/prograd\/wp-content\/uploads\/documentos\/editais\/2013\/prograd\/edital_91_13.pdf\" target=\"_blank\" rel=\"noreferrer noopener\">Edital 91\/2013 &#8211; Pedidos de Prorroga\u00e7\u00e3o de Prazo Deferidos<\/a><\/p>\n\n\n\n<p><a href=\"https:\/\/sites.uel.br\/prograd\/wp-content\/uploads\/documentos\/editais\/2013\/prograd\/edital_90_13.pdf\" target=\"_blank\" rel=\"noreferrer noopener\">Edital 90\/2013 &#8211; Torna p\u00fablico o resultado da prova de reda\u00e7\u00e3o no processo seletivo aberto por meio do Edital Prograd 85\/2013, para sele\u00e7\u00e3o de Bolsista Graduando, para atua\u00e7\u00e3o no Programa de Apoio ao Acesso e Perman\u00eancia para a Forma\u00e7\u00e3o do Estudante da UEL &#8211; PROPE<\/a><\/p>\n\n\n\n<p><a href=\"https:\/\/sites.uel.br\/prograd\/wp-content\/uploads\/documentos\/editais\/2013\/prograd\/edital_89_13.pdf\" target=\"_blank\" rel=\"noreferrer noopener\">Edital 89\/2013 &#8211; Torna p\u00fablico o resultado da an\u00e1lise de documenta\u00e7\u00e3o no processo seletivo aberto por meio do Edital Prograd 085\/2013, para sele\u00e7\u00e3o de Bolsista Graduando, para atua\u00e7\u00e3o no Programa de Apoio ao Acesso e Perman\u00eancia para a Forma\u00e7\u00e3o do Estudante da UEL &#8211; PROPE<\/a><\/p>\n\n\n\n<p><a href=\"https:\/\/sites.uel.br\/prograd\/wp-content\/uploads\/documentos\/editais\/2013\/prograd\/edital_88_13.pdf\" target=\"_blank\" rel=\"noreferrer noopener\">Edital 88\/2013 &#8211; Pedidos de Prorroga\u00e7\u00e3o de Prazo &#8211; Deferidos<\/a><\/p>\n\n\n\n<p><a href=\"https:\/\/sites.uel.br\/prograd\/wp-content\/uploads\/documentos\/editais\/2013\/prograd\/edital_87_13.pdf\" target=\"_blank\" rel=\"noreferrer noopener\">Edital 87\/2013 &#8211; Pedidos de Prorroga\u00e7\u00e3o de Prazo &#8211; Deferidos<\/a><\/p>\n\n\n\n<p><a href=\"https:\/\/sites.uel.br\/prograd\/wp-content\/uploads\/documentos\/editais\/2013\/prograd\/edital_86_13.pdf\" target=\"_blank\" rel=\"noreferrer noopener\">Edital 86\/2013 &#8211; Pedido de Prorroga\u00e7\u00e3o de Prazo &#8211; Deferido<\/a><\/p>\n\n\n\n<p><a href=\"https:\/\/sites.uel.br\/prograd\/wp-content\/uploads\/documentos\/editais\/2013\/prograd\/edital_85_13.pdf\" target=\"_blank\" rel=\"noreferrer noopener\">Edital 85\/2013 &#8211; Inscri\u00e7\u00e3o para o processo de sele\u00e7\u00e3o de Estudante\/Bolsista &#8211; Estudantes de Gradua\u00e7\u00e3o, para atuar como bolsista<\/a><\/p>\n\n\n\n<p><a href=\"https:\/\/sites.uel.br\/prograd\/wp-content\/uploads\/documentos\/editais\/2013\/prograd\/edital_84_13.pdf\" target=\"_blank\" rel=\"noreferrer noopener\">Edital 84\/2013 &#8211; Resultado final do processo seletivo aberto por meio do Edital Prograd 077\/2013, para sele\u00e7\u00e3o de Bolsista Rec\u00e9m-Graduado e Bolsistas Graduandos, para atua\u00e7\u00e3o no Programa de Apoio ao Acesso e Perman\u00eancia para a Forma\u00e7\u00e3o do Estudante da UEL &#8211; PROPE<\/a><\/p>\n\n\n\n<p><a href=\"https:\/\/sites.uel.br\/prograd\/wp-content\/uploads\/documentos\/editais\/2013\/prograd\/edital_83_13.pdf\" target=\"_blank\" rel=\"noreferrer noopener\">Edital 83\/2013 &#8211; Resultado da Prova de Reda\u00e7\u00e3o no processo seletivo aberto por meio do Edital Prograd 077\/2013, para sele\u00e7\u00e3o de Bolsista Rec\u00e9m-Graduado e Bolsistas Graduandos, para atua\u00e7\u00e3o no Programa de Apoio ao Acesso e Perman\u00eancia para a Forma\u00e7\u00e3o do Estudante da UEL &#8211; PROPE<\/a><\/p>\n\n\n\n<p><a href=\"https:\/\/sites.uel.br\/prograd\/wp-content\/uploads\/documentos\/editais\/2013\/prograd\/edital_82_13.pdf\" target=\"_blank\" rel=\"noreferrer noopener\">Edital 82\/2013 &#8211; Resultado da an\u00e1lise da documenta\u00e7\u00e3o no processo seletivo aberto por meio do Edital PROGRAD 077\/2013, para sele\u00e7\u00e3o de Bolsista Rec\u00e9m-Graduado e Bolsistas Graduandos, para atua\u00e7\u00e3o no Programa de Apoio ao Acesso e Perman\u00eancia para a Forma\u00e7\u00e3o do Estudante da UEL &#8211; PROPE<\/a><\/p>\n\n\n\n<p><a href=\"https:\/\/sites.uel.br\/prograd\/wp-content\/uploads\/documentos\/editais\/2013\/prograd\/edital_81_13.pdf\" target=\"_blank\" rel=\"noreferrer noopener\">Edital Prograd\/Pibid &#8211; 81\/2013 &#8211; Sele\u00e7\u00e3o de bolsistas supervisores integrantes do Programa Institucional de Bolsas de Inicia\u00e7\u00e3o \u00e0 Doc\u00eancia (PIBID) e alunos do Plano Nacional de Forma\u00e7\u00e3o de Professores (PARFOR) para participarem de cursos de desenvolvimento profissional nas universidades portuguesas de Aveiro e do Porto, nas \u00e1reas de Pedagogia, F\u00edsica, Qu\u00edmica, Matem\u00e1tica e L\u00edngua Portuguesa<\/a><br><strong><br>Aten\u00e7\u00e3o<\/strong>: complemento adicionado ao Edital\/Prograd\/Pibid &#8211; 81\/2013. Acesse o edital para visualizar a \u00edntegra do documento.<br><a href=\"https:\/\/sites.uel.br\/prograd\/wp-content\/uploads\/documentos\/editais\/2013\/prograd\/edital_81_131.pdf\" target=\"_blank\" rel=\"noreferrer noopener\">Resultado de Sele\u00e7\u00e3o do Edital Prograd\/Pibid 081\/2013<\/a><\/p>\n\n\n\n<p><a href=\"https:\/\/sites.uel.br\/prograd\/wp-content\/uploads\/documentos\/editais\/2013\/prograd\/edital_80_13.pdf\" target=\"_blank\" rel=\"noreferrer noopener\">Edital 80\/2013 &#8211; Pedido de Prorroga\u00e7\u00e3o de Prazo &#8211; Deferido<\/a><\/p>\n\n\n\n<p><a href=\"https:\/\/sites.uel.br\/prograd\/wp-content\/uploads\/documentos\/editais\/2013\/prograd\/edital_79_13.pdf\" target=\"_blank\" rel=\"noreferrer noopener\">Edital 79\/2013 &#8211; Pedido de Prorroga\u00e7\u00e3o de Prazo &#8211; Deferido<\/a><\/p>\n\n\n\n<p><a href=\"https:\/\/sites.uel.br\/prograd\/wp-content\/uploads\/documentos\/editais\/2013\/prograd\/edital_78_13.pdf\" target=\"_blank\" rel=\"noreferrer noopener\">Edital 78\/2013 &#8211; Pedidos de Prorroga\u00e7\u00e3o de prazos &#8211; Deferidos<\/a><\/p>\n\n\n\n<p><a href=\"https:\/\/sites.uel.br\/prograd\/wp-content\/uploads\/documentos\/editais\/2013\/prograd\/edital_77_13.pdf\" target=\"_blank\" rel=\"noreferrer noopener\">Edital 77\/2013 &#8211; PROGRAMA DE APOIO AO ACESSO E PERMAN\u00caNCIA PARA A FORMA\u00c7\u00c3O DO ESTUDANTE DA UEL (PROPE) &#8211; Processo de Sele\u00e7\u00e3o de Estudantes\/Bolsistas &#8211; Estudantes de Gradua\u00e7\u00e3o e Rec\u00e9m-graduado<\/a><\/p>\n\n\n\n<p><a href=\"https:\/\/sites.uel.br\/prograd\/wp-content\/uploads\/documentos\/editais\/2013\/prograd\/edital_76_13.pdf\" target=\"_blank\" rel=\"noreferrer noopener\">Edital 76\/2013 &#8211; Estudante Participante do Programa de Estudantes-Conv\u00eanio de Gradua\u00e7\u00e3o &#8211; PEC-G &#8211; Cancelado no Ano Letivo de 2013<\/a><\/p>\n\n\n\n<p><a href=\"https:\/\/sites.uel.br\/prograd\/wp-content\/uploads\/documentos\/editais\/2013\/prograd\/edital_75_13.pdf\" target=\"_blank\" rel=\"noreferrer noopener\">Edital 75\/2013 &#8211; Pedido de Prorroga\u00e7\u00e3o de Prazo Deferido<\/a><\/p>\n\n\n\n<p><a href=\"https:\/\/sites.uel.br\/prograd\/wp-content\/uploads\/documentos\/editais\/2013\/prograd\/edital_74_13.pdf\" target=\"_blank\" rel=\"noreferrer noopener\">Edital 74\/2013 &#8211; Resultado do processo de sele\u00e7\u00e3o para o \u201cPrograma Institucional de Inicia\u00e7\u00e3o \u00e0 Doc\u00eancia\u201d, aberto pelo Edital PROGRAD N\u00ba 073\/2013<\/a><\/p>\n\n\n\n<p><a href=\"https:\/\/sites.uel.br\/prograd\/wp-content\/uploads\/documentos\/editais\/2013\/prograd\/edital_73_13.pdf\" target=\"_blank\" rel=\"noreferrer noopener\">Edital 73\/2013 &#8211; Programa Institucional de Bolsas de Inicia\u00e7\u00e3o \u00e0 Doc\u00eancia (PIBID) &#8211; inscri\u00e7\u00e3o para o processo de sele\u00e7\u00e3o de vagas remanescentes de interessados para atuar como bolsista de inicia\u00e7\u00e3o \u00e0 doc\u00eancia e supervisores em \u00e1reas espec\u00edficas e para regime de dedica\u00e7\u00e3o (Licenciatura em Educa\u00e7\u00e3o F\u00edsica, Licenciatura em Hist\u00f3ria, Licenciatura em Letras &#8211; L\u00edngua Espanhola, Licenciatura em M\u00fasica, professores da rede p\u00fablica estadual de Londrina, de acordo com o Anexo I)<\/a><\/p>\n\n\n\n<p><a href=\"https:\/\/sites.uel.br\/prograd\/wp-content\/uploads\/documentos\/editais\/2013\/prograd\/edital_72_13.pdf\" target=\"_blank\" rel=\"noreferrer noopener\">Edital 72\/2013 &#8211; Resultado do processo de sele\u00e7\u00e3o para o \u201cPrograma Institucional de Inicia\u00e7\u00e3o \u00e0 Doc\u00eancia\u201d, aberto pelo Edital PROGRAD N\u00ba 065\/2013<\/a><\/p>\n\n\n\n<p><a href=\"https:\/\/sites.uel.br\/prograd\/wp-content\/uploads\/documentos\/editais\/2013\/prograd\/edital_71_13.pdf\" target=\"_blank\" rel=\"noreferrer noopener\">Edital 71\/2013 &#8211; Pedido de Prorroga\u00e7\u00e3o de Prazo Deferido<\/a><\/p>\n\n\n\n<p><a href=\"https:\/\/sites.uel.br\/prograd\/wp-content\/uploads\/documentos\/editais\/2013\/prograd\/edital_68_13.pdf\" target=\"_blank\" rel=\"noreferrer noopener\">Edital 68 a 70\/2013 &#8211; Resultado dos Requerimentos das Disciplinas Optativas 2013\/2<\/a><\/p>\n\n\n\n<p><a href=\"https:\/\/sites.uel.br\/prograd\/wp-content\/uploads\/documentos\/editais\/2013\/prograd\/edital_66_13.pdf\" target=\"_blank\" rel=\"noreferrer noopener\">Edital 66 e 67\/2013 &#8211; Resultado do Ajuste de Matr\u00edcula do Regime Acad\u00eamico Semestral 2013\/2<\/a><\/p>\n\n\n\n<p><a href=\"https:\/\/sites.uel.br\/prograd\/wp-content\/uploads\/documentos\/editais\/2013\/prograd\/edital_65_13.pdf\" target=\"_blank\" rel=\"noreferrer noopener\">Edital 65\/2013 &#8211; Programa Institucional de Bolsas de Inicia\u00e7\u00e3o \u00e0 Doc\u00eancia (PIBID) &#8211; inscri\u00e7\u00e3o para o processo de sele\u00e7\u00e3o de vagas remanescentes de interessados para atuar como bolsista de inicia\u00e7\u00e3o \u00e0 doc\u00eancia e supervisores em \u00e1reas espec\u00edficas e para regime de dedica\u00e7\u00e3o (Ci\u00eancias Biol\u00f3gicas, Educa\u00e7\u00e3o F\u00edsica, Filosofia, F\u00edsica, Letras &#8211; L\u00edngua Espanhola, M\u00fasica, Pedagogia, Qu\u00edmica, Letras &#8211; L\u00edngua Inglesa)<\/a><\/p>\n\n\n\n<p><a href=\"https:\/\/sites.uel.br\/prograd\/wp-content\/uploads\/documentos\/editais\/2013\/prograd\/edital_64_13.pdf\" target=\"_blank\" rel=\"noreferrer noopener\">Edital 64\/2013 &#8211; Pedido de Prorroga\u00e7\u00e3o de Prazo Deferido<\/a><\/p>\n\n\n\n<p><a href=\"https:\/\/sites.uel.br\/prograd\/wp-content\/uploads\/documentos\/editais\/2013\/prograd\/edital_63_13.pdf\" target=\"_blank\" rel=\"noreferrer noopener\">Edital 63\/2013 &#8211; Cancelamento de Matr\u00edcula 2013\/2<\/a><\/p>\n\n\n\n<p><a href=\"https:\/\/sites.uel.br\/prograd\/wp-content\/uploads\/documentos\/editais\/2013\/prograd\/edital_62_13.pdf\" target=\"_blank\" rel=\"noreferrer noopener\">Edital 62\/2013 &#8211; Estudante Jubilado<\/a><\/p>\n\n\n\n<p><a href=\"https:\/\/sites.uel.br\/prograd\/wp-content\/uploads\/documentos\/editais\/2013\/prograd\/edital_61_13.pdf\" target=\"_blank\" rel=\"noreferrer noopener\">Edital 61\/2013 &#8211; Requerimento de Rematr\u00edcula &#8211; Deferidos<\/a><\/p>\n\n\n\n<p><a href=\"https:\/\/sites.uel.br\/prograd\/wp-content\/uploads\/documentos\/editais\/2013\/prograd\/edital_60_13.pdf\" target=\"_blank\" rel=\"noreferrer noopener\">Edital 60\/2013 &#8211; Inclui Estudante no Edital Prograd n\u00ba 050\/2013<\/a><\/p>\n\n\n\n<p><a href=\"https:\/\/sites.uel.br\/prograd\/wp-content\/uploads\/documentos\/editais\/2013\/prograd\/edital_prograd_ari_01_13.pdf\" target=\"_blank\" rel=\"noreferrer noopener\">Edital Prograd\/Ari n\u00ba 01\/2013 &#8211; Programa Bolsas Ibero-Americanas para Estudantes de Gradua\u00e7\u00e3o Santander Edi\u00e7\u00e3o 2013<\/a><br><a href=\"https:\/\/sites.uel.br\/prograd\/wp-content\/uploads\/documentos\/editais\/2013\/prograd\/formularios\/formulario_candidatura_programa_bolsas_ibero_americanas_2013.pdf\" target=\"_blank\" rel=\"noreferrer noopener\">Formul\u00e1rio de Candidatura \u2013 Programa de Bolsas Ibero-Americanas<\/a><\/p>\n\n\n\n<p><a href=\"https:\/\/sites.uel.br\/prograd\/wp-content\/uploads\/documentos\/editais\/2013\/prograd\/edital_59_13.pdf\" target=\"_blank\" rel=\"noreferrer noopener\">Edital 59\/2013 &#8211; Pedido de Prorroga\u00e7\u00e3o de Prazo Indeferido<\/a><\/p>\n\n\n\n<p><a href=\"https:\/\/sites.uel.br\/prograd\/wp-content\/uploads\/documentos\/editais\/2013\/prograd\/edital_58_13.pdf\" target=\"_blank\" rel=\"noreferrer noopener\">Edital 58\/2013 &#8211; Pedidos de Prorroga\u00e7\u00e3o de Prazo Deferidos<\/a><\/p>\n\n\n\n<p><a href=\"https:\/\/sites.uel.br\/prograd\/wp-content\/uploads\/documentos\/editais\/2013\/prograd\/edital_57_13.pdf\" target=\"_blank\" rel=\"noreferrer noopener\">Edital 57\/2013 &#8211; Exclui Alunos da Rela\u00e7\u00e3o de Jubilados de 2012, Constante do Edital Prograd n\u00ba 013\/2013<br><\/a><\/p>\n\n\n\n<p><a href=\"https:\/\/sites.uel.br\/prograd\/wp-content\/uploads\/documentos\/editais\/2013\/prograd\/edital_56_13.pdf\" target=\"_blank\" rel=\"noreferrer noopener\">Edital 56\/2013 &#8211; Pedido de Prorroga\u00e7\u00e3o de Prazo Deferido<\/a><\/p>\n\n\n\n<p><a href=\"https:\/\/sites.uel.br\/prograd\/wp-content\/uploads\/documentos\/editais\/2013\/prograd\/edital_55_13.pdf\" target=\"_blank\" rel=\"noreferrer noopener\">Edital 55\/2013 &#8211; Pedido de Prorroga\u00e7\u00e3o de Prazo Deferido<\/a><\/p>\n\n\n\n<p><a href=\"https:\/\/sites.uel.br\/prograd\/wp-content\/uploads\/documentos\/editais\/2013\/prograd\/edital_54_13.pdf\" target=\"_blank\" rel=\"noreferrer noopener\">Edital 54\/2013 &#8211; Pedido de Prorroga\u00e7\u00e3o de Prazo Deferido<\/a><\/p>\n\n\n\n<p><a href=\"https:\/\/sites.uel.br\/prograd\/wp-content\/uploads\/documentos\/editais\/2013\/prograd\/edital_53_13.pdf\" target=\"_blank\" rel=\"noreferrer noopener\">Edital 53\/2013 &#8211; Pedido de Prorroga\u00e7\u00e3o de Prazo Indeferido<\/a><\/p>\n\n\n\n<p><a href=\"https:\/\/sites.uel.br\/prograd\/wp-content\/uploads\/documentos\/editais\/2013\/prograd\/edital_52_13.pdf\" target=\"_blank\" rel=\"noreferrer noopener\">Edital 52\/2013 &#8211; Matr\u00edcula Homologada &#8211; Processo Seletivo Vestibular 2013<\/a><\/p>\n\n\n\n<p><a href=\"https:\/\/sites.uel.br\/prograd\/wp-content\/uploads\/documentos\/editais\/2013\/prograd\/edital_51_13.pdf\" target=\"_blank\" rel=\"noreferrer noopener\">Edital 51\/2013 &#8211; Rela\u00e7\u00e3o dos Estudantes que T\u00eam Prazo M\u00e1ximo at\u00e9 o Primeiro Semestre Letivo de 2013 para Permanecerem na Institui\u00e7\u00e3o<\/a><\/p>\n\n\n\n<p><a href=\"https:\/\/sites.uel.br\/prograd\/wp-content\/uploads\/documentos\/editais\/2013\/prograd\/edital_50_13.pdf\" target=\"_blank\" rel=\"noreferrer noopener\">Edital 50\/2013 &#8211; Rela\u00e7\u00e3o dos Estudantes que T\u00eam Prazo M\u00e1ximo at\u00e9 2013 para Permanecerem na Institui\u00e7\u00e3o<\/a><\/p>\n\n\n\n<p><a href=\"https:\/\/sites.uel.br\/prograd\/wp-content\/uploads\/documentos\/editais\/2013\/prograd\/edital_49_13.pdf\" target=\"_blank\" rel=\"noreferrer noopener\">Edital 49\/2013 &#8211; Programa Institucional de Bolsas de Inicia\u00e7\u00e3o \u00e0 Doc\u00eancia (PIBID) &#8211; Resultado do Processo de Sele\u00e7\u00e3o Aberto pelo Edital Prograd 018\/2013<\/a><\/p>\n\n\n\n<p><a href=\"https:\/\/sites.uel.br\/prograd\/wp-content\/uploads\/documentos\/editais\/2013\/prograd\/edital_48_13.pdf\" target=\"_blank\" rel=\"noreferrer noopener\">Edital 48\/2013 &#8211; Portador de Diploma de Curso Superior &#8211; Vaga Inicial &#8211; Requerimentos Indeferidos<\/a><\/p>\n\n\n\n<p><a href=\"https:\/\/sites.uel.br\/prograd\/wp-content\/uploads\/documentos\/editais\/2013\/prograd\/edital_47_13.pdf\" target=\"_blank\" rel=\"noreferrer noopener\">Edital 47\/2013 &#8211; Portador de Diploma de Curso Superior &#8211; Vaga Inicial &#8211; Requerimentos Deferidos<\/a><\/p>\n\n\n\n<p><a href=\"https:\/\/sites.uel.br\/prograd\/wp-content\/uploads\/documentos\/editais\/2013\/prograd\/edital_19_13_46_13.pdf\" target=\"_blank\" rel=\"noreferrer noopener\">Editais 19 a 46\/2013 &#8211; Resultado das disciplinas do sistema de matr\u00edcula por atividade acad\u00eamica, optativas, especiais programadas, especiais e eletivas<\/a><a href=\"http:\/\/www.uel.br\/prograd\/?content=divisao-matricula-documentacao\/disciplinas\/index_2013.html\"><br><\/a><br><a href=\"https:\/\/sites.uel.br\/prograd\/wp-content\/uploads\/documentos\/editais\/2013\/prograd\/edital_18_13.pdf\" target=\"_blank\" rel=\"noreferrer noopener\">Edital 18\/2013 &#8211; Programa Institucional de Bolsas de Inicia\u00e7\u00e3o \u00e0 Doc\u00eancia (PIBID) &#8211; inscri\u00e7\u00e3o para o processo de sele\u00e7\u00e3o de vagas remanescentes de interessados para atuar como bolsista de inicia\u00e7\u00e3o \u00e0 doc\u00eancia e supervisores em \u00e1reas espec\u00edficas e para regime de dedica\u00e7\u00e3o (Artes Visuais, Ci\u00eancias Biol\u00f3gicas, Educa\u00e7\u00e3o F\u00edsica, Filosofia, Geografia, Letras &#8211; L\u00edngua Inglesa, Matem\u00e1tica e Qu\u00edmica)<\/a><\/p>\n\n\n\n<p><a href=\"https:\/\/sites.uel.br\/prograd\/wp-content\/uploads\/documentos\/editais\/2013\/prograd\/edital_16_13.pdf\" target=\"_blank\" rel=\"noreferrer noopener\">Edital 16\/2013 &#8211; Portadores de Diploma de Curso Superior &#8211; Outra Habilita\u00e7\u00e3o do Mesmo Curso &#8211; Resultado Final<\/a><\/p>\n\n\n\n<p><a href=\"https:\/\/sites.uel.br\/prograd\/wp-content\/uploads\/documentos\/editais\/2013\/prograd\/edital_15_13.pdf\" target=\"_blank\" rel=\"noreferrer noopener\">Edital 15\/2013 &#8211; Vaga Inicial para Portador de Diploma de Curso Superior<\/a><\/p>\n\n\n\n<p><a href=\"https:\/\/sites.uel.br\/prograd\/wp-content\/uploads\/documentos\/editais\/2013\/prograd\/edital_14_131.pdf\" target=\"_blank\" rel=\"noreferrer noopener\">Edital 14\/2013 &#8211; Cancelamento de Matr\u00edcula &#8211; 2013\/0 &#8211; Aditamento<\/a><\/p>\n\n\n\n<p><a href=\"https:\/\/sites.uel.br\/prograd\/wp-content\/uploads\/documentos\/editais\/2013\/prograd\/edital_14_13.pdf\" target=\"_blank\" rel=\"noreferrer noopener\">Edital 14\/2013 &#8211; Cancelamento de Matr\u00edcula &#8211; 2013\/0<\/a><\/p>\n\n\n\n<p><a href=\"https:\/\/sites.uel.br\/prograd\/wp-content\/uploads\/documentos\/editais\/2013\/prograd\/edital_13_13.pdf\" target=\"_blank\" rel=\"noreferrer noopener\">Edital 13\/2013 &#8211; Jubilados &#8211; 2012<\/a><\/p>\n\n\n\n<p>Edital 12\/2013 &#8211; Matr\u00edcula Homologada &#8211; Processo Seletivo Vestibular 2013<\/p>\n\n\n\n<p><a href=\"https:\/\/sites.uel.br\/prograd\/wp-content\/uploads\/documentos\/editais\/2013\/prograd\/edital_11_13.pdf\" target=\"_blank\" rel=\"noreferrer noopener\">Edital 11\/2013 &#8211; XII &#8211; Vestibular dos Povos Ind\u00edgenas no Paran\u00e1 &#8211; 2013 &#8211; Matr\u00edcula &#8211; 2\u00aa convoca\u00e7\u00e3o<\/a><\/p>\n\n\n\n<p><a href=\"https:\/\/sites.uel.br\/prograd\/wp-content\/uploads\/documentos\/editais\/2013\/prograd\/edital_09_13.pdf\" target=\"_blank\" rel=\"noreferrer noopener\">Edital 09\/2013 &#8211; Resultado de Estudante Especial<\/a><\/p>\n\n\n\n<p><a href=\"https:\/\/sites.uel.br\/prograd\/wp-content\/uploads\/documentos\/editais\/2013\/prograd\/edital_08_13.pdf\" target=\"_blank\" rel=\"noreferrer noopener\">Edital 08\/2013 &#8211; Transfer\u00eancia Interna de Turno e Habilita\u00e7\u00e3o &#8211; 1\u00aa fase &#8211; Requerimentos Indeferidos<\/a><\/p>\n\n\n\n<p><a href=\"https:\/\/sites.uel.br\/prograd\/wp-content\/uploads\/documentos\/editais\/2013\/prograd\/edital_07_13.pdf\" target=\"_blank\" rel=\"noreferrer noopener\">Edital 07\/2013 &#8211; Transfer\u00eancia Interna de Turno e Habilita\u00e7\u00e3o &#8211; 1\u00aa fase &#8211; Requerimentos Deferidos<\/a><\/p>\n\n\n\n<p><a href=\"https:\/\/sites.uel.br\/prograd\/wp-content\/uploads\/documentos\/editais\/2013\/prograd\/edital_06_13.pdf\" target=\"_blank\" rel=\"noreferrer noopener\">Edital 06\/2013 &#8211; Portador de Diploma de Curso Superior &#8211; Outra Habilita\u00e7\u00e3o do Mesmo Curso Conclu\u00eddo<\/a><\/p>\n\n\n\n<p><a href=\"https:\/\/sites.uel.br\/prograd\/wp-content\/uploads\/documentos\/editais\/2013\/prograd\/edital_05_13.pdf\" target=\"_blank\" rel=\"noreferrer noopener\">Edital 05\/2013 &#8211; Vagas para Transfer\u00eancia Interna de Turno e Habilita\u00e7\u00e3o &#8211; 1\u00aa Fase<\/a><\/p>\n\n\n\n<p><a href=\"https:\/\/sites.uel.br\/prograd\/wp-content\/uploads\/documentos\/editais\/2013\/prograd\/edital_04_13.pdf\" target=\"_blank\" rel=\"noreferrer noopener\">Edital 04\/2013 &#8211; Estudante Participante do Programa de Estudantes-Conv\u00eanio de Gradua\u00e7\u00e3o &#8211; PEC-G &#8211; Desligados Para o Ano Letivo de 2013<\/a><\/p>\n\n\n\n<p><a href=\"https:\/\/sites.uel.br\/prograd\/wp-content\/uploads\/documentos\/editais\/2013\/prograd\/edital_03_13.pdf\" target=\"_blank\" rel=\"noreferrer noopener\">Edital 03\/2013 &#8211; XII &#8211; Vestibular dos Povos Ind\u00edgenas no Paran\u00e1 &#8211; 2013 &#8211; Matr\u00edcula<\/a><\/p>\n\n\n\n<p><a href=\"https:\/\/sites.uel.br\/prograd\/wp-content\/uploads\/documentos\/editais\/2013\/prograd\/edital_02_13.pdf\" target=\"_blank\" rel=\"noreferrer noopener\">Edital 02\/2013 &#8211; Requerimento de Rematr\u00edcula &#8211; Indeferidos<\/a><\/p>\n\n\n\n<p><a href=\"https:\/\/sites.uel.br\/prograd\/wp-content\/uploads\/documentos\/editais\/2013\/prograd\/edital_01_13.pdf\" target=\"_blank\" rel=\"noreferrer noopener\">Edital 01\/2013 &#8211; Requerimento de Rematr\u00edcula &#8211; Deferidos<\/a><\/p>\n","protected":false},"excerpt":{"rendered":"<p>Anos Anteriores 2013 PROGRAD\/ARI Edital Prograd\/Ari n\u00ba 02\/2013 &#8211; Resultado da sele\u00e7\u00e3o realizada pela Pr\u00f3-Reitoria de Gradua\u00e7\u00e3o e Assessoria de Rela\u00e7\u00f5es Internacionais, de acordo com o disposto no Edital PROGRAD\/ARI N\u00ba 01\/2013 Edital Prograd\/Ari n\u00ba 01\/2013 &#8211; Programa Bolsas Ibero-Americanas para Estudantes de Gradua\u00e7\u00e3o Santander Edi\u00e7\u00e3o 2013 Formul\u00e1rio de Candidatura \u2013 Programa de Bolsas Ibero-Americanas [&hellip;]<\/p>\n","protected":false},"author":8,"featured_media":0,"parent":0,"menu_order":0,"comment_status":"closed","ping_status":"closed","template":"","meta":{"_acf_changed":false,"_themeisle_gutenberg_block_has_review":false,"footnotes":""},"class_list":["post-2021","page","type-page","status-publish","hentry"],"acf":[],"_links":{"self":[{"href":"https:\/\/sites.uel.br\/prograd\/wp-json\/wp\/v2\/pages\/2021","targetHints":{"allow":["GET"]}}],"collection":[{"href":"https:\/\/sites.uel.br\/prograd\/wp-json\/wp\/v2\/pages"}],"about":[{"href":"https:\/\/sites.uel.br\/prograd\/wp-json\/wp\/v2\/types\/page"}],"author":[{"embeddable":true,"href":"https:\/\/sites.uel.br\/prograd\/wp-json\/wp\/v2\/users\/8"}],"replies":[{"embeddable":true,"href":"https:\/\/sites.uel.br\/prograd\/wp-json\/wp\/v2\/comments?post=2021"}],"version-history":[{"count":14,"href":"https:\/\/sites.uel.br\/prograd\/wp-json\/wp\/v2\/pages\/2021\/revisions"}],"predecessor-version":[{"id":31521,"href":"https:\/\/sites.uel.br\/prograd\/wp-json\/wp\/v2\/pages\/2021\/revisions\/31521"}],"wp:attachment":[{"href":"https:\/\/sites.uel.br\/prograd\/wp-json\/wp\/v2\/media?parent=2021"}],"curies":[{"name":"wp","href":"https:\/\/api.w.org\/{rel}","templated":true}]}}