{"id":2017,"date":"2023-03-31T12:10:15","date_gmt":"2023-03-31T15:10:15","guid":{"rendered":"https:\/\/sites.uel.br\/prograd\/?page_id=2017"},"modified":"2024-05-23T11:48:15","modified_gmt":"2024-05-23T14:48:15","slug":"editais-2011","status":"publish","type":"page","link":"https:\/\/sites.uel.br\/prograd\/editais-2011\/","title":{"rendered":"Editais"},"content":{"rendered":"\n<hr class=\"wp-block-separator has-alpha-channel-opacity is-style-wide\"\/>\n\n\n\n<h2 class=\"wp-block-heading\">Anos Anteriores<\/h2>\n\n\n\n<h3 class=\"wp-block-heading\">2011<\/h3>\n\n\n\n<div style=\"height:20px\" aria-hidden=\"true\" class=\"wp-block-spacer\"><\/div>\n\n\n\n<p><a href=\"https:\/\/sites.uel.br\/prograd\/wp-content\/uploads\/documentos\/editais\/2011\/prograd\/edital_81_11.pdf\" target=\"_blank\" rel=\"noreferrer noopener\">Edital 081\/2011 &#8211; Pedido de Prorroga\u00e7\u00e3o de Prazo Deferido<\/a><\/p>\n\n\n\n<p><a href=\"https:\/\/sites.uel.br\/prograd\/wp-content\/uploads\/documentos\/editais\/2011\/prograd\/edital_80_11.pdf\" target=\"_blank\" rel=\"noreferrer noopener\">Edital 080\/2011 &#8211; Pedido de Prorroga\u00e7\u00e3o de Prazo Deferido<\/a><\/p>\n\n\n\n<p><a href=\"https:\/\/sites.uel.br\/prograd\/wp-content\/uploads\/documentos\/editais\/2011\/prograd\/edital_79_11.pdf\" target=\"_blank\" rel=\"noreferrer noopener\">Edital 079\/2011 &#8211; Pedido de Prorroga\u00e7\u00e3o de Prazo Deferido<\/a><\/p>\n\n\n\n<p><a href=\"https:\/\/sites.uel.br\/prograd\/wp-content\/uploads\/documentos\/editais\/2011\/prograd\/edital_78_11.pdf\" target=\"_blank\" rel=\"noreferrer noopener\">Edital 078\/2011 &#8211; Rela\u00e7\u00e3o dos Estudantes que t\u00eam Prazo M\u00e1ximo at\u00e9 o Segundo Semestre Letivo de 2011 para Permanecerem na Institui\u00e7\u00e3o<\/a><\/p>\n\n\n\n<p><a href=\"https:\/\/sites.uel.br\/prograd\/wp-content\/uploads\/documentos\/editais\/2011\/prograd\/edital_77_11.pdf\" target=\"_blank\" rel=\"noreferrer noopener\">Edital 077\/2011 &#8211; Vestibular 2011 &#8211; Resultado de Matr\u00edcula Homologada<\/a><\/p>\n\n\n\n<p><a href=\"https:\/\/sites.uel.br\/prograd\/wp-content\/uploads\/documentos\/editais\/2011\/prograd\/edital_76_11.pdf\" target=\"_blank\" rel=\"noreferrer noopener\">Edital 076\/2011 &#8211; Resultado das disciplinas optativas &#8211; CECA<\/a><\/p>\n\n\n\n<p><a href=\"https:\/\/sites.uel.br\/prograd\/wp-content\/uploads\/documentos\/editais\/2011\/prograd\/edital_75_11.pdf\" target=\"_blank\" rel=\"noreferrer noopener\">Edital 075\/2011 &#8211; Resultado das disciplinas optativas &#8211; CESA<\/a><\/p>\n\n\n\n<p><a href=\"https:\/\/sites.uel.br\/prograd\/wp-content\/uploads\/documentos\/editais\/2011\/prograd\/edital_74_11.pdf\" target=\"_blank\" rel=\"noreferrer noopener\">Edital 074\/2011 &#8211; Resultado das disciplinas optativas &#8211; CCH<\/a><\/p>\n\n\n\n<p><a href=\"https:\/\/sites.uel.br\/prograd\/wp-content\/uploads\/documentos\/editais\/2011\/prograd\/edital_73_11.pdf\" target=\"_blank\" rel=\"noreferrer noopener\">Edital 073\/2011 &#8211; Resultado do Ajuste de Matr\u00edcula &#8211; CECA<\/a><\/p>\n\n\n\n<p><a href=\"https:\/\/sites.uel.br\/prograd\/wp-content\/uploads\/documentos\/editais\/2011\/prograd\/edital_72_11.pdf\" target=\"_blank\" rel=\"noreferrer noopener\">Edital 072\/2011 &#8211; Resultado do Ajuste de Matr\u00edcula &#8211; CCH<\/a><\/p>\n\n\n\n<p><a href=\"https:\/\/sites.uel.br\/prograd\/wp-content\/uploads\/documentos\/editais\/2011\/prograd\/edital_71_11.pdf\" target=\"_blank\" rel=\"noreferrer noopener\">Edital 071\/2011 &#8211; Sele\u00e7\u00e3o para tutor PET F\u00edsica<\/a><\/p>\n\n\n\n<p><a href=\"https:\/\/sites.uel.br\/prograd\/wp-content\/uploads\/documentos\/editais\/2011\/prograd\/edital_70_11.pdf\" target=\"_blank\" rel=\"noreferrer noopener\">Edital 070\/2011 &#8211; Resultado do Requerimento de Rematr\u00edcula em An\u00e1lise &#8211; 2011\/2<\/a><\/p>\n\n\n\n<p><a href=\"https:\/\/sites.uel.br\/prograd\/wp-content\/uploads\/documentos\/editais\/2011\/prograd\/edital_69_11.pdf\" target=\"_blank\" rel=\"noreferrer noopener\">Edital 069\/2011 &#8211; Cancelamento de Matr\u00edcula 2011\/2<\/a><\/p>\n\n\n\n<p><a href=\"https:\/\/sites.uel.br\/prograd\/wp-content\/uploads\/documentos\/editais\/2011\/prograd\/edital_68_11.pdf\" target=\"_blank\" rel=\"noreferrer noopener\">Edital 068\/2011 &#8211; Requerimento de Rematr\u00edcula em An\u00e1lise<\/a><\/p>\n\n\n\n<p><a href=\"https:\/\/sites.uel.br\/prograd\/wp-content\/uploads\/documentos\/editais\/2011\/prograd\/edital_67_11.pdf\" target=\"_blank\" rel=\"noreferrer noopener\">Edital 067\/2011 &#8211; Requerimento de Rematr\u00edcula Indeferido<\/a><\/p>\n\n\n\n<p><a href=\"https:\/\/sites.uel.br\/prograd\/wp-content\/uploads\/documentos\/editais\/2011\/prograd\/edital_66_11.pdf\" target=\"_blank\" rel=\"noreferrer noopener\">Edital 066\/2011 &#8211; Requerimento de Rematr\u00edcula &#8211; Deferidos<\/a><\/p>\n\n\n\n<p><a href=\"https:\/\/sites.uel.br\/prograd\/wp-content\/uploads\/documentos\/editais\/2011\/prograd\/edital_65_11.pdf\" target=\"_blank\" rel=\"noreferrer noopener\">Edital 065\/2011 &#8211; Pedidos de Prorroga\u00e7\u00e3o de Prazo Indeferidos<\/a><\/p>\n\n\n\n<p><a href=\"https:\/\/sites.uel.br\/prograd\/wp-content\/uploads\/documentos\/editais\/2011\/prograd\/edital_64_11.pdf\" target=\"_blank\" rel=\"noreferrer noopener\">Edital 064\/2011 &#8211; Pedidos de Prorroga\u00e7\u00e3o de Prazo Deferidos<\/a><\/p>\n\n\n\n<p><a href=\"https:\/\/sites.uel.br\/prograd\/wp-content\/uploads\/documentos\/editais\/2011\/prograd\/edital_63_11.pdf\" target=\"_blank\" rel=\"noreferrer noopener\">Edital 063\/2011 &#8211; Matr\u00edculas Homologadas &#8211; Processo Seletivo Vestibular 2011<\/a><\/p>\n\n\n\n<p><a href=\"https:\/\/sites.uel.br\/prograd\/wp-content\/uploads\/documentos\/editais\/2011\/prograd\/edital_62_11.pdf\" target=\"_blank\" rel=\"noreferrer noopener\">Edital 062\/2011 &#8211; Matr\u00edculas Homologadas &#8211; 2\u00ba Semestre &#8211; Processo Seletivo Vestibular 2011<\/a><\/p>\n\n\n\n<p><a href=\"https:\/\/sites.uel.br\/prograd\/wp-content\/uploads\/documentos\/editais\/2011\/prograd\/edital_61_11.pdf\" target=\"_blank\" rel=\"noreferrer noopener\">Edital 061\/2011 &#8211; Inclui Estudante no Edital Prograd n\u00ba 057\/2011<\/a><\/p>\n\n\n\n<p><a href=\"https:\/\/sites.uel.br\/prograd\/wp-content\/uploads\/documentos\/editais\/2011\/prograd\/edital_60_11.pdf\" target=\"_blank\" rel=\"noreferrer noopener\">Edital 060\/2011 &#8211; Inclui Estudante no Edital Prograd n\u00ba 057\/2011<\/a><\/p>\n\n\n\n<p><a href=\"https:\/\/sites.uel.br\/prograd\/wp-content\/uploads\/documentos\/editais\/2011\/prograd\/edital_59_11.pdf\" target=\"_blank\" rel=\"noreferrer noopener\">Edital 059\/2011 &#8211; Exclui Alunos da Rela\u00e7\u00e3o de Jubilados de 2010, Constante do Edital Prograd n\u00ba 020\/2011<\/a><\/p>\n\n\n\n<p><a href=\"https:\/\/sites.uel.br\/prograd\/wp-content\/uploads\/documentos\/editais\/2011\/prograd\/edital_58_11.pdf\" target=\"_blank\" rel=\"noreferrer noopener\">Edital 058\/2011 &#8211; Matr\u00edculas Homologadas &#8211; Processo Seletivo Vestibular 2011<\/a><\/p>\n\n\n\n<p><a href=\"https:\/\/sites.uel.br\/prograd\/wp-content\/uploads\/documentos\/editais\/2011\/prograd\/edital_57_11.pdf\" target=\"_blank\" rel=\"noreferrer noopener\">Edital 057\/2011 &#8211; Rela\u00e7\u00e3o dos Estudantes que T\u00eam Prazo M\u00e1ximo at\u00e9 2011 para Permanecerem na Institui\u00e7\u00e3o (Provav\u00e9is Jubilandos)<\/a><\/p>\n\n\n\n<p><a href=\"https:\/\/sites.uel.br\/prograd\/wp-content\/uploads\/documentos\/editais\/2011\/prograd\/edital_56_11.pdf\" target=\"_blank\" rel=\"noreferrer noopener\">Edital 056\/2011 &#8211; Portador de Diploma de Curso Superior Vaga Inicial &#8211; Resultado &#8211; Deferidos &#8211; 3\u00aa Convoca\u00e7\u00e3o<\/a><\/p>\n\n\n\n<p><a href=\"https:\/\/sites.uel.br\/prograd\/wp-content\/uploads\/documentos\/editais\/2011\/prograd\/edital_55_11.pdf\" target=\"_blank\" rel=\"noreferrer noopener\">Edital 055\/2011 &#8211; Portador de Diploma de Curso Superior Vaga Inicial &#8211; Resultado &#8211; Deferidos<\/a><\/p>\n\n\n\n<p><a href=\"https:\/\/sites.uel.br\/prograd\/wp-content\/uploads\/documentos\/editais\/2011\/prograd\/edital_46_11.pdf\" target=\"_blank\" rel=\"noreferrer noopener\">Edital 046 a 54\/2011 &#8211; Resultado das Disciplinas Eletivas<\/a><\/p>\n\n\n\n<p><a href=\"https:\/\/sites.uel.br\/prograd\/wp-content\/uploads\/documentos\/editais\/2011\/prograd\/edital_45_11.pdf\" target=\"_blank\" rel=\"noreferrer noopener\">Edital 045\/2011 &#8211; Matr\u00edculas Homologadas Vestibular 2011<\/a><\/p>\n\n\n\n<p><a href=\"https:\/\/sites.uel.br\/prograd\/wp-content\/uploads\/documentos\/editais\/2011\/prograd\/edital_41_11.pdf\" target=\"_blank\" rel=\"noreferrer noopener\">Edital 041 a 44\/2011 &#8211; Resultado do Ajuste de Matr\u00edcula<\/a><\/p>\n\n\n\n<p><a href=\"https:\/\/sites.uel.br\/prograd\/wp-content\/uploads\/documentos\/editais\/2011\/prograd\/edital_32_11.pdf\" target=\"_blank\" rel=\"noreferrer noopener\">Edital 032 a 40\/2011 &#8211; Resultado das Disciplinas Especiais<\/a><\/p>\n\n\n\n<p><a href=\"https:\/\/sites.uel.br\/prograd\/wp-content\/uploads\/documentos\/editais\/2011\/prograd\/edital_30_11.pdf\" target=\"_blank\" rel=\"noreferrer noopener\">Edital 030 e 31\/2011 &#8211; Resultado das Disciplinas Especiais Programadas<\/a><\/p>\n\n\n\n<p><a href=\"https:\/\/sites.uel.br\/prograd\/wp-content\/uploads\/documentos\/editais\/2011\/prograd\/edital_25_11.pdf\" target=\"_blank\" rel=\"noreferrer noopener\">Edital 025 a 29\/2011 &#8211; Resultado das Disciplinas Optativas<\/a><\/p>\n\n\n\n<p><a href=\"https:\/\/sites.uel.br\/prograd\/wp-content\/uploads\/documentos\/editais\/2011\/prograd\/edital_24_11.pdf\" target=\"_blank\" rel=\"noreferrer noopener\">Edital 024\/2011 &#8211; Portador de Diploma de Curso Superior Vaga Inicial &#8211; Indeferido<\/a><\/p>\n\n\n\n<p><a href=\"https:\/\/sites.uel.br\/prograd\/wp-content\/uploads\/documentos\/editais\/2011\/prograd\/edital_23_11.pdf\" target=\"_blank\" rel=\"noreferrer noopener\">Edital 023\/2011 &#8211; Portador de Diploma de Curso Superior Vaga Inicial &#8211; Resultado &#8211; Deferidos<\/a><\/p>\n\n\n\n<p><a href=\"https:\/\/sites.uel.br\/prograd\/wp-content\/uploads\/documentos\/editais\/2011\/prograd\/edital_22_11.pdf\" target=\"_blank\" rel=\"noreferrer noopener\">Edital 022\/2011 &#8211; Retifica\u00e7\u00e3o do Edital de Vaga Para Portador de Diploma de Curso Superior &#8211; Vaga Inicial<\/a><\/p>\n\n\n\n<p><a href=\"https:\/\/sites.uel.br\/prograd\/wp-content\/uploads\/documentos\/editais\/2011\/prograd\/edital_21_11.pdf\" target=\"_blank\" rel=\"noreferrer noopener\">Edital 021\/2011 &#8211; Vaga Para Portador de Diploma de Curso Superior &#8211; Vaga Inicial<\/a><\/p>\n\n\n\n<p><a href=\"https:\/\/sites.uel.br\/prograd\/wp-content\/uploads\/documentos\/editais\/2011\/prograd\/edital_20_11.pdf\" target=\"_blank\" rel=\"noreferrer noopener\">Edital 020\/2011 &#8211; Jubilados 2010<\/a><\/p>\n\n\n\n<p><a href=\"https:\/\/sites.uel.br\/prograd\/wp-content\/uploads\/documentos\/editais\/2011\/prograd\/edital_19_11.pdf\" target=\"_blank\" rel=\"noreferrer noopener\">Edital 019\/2011 &#8211; Matr\u00edculas n\u00e3o Homologadas &#8211; Processo Seletivo Vestibular 2011<\/a><\/p>\n\n\n\n<p><a href=\"https:\/\/sites.uel.br\/prograd\/wp-content\/uploads\/documentos\/editais\/2011\/prograd\/edital_18_11.pdf\" target=\"_blank\" rel=\"noreferrer noopener\">Edital 018\/2011 &#8211; Matr\u00edculas Homologadas &#8211; Processo Seletivo Vestibular 2011<\/a><\/p>\n\n\n\n<p><a href=\"https:\/\/sites.uel.br\/prograd\/wp-content\/uploads\/documentos\/editais\/2011\/prograd\/edital_17_11.pdf\" target=\"_blank\" rel=\"noreferrer noopener\">Edital 017\/2011 &#8211; Edital Prograd 017\/2011 &#8211; Cancelamento de Matr\u00edcula 2011\/0<\/a><\/p>\n\n\n\n<p><a href=\"https:\/\/sites.uel.br\/prograd\/wp-content\/uploads\/documentos\/editais\/2011\/prograd\/edital_16_11.pdf\" target=\"_blank\" rel=\"noreferrer noopener\">Edital 016\/2011 &#8211; Matr\u00edculas Homologadas &#8211; Processo Seletivo Vestibular 2011<\/a><\/p>\n\n\n\n<p><a href=\"https:\/\/sites.uel.br\/prograd\/wp-content\/uploads\/documentos\/editais\/2011\/prograd\/edital_15_11.pdf\" target=\"_blank\" rel=\"noreferrer noopener\">Edital 015\/2011 &#8211; Transfer\u00eancia Interna de Turno e Habilita\u00e7\u00e3o &#8211; 1\u00aa fase &#8211; Requerimentos Indeferidos<\/a><\/p>\n\n\n\n<p><a href=\"https:\/\/sites.uel.br\/prograd\/wp-content\/uploads\/documentos\/editais\/2011\/prograd\/edital_14_111.pdf\" target=\"_blank\" rel=\"noreferrer noopener\">Edital 014\/2011 &#8211; aditamento &#8211; Transfer\u00eancia Interna de Turno e Habilita\u00e7\u00e3o &#8211; 1\u00aa fase &#8211; Requerimento Deferido<\/a><\/p>\n\n\n\n<p><a href=\"https:\/\/sites.uel.br\/prograd\/wp-content\/uploads\/documentos\/editais\/2011\/prograd\/edital_14_11.pdf\" target=\"_blank\" rel=\"noreferrer noopener\">Edital 014\/2011 &#8211; Transfer\u00eancia Interna de Turno e Habilita\u00e7\u00e3o &#8211; 1\u00aa fase &#8211; Requerimentos Deferidos<\/a><\/p>\n\n\n\n<p><a href=\"https:\/\/sites.uel.br\/prograd\/wp-content\/uploads\/documentos\/editais\/2011\/prograd\/edital_13_11.pdf\" target=\"_blank\" rel=\"noreferrer noopener\">Edital 013\/2011 &#8211; Cancelamento de Matr\u00edcula<\/a><\/p>\n\n\n\n<p><a href=\"https:\/\/sites.uel.br\/prograd\/wp-content\/uploads\/documentos\/editais\/2011\/prograd\/edital_12_11.pdf\" target=\"_blank\" rel=\"noreferrer noopener\">Edital 012\/2011 &#8211; Matr\u00edculas N\u00e3o Homologadas &#8211; Processo Seletivo Vestibular 2011<\/a><\/p>\n\n\n\n<p><a href=\"https:\/\/sites.uel.br\/prograd\/wp-content\/uploads\/documentos\/editais\/2011\/prograd\/edital_10_11.pdf\" target=\"_blank\" rel=\"noreferrer noopener\">Edital 010\/2011 &#8211; Resultado de Estudante Especial<\/a><\/p>\n\n\n\n<p><a href=\"https:\/\/sites.uel.br\/prograd\/wp-content\/uploads\/documentos\/editais\/2011\/prograd\/edital_08_11.pdf\" target=\"_blank\" rel=\"noreferrer noopener\">Edital 008\/2011 &#8211; Portador de Diploma de Curso Superior &#8211; Outra Habilita\u00e7\u00e3o do Mesmo Curso &#8211; Resultado Final<\/a><\/p>\n\n\n\n<p><a href=\"https:\/\/sites.uel.br\/prograd\/wp-content\/uploads\/documentos\/editais\/2011\/prograd\/edital_07_11.pdf\" target=\"_blank\" rel=\"noreferrer noopener\">Edital 007\/2011 &#8211; Pr\u00e9-Matr\u00edculas &#8211; Cancelados<\/a><\/p>\n\n\n\n<p><a href=\"https:\/\/sites.uel.br\/prograd\/wp-content\/uploads\/documentos\/editais\/2011\/prograd\/edital_06_11.pdf\" target=\"_blank\" rel=\"noreferrer noopener\">Edital 006\/2011 &#8211; Vagas Para Transfer\u00eancia Interna de Turno e Habilita\u00e7\u00e3o &#8211; 1\u00aa Fase<\/a><\/p>\n\n\n\n<p><a href=\"https:\/\/sites.uel.br\/prograd\/wp-content\/uploads\/documentos\/editais\/2011\/prograd\/edital_04_11.pdf\" target=\"_blank\" rel=\"noreferrer noopener\">Edital 004\/2011 &#8211; X Vestibular dos Povos Ind\u00edgenas no Paran\u00e1 &#8211; 2011 &#8211; Matr\u00edcula<\/a><\/p>\n\n\n\n<p><a href=\"https:\/\/sites.uel.br\/prograd\/wp-content\/uploads\/documentos\/editais\/2011\/prograd\/edital_03_11.pdf\" target=\"_blank\" rel=\"noreferrer noopener\">Edital 003\/2011 &#8211; Requerimento de Rematr\u00edcula em An\u00e1lise<\/a><\/p>\n\n\n\n<p><a href=\"https:\/\/sites.uel.br\/prograd\/wp-content\/uploads\/documentos\/editais\/2011\/prograd\/edital_02_11.pdf\" target=\"_blank\" rel=\"noreferrer noopener\">Edital 002\/2011 &#8211; Requerimento de Rematr\u00edcula &#8211; Deferidos<\/a><\/p>\n\n\n\n<p><a href=\"https:\/\/sites.uel.br\/prograd\/wp-content\/uploads\/documentos\/editais\/2011\/prograd\/edital_01_11.pdf\" target=\"_blank\" rel=\"noreferrer noopener\">Edital 001\/2011 &#8211; Portador de Diploma de Curso Superior &#8211; Outra Habilita\u00e7\u00e3o do Mesmo Curso<\/a><\/p>\n","protected":false},"excerpt":{"rendered":"<p>Anos Anteriores 2011 Edital 081\/2011 &#8211; Pedido de Prorroga\u00e7\u00e3o de Prazo Deferido Edital 080\/2011 &#8211; Pedido de Prorroga\u00e7\u00e3o de Prazo Deferido Edital 079\/2011 &#8211; Pedido de Prorroga\u00e7\u00e3o de Prazo Deferido Edital 078\/2011 &#8211; Rela\u00e7\u00e3o dos Estudantes que t\u00eam Prazo M\u00e1ximo at\u00e9 o Segundo Semestre Letivo de 2011 para Permanecerem na Institui\u00e7\u00e3o Edital 077\/2011 &#8211; Vestibular [&hellip;]<\/p>\n","protected":false},"author":8,"featured_media":0,"parent":0,"menu_order":0,"comment_status":"closed","ping_status":"closed","template":"","meta":{"_acf_changed":false,"_themeisle_gutenberg_block_has_review":false,"footnotes":""},"class_list":["post-2017","page","type-page","status-publish","hentry"],"acf":[],"_links":{"self":[{"href":"https:\/\/sites.uel.br\/prograd\/wp-json\/wp\/v2\/pages\/2017","targetHints":{"allow":["GET"]}}],"collection":[{"href":"https:\/\/sites.uel.br\/prograd\/wp-json\/wp\/v2\/pages"}],"about":[{"href":"https:\/\/sites.uel.br\/prograd\/wp-json\/wp\/v2\/types\/page"}],"author":[{"embeddable":true,"href":"https:\/\/sites.uel.br\/prograd\/wp-json\/wp\/v2\/users\/8"}],"replies":[{"embeddable":true,"href":"https:\/\/sites.uel.br\/prograd\/wp-json\/wp\/v2\/comments?post=2017"}],"version-history":[{"count":10,"href":"https:\/\/sites.uel.br\/prograd\/wp-json\/wp\/v2\/pages\/2017\/revisions"}],"predecessor-version":[{"id":30191,"href":"https:\/\/sites.uel.br\/prograd\/wp-json\/wp\/v2\/pages\/2017\/revisions\/30191"}],"wp:attachment":[{"href":"https:\/\/sites.uel.br\/prograd\/wp-json\/wp\/v2\/media?parent=2017"}],"curies":[{"name":"wp","href":"https:\/\/api.w.org\/{rel}","templated":true}]}}