{"id":2015,"date":"2023-03-31T12:10:05","date_gmt":"2023-03-31T15:10:05","guid":{"rendered":"https:\/\/sites.uel.br\/prograd\/?page_id=2015"},"modified":"2024-05-23T11:48:13","modified_gmt":"2024-05-23T14:48:13","slug":"editais-2010","status":"publish","type":"page","link":"https:\/\/sites.uel.br\/prograd\/editais-2010\/","title":{"rendered":"Editais"},"content":{"rendered":"\n<hr class=\"wp-block-separator has-alpha-channel-opacity is-style-wide\"\/>\n\n\n\n<h2 class=\"wp-block-heading\">Anos Anteriores<\/h2>\n\n\n\n<h3 class=\"wp-block-heading\">2010<\/h3>\n\n\n\n<div style=\"height:20px\" aria-hidden=\"true\" class=\"wp-block-spacer\"><\/div>\n\n\n\n<p><a href=\"https:\/\/sites.uel.br\/prograd\/wp-content\/uploads\/documentos\/editais\/2010\/prograd\/edital_76_10.pdf\" target=\"_blank\" rel=\"noreferrer noopener\">Edital 076\/2010 &#8211; Disciplinas Optativas do 2\u00ba semestre de 2010 &#8211; Cursos de Arquivologia, Biblioteconomia<\/a><\/p>\n\n\n\n<p><a href=\"https:\/\/sites.uel.br\/prograd\/wp-content\/uploads\/documentos\/editais\/2010\/prograd\/edital_75_10.pdf\" target=\"_blank\" rel=\"noreferrer noopener\">Edital 075\/2010 &#8211; Disciplinas Optativas do 2\u00ba semestre de 2010 &#8211; Curso de Administra\u00e7\u00e3o<\/a><\/p>\n\n\n\n<p><a href=\"https:\/\/sites.uel.br\/prograd\/wp-content\/uploads\/documentos\/editais\/2010\/prograd\/edital_74_10.pdf\" target=\"_blank\" rel=\"noreferrer noopener\">Edital 074\/2010 &#8211; Disciplinas Optativas do 2\u00ba semestre de 2010 &#8211; Cursos de Ci\u00eancias Sociais e Hist\u00f3ria<\/a><\/p>\n\n\n\n<p><a href=\"https:\/\/sites.uel.br\/prograd\/wp-content\/uploads\/documentos\/editais\/2010\/prograd\/edital_73_10.pdf\" target=\"_blank\" rel=\"noreferrer noopener\">Edital 073\/2010 &#8211; Ajuste de Matr\u00edcula &#8211; 2\u00ba semestre de 2010 &#8211; Cursos de Arquivologia e Biblioteconomia<\/a><\/p>\n\n\n\n<p><a href=\"https:\/\/sites.uel.br\/prograd\/wp-content\/uploads\/documentos\/editais\/2010\/prograd\/edital_72_10.pdf\" target=\"_blank\" rel=\"noreferrer noopener\">Edital 072\/2010 &#8211; Ajuste de Matr\u00edcula &#8211; 2\u00ba semestre de 2010 &#8211; Cursos de Ci\u00eancias Sociais e Hist\u00f3ria<\/a><\/p>\n\n\n\n<p><a href=\"https:\/\/sites.uel.br\/prograd\/wp-content\/uploads\/documentos\/editais\/2010\/prograd\/edital_71_10.pdf\" target=\"_blank\" rel=\"noreferrer noopener\">Edital 071\/2010 &#8211; Cancelamento de Matr\u00edcula &#8211; 2010\/2<\/a><\/p>\n\n\n\n<p><a href=\"https:\/\/sites.uel.br\/prograd\/wp-content\/uploads\/documentos\/editais\/2010\/prograd\/edital_70_10.pdf\" target=\"_blank\" rel=\"noreferrer noopener\">Edital 070\/2010 &#8211; Requerimento de Rematr\u00edcula &#8211; Indeferidos<\/a><\/p>\n\n\n\n<p><a href=\"https:\/\/sites.uel.br\/prograd\/wp-content\/uploads\/documentos\/editais\/2010\/prograd\/edital_69_10.pdf\" target=\"_blank\" rel=\"noreferrer noopener\">Edital 069\/2010 &#8211; Requerimento de Rematr\u00edcula &#8211; Deferidos<\/a><\/p>\n\n\n\n<p><a href=\"https:\/\/sites.uel.br\/prograd\/wp-content\/uploads\/documentos\/editais\/2010\/prograd\/edital_68_10.pdf\" target=\"_blank\" rel=\"noreferrer noopener\">Edital 068\/2010 &#8211; Matr\u00edculas &#8211; Pedido de Prorroga\u00e7\u00e3o de Prazo Deferido<\/a><\/p>\n\n\n\n<p><a href=\"https:\/\/sites.uel.br\/prograd\/wp-content\/uploads\/documentos\/editais\/2010\/prograd\/edital_67_10.pdf\" target=\"_blank\" rel=\"noreferrer noopener\">Edital 067\/2010 &#8211; Matr\u00edculas &#8211; Pedido de Prorroga\u00e7\u00e3o de Prazo Indeferidos<\/a><\/p>\n\n\n\n<p><a href=\"https:\/\/sites.uel.br\/prograd\/wp-content\/uploads\/documentos\/editais\/2010\/prograd\/edital_66_10.pdf\" target=\"_blank\" rel=\"noreferrer noopener\">Edital 066\/2010 &#8211; Matr\u00edculas &#8211; Pedidos de Prorroga\u00e7\u00e3o de Prazo Deferidos<\/a><\/p>\n\n\n\n<p><a href=\"https:\/\/sites.uel.br\/prograd\/wp-content\/uploads\/documentos\/editais\/2010\/prograd\/edital_65_10.pdf\" target=\"_blank\" rel=\"noreferrer noopener\">Edital 065\/2010 &#8211; Resultado das Vagas Remanescentes &#8211; Qu\u00edmica &#8211; Programa Institucional de Inicia\u00e7\u00e3o \u00e0 Doc\u00eancia \u2013 PIBID<\/a><\/p>\n\n\n\n<p><a href=\"https:\/\/sites.uel.br\/prograd\/wp-content\/uploads\/documentos\/editais\/2010\/prograd\/edital_64_10.pdf\" target=\"_blank\" rel=\"noreferrer noopener\">Edital 064\/2010 &#8211; Matr\u00edculas Homologadas &#8211; 2\u00ba Semestre &#8211; Processo Seletivo Vestibular 2010<\/a><\/p>\n\n\n\n<p><a href=\"https:\/\/sites.uel.br\/prograd\/wp-content\/uploads\/documentos\/editais\/2010\/prograd\/edital_63_10.pdf\" target=\"_blank\" rel=\"noreferrer noopener\">Edital 063\/2010 &#8211; Programa Institucional de Bolsas de Inicia\u00e7\u00e3o \u00e0 Doc\u00eancia \u2013 PIBID<\/a><\/p>\n\n\n\n<p><a href=\"https:\/\/sites.uel.br\/prograd\/wp-content\/uploads\/documentos\/editais\/2010\/prograd\/edital_61_10.pdf\" target=\"_blank\" rel=\"noreferrer noopener\">Edital 061\/2010 &#8211; Programa Institucional de Bolsas de Inicia\u00e7\u00e3o \u00e0 Doc\u00eancia \u2013 PIBID<\/a><\/p>\n\n\n\n<p><a href=\"https:\/\/sites.uel.br\/prograd\/wp-content\/uploads\/documentos\/editais\/2010\/prograd\/edital_60_10.pdf\" target=\"_blank\" rel=\"noreferrer noopener\">Edital 060\/2010 &#8211; Programa Institucional de Inicia\u00e7\u00e3o \u00e0 Doc\u00eancia \u2013 PIBID<\/a><\/p>\n\n\n\n<p><a href=\"https:\/\/sites.uel.br\/prograd\/wp-content\/uploads\/documentos\/editais\/2010\/prograd\/edital_59_10.pdf\" target=\"_blank\" rel=\"noreferrer noopener\">Edital 059\/2010 &#8211; Rela\u00e7\u00e3o dos estudantes que t\u00eam prazo m\u00e1ximo at\u00e9 2010 para permanecerem na institui\u00e7\u00e3o<\/a><\/p>\n\n\n\n<p><a href=\"https:\/\/sites.uel.br\/prograd\/wp-content\/uploads\/documentos\/editais\/2010\/prograd\/edital_55_10.pdf\" target=\"_blank\" rel=\"noreferrer noopener\">Edital 055\/2010 &#8211; Matr\u00edculas Homologadas Processo Seletivo Vestibular 2010<\/a><\/p>\n\n\n\n<p><a href=\"https:\/\/sites.uel.br\/prograd\/wp-content\/uploads\/documentos\/editais\/2010\/prograd\/edital_54_10.pdf\" target=\"_blank\" rel=\"noreferrer noopener\">Edital 054\/2010 &#8211; PDCS &#8211; Portador de Diploma de Curso Superior &#8211; Vaga Inicial &#8211; Indeferido<\/a><\/p>\n\n\n\n<p><a href=\"https:\/\/sites.uel.br\/prograd\/wp-content\/uploads\/documentos\/editais\/2010\/prograd\/edital_53_10.pdf\" target=\"_blank\" rel=\"noreferrer noopener\">Edital 053\/2010 &#8211; PDCS &#8211; Portador de Diploma de Curso Superior &#8211; Vaga Inicial &#8211; Resultado &#8211; Deferidos<\/a><\/p>\n\n\n\n<p><a href=\"https:\/\/sites.uel.br\/prograd\/wp-content\/uploads\/documentos\/editais\/2010\/prograd\/edital_44_10_52_10.pdf\" target=\"_blank\" rel=\"noreferrer noopener\">Edital 044 a 52\/2010 &#8211; Disciplinas Eletivas<\/a><\/p>\n\n\n\n<p><a href=\"https:\/\/sites.uel.br\/prograd\/wp-content\/uploads\/documentos\/editais\/2010\/prograd\/edital_35_10_43_10.pdf\" target=\"_blank\" rel=\"noreferrer noopener\">Edital 035 a 43\/2010 &#8211; Disciplinas Especiais<\/a><\/p>\n\n\n\n<p><a href=\"https:\/\/sites.uel.br\/prograd\/wp-content\/uploads\/documentos\/editais\/2010\/prograd\/edital_33_10_34_10.pdf\" target=\"_blank\" rel=\"noreferrer noopener\">Edital 033 e 34\/2010 &#8211; Disciplinas Especiais Programadas<\/a><\/p>\n\n\n\n<p><a href=\"https:\/\/sites.uel.br\/prograd\/wp-content\/uploads\/documentos\/editais\/2010\/prograd\/edital_28_10_32_10.pdf\" target=\"_blank\" rel=\"noreferrer noopener\">Edital 028 a 32\/2010 &#8211; Disciplinas Optativas<\/a><\/p>\n\n\n\n<p><a href=\"https:\/\/sites.uel.br\/prograd\/wp-content\/uploads\/documentos\/editais\/2010\/prograd\/edital_24_10_27_10.pdf\" target=\"_blank\" rel=\"noreferrer noopener\">Edital 024 a 27\/2010 &#8211; Ajuste de Matr\u00edcula<\/a><\/p>\n\n\n\n<p><a href=\"https:\/\/sites.uel.br\/prograd\/wp-content\/uploads\/documentos\/editais\/2010\/prograd\/edital_23_10.pdf\" target=\"_blank\" rel=\"noreferrer noopener\">Edital 023\/2010 &#8211; Solicita\u00e7\u00e3o de Estudante Especial 2010 &#8211; Indeferido<\/a><\/p>\n\n\n\n<p><a href=\"https:\/\/sites.uel.br\/prograd\/wp-content\/uploads\/documentos\/editais\/2010\/prograd\/edital_22_10.pdf\" target=\"_blank\" rel=\"noreferrer noopener\">Edital 022\/2010 &#8211; PDCS Inscri\u00e7\u00f5es &#8211; Vaga para Portador de Diploma de Curso Superior &#8211; Vaga Inicial<\/a><\/p>\n\n\n\n<p><a href=\"https:\/\/sites.uel.br\/prograd\/wp-content\/uploads\/documentos\/editais\/2010\/prograd\/edital_21_10.pdf\" target=\"_blank\" rel=\"noreferrer noopener\">Edital 021\/2010 &#8211; Edital de Jubilados &#8211; 2009<\/a><\/p>\n\n\n\n<p>Edital 020\/2010 &#8211; Cancelamento de Matr\u00edcula &#8211; 2010&nbsp;(retirado a pedido)<\/p>\n\n\n\n<p><a href=\"https:\/\/sites.uel.br\/prograd\/wp-content\/uploads\/documentos\/editais\/2010\/prograd\/edital_19_10.pdf\" target=\"_blank\" rel=\"noreferrer noopener\">Edital 019\/2010 &#8211; Matr\u00edculas N\u00e3o Homologadas &#8211; Processo Seletivo Vestibular 2010<\/a><\/p>\n\n\n\n<p><a href=\"https:\/\/sites.uel.br\/prograd\/wp-content\/uploads\/documentos\/editais\/2010\/prograd\/edital_18_10.pdf\" target=\"_blank\" rel=\"noreferrer noopener\">Edital 018\/2010 &#8211; Matr\u00edculas Homologadas &#8211; Processo Seletivo Vestibular 2010<\/a><\/p>\n\n\n\n<p><a href=\"https:\/\/sites.uel.br\/prograd\/wp-content\/uploads\/documentos\/editais\/2010\/prograd\/edital_17_10.pdf\" target=\"_blank\" rel=\"noreferrer noopener\">Edital 017\/2010 &#8211; Pedido de Prorroga\u00e7\u00e3o de Prazo Deferido<\/a><\/p>\n\n\n\n<p><a href=\"https:\/\/sites.uel.br\/prograd\/wp-content\/uploads\/documentos\/editais\/2010\/prograd\/edital_16_10.pdf\" target=\"_blank\" rel=\"noreferrer noopener\">Edital 016\/2010 &#8211; Transfer\u00eancia Interna de Turno e Habilita\u00e7\u00e3o &#8211; 1\u00aa Fase &#8211; Requerimentos Indeferidos<\/a><\/p>\n\n\n\n<p><a href=\"https:\/\/sites.uel.br\/prograd\/wp-content\/uploads\/documentos\/editais\/2010\/prograd\/edital_15_10.pdf\" target=\"_blank\" rel=\"noreferrer noopener\">Edital 015\/2010 &#8211; Transfer\u00eancia Interna de Turno e Habilita\u00e7\u00e3o &#8211; 1\u00aa Fase &#8211; Requerimentos Deferidos<\/a><\/p>\n\n\n\n<p><a href=\"https:\/\/sites.uel.br\/prograd\/wp-content\/uploads\/documentos\/editais\/2010\/prograd\/edital_14_10.pdf\" target=\"_blank\" rel=\"noreferrer noopener\">Edital 014\/2010 &#8211; Aditamento do Resultado da Rematr\u00edcula<\/a><\/p>\n\n\n\n<p><a href=\"https:\/\/sites.uel.br\/prograd\/wp-content\/uploads\/documentos\/editais\/2010\/prograd\/edital_13_10.pdf\" target=\"_blank\" rel=\"noreferrer noopener\">Edital 013\/2010 &#8211; Processo Seletivo de Transfer\u00eancia Externa &#8211; Recursos Indeferidos<\/a><\/p>\n\n\n\n<p><a href=\"https:\/\/sites.uel.br\/prograd\/wp-content\/uploads\/documentos\/editais\/2010\/prograd\/edital_12_10.pdf\" target=\"_blank\" rel=\"noreferrer noopener\">Edital 012\/2010 &#8211; IX &#8211; Vestibular dos Povos Ind\u00edgenas no Paran\u00e1 &#8211; 2010 &#8211; Matr\u00edcula<\/a><\/p>\n\n\n\n<p><a href=\"https:\/\/sites.uel.br\/prograd\/wp-content\/uploads\/documentos\/editais\/2010\/prograd\/edital_11_10.pdf\" target=\"_blank\" rel=\"noreferrer noopener\">Edital 011\/2010 &#8211; Resultado de Estudante Especial<\/a><\/p>\n\n\n\n<p><a href=\"https:\/\/sites.uel.br\/prograd\/wp-content\/uploads\/documentos\/editais\/2010\/prograd\/edital_10_10.pdf\" target=\"_blank\" rel=\"noreferrer noopener\">Edital 010\/2010 &#8211; 2\u00aa Convoca\u00e7\u00e3o do IX Vestibular Ind\u00edgena &#8211; 2010<\/a><\/p>\n\n\n\n<p><a href=\"https:\/\/sites.uel.br\/prograd\/wp-content\/uploads\/documentos\/editais\/2010\/prograd\/edital_09_10.pdf\" target=\"_blank\" rel=\"noreferrer noopener\">Edital 009\/2010 &#8211; Portadores de Diploma de Curso Superior &#8211; Outra Habilita\u00e7\u00e3o do Mesmo Curso &#8211; Resultado Final<\/a><\/p>\n\n\n\n<p><a href=\"https:\/\/sites.uel.br\/prograd\/wp-content\/uploads\/documentos\/editais\/2010\/prograd\/edital_08_10.pdf\" target=\"_blank\" rel=\"noreferrer noopener\">Edital 008\/2010 &#8211; Vagas para Transfer\u00eancia Interna de Turno e Habilita\u00e7\u00e3o &#8211; 1\u00aa Fase<\/a><\/p>\n\n\n\n<p><a href=\"https:\/\/sites.uel.br\/prograd\/wp-content\/uploads\/documentos\/editais\/2010\/prograd\/edital_07_10.pdf\" target=\"_blank\" rel=\"noreferrer noopener\">Edital 007\/2010 &#8211; Cancelamento de pr\u00e9-matr\u00edculas &#8211; Vestibular 2010<\/a><\/p>\n\n\n\n<p><a href=\"https:\/\/sites.uel.br\/prograd\/wp-content\/uploads\/documentos\/editais\/2010\/prograd\/edital_06_10.pdf\" target=\"_blank\" rel=\"noreferrer noopener\">Edital 006\/2010 &#8211; IX &#8211; Vestibular dos Povos Ind\u00edgenas no Paran\u00e1 &#8211; 2010 &#8211; Matr\u00edcula<\/a><\/p>\n\n\n\n<p><a href=\"https:\/\/sites.uel.br\/prograd\/wp-content\/uploads\/documentos\/editais\/2010\/prograd\/edital_04_10.pdf\" target=\"_blank\" rel=\"noreferrer noopener\">Edital 004\/2010 &#8211; Requerimento de Rematr\u00edcula &#8211; Em An\u00e1lise<\/a><\/p>\n\n\n\n<p><a href=\"https:\/\/sites.uel.br\/prograd\/wp-content\/uploads\/documentos\/editais\/2010\/prograd\/edital_03_10.pdf\" target=\"_blank\" rel=\"noreferrer noopener\">Edital 003\/2010 &#8211; Requerimento de Rematr\u00edcula &#8211; Indeferidos<\/a><\/p>\n\n\n\n<p><a href=\"https:\/\/sites.uel.br\/prograd\/wp-content\/uploads\/documentos\/editais\/2010\/prograd\/edital_02_10.pdf\" target=\"_blank\" rel=\"noreferrer noopener\">Edital 002\/2010 &#8211; Requerimento de Rematr\u00edcula &#8211; Deferidos<\/a><\/p>\n\n\n\n<p><a href=\"https:\/\/sites.uel.br\/prograd\/wp-content\/uploads\/documentos\/editais\/2010\/prograd\/edital_01_10.pdf\" target=\"_blank\" rel=\"noreferrer noopener\">Edital 001\/2010 &#8211; Portador de Diploma de Curso Superior &#8211; Outra habilita\u00e7\u00e3o do mesmo curso<\/a><\/p>\n","protected":false},"excerpt":{"rendered":"<p>Anos Anteriores 2010 Edital 076\/2010 &#8211; Disciplinas Optativas do 2\u00ba semestre de 2010 &#8211; Cursos de Arquivologia, Biblioteconomia Edital 075\/2010 &#8211; Disciplinas Optativas do 2\u00ba semestre de 2010 &#8211; Curso de Administra\u00e7\u00e3o Edital 074\/2010 &#8211; Disciplinas Optativas do 2\u00ba semestre de 2010 &#8211; Cursos de Ci\u00eancias Sociais e Hist\u00f3ria Edital 073\/2010 &#8211; Ajuste de Matr\u00edcula [&hellip;]<\/p>\n","protected":false},"author":8,"featured_media":0,"parent":0,"menu_order":0,"comment_status":"closed","ping_status":"closed","template":"","meta":{"_acf_changed":false,"_themeisle_gutenberg_block_has_review":false,"footnotes":""},"class_list":["post-2015","page","type-page","status-publish","hentry"],"acf":[],"_links":{"self":[{"href":"https:\/\/sites.uel.br\/prograd\/wp-json\/wp\/v2\/pages\/2015","targetHints":{"allow":["GET"]}}],"collection":[{"href":"https:\/\/sites.uel.br\/prograd\/wp-json\/wp\/v2\/pages"}],"about":[{"href":"https:\/\/sites.uel.br\/prograd\/wp-json\/wp\/v2\/types\/page"}],"author":[{"embeddable":true,"href":"https:\/\/sites.uel.br\/prograd\/wp-json\/wp\/v2\/users\/8"}],"replies":[{"embeddable":true,"href":"https:\/\/sites.uel.br\/prograd\/wp-json\/wp\/v2\/comments?post=2015"}],"version-history":[{"count":11,"href":"https:\/\/sites.uel.br\/prograd\/wp-json\/wp\/v2\/pages\/2015\/revisions"}],"predecessor-version":[{"id":30190,"href":"https:\/\/sites.uel.br\/prograd\/wp-json\/wp\/v2\/pages\/2015\/revisions\/30190"}],"wp:attachment":[{"href":"https:\/\/sites.uel.br\/prograd\/wp-json\/wp\/v2\/media?parent=2015"}],"curies":[{"name":"wp","href":"https:\/\/api.w.org\/{rel}","templated":true}]}}