{"id":2013,"date":"2023-03-31T12:09:52","date_gmt":"2023-03-31T15:09:52","guid":{"rendered":"https:\/\/sites.uel.br\/prograd\/?page_id=2013"},"modified":"2024-05-23T11:48:11","modified_gmt":"2024-05-23T14:48:11","slug":"editais-2009","status":"publish","type":"page","link":"https:\/\/sites.uel.br\/prograd\/editais-2009\/","title":{"rendered":"Editais"},"content":{"rendered":"\n<hr class=\"wp-block-separator has-alpha-channel-opacity is-style-wide\"\/>\n\n\n\n<h2 class=\"wp-block-heading\">Anos Anteriores<\/h2>\n\n\n\n<h3 class=\"wp-block-heading\">2009<\/h3>\n\n\n\n<div style=\"height:20px\" aria-hidden=\"true\" class=\"wp-block-spacer\"><\/div>\n\n\n\n<p><a href=\"https:\/\/sites.uel.br\/prograd\/wp-content\/uploads\/documentos\/editais\/2009\/prograd\/edital_84_09.pdf\" target=\"_blank\" rel=\"noreferrer noopener\">Edital 084\/2009 &#8211; Pedido de Prorroga\u00e7\u00e3o de Prazo Deferido<\/a><\/p>\n\n\n\n<p><a href=\"https:\/\/sites.uel.br\/prograd\/wp-content\/uploads\/documentos\/editais\/2009\/prograd\/edital_83_09.pdf\" target=\"_blank\" rel=\"noreferrer noopener\">Edital 083\/2009 &#8211; Resultado do Processo de Classifica\u00e7\u00e3o de Professores Inscritos na Plataforma Freire (indeferidos)<\/a><\/p>\n\n\n\n<p><a href=\"https:\/\/sites.uel.br\/prograd\/wp-content\/uploads\/documentos\/editais\/2009\/prograd\/edital_82_09.pdf\" target=\"_blank\" rel=\"noreferrer noopener\">Edital 082\/2009 &#8211; Resultado Processo de Classifica\u00e7\u00e3o de Professores Inscritos na Plataforma Freire (deferidos)<\/a><\/p>\n\n\n\n<p><a href=\"https:\/\/sites.uel.br\/prograd\/wp-content\/uploads\/documentos\/editais\/2009\/prograd\/edital_80_09.pdf\" target=\"_blank\" rel=\"noreferrer noopener\">Edital 080\/2009 &#8211; Processo de Classifica\u00e7\u00e3o de Professores Pr\u00e9-Inscritos na Plataforma Freire<\/a><\/p>\n\n\n\n<p><a href=\"https:\/\/sites.uel.br\/prograd\/wp-content\/uploads\/documentos\/editais\/2009\/prograd\/edital_79_09.pdf\" target=\"_blank\" rel=\"noreferrer noopener\">Edital 079\/2009 &#8211; Rela\u00e7\u00e3o dos Estudantes que t\u00eam Prazo M\u00e1ximo at\u00e9 o Segundo Semestre Letivo de 2009 para Permanecerem na Institui\u00e7\u00e3o<\/a><\/p>\n\n\n\n<p><a href=\"https:\/\/sites.uel.br\/prograd\/wp-content\/uploads\/documentos\/editais\/2009\/prograd\/edital_78_09.pdf\" target=\"_blank\" rel=\"noreferrer noopener\">Edital 078\/2009 &#8211; CECA &#8211; Disciplinas Optativas<\/a><\/p>\n\n\n\n<p><a href=\"https:\/\/sites.uel.br\/prograd\/wp-content\/uploads\/documentos\/editais\/2009\/prograd\/edital_77_09.pdf\" target=\"_blank\" rel=\"noreferrer noopener\">Edital 077\/2009 &#8211; CLCH &#8211; Disciplinas Optativas<\/a><\/p>\n\n\n\n<p><a href=\"https:\/\/sites.uel.br\/prograd\/wp-content\/uploads\/documentos\/editais\/2009\/prograd\/edital_76_09.pdf\" target=\"_blank\" rel=\"noreferrer noopener\">Edital 076\/2009 &#8211; CECA &#8211; Sistema de Matr\u00edcula por Atividade Acad\u00eamica de Gradua\u00e7\u00e3o<\/a><\/p>\n\n\n\n<p><a href=\"https:\/\/sites.uel.br\/prograd\/wp-content\/uploads\/documentos\/editais\/2009\/prograd\/edital_75_09.pdf\" target=\"_blank\" rel=\"noreferrer noopener\">Edital 075\/2009 &#8211; CLCH &#8211; Sistema de Matr\u00edcula por Atividade Acad\u00eamica de Gradua\u00e7\u00e3o<\/a><\/p>\n\n\n\n<p><a href=\"https:\/\/sites.uel.br\/prograd\/wp-content\/uploads\/documentos\/editais\/2009\/prograd\/edital_73_09.pdf\" target=\"_blank\" rel=\"noreferrer noopener\">Edital 073\/2009 &#8211; Requerimento de Rematr\u00edcula &#8211; Indeferidos<\/a><\/p>\n\n\n\n<p><a href=\"https:\/\/sites.uel.br\/prograd\/wp-content\/uploads\/documentos\/editais\/2009\/prograd\/edital_72_09.pdf\" target=\"_blank\" rel=\"noreferrer noopener\">Edital 072\/2009 &#8211; Requerimento de Rematr\u00edcula &#8211; Deferidos<\/a><\/p>\n\n\n\n<p><a href=\"https:\/\/sites.uel.br\/prograd\/wp-content\/uploads\/documentos\/editais\/2009\/prograd\/edital_71_09.pdf\" target=\"_blank\" rel=\"noreferrer noopener\">Edital 071\/2009 &#8211; Pedido de Prorroga\u00e7\u00e3o de Prazo Deferidos<\/a><\/p>\n\n\n\n<p><a href=\"https:\/\/sites.uel.br\/prograd\/wp-content\/uploads\/documentos\/editais\/2009\/prograd\/edital_70_09.pdf\" target=\"_blank\" rel=\"noreferrer noopener\">Edital 070\/2009 &#8211; Pedido de Prorrogra\u00e7\u00e3o de Prazo Indeferido<\/a><\/p>\n\n\n\n<p><a href=\"https:\/\/sites.uel.br\/prograd\/wp-content\/uploads\/documentos\/editais\/2009\/prograd\/edital_69_09.pdf\" target=\"_blank\" rel=\"noreferrer noopener\">Edital 069\/2009 &#8211; Matr\u00edculas Homologadas &#8211; 2\u00ba Semestre &#8211; Processo Seletivo Vestibular 2009<\/a><\/p>\n\n\n\n<p><a href=\"https:\/\/sites.uel.br\/prograd\/wp-content\/uploads\/documentos\/editais\/2009\/prograd\/edital_68_09.pdf\" target=\"_blank\" rel=\"noreferrer noopener\">Edital 068\/2009 &#8211; Vaga para Portador de Curso Superior &#8211; Vaga Inicial<\/a><\/p>\n\n\n\n<p><a href=\"https:\/\/sites.uel.br\/prograd\/wp-content\/uploads\/documentos\/editais\/2009\/prograd\/edital_67_09.pdf\" target=\"_blank\" rel=\"noreferrer noopener\">Edital 067\/2009 &#8211; Matr\u00edculas Homologadas &#8211; Processo Seletivo Vestibular 2009<\/a><\/p>\n\n\n\n<p><a href=\"https:\/\/sites.uel.br\/prograd\/wp-content\/uploads\/documentos\/editais\/2009\/prograd\/edital_66_09.pdf\" target=\"_blank\" rel=\"noreferrer noopener\">Edital 066\/2009 &#8211; Vaga para Portador de Curso Superior &#8211; Vaga Inicial<\/a><\/p>\n\n\n\n<p><a href=\"https:\/\/sites.uel.br\/prograd\/wp-content\/uploads\/documentos\/editais\/2009\/prograd\/edital_65_09.pdf\" target=\"_blank\" rel=\"noreferrer noopener\">Edital 065\/2009 &#8211; Rela\u00e7\u00e3o dos Estudantes que t\u00eam Prazo M\u00e1ximo at\u00e9 2009 para Permanecerem na Institui\u00e7\u00e3o<\/a><\/p>\n\n\n\n<p><a href=\"https:\/\/sites.uel.br\/prograd\/wp-content\/uploads\/documentos\/editais\/2009\/prograd\/edital_64_09.pdf\" target=\"_blank\" rel=\"noreferrer noopener\">Edital 064\/2009 &#8211; Exclui aluno da Rela\u00e7\u00e3o de Jubilados de 2008, constante do Edital PROGRAD N\u00ba. 25\/2009<\/a><\/p>\n\n\n\n<p>Editais de Resultados: Disciplina Especial\/Disciplina Especial Programada\/Disciplina Eletiva\/Disciplina Optativa\/Ajuste<a href=\"https:\/\/sites.uel.br\/prograd\/wp-content\/uploads\/documentos\/editais\/2009\/prograd\/edital_16_09.pdf\" target=\"_blank\" rel=\"noreferrer noopener\"><br><\/a><strong>(<a href=\"https:\/\/sites.uel.br\/prograd\/wp-content\/uploads\/documentos\/editais\/2009\/prograd\/disciplinas_20091.pdf\" target=\"_blank\" rel=\"noreferrer noopener\">arquivo 01 de 05<\/a>)&nbsp;(<a href=\"https:\/\/sites.uel.br\/prograd\/wp-content\/uploads\/documentos\/editais\/2009\/prograd\/disciplinas_20092.pdf\" target=\"_blank\" rel=\"noreferrer noopener\">arquivo 02 de 05<\/a>)&nbsp;(<a href=\"https:\/\/sites.uel.br\/prograd\/wp-content\/uploads\/documentos\/editais\/2009\/prograd\/disciplinas_20093.pdf\" target=\"_blank\" rel=\"noreferrer noopener\">arquivo 03 de 05<\/a>)&nbsp;(<a href=\"https:\/\/sites.uel.br\/prograd\/wp-content\/uploads\/documentos\/editais\/2009\/prograd\/disciplinas_20094.pdf\" target=\"_blank\" rel=\"noreferrer noopener\">arquivo 04 de 05<\/a>)<br>(<a href=\"https:\/\/sites.uel.br\/prograd\/wp-content\/uploads\/documentos\/editais\/2009\/prograd\/disciplinas_20095.pdf\" target=\"_blank\" rel=\"noreferrer noopener\">arquivo 05 de 05<\/a>)<\/strong>. <\/p>\n\n\n\n<p><a href=\"https:\/\/sites.uel.br\/prograd\/wp-content\/uploads\/documentos\/editais\/2009\/prograd\/edital_32_09.pdf\" target=\"_blank\" rel=\"noreferrer noopener\">Edital 032\/2009 &#8211; Matr\u00edculas N\u00e3o Homologada &#8211; Concurso Vestibular 2009<\/a><\/p>\n\n\n\n<p><a href=\"https:\/\/sites.uel.br\/prograd\/wp-content\/uploads\/documentos\/editais\/2009\/prograd\/edital_31_09.pdf\" target=\"_blank\" rel=\"noreferrer noopener\">Edital 031\/2009 &#8211; Matr\u00edculas Homologadas &#8211; Concurso Vestibular 2009<\/a><\/p>\n\n\n\n<p><a href=\"https:\/\/sites.uel.br\/prograd\/wp-content\/uploads\/documentos\/editais\/2009\/prograd\/edital_30_09.pdf\" target=\"_blank\" rel=\"noreferrer noopener\">Edital 030\/2009 &#8211; Revalida\u00e7\u00e3o de Diplomas de Cursos de Gradua\u00e7\u00e3o Expedidos por Estabelecimentos Estrangeiros de Educa\u00e7\u00e3o Superior<\/a><\/p>\n\n\n\n<p><a href=\"https:\/\/sites.uel.br\/prograd\/wp-content\/uploads\/documentos\/editais\/2009\/prograd\/edital_26_09.pdf\" target=\"_blank\" rel=\"noreferrer noopener\">Edital 026\/2009 &#8211; Matr\u00edculas Homologadas de Candidatos que se Autodeclararam Negros &#8211; Concurso Vestibular 2009<\/a><\/p>\n\n\n\n<p><a href=\"https:\/\/sites.uel.br\/prograd\/wp-content\/uploads\/documentos\/editais\/2009\/prograd\/edital_25_09.pdf\" target=\"_blank\" rel=\"noreferrer noopener\">Edital 025\/2009 &#8211; Jubilados 2008<\/a><\/p>\n\n\n\n<p><a href=\"https:\/\/sites.uel.br\/prograd\/wp-content\/uploads\/documentos\/editais\/2009\/prograd\/edital_22_09.pdf\" target=\"_blank\" rel=\"noreferrer noopener\">Edital 022\/2009 &#8211; Matr\u00edculas N\u00e3o Homologadas &#8211; Concurso Vestibular 2009<\/a><\/p>\n\n\n\n<p><a href=\"https:\/\/sites.uel.br\/prograd\/wp-content\/uploads\/documentos\/editais\/2009\/prograd\/edital_21_09.pdf\" target=\"_blank\" rel=\"noreferrer noopener\">Edital 021\/2009 &#8211; Matr\u00edculas Homologadas &#8211; Concurso Vestibular 2009<\/a><\/p>\n\n\n\n<p><a href=\"https:\/\/sites.uel.br\/prograd\/wp-content\/uploads\/documentos\/editais\/2009\/prograd\/edital_17_09.pdf\" target=\"_blank\" rel=\"noreferrer noopener\">Edital 017\/2009 &#8211; VIII &#8211; Vestibular dos Povos Ind\u00edgenas no Parana 2009 &#8211; Matr\u00edcula<\/a><\/p>\n\n\n\n<p><a href=\"https:\/\/sites.uel.br\/prograd\/wp-content\/uploads\/documentos\/editais\/2009\/prograd\/edital_16_09.pdf\" target=\"_blank\" rel=\"noreferrer noopener\">Edital 016\/2009 &#8211; Solicita\u00e7\u00e3o de Estudante Especial<\/a><\/p>\n\n\n\n<p><a href=\"https:\/\/sites.uel.br\/prograd\/wp-content\/uploads\/documentos\/editais\/2009\/prograd\/edital_15_09.pdf\" target=\"_blank\" rel=\"noreferrer noopener\">Edital 015\/2009 &#8211; Desligamento de Estudante Especial<\/a><\/p>\n\n\n\n<p><a href=\"https:\/\/sites.uel.br\/prograd\/wp-content\/uploads\/documentos\/editais\/2009\/prograd\/edital_14_09.pdf\" target=\"_blank\" rel=\"noreferrer noopener\">Edital 014\/2009 &#8211; Habilita\u00e7\u00e3o Opcional em L\u00edngua e Cultura Francesa<\/a><\/p>\n\n\n\n<p><a href=\"https:\/\/sites.uel.br\/prograd\/wp-content\/uploads\/documentos\/editais\/2009\/prograd\/edital_11_09.pdf\" target=\"_blank\" rel=\"noreferrer noopener\">Edital 011\/2009 &#8211; Portadores de Diploma de Curso Superior &#8211; Outra Habilita\u00e7\u00e3o do Mesmo Curso &#8211; Resultado Final<\/a><\/p>\n\n\n\n<p><a href=\"https:\/\/sites.uel.br\/prograd\/wp-content\/uploads\/documentos\/editais\/2009\/prograd\/edital_10_09.pdf\" target=\"_blank\" rel=\"noreferrer noopener\">Edital 010\/2009 &#8211; VIII &#8211; Vestibular dos Povos Ind\u00edgenas no Parana 2009 &#8211; Matr\u00edcula<\/a><\/p>\n\n\n\n<p><a href=\"https:\/\/sites.uel.br\/prograd\/wp-content\/uploads\/documentos\/editais\/2009\/prograd\/edital_09_09.pdf\" target=\"_blank\" rel=\"noreferrer noopener\">Edital 009\/2009 &#8211; Transfer\u00eancia Interna de Turno &#8211; Indeferidos<\/a><\/p>\n\n\n\n<p><a href=\"https:\/\/sites.uel.br\/prograd\/wp-content\/uploads\/documentos\/editais\/2009\/prograd\/edital_08_09.pdf\" target=\"_blank\" rel=\"noreferrer noopener\">Edital 008\/2009 &#8211; Transfer\u00eancia Interna de Turno &#8211; Deferidos<\/a><\/p>\n\n\n\n<p><a href=\"https:\/\/sites.uel.br\/prograd\/wp-content\/uploads\/documentos\/editais\/2009\/prograd\/edital_07_09.pdf\" target=\"_blank\" rel=\"noreferrer noopener\">Edital 007\/2009 &#8211; Transfer\u00eancia Interna de Turno &#8211; Vagas<\/a><\/p>\n\n\n\n<p>Edital 006\/2009 &#8211; Transfer\u00eancia Externa &#8211; Candidatos N\u00e3o Convocados Por Insufici\u00eancia de Vagas&nbsp;(Anexo)<\/p>\n\n\n\n<p>Edital 005\/2009 &#8211; Transfer\u00eancia Externa &#8211; Candidatos Reprovados&nbsp;(Anexo)<\/p>\n\n\n\n<p>Edital 004\/2009 &#8211; Transfer\u00eancia Externa &#8211; Candidatos Aprovados&nbsp;(Anexo) (Ficha de Confer\u00eancia)<\/p>\n\n\n\n<p><a href=\"https:\/\/sites.uel.br\/prograd\/wp-content\/uploads\/documentos\/editais\/2009\/prograd\/edital_03_09.pdf\" target=\"_blank\" rel=\"noreferrer noopener\">Edital 003\/2009 &#8211; Transfer\u00eancia Interna de Turno<\/a><\/p>\n\n\n\n<p><a href=\"https:\/\/sites.uel.br\/prograd\/wp-content\/uploads\/documentos\/editais\/2009\/prograd\/edital_02_09.pdf\" target=\"_blank\" rel=\"noreferrer noopener\">Edital 002\/2009 &#8211; Prorroga\u00e7\u00e3o de Prazo &#8211; Indeferido<\/a><\/p>\n\n\n\n<p><a href=\"https:\/\/sites.uel.br\/prograd\/wp-content\/uploads\/documentos\/editais\/2009\/prograd\/edital_01_09.pdf\" target=\"_blank\" rel=\"noreferrer noopener\">Edital 001\/2009 &#8211; Portador de Diploma de Curso Superior &#8211; Outra habilita\u00e7\u00e3o do mesmo curso<\/a><\/p>\n","protected":false},"excerpt":{"rendered":"<p>Anos Anteriores 2009 Edital 084\/2009 &#8211; Pedido de Prorroga\u00e7\u00e3o de Prazo Deferido Edital 083\/2009 &#8211; Resultado do Processo de Classifica\u00e7\u00e3o de Professores Inscritos na Plataforma Freire (indeferidos) Edital 082\/2009 &#8211; Resultado Processo de Classifica\u00e7\u00e3o de Professores Inscritos na Plataforma Freire (deferidos) Edital 080\/2009 &#8211; Processo de Classifica\u00e7\u00e3o de Professores Pr\u00e9-Inscritos na Plataforma Freire Edital 079\/2009 [&hellip;]<\/p>\n","protected":false},"author":8,"featured_media":0,"parent":0,"menu_order":0,"comment_status":"closed","ping_status":"closed","template":"","meta":{"_acf_changed":false,"_themeisle_gutenberg_block_has_review":false,"footnotes":""},"class_list":["post-2013","page","type-page","status-publish","hentry"],"acf":[],"_links":{"self":[{"href":"https:\/\/sites.uel.br\/prograd\/wp-json\/wp\/v2\/pages\/2013","targetHints":{"allow":["GET"]}}],"collection":[{"href":"https:\/\/sites.uel.br\/prograd\/wp-json\/wp\/v2\/pages"}],"about":[{"href":"https:\/\/sites.uel.br\/prograd\/wp-json\/wp\/v2\/types\/page"}],"author":[{"embeddable":true,"href":"https:\/\/sites.uel.br\/prograd\/wp-json\/wp\/v2\/users\/8"}],"replies":[{"embeddable":true,"href":"https:\/\/sites.uel.br\/prograd\/wp-json\/wp\/v2\/comments?post=2013"}],"version-history":[{"count":13,"href":"https:\/\/sites.uel.br\/prograd\/wp-json\/wp\/v2\/pages\/2013\/revisions"}],"predecessor-version":[{"id":30189,"href":"https:\/\/sites.uel.br\/prograd\/wp-json\/wp\/v2\/pages\/2013\/revisions\/30189"}],"wp:attachment":[{"href":"https:\/\/sites.uel.br\/prograd\/wp-json\/wp\/v2\/media?parent=2013"}],"curies":[{"name":"wp","href":"https:\/\/api.w.org\/{rel}","templated":true}]}}