{"id":2011,"date":"2023-03-31T12:09:42","date_gmt":"2023-03-31T15:09:42","guid":{"rendered":"https:\/\/sites.uel.br\/prograd\/?page_id=2011"},"modified":"2024-05-23T11:48:08","modified_gmt":"2024-05-23T14:48:08","slug":"editais-2008","status":"publish","type":"page","link":"https:\/\/sites.uel.br\/prograd\/editais-2008\/","title":{"rendered":"Editais"},"content":{"rendered":"\n<hr class=\"wp-block-separator has-alpha-channel-opacity is-style-wide\"\/>\n\n\n\n<h2 class=\"wp-block-heading\">Anos Anteriores<\/h2>\n\n\n\n<h3 class=\"wp-block-heading\">2008<\/h3>\n\n\n\n<div style=\"height:20px\" aria-hidden=\"true\" class=\"wp-block-spacer\"><\/div>\n\n\n\n<p><a href=\"https:\/\/sites.uel.br\/prograd\/wp-content\/uploads\/documentos\/editais\/2008\/prograd\/edital_98_08.pdf\" target=\"_blank\" rel=\"noreferrer noopener\">Edital 098\/2008 &#8211;&nbsp;Pedidos de Prorroga\u00e7\u00e3o de Prazo Indeferido<\/a><\/p>\n\n\n\n<p><a href=\"https:\/\/sites.uel.br\/prograd\/wp-content\/uploads\/documentos\/editais\/2008\/prograd\/edital_97_08.pdf\" target=\"_blank\" rel=\"noreferrer noopener\">Edital 097\/2008 &#8211;&nbsp;Pedidos de Prorroga\u00e7\u00e3o de Prazo Indeferidos<\/a><\/p>\n\n\n\n<p><a href=\"https:\/\/sites.uel.br\/prograd\/wp-content\/uploads\/documentos\/editais\/2008\/prograd\/edital_96_08.pdf\" target=\"_blank\" rel=\"noreferrer noopener\">Edital 096\/2008 &#8211;&nbsp;Pedido de Prorroga\u00e7\u00e3o de Prazo Deferido<\/a><\/p>\n\n\n\n<p><a href=\"https:\/\/sites.uel.br\/prograd\/wp-content\/uploads\/documentos\/editais\/2008\/prograd\/edital_94_08.pdf\" target=\"_blank\" rel=\"noreferrer noopener\">Edital 094\/2008 &#8211;&nbsp;Requerimento de Rematr\u00edcula &#8211; Indeferidos<\/a><\/p>\n\n\n\n<p><a href=\"https:\/\/sites.uel.br\/prograd\/wp-content\/uploads\/documentos\/editais\/2008\/prograd\/edital_93_08.pdf\" target=\"_blank\" rel=\"noreferrer noopener\">Edital 093\/2008 &#8211;&nbsp;Requerimento de Rematr\u00edcula &#8211; Deferidos<\/a><\/p>\n\n\n\n<p><a href=\"https:\/\/sites.uel.br\/prograd\/wp-content\/uploads\/documentos\/editais\/2008\/prograd\/edital_92_08.pdf\" target=\"_blank\" rel=\"noreferrer noopener\">Edital 092\/2008 &#8211;&nbsp;Homologa\u00e7\u00e3o da inscri\u00e7\u00e3o do VIII Vestibular dos Povos Ind\u00edgenas no Paran\u00e1, por meio de liminar<\/a><\/p>\n\n\n\n<p><a href=\"https:\/\/sites.uel.br\/prograd\/wp-content\/uploads\/documentos\/editais\/2008\/prograd\/edital_91_08.pdf\" target=\"_blank\" rel=\"noreferrer noopener\">Edital 091\/2008 &#8211; Divulga\u00e7\u00e3o do ensalamento dos candidatos ao VIII Vestibular dos Povos Ind\u00edgenas no Paran\u00e1<\/a><\/p>\n\n\n\n<p><a href=\"https:\/\/sites.uel.br\/prograd\/wp-content\/uploads\/documentos\/editais\/2008\/prograd\/edital_90_08.pdf\" target=\"_blank\" rel=\"noreferrer noopener\">Edital 090\/2008 &#8211; Indeferimento de pedido de prorroga\u00e7\u00e3o de prazo para conclus\u00e3o de curso do estudante Kleber Teixeira de Lima Costa<\/a><\/p>\n\n\n\n<p><a href=\"https:\/\/sites.uel.br\/prograd\/wp-content\/uploads\/documentos\/editais\/2008\/prograd\/edital_89_08.pdf\" target=\"_blank\" rel=\"noreferrer noopener\">Edital 089\/2008 &#8211;&nbsp;Homologa\u00e7\u00e3o das inscri\u00e7\u00f5es do VIII Vestibular dos Povos Ind\u00edgenas no Paran\u00e1, ap\u00f3s prazo de recurso<\/a><\/p>\n\n\n\n<p><a href=\"https:\/\/sites.uel.br\/prograd\/wp-content\/uploads\/documentos\/editais\/2008\/prograd\/edital_88_08.pdf\" target=\"_blank\" rel=\"noreferrer noopener\">Edital 088\/2008 &#8211; Inscri\u00e7\u00e3o para Habilita\u00e7\u00e3o Opcional em L\u00edngua e Cultura Francesa<\/a><\/p>\n\n\n\n<p><a href=\"https:\/\/sites.uel.br\/prograd\/wp-content\/uploads\/documentos\/editais\/2008\/prograd\/edital_86_08.pdf\" target=\"_blank\" rel=\"noreferrer noopener\">Edital 086\/2008 &#8211; Homologa\u00e7\u00e3o das inscri\u00e7\u00f5es do VIII Vestibular dos Povos Ind\u00edgenas no Paran\u00e1<\/a><\/p>\n\n\n\n<p><a href=\"https:\/\/sites.uel.br\/prograd\/wp-content\/uploads\/documentos\/editais\/2008\/prograd\/edital_85_08.pdf\" target=\"_blank\" rel=\"noreferrer noopener\">Edital 085\/2008 &#8211; Pareceres em Rela\u00e7\u00e3o \u00e0s Disciplinas Optativas &#8211; Estudantes CECA<\/a><\/p>\n\n\n\n<p><a href=\"https:\/\/sites.uel.br\/prograd\/wp-content\/uploads\/documentos\/editais\/2008\/prograd\/edital_84_08.pdf\" target=\"_blank\" rel=\"noreferrer noopener\">Edital 084\/2008 &#8211; Pareceres em Rela\u00e7\u00e3o \u00e0s Disciplinas Optativas &#8211; Estudantes CCH<\/a><\/p>\n\n\n\n<p><a href=\"https:\/\/sites.uel.br\/prograd\/wp-content\/uploads\/documentos\/editais\/2008\/prograd\/edital_83_08.pdf\" target=\"_blank\" rel=\"noreferrer noopener\">Edital 083\/2008 &#8211; Pareceres em Rela\u00e7\u00e3o ao Sistema de Matr\u00edcula por Atividade Acad\u00eamica &#8211; Estudantes CECA<\/a><\/p>\n\n\n\n<p><a href=\"https:\/\/sites.uel.br\/prograd\/wp-content\/uploads\/documentos\/editais\/2008\/prograd\/edital_82_08.pdf\" target=\"_blank\" rel=\"noreferrer noopener\">Edital 082\/2008 &#8211; Pareceres em Rela\u00e7\u00e3o ao Sistema de Matr\u00edcula por Atividade Acad\u00eamica &#8211; Estudantes CCH<\/a><\/p>\n\n\n\n<p><a href=\"https:\/\/sites.uel.br\/prograd\/wp-content\/uploads\/documentos\/editais\/2008\/prograd\/edital_81_08.pdf\" target=\"_blank\" rel=\"noreferrer noopener\">Edital 081\/2008 &#8211; VIII Vestibular dos Povos Ind\u00edgenas no Paran\u00e1<\/a><\/p>\n\n\n\n<p><a href=\"https:\/\/sites.uel.br\/prograd\/wp-content\/uploads\/documentos\/editais\/2008\/prograd\/edital_80_08.pdf\" target=\"_blank\" rel=\"noreferrer noopener\">Edital 080\/2008 &#8211; Transfer\u00eancia Externa para o ano letivo de 2009<\/a><\/p>\n\n\n\n<p><a href=\"https:\/\/sites.uel.br\/prograd\/wp-content\/uploads\/documentos\/editais\/2008\/prograd\/edital_79_08.pdf\" target=\"_blank\" rel=\"noreferrer noopener\">Edital 079\/2008 &#8211; Estudante Participante PEC-G Cancelado &#8211; Noelia Bel\u00e9n Salinas Moran<\/a><\/p>\n\n\n\n<p><a href=\"https:\/\/sites.uel.br\/prograd\/wp-content\/uploads\/documentos\/editais\/2008\/prograd\/edital_78_08.pdf\" target=\"_blank\" rel=\"noreferrer noopener\">Edital 078\/2008 &#8211; Requerimento de Rematr\u00edcula &#8211; Deferidos<\/a><\/p>\n\n\n\n<p><a href=\"https:\/\/sites.uel.br\/prograd\/wp-content\/uploads\/documentos\/editais\/2008\/prograd\/edital_77_08.pdf\" target=\"_blank\" rel=\"noreferrer noopener\">Edital 077\/2008 &#8211; Pedido de prorroga\u00e7\u00e3o de prazo deferido<\/a><\/p>\n\n\n\n<p><a href=\"https:\/\/sites.uel.br\/prograd\/wp-content\/uploads\/documentos\/editais\/2008\/prograd\/edital_76_08.pdf\" target=\"_blank\" rel=\"noreferrer noopener\">Edital 076\/2008 &#8211; Pedido de prorroga\u00e7\u00e3o de prazo indeferido<\/a><\/p>\n\n\n\n<p><a href=\"https:\/\/sites.uel.br\/prograd\/wp-content\/uploads\/documentos\/editais\/2008\/prograd\/edital_75_08.pdf\" target=\"_blank\" rel=\"noreferrer noopener\">Edital 075\/2008 &#8211; Matr\u00edculas Homologadas &#8211; Concurso Vestibular 2008 &#8211; 3\u00aa Convoca\u00e7\u00e3o &#8211; Administra\u00e7\u00e3o &#8211; 2\u00ba semestre<\/a><\/p>\n\n\n\n<p><a href=\"https:\/\/sites.uel.br\/prograd\/wp-content\/uploads\/documentos\/editais\/2008\/prograd\/edital_74_08.pdf\" target=\"_blank\" rel=\"noreferrer noopener\">Edital 074\/2008 &#8211; Matr\u00edculas Homologadas &#8211; Concurso Vestibular 2008 &#8211; 2\u00aa Convoca\u00e7\u00e3o &#8211; Administra\u00e7\u00e3o &#8211; 2\u00ba semestre<\/a><\/p>\n\n\n\n<p><a href=\"https:\/\/sites.uel.br\/prograd\/wp-content\/uploads\/documentos\/editais\/2008\/prograd\/edital_73_08.pdf\" target=\"_blank\" rel=\"noreferrer noopener\">Edital 073\/2008 &#8211; Matr\u00edculas Homologadas &#8211; Concurso Vestibular 2008 &#8211; 1\u00aa Convoca\u00e7\u00e3o &#8211; Administra\u00e7\u00e3o &#8211; 2\u00ba semestre<\/a><\/p>\n\n\n\n<p><a href=\"https:\/\/sites.uel.br\/prograd\/wp-content\/uploads\/documentos\/editais\/2008\/prograd\/edital_72_08.pdf\" target=\"_blank\" rel=\"noreferrer noopener\">Edital 072\/2008 &#8211; Rematr\u00edcula de Estudante Participante do Programa de Estudantes-Conv\u00eanios de Gradua\u00e7\u00e3o &#8211; PEC-G &#8211; Deferido<\/a><\/p>\n\n\n\n<p><a href=\"https:\/\/sites.uel.br\/prograd\/wp-content\/uploads\/documentos\/editais\/2008\/prograd\/edital_71_08.pdf\" target=\"_blank\" rel=\"noreferrer noopener\">Edital 071\/2008 &#8211; Transfer\u00eancia Externa &#8211; Edital dos Candidatos Aprovados 2\u00aa Convoca\u00e7\u00e3o- Administra\u00e7\u00e3o<\/a><\/p>\n\n\n\n<p><a href=\"https:\/\/sites.uel.br\/prograd\/wp-content\/uploads\/documentos\/editais\/2008\/prograd\/edital_70_08.pdf\" target=\"_blank\" rel=\"noreferrer noopener\">Edital 070\/2008 &#8211; Transfer\u00eancia Externa &#8211; Edital dos Candidatos Aprovados 2\u00aa Convoca\u00e7\u00e3o- Matr\u00edcula<\/a><\/p>\n\n\n\n<p><a href=\"https:\/\/sites.uel.br\/prograd\/wp-content\/uploads\/documentos\/editais\/2008\/prograd\/edital_69_08.pdf\" target=\"_blank\" rel=\"noreferrer noopener\">Edital 069\/2008 &#8211; Matricula Homologada &#8211; Concurso Vestibular 2008 &#8211; Convoca\u00e7\u00e3o Extraordin\u00e1ria<\/a><\/p>\n\n\n\n<p><a href=\"https:\/\/sites.uel.br\/prograd\/wp-content\/uploads\/documentos\/editais\/2008\/prograd\/edital_68_08.pdf\" target=\"_blank\" rel=\"noreferrer noopener\">Edital 068\/2008 &#8211; Resultado &#8211; Vagas Remanescentes &#8211; Portador de Diploma de Curso Superior &#8211; Indeferidos<\/a><\/p>\n\n\n\n<p><a href=\"https:\/\/sites.uel.br\/prograd\/wp-content\/uploads\/documentos\/editais\/2008\/prograd\/edital_67_08.pdf\" target=\"_blank\" rel=\"noreferrer noopener\">Edital 067\/2008 &#8211; Resultado &#8211; Vagas Remanescentes &#8211; Portador de Diploma de Curso Superior &#8211; Deferidos<\/a><\/p>\n\n\n\n<p><a href=\"https:\/\/sites.uel.br\/prograd\/wp-content\/uploads\/documentos\/editais\/2008\/prograd\/edital_66_08.pdf\" target=\"_blank\" rel=\"noreferrer noopener\">Edital 066\/2008 &#8211; Matr\u00edcula Homologada &#8211; Concurso Vestibular 2008 &#8211; 8\u00aa Convoca\u00e7\u00e3o<\/a><\/p>\n\n\n\n<p><a href=\"https:\/\/sites.uel.br\/prograd\/wp-content\/uploads\/documentos\/editais\/2008\/prograd\/edital_65_08.pdf\" target=\"_blank\" rel=\"noreferrer noopener\">Edital 065\/2008 &#8211; Vagas Remanescentes &#8211; Portador de Diploma de Curso Superior &#8211; Vaga Inicial<\/a><\/p>\n\n\n\n<p><a href=\"https:\/\/sites.uel.br\/prograd\/wp-content\/uploads\/documentos\/editais\/2008\/prograd\/edital_64_08.pdf\" target=\"_blank\" rel=\"noreferrer noopener\">Edital 064\/2008 &#8211; Matr\u00edculas Homologadas &#8211; Concurso Vestibular 2008 &#8211; 7\u00aa Convoca\u00e7\u00e3o<\/a><\/p>\n\n\n\n<p><a href=\"https:\/\/sites.uel.br\/prograd\/wp-content\/uploads\/documentos\/editais\/2008\/prograd\/edital_63_08.pdf\" target=\"_blank\" rel=\"noreferrer noopener\">Edital 63\/2008 &#8211; Rela\u00e7\u00e3o de Estudantes que t\u00eam prazo m\u00e1ximo at\u00e9 2008 para permanecerem na Institui\u00e7\u00e3o<\/a><\/p>\n\n\n\n<p><a href=\"https:\/\/sites.uel.br\/prograd\/wp-content\/uploads\/documentos\/editais\/2008\/prograd\/edital_62_08.pdf\" target=\"_blank\" rel=\"noreferrer noopener\">Edital 62\/2008 &#8211; Transfer\u00eancia Externa &#8211; Edital dos Candidatos Aprovados 2\u00aa Convoca\u00e7\u00e3o<\/a><\/p>\n\n\n\n<p><a href=\"https:\/\/sites.uel.br\/prograd\/wp-content\/uploads\/documentos\/editais\/2008\/prograd\/edital_61_08.pdf\" target=\"_blank\" rel=\"noreferrer noopener\">Edital 061\/2008 &#8211; Matr\u00edculas Homologadas &#8211; Concurso Vestibular 2008 &#8211; 5\u00aa Convoca\u00e7\u00e3o<\/a><\/p>\n\n\n\n<p>Editais de Resultados: Disciplina Especial\/Disciplina Especial Programada\/Disciplina Eletiva\/Disciplina Optativa\/Ajuste<br><strong>(<a href=\"https:\/\/sites.uel.br\/prograd\/wp-content\/uploads\/documentos\/editais\/2008\/prograd\/disciplinas_20081.pdf\" target=\"_blank\" rel=\"noreferrer noopener\">arquivo 01 de 06<\/a>)&nbsp;(<a href=\"https:\/\/sites.uel.br\/prograd\/wp-content\/uploads\/documentos\/editais\/2008\/prograd\/disciplinas_20082.pdf\" target=\"_blank\" rel=\"noreferrer noopener\">arquivo 02 de 06<\/a>)&nbsp;(<a href=\"https:\/\/sites.uel.br\/prograd\/wp-content\/uploads\/documentos\/editais\/2008\/prograd\/disciplinas_20083.pdf\" target=\"_blank\" rel=\"noreferrer noopener\">arquivo 03 de 06<\/a>)&nbsp;(<a href=\"https:\/\/sites.uel.br\/prograd\/wp-content\/uploads\/documentos\/editais\/2008\/prograd\/disciplinas_20084.pdf\" target=\"_blank\" rel=\"noreferrer noopener\">arquivo 04 de 06<\/a>)<br>(<a href=\"https:\/\/sites.uel.br\/prograd\/wp-content\/uploads\/documentos\/editais\/2008\/prograd\/disciplinas_20085.pdf\" target=\"_blank\" rel=\"noreferrer noopener\">arquivo 05 de 06<\/a>)&nbsp;(<a href=\"https:\/\/sites.uel.br\/prograd\/wp-content\/uploads\/documentos\/editais\/2008\/prograd\/disciplinas_20086.pdf\" target=\"_blank\" rel=\"noreferrer noopener\">arquivo 06 de 06<\/a>)<\/strong><\/p>\n\n\n\n<p><a href=\"https:\/\/sites.uel.br\/prograd\/wp-content\/uploads\/documentos\/editais\/2008\/prograd\/edital_32_08.pdf\" target=\"_blank\" rel=\"noreferrer noopener\">Edital 032\/2008 &#8211; Exclui Alunos da Rela\u00e7\u00e3o de Jubilados do constantes do Edital Prograd N\u00ba 022\/08<\/a><\/p>\n\n\n\n<p><a href=\"https:\/\/sites.uel.br\/prograd\/wp-content\/uploads\/documentos\/editais\/2008\/prograd\/edital_31_08.pdf\" target=\"_blank\" rel=\"noreferrer noopener\">Edital 031\/2008 &#8211; Resultado da Habilita\u00e7\u00e3o Opcional em L\u00edngua e Cultura Francesa &#8211; 2\u00aa Convoca\u00e7\u00e3o<\/a><\/p>\n\n\n\n<p><a href=\"https:\/\/sites.uel.br\/prograd\/wp-content\/uploads\/documentos\/editais\/2008\/prograd\/edital_30_08.pdf\" target=\"_blank\" rel=\"noreferrer noopener\">Edital 30\/2008 &#8211; Transfer\u00eancia Externa &#8211; Edital dos Candidatos Indeferidos<\/a><\/p>\n\n\n\n<p><a href=\"https:\/\/sites.uel.br\/prograd\/wp-content\/uploads\/documentos\/editais\/2008\/prograd\/edital_29_08.pdf\" target=\"_blank\" rel=\"noreferrer noopener\">Edital 29\/2008 &#8211; Transfer\u00eancia Externa &#8211; Edital dos Candidatos Classificados<\/a><\/p>\n\n\n\n<p><a href=\"https:\/\/sites.uel.br\/prograd\/wp-content\/uploads\/documentos\/editais\/2008\/prograd\/edital_28_08.pdf\" target=\"_blank\" rel=\"noreferrer noopener\">Edital 028\/2008 &#8211; Resultado da Habilita\u00e7\u00e3o Opcional em L\u00edngua e Cultura Francesa<\/a><\/p>\n\n\n\n<p><a href=\"https:\/\/sites.uel.br\/prograd\/wp-content\/uploads\/documentos\/editais\/2008\/prograd\/edital_27_08.pdf\" target=\"_blank\" rel=\"noreferrer noopener\">Edital 27\/2008 &#8211; Exclui aluno da rela\u00e7\u00e3o de jubilados 2007 &#8211; constante do Edital Prograd N\u00ba 22\/2008<\/a><\/p>\n\n\n\n<p><a href=\"https:\/\/sites.uel.br\/prograd\/wp-content\/uploads\/documentos\/editais\/2008\/prograd\/edital_26_08.pdf\" target=\"_blank\" rel=\"noreferrer noopener\">Edital 026\/2008 &#8211; Habilita\u00e7\u00e3o\/ Opc\u00e3o do Curso de Letras<\/a><\/p>\n\n\n\n<p><a href=\"https:\/\/sites.uel.br\/prograd\/wp-content\/uploads\/documentos\/editais\/2008\/prograd\/edital_25_08.pdf\" target=\"_blank\" rel=\"noreferrer noopener\">Edital 025\/2008 &#8211; Matr\u00edculas Homologadas &#8211; Concurso Vestibular 2008 &#8211; 4\u00aa Convoca\u00e7\u00e3o<\/a><\/p>\n\n\n\n<p><a href=\"https:\/\/sites.uel.br\/prograd\/wp-content\/uploads\/documentos\/editais\/2008\/prograd\/edital_24_08.pdf\" target=\"_blank\" rel=\"noreferrer noopener\">Edital 24\/2008 &#8211; Pedido de Prorroga\u00e7\u00e3o de Prazo &#8211; Deferido<\/a><\/p>\n\n\n\n<p><a href=\"https:\/\/sites.uel.br\/prograd\/wp-content\/uploads\/documentos\/editais\/2008\/prograd\/edital_23_08.pdf\" target=\"_blank\" rel=\"noreferrer noopener\">Edital 023\/2008 &#8211; Matr\u00edculas Homologadas &#8211; Concurso Vestibular 2008 &#8211; 3\u00aa Convoca\u00e7\u00e3o<\/a><\/p>\n\n\n\n<p>Edital 22\/2008 &#8211; Jubilados 2007<\/p>\n\n\n\n<p><a href=\"https:\/\/sites.uel.br\/prograd\/wp-content\/uploads\/documentos\/editais\/2008\/prograd\/edital_21_08.pdf\" target=\"_blank\" rel=\"noreferrer noopener\">Edital 21\/2008 &#8211; Resultado das Habilita\u00e7\u00f5es\/Op\u00e7\u00f5es do curso de Letras &#8211; Deferidos<\/a><\/p>\n\n\n\n<p><a href=\"https:\/\/sites.uel.br\/prograd\/wp-content\/uploads\/documentos\/editais\/2008\/prograd\/edital_20_08.pdf\" target=\"_blank\" rel=\"noreferrer noopener\">Edital 20\/2008 &#8211; Resultado das Habilita\u00e7\u00f5es\/Op\u00e7\u00f5es do curso de Letras &#8211; Indeferidos<\/a><\/p>\n\n\n\n<p><a href=\"https:\/\/sites.uel.br\/prograd\/wp-content\/uploads\/documentos\/editais\/2008\/prograd\/edital_19_08.pdf\" target=\"_blank\" rel=\"noreferrer noopener\">Edital 019\/2008 &#8211; Matr\u00edculas n\u00e3o Homologadas &#8211; Concurso Vestibular 2008 &#8211; 2\u00aa Convoca\u00e7\u00e3o<\/a><\/p>\n\n\n\n<p><a href=\"https:\/\/sites.uel.br\/prograd\/wp-content\/uploads\/documentos\/editais\/2008\/prograd\/edital_18_08.pdf\" target=\"_blank\" rel=\"noreferrer noopener\">Edital 018\/2008 &#8211; Matr\u00edculas Homologadas &#8211; Concurso Vestibular 2008 &#8211; 2\u00aa Convoca\u00e7\u00e3o<\/a><\/p>\n\n\n\n<p><a href=\"https:\/\/sites.uel.br\/prograd\/wp-content\/uploads\/documentos\/editais\/2008\/prograd\/edital_17_08.pdf\" target=\"_blank\" rel=\"noreferrer noopener\">Edital 17\/2008 &#8211; Desligamento de Estudante Especial 2008<\/a><\/p>\n\n\n\n<p><a href=\"https:\/\/sites.uel.br\/prograd\/wp-content\/uploads\/documentos\/editais\/2008\/prograd\/edital_16_08.pdf\" target=\"_blank\" rel=\"noreferrer noopener\">Edital 16\/2008 &#8211; Prova de Conhecimentos Espec\u00edficos n\u00e3o corrigida<\/a><\/p>\n\n\n\n<p><a href=\"https:\/\/sites.uel.br\/prograd\/wp-content\/uploads\/documentos\/editais\/2008\/prograd\/edital_15_08.pdf\" target=\"_blank\" rel=\"noreferrer noopener\">Edital 15\/2008- Candidatos n\u00e3o aprovados por insufici\u00eancia de vagas<\/a><\/p>\n\n\n\n<p><a href=\"https:\/\/sites.uel.br\/prograd\/wp-content\/uploads\/documentos\/editais\/2008\/prograd\/edital_14_08.pdf\" target=\"_blank\" rel=\"noreferrer noopener\">Edital 14\/2008 &#8211; Candidatos Eliminados<\/a><\/p>\n\n\n\n<p><a href=\"https:\/\/sites.uel.br\/prograd\/wp-content\/uploads\/documentos\/editais\/2008\/prograd\/edital_13_08.pdf\" target=\"_blank\" rel=\"noreferrer noopener\">Edital 13\/2008 &#8211; Candidatos Aprovados<\/a><\/p>\n\n\n\n<p><a href=\"https:\/\/sites.uel.br\/prograd\/wp-content\/uploads\/documentos\/editais\/2008\/prograd\/edital_12_08.pdf\" target=\"_blank\" rel=\"noreferrer noopener\">Edital 12\/2008 &#8211; Resultado Aluno Especial<\/a><\/p>\n\n\n\n<p><a href=\"https:\/\/sites.uel.br\/prograd\/wp-content\/uploads\/documentos\/editais\/2008\/prograd\/edital_11_08.pdf\" target=\"_blank\" rel=\"noreferrer noopener\">Edital 011\/2008 &#8211; Matr\u00edculas n\u00e3o Homologadas &#8211; Concurso Vestibular 2008<\/a><\/p>\n\n\n\n<p><a href=\"https:\/\/sites.uel.br\/prograd\/wp-content\/uploads\/documentos\/editais\/2008\/prograd\/edital_10_08.pdf\" target=\"_blank\" rel=\"noreferrer noopener\">Edital 010\/2008 &#8211; Matr\u00edculas Homologadas &#8211; Concurso Vestibular 2008<\/a><\/p>\n\n\n\n<p><a href=\"https:\/\/sites.uel.br\/prograd\/wp-content\/uploads\/documentos\/editais\/2008\/prograd\/edital_09_08.pdf\" target=\"_blank\" rel=\"noreferrer noopener\">Edital 09\/2008 &#8211; PDCS outra habilita\u00e7\u00e3o do mesmo curso &#8211; Resultado Final<\/a><\/p>\n\n\n\n<p><a href=\"https:\/\/sites.uel.br\/prograd\/wp-content\/uploads\/documentos\/editais\/2008\/prograd\/edital_08_08.pdf\" target=\"_blank\" rel=\"noreferrer noopener\">Edital 08\/2008 &#8211; Conv\u00eanio PEC-G &#8211; Desligados ano letivo 2008<\/a><\/p>\n\n\n\n<p><a href=\"https:\/\/sites.uel.br\/prograd\/wp-content\/uploads\/documentos\/editais\/2008\/prograd\/edital_07_08.pdf\" target=\"_blank\" rel=\"noreferrer noopener\">Edital 007\/2008 &#8211; Vestibular Ind\u00edgena 2008 &#8211; Matr\u00edcula<\/a><\/p>\n\n\n\n<p><a href=\"https:\/\/sites.uel.br\/prograd\/wp-content\/uploads\/documentos\/editais\/2008\/prograd\/edital_06_08.pdf\" target=\"_blank\" rel=\"noreferrer noopener\">Edital 006\/2008 &#8211; Transfer\u00eancia Interna de Turno e Habilita\u00e7\u00e3o &#8211; Indeferidos<\/a><\/p>\n\n\n\n<p><a href=\"https:\/\/sites.uel.br\/prograd\/wp-content\/uploads\/documentos\/editais\/2008\/prograd\/edital_05_08.pdf\" target=\"_blank\" rel=\"noreferrer noopener\">Edital 005\/2008- Transfer\u00eancia Interna de Turno e Habilita\u00e7\u00e3o &#8211; Deferidos<\/a><\/p>\n\n\n\n<p><a href=\"https:\/\/sites.uel.br\/prograd\/wp-content\/uploads\/documentos\/editais\/2008\/prograd\/edital_04_08.pdf\" target=\"_blank\" rel=\"noreferrer noopener\">Edital 004\/2008 &#8211; Vagas para Transfer\u00eancia Interna de Turno e Campus &#8211; 1\u00aa Fase<\/a><\/p>\n\n\n\n<p><a href=\"https:\/\/sites.uel.br\/prograd\/wp-content\/uploads\/documentos\/editais\/2008\/prograd\/edital_03_08.pdf\" target=\"_blank\" rel=\"noreferrer noopener\">Edital 03\/2008 &#8211; Transfer\u00eancia Externa 2008 &#8211; Inscritos com ensalamento<\/a><\/p>\n\n\n\n<p><a href=\"https:\/\/sites.uel.br\/prograd\/wp-content\/uploads\/documentos\/editais\/2008\/prograd\/edital_02_08.pdf\" target=\"_blank\" rel=\"noreferrer noopener\">Edital 002\/2008 &#8211; Portador de Diploma de Curso Superior &#8211; Outra habilita\u00e7\u00e3o do mesmo curso<\/a><\/p>\n\n\n\n<p><a href=\"https:\/\/sites.uel.br\/prograd\/wp-content\/uploads\/documentos\/editais\/2008\/prograd\/edital_01_08.pdf\" target=\"_blank\" rel=\"noreferrer noopener\">Edital 001\/2008 &#8211; Rela\u00e7\u00e3o dos cursos para Transfer\u00eancia Interna de Turno<\/a><\/p>\n","protected":false},"excerpt":{"rendered":"<p>Anos Anteriores 2008 Edital 098\/2008 &#8211;&nbsp;Pedidos de Prorroga\u00e7\u00e3o de Prazo Indeferido Edital 097\/2008 &#8211;&nbsp;Pedidos de Prorroga\u00e7\u00e3o de Prazo Indeferidos Edital 096\/2008 &#8211;&nbsp;Pedido de Prorroga\u00e7\u00e3o de Prazo Deferido Edital 094\/2008 &#8211;&nbsp;Requerimento de Rematr\u00edcula &#8211; Indeferidos Edital 093\/2008 &#8211;&nbsp;Requerimento de Rematr\u00edcula &#8211; Deferidos Edital 092\/2008 &#8211;&nbsp;Homologa\u00e7\u00e3o da inscri\u00e7\u00e3o do VIII Vestibular dos Povos Ind\u00edgenas no Paran\u00e1, por [&hellip;]<\/p>\n","protected":false},"author":8,"featured_media":0,"parent":0,"menu_order":0,"comment_status":"closed","ping_status":"closed","template":"","meta":{"_acf_changed":false,"_themeisle_gutenberg_block_has_review":false,"footnotes":""},"class_list":["post-2011","page","type-page","status-publish","hentry"],"acf":[],"_links":{"self":[{"href":"https:\/\/sites.uel.br\/prograd\/wp-json\/wp\/v2\/pages\/2011","targetHints":{"allow":["GET"]}}],"collection":[{"href":"https:\/\/sites.uel.br\/prograd\/wp-json\/wp\/v2\/pages"}],"about":[{"href":"https:\/\/sites.uel.br\/prograd\/wp-json\/wp\/v2\/types\/page"}],"author":[{"embeddable":true,"href":"https:\/\/sites.uel.br\/prograd\/wp-json\/wp\/v2\/users\/8"}],"replies":[{"embeddable":true,"href":"https:\/\/sites.uel.br\/prograd\/wp-json\/wp\/v2\/comments?post=2011"}],"version-history":[{"count":10,"href":"https:\/\/sites.uel.br\/prograd\/wp-json\/wp\/v2\/pages\/2011\/revisions"}],"predecessor-version":[{"id":30188,"href":"https:\/\/sites.uel.br\/prograd\/wp-json\/wp\/v2\/pages\/2011\/revisions\/30188"}],"wp:attachment":[{"href":"https:\/\/sites.uel.br\/prograd\/wp-json\/wp\/v2\/media?parent=2011"}],"curies":[{"name":"wp","href":"https:\/\/api.w.org\/{rel}","templated":true}]}}