{"id":1965,"date":"2023-03-30T16:49:48","date_gmt":"2023-03-30T19:49:48","guid":{"rendered":"https:\/\/sites.uel.br\/prograd\/?page_id=1965"},"modified":"2024-02-02T13:57:33","modified_gmt":"2024-02-02T16:57:33","slug":"resolucoes-2004","status":"publish","type":"page","link":"https:\/\/sites.uel.br\/prograd\/resolucoes-2004\/","title":{"rendered":"Resolu\u00e7\u00f5es"},"content":{"rendered":"\n<hr class=\"wp-block-separator has-alpha-channel-opacity is-style-wide\"\/>\n\n\n\n<h4 class=\"wp-block-heading has-text-align-left\" style=\"font-size:25px\">2004<\/h4>\n\n\n\n<div style=\"height:20px\" aria-hidden=\"true\" class=\"wp-block-spacer\"><\/div>\n\n\n\n<h4 class=\"wp-block-heading\" style=\"font-size:25px\">CEPE<\/h4>\n\n\n\n<p><strong><a rel=\"noreferrer noopener\" href=\"https:\/\/sites.uel.br\/prograd\/wp-content\/uploads\/documentos\/resolucoes\/2004\/resolucao_130_04.pdf\" target=\"_blank\">Resolu\u00e7\u00e3o CEPE n\u00ba 130\/2004<\/a><\/strong><br>Estabelece o sistema de avalia\u00e7\u00e3o dos cursos de: Administra\u00e7\u00e3o, Agronomia, Arquitetura e Urbanismo, Biomedicina, Ci\u00eancia da Computa\u00e7\u00e3o, Ci\u00eancia do Esporte, Ci\u00eancia Biol\u00f3gicas, Ci\u00eancias Cont\u00e1beis, Ci\u00eancias Econ\u00f4micas, Comunica\u00e7\u00e3o Social, Direito, Engenharia El\u00e9trica, Filosofia, Letras, Psicologia e Secretariado Executivo a ser adotado a partir do ano letivo de 2005<\/p>\n\n\n\n<p><strong><a rel=\"noreferrer noopener\" href=\"https:\/\/sites.uel.br\/prograd\/wp-content\/uploads\/documentos\/resolucoes\/2004\/resolucao_11_04.pdf\" target=\"_blank\">Resolu\u00e7\u00e3o CEPE n\u00ba 11\/2004<\/a><\/strong><br>Estabelece normas para a admiss\u00e3o de Estudante Especial em disciplinas dos cursos de gradua\u00e7\u00e3o<\/p>\n\n\n\n<div style=\"height:20px\" aria-hidden=\"true\" class=\"wp-block-spacer\"><\/div>\n\n\n\n<h4 class=\"wp-block-heading\" style=\"font-size:25px\">CEPE\/CA<\/h4>\n\n\n\n<p><strong><a rel=\"noreferrer noopener\" href=\"https:\/\/sites.uel.br\/prograd\/wp-content\/uploads\/documentos\/resolucoes\/2004\/resolucao_147_04.pdf\" target=\"_blank\">Resolu\u00e7\u00e3o CEPE\/CA n\u00ba 147\/2004<\/a><\/strong><br>Regulamenta o Fundo de Apoio ao Ensino, \u00e0 Pesquisa e \u00e0 Extens\u00e3o da Universidade Estadual de Londrina &#8211; FAEPE\/UEL, institu\u00eddo pela Resolu\u00e7\u00e3o CEPE e CA n\u00ba 96\/2003<\/p>\n\n\n\n<div style=\"height:20px\" aria-hidden=\"true\" class=\"wp-block-spacer\"><\/div>\n\n\n\n<h4 class=\"wp-block-heading\" style=\"font-size:25px\">CU<\/h4>\n\n\n\n<p><strong><a rel=\"noreferrer noopener\" href=\"https:\/\/sites.uel.br\/prograd\/wp-content\/uploads\/documentos\/resolucoes\/2004\/resolucao_78_04.pdf\" target=\"_blank\">Resolu\u00e7\u00e3o CU n\u00ba 78\/2004<\/a><\/strong><br>Estabelece a reserva de vagas no Concurso Vestibular para candidatos oriundos de Institui\u00e7\u00f5es P\u00fablicas de Ensino e para aqueles que se autodeclararem negros<\/p>\n","protected":false},"excerpt":{"rendered":"<p>2004 CEPE Resolu\u00e7\u00e3o CEPE n\u00ba 130\/2004Estabelece o sistema de avalia\u00e7\u00e3o dos cursos de: Administra\u00e7\u00e3o, Agronomia, Arquitetura e Urbanismo, Biomedicina, Ci\u00eancia da Computa\u00e7\u00e3o, Ci\u00eancia do Esporte, Ci\u00eancia Biol\u00f3gicas, Ci\u00eancias Cont\u00e1beis, Ci\u00eancias Econ\u00f4micas, Comunica\u00e7\u00e3o Social, Direito, Engenharia El\u00e9trica, Filosofia, Letras, Psicologia e Secretariado Executivo a ser adotado a partir do ano letivo de 2005 Resolu\u00e7\u00e3o CEPE n\u00ba [&hellip;]<\/p>\n","protected":false},"author":8,"featured_media":0,"parent":0,"menu_order":0,"comment_status":"closed","ping_status":"closed","template":"","meta":{"_acf_changed":false,"_themeisle_gutenberg_block_has_review":false,"footnotes":""},"class_list":["post-1965","page","type-page","status-publish","hentry"],"acf":[],"_links":{"self":[{"href":"https:\/\/sites.uel.br\/prograd\/wp-json\/wp\/v2\/pages\/1965","targetHints":{"allow":["GET"]}}],"collection":[{"href":"https:\/\/sites.uel.br\/prograd\/wp-json\/wp\/v2\/pages"}],"about":[{"href":"https:\/\/sites.uel.br\/prograd\/wp-json\/wp\/v2\/types\/page"}],"author":[{"embeddable":true,"href":"https:\/\/sites.uel.br\/prograd\/wp-json\/wp\/v2\/users\/8"}],"replies":[{"embeddable":true,"href":"https:\/\/sites.uel.br\/prograd\/wp-json\/wp\/v2\/comments?post=1965"}],"version-history":[{"count":23,"href":"https:\/\/sites.uel.br\/prograd\/wp-json\/wp\/v2\/pages\/1965\/revisions"}],"predecessor-version":[{"id":19569,"href":"https:\/\/sites.uel.br\/prograd\/wp-json\/wp\/v2\/pages\/1965\/revisions\/19569"}],"wp:attachment":[{"href":"https:\/\/sites.uel.br\/prograd\/wp-json\/wp\/v2\/media?parent=1965"}],"curies":[{"name":"wp","href":"https:\/\/api.w.org\/{rel}","templated":true}]}}