{"id":1963,"date":"2023-03-30T16:49:37","date_gmt":"2023-03-30T19:49:37","guid":{"rendered":"https:\/\/sites.uel.br\/prograd\/?page_id=1963"},"modified":"2024-05-08T16:27:05","modified_gmt":"2024-05-08T19:27:05","slug":"resolucoes-2005","status":"publish","type":"page","link":"https:\/\/sites.uel.br\/prograd\/resolucoes-2005\/","title":{"rendered":"Resolu\u00e7\u00f5es"},"content":{"rendered":"\n<hr class=\"wp-block-separator has-alpha-channel-opacity is-style-wide\"\/>\n\n\n\n<h4 class=\"wp-block-heading has-text-align-left\" style=\"font-size:25px\">2005<\/h4>\n\n\n\n<div style=\"height:20px\" aria-hidden=\"true\" class=\"wp-block-spacer\"><\/div>\n\n\n\n<h4 class=\"wp-block-heading\" style=\"font-size:25px\">CEPE<\/h4>\n\n\n\n<p><strong><a href=\"https:\/\/sites.uel.br\/prograd\/wp-content\/uploads\/documentos\/resolucoes\/2005\/resolucao_373_05.pdf\" target=\"_blank\" rel=\"noreferrer noopener\">Resolu\u00e7\u00e3o CEPE n\u00ba 373\/2005<\/a><\/strong><br>Cria a Habilita\u00e7\u00e3o Opcional em L\u00edngua e Cultura Francesa, a ser implantada, em car\u00e1ter experimental, no ano letivo de 2006. (Alterado para car\u00e1ter regular, a partir de 2007 \u2013 conforme&nbsp;<a href=\"https:\/\/sites.uel.br\/prograd\/wp-content\/uploads\/documentos\/resolucoes\/2006\/resolucao_172_06.pdf\" target=\"_blank\" rel=\"noreferrer noopener\">Resolu\u00e7\u00e3o CEPE N\u00ba 172\/2006<\/a>)<br><a href=\"https:\/\/sites.uel.br\/prograd\/wp-content\/uploads\/documentos\/resolucoes\/2009\/resolucao_110_09.pdf\" target=\"_blank\" rel=\"noreferrer noopener\">Obs: Ver Resolu\u00e7\u00e3o Resolu\u00e7\u00e3o CEPE\/CA n\u00ba 0110\/2009 &#8211; Aprova a cria\u00e7\u00e3o do Curso de Gradua\u00e7\u00e3o em Letras &#8211; Modalidade: Bacharelado &#8211; Habilita\u00e7\u00e3o: L\u00edngua e Cultura Francesas, a ser implantado a partir do ano letivo de 2010<\/a><\/p>\n\n\n\n<p><strong><a rel=\"noreferrer noopener\" href=\"https:\/\/sites.uel.br\/prograd\/wp-content\/uploads\/documentos\/resolucoes\/2005\/resolucao_367_05.pdf\" target=\"_blank\">Resolu\u00e7\u00e3o CEPE n\u00ba 367\/2005<\/a><\/strong><br>Estabelece o curr\u00edculo pleno do curso de Letras-Habilita\u00e7\u00e3o: Bacharelado em Estudos Liter\u00e1rios, a ser implantado a partir do ano letivo de 2006<\/p>\n\n\n\n<p><strong><a rel=\"noreferrer noopener\" href=\"https:\/\/sites.uel.br\/prograd\/wp-content\/uploads\/documentos\/resolucoes\/2005\/resolucao_366_05.pdf\" target=\"_blank\">Resolu\u00e7\u00e3o CEPE n\u00ba 366\/2005<\/a><\/strong><br>Estabelece o curr\u00edculo pleno do curso de Letras &#8211; Habilita\u00e7\u00e3o: Bacharelado em Estudos da Linguagem, a ser implantado a partir do ano letivo de 2006<\/p>\n\n\n\n<p><strong><a rel=\"noreferrer noopener\" href=\"https:\/\/sites.uel.br\/prograd\/wp-content\/uploads\/documentos\/resolucoes\/2005\/resolucao_365_05.pdf\" target=\"_blank\">Resolu\u00e7\u00e3o CEPE n\u00ba 365\/2005<\/a><\/strong><br>Estabelece o curr\u00edculo pleno do Curso de Letras &#8211; Habilita\u00e7\u00e3o: Licenciatura em L\u00edngua Portuguesa e Respectivas Literaturas a ser implantado a partir do ano letivo de 2006<\/p>\n\n\n\n<p><strong><a rel=\"noreferrer noopener\" href=\"https:\/\/sites.uel.br\/prograd\/wp-content\/uploads\/documentos\/resolucoes\/2005\/resolucao_364_05.pdf\" target=\"_blank\">Resolu\u00e7\u00e3o CEPE n\u00ba 364\/2005<\/a><\/strong><br>Estabelece o curr\u00edculo pleno do Curso de Letras Estrangeiras Modernas &#8211; Habilita\u00e7\u00e3o: Licenciatura em L\u00edngua Espanhola e Respectivas Literaturas, a ser implantado a partir do ano letivo de 2006<\/p>\n\n\n\n<p><strong><a rel=\"noreferrer noopener\" href=\"https:\/\/sites.uel.br\/prograd\/wp-content\/uploads\/documentos\/resolucoes\/2005\/resolucao_363_05.pdf\" target=\"_blank\">Resolu\u00e7\u00e3o CEPE n\u00ba 363\/2005<\/a><\/strong><br>Estabelece o curr\u00edculo pleno do Curso Letras Estrangeiras Modernas &#8211; Habilita\u00e7\u00e3o: Licenciatura em L\u00edngua Inglesa e Respectivas Literaturas, a ser implantado a partir do ano letivo de 2006<\/p>\n\n\n\n<p><strong><a rel=\"noreferrer noopener\" href=\"https:\/\/sites.uel.br\/prograd\/wp-content\/uploads\/documentos\/resolucoes\/2005\/resolucao_362_05.pdf\" target=\"_blank\">Resolu\u00e7\u00e3o CEPE n\u00ba 362\/2005<\/a><\/strong><br>Cria o Curso de Letras Estrangeiras Modernas a ser ofertado a partir do ano de 2006<\/p>\n\n\n\n<p><strong><a href=\"https:\/\/sites.uel.br\/prograd\/wp-content\/uploads\/documentos\/resolucoes\/2005\/resolucao_358_05.pdf\" target=\"_blank\" rel=\"noreferrer noopener\">Resolu\u00e7\u00e3o CEPE n\u00ba 358\/2005<\/a><\/strong><br>Reformula o Projeto Pol\u00edtico-Pedag\u00f3gico do Curso de Filosofia &#8211; Habilita\u00e7\u00e3o: Licenciatura, a ser implantado a partir do ano letivo de 2006<\/p>\n\n\n\n<p><strong><a href=\"https:\/\/sites.uel.br\/prograd\/wp-content\/uploads\/documentos\/resolucoes\/2005\/resolucao_357_05.pdf\" target=\"_blank\" rel=\"noreferrer noopener\">Resolu\u00e7\u00e3o CEPE n\u00ba 357\/2005<\/a><\/strong><br>Reformula o Projeto Pol\u00edtico-Pedag\u00f3gico do curso de Ci\u00eancias Biol\u00f3gicas &#8211; Habilita\u00e7\u00e3o: Licenciatura, a ser implantado a partir do ano letivo de 2006<\/p>\n\n\n\n<p><strong><a href=\"https:\/\/sites.uel.br\/prograd\/wp-content\/uploads\/documentos\/resolucoes\/2005\/resolucao_356_05.pdf\" target=\"_blank\" rel=\"noreferrer noopener\">Resolu\u00e7\u00e3o CEPE n\u00ba 356\/2005<\/a><\/strong><br>Reformula o Projeto Pol\u00edtico-Pedag\u00f3gico do curso de Ci\u00eancias Biol\u00f3gicas &#8211; Habilita\u00e7\u00e3o: Bacharelado, a ser implantado a partir do ano letivo de 2006<\/p>\n\n\n\n<p><strong><a href=\"https:\/\/sites.uel.br\/prograd\/wp-content\/uploads\/documentos\/resolucoes\/2005\/resolucao_355_05.pdf\" target=\"_blank\" rel=\"noreferrer noopener\">Resolu\u00e7\u00e3o CEPE n\u00ba 355\/2005<\/a><\/strong><br>Reformula o Projeto Pol\u00edtico-Pedag\u00f3gico do Curso de Engenharia &#8211; Habilita\u00e7\u00e3o: Engenharia El\u00e9trica, a ser implantado a partir do ano letivo de 2006<\/p>\n\n\n\n<p><strong><a href=\"https:\/\/sites.uel.br\/prograd\/wp-content\/uploads\/documentos\/resolucoes\/2005\/resolucao_354_05.pdf\" target=\"_blank\" rel=\"noreferrer noopener\">Resolu\u00e7\u00e3o CEPE n\u00ba 354\/2005<\/a><\/strong><br>Estabelece reformula\u00e7\u00e3o curricular do Curso de Secretariado Executivo ser implantada a partir do ano letivo do ano letivo de 2006<\/p>\n\n\n\n<p><strong><a href=\"https:\/\/sites.uel.br\/prograd\/wp-content\/uploads\/documentos\/resolucoes\/2005\/resolucao_353_05.pdf\" target=\"_blank\" rel=\"noreferrer noopener\">Resolu\u00e7\u00e3o CEPE n\u00ba 353\/2005<\/a><\/strong><br>Estabelece reformula\u00e7\u00e3o curricular do Curso de Ci\u00eancias Econ\u00f4micas a ser implantada a partir do ano letivo de 2006<\/p>\n\n\n\n<p><strong><a href=\"https:\/\/sites.uel.br\/prograd\/wp-content\/uploads\/documentos\/resolucoes\/2005\/resolucao_352_05.pdf\" target=\"_blank\" rel=\"noreferrer noopener\">Resolu\u00e7\u00e3o CEPE n\u00ba 352\/2005<\/a><\/strong><br>Reformula o Projeto Pol\u00edtico-Pedag\u00f3gico do Curso de Administra\u00e7\u00e3o, a ser implantado a partir do ano letivo de 2007<\/p>\n\n\n\n<p><strong><a href=\"https:\/\/sites.uel.br\/prograd\/wp-content\/uploads\/documentos\/resolucoes\/2005\/resolucao_351_05.pdf\" target=\"_blank\" rel=\"noreferrer noopener\">Resolu\u00e7\u00e3o CEPE n\u00ba 351\/2005<\/a><\/strong><br>Reformula o Projeto Pol\u00edtico-Pedag\u00f3gico do Curso de Administra\u00e7\u00e3o, a ser implantado para os ingressantes no curso no ano letivo de 2006<\/p>\n\n\n\n<p><strong><a href=\"https:\/\/sites.uel.br\/prograd\/wp-content\/uploads\/documentos\/resolucoes\/2005\/resolucao_350_05.pdf\" target=\"_blank\" rel=\"noreferrer noopener\">Resolu\u00e7\u00e3o CEPE n\u00ba 350\/2005<\/a><\/strong><br>Reformula o Projeto Pol\u00edtico-Pedag\u00f3gico do Curso de Fisioterapia, a ser implantado a partir do ano letivo de 2006<\/p>\n\n\n\n<p><strong><a href=\"https:\/\/sites.uel.br\/prograd\/wp-content\/uploads\/documentos\/resolucoes\/2005\/resolucao_348_05.pdf\" target=\"_blank\" rel=\"noreferrer noopener\">Resolu\u00e7\u00e3o CEPE n\u00ba 348\/2005<\/a><\/strong><br>Regulamenta a participa\u00e7\u00e3o no exame final de estudantes dos cursos de gradua\u00e7\u00e3o que ingressaram a partir do ano letivo de 2005<\/p>\n\n\n\n<p><strong><a rel=\"noreferrer noopener\" href=\"https:\/\/sites.uel.br\/prograd\/wp-content\/uploads\/documentos\/resolucoes\/2005\/resolucao_274_05.pdf\" target=\"_blank\">Resolu\u00e7\u00e3o CEPE n\u00ba 274\/2005<\/a><\/strong><br>Estabelece normas e procedimentos espec\u00edficos para projetos de Pesquisa em Ensino de Gradua\u00e7\u00e3o, Pesquisa, Extens\u00e3o e Integrados<\/p>\n\n\n\n<p><strong><a rel=\"noreferrer noopener\" href=\"https:\/\/sites.uel.br\/prograd\/wp-content\/uploads\/documentos\/resolucoes\/2005\/resolucao_272_05.pdf\" target=\"_blank\">Resolu\u00e7\u00e3o CEPE n\u00ba 272\/2005<\/a><\/strong>&nbsp;<br>Altera os artigos 25, 29, 30 e 31 da Resolu\u00e7\u00e3o CEPE n\u00ba 46\/2005, que reformula o projeto Pol\u00edtico-Pedag\u00f3gico do Curso de Pedagogia<\/p>\n\n\n\n<p><strong><a href=\"https:\/\/sites.uel.br\/prograd\/wp-content\/uploads\/documentos\/resolucoes\/2005\/resolucao_271_05.pdf\" target=\"_blank\" rel=\"noreferrer noopener\">Resolu\u00e7\u00e3o CEPE n\u00ba 271\/2005<\/a><\/strong>\u00a0<br>Estabelece o Calend\u00e1rio das Atividades de Ensino dos Cursos de Gradua\u00e7\u00e3o para o ano letivo de 2006<\/p>\n\n\n\n<p><strong><a href=\"https:\/\/sites.uel.br\/prograd\/wp-content\/uploads\/documentos\/resolucoes\/2005\/resolucao_163_05.pdf\" target=\"_blank\" rel=\"noreferrer noopener\">Resolu\u00e7\u00e3o CEPE n\u00ba 163\/2005<\/a><\/strong>\u00a0<br>Estabelece a sistem\u00e1tica de continuidade de estudos em outras habilita\u00e7\u00f5es dos cursos de gradua\u00e7\u00e3o da Universidade Estadual de Londrina<\/p>\n\n\n\n<p><strong><a rel=\"noreferrer noopener\" href=\"https:\/\/sites.uel.br\/prograd\/wp-content\/uploads\/documentos\/resolucoes\/2005\/resolucao_139_05.pdf\" target=\"_blank\">Resolu\u00e7\u00e3o CEPE n\u00ba 139\/2005<\/a><\/strong><br>Estabelece normas e procedimentos para a oferta de disciplinas especiais para os cursos de gradua\u00e7\u00e3o da Universidade Estadual de Londrina<\/p>\n\n\n\n<p><strong><a href=\"https:\/\/sites.uel.br\/prograd\/wp-content\/uploads\/documentos\/resolucoes\/2005\/resolucao_50_05.pdf\" target=\"_blank\" rel=\"noreferrer noopener\">Resolu\u00e7\u00e3o CEPE n\u00ba 50\/2005<\/a><\/strong><br>Reformula o Projeto Pol\u00edtico-Pedag\u00f3gico do Curso de Zootecnia, a ser implantado a partir do ano letivo de 2005<\/p>\n\n\n\n<p><strong><a href=\"https:\/\/sites.uel.br\/prograd\/wp-content\/uploads\/documentos\/resolucoes\/2005\/resolucao_49_05.pdf\" target=\"_blank\" rel=\"noreferrer noopener\">Resolu\u00e7\u00e3o CEPE n\u00ba 49\/2005<\/a><\/strong><br>Ratifica o Projeto Pol\u00edtico-Pedag\u00f3gico do Curso de Servi\u00e7o Social, em implanta\u00e7\u00e3o a partir do ano letivo de 2002<\/p>\n\n\n\n<p><strong><a href=\"https:\/\/sites.uel.br\/prograd\/wp-content\/uploads\/documentos\/resolucoes\/2005\/resolucao_48_05.pdf\" target=\"_blank\" rel=\"noreferrer noopener\">Resolu\u00e7\u00e3o CEPE n\u00ba 48\/2005<\/a><\/strong><br>Reformula o Projeto Pol\u00edtico-Pedag\u00f3gico do Curso de Qu\u00edmica &#8211; Habilita\u00e7\u00e3o: Licenciatura, a ser implantado a partir do ano letivo de 2005<\/p>\n\n\n\n<p><strong><a href=\"https:\/\/sites.uel.br\/prograd\/wp-content\/uploads\/documentos\/resolucoes\/2005\/resolucao_47_05.pdf\" target=\"_blank\" rel=\"noreferrer noopener\">Resolu\u00e7\u00e3o CEPE n\u00ba 47\/2005<\/a><\/strong><br>Reformula o Projeto Pol\u00edtico-Pedag\u00f3gico do Curso de Qu\u00edmica &#8211; Habilita\u00e7\u00e3o: Bacharelado e Op\u00e7\u00e3o em Qu\u00edmica Tecnol\u00f3gica, a ser implantado a partir do ano letivo de 2005<\/p>\n\n\n\n<p><strong><a href=\"https:\/\/sites.uel.br\/prograd\/wp-content\/uploads\/documentos\/resolucoes\/2005\/resolucao_46_05.pdf\" target=\"_blank\" rel=\"noreferrer noopener\">Resolu\u00e7\u00e3o CEPE n\u00ba 46\/2005<\/a><\/strong><br>Reformula o Projeto Pol\u00edtico-Pedag\u00f3gico do Curso de Pedagogia a partir do ano letivo de 2005<\/p>\n\n\n\n<p><strong><a href=\"https:\/\/sites.uel.br\/prograd\/wp-content\/uploads\/documentos\/resolucoes\/2005\/resolucao_45_05.pdf\" target=\"_blank\" rel=\"noreferrer noopener\">Resolu\u00e7\u00e3o CEPE n\u00ba 45\/2005<\/a><\/strong><br>Reformula o Projeto Pol\u00edtico-Pedag\u00f3gico do Curso de Odontologia, a ser implantado a partir do ano letivo de 2005<\/p>\n\n\n\n<p><strong><a href=\"https:\/\/sites.uel.br\/prograd\/wp-content\/uploads\/documentos\/resolucoes\/2005\/resolucao_44_05.pdf\" target=\"_blank\" rel=\"noreferrer noopener\">Resolu\u00e7\u00e3o CEPE n\u00ba 44\/2005<\/a><\/strong><br>Reformula o Projeto Pol\u00edtico-Pedag\u00f3gico do Curso de M\u00fasica &#8211; Habilita\u00e7\u00e3o: Licenciatura, a ser implantado a partir do ano letivo de 2005<\/p>\n\n\n\n<p><strong><a href=\"https:\/\/sites.uel.br\/prograd\/wp-content\/uploads\/documentos\/resolucoes\/2005\/resolucao_43_05.pdf\" target=\"_blank\" rel=\"noreferrer noopener\">Resolu\u00e7\u00e3o CEPE n\u00ba 43\/2005<\/a><\/strong><br>Reformula o Projeto Pol\u00edtico-Pedag\u00f3gico do Curso de Medicina Veterin\u00e1ria, a ser implantado a partir do ano letivo de 2005<\/p>\n\n\n\n<p><strong><a href=\"https:\/\/sites.uel.br\/prograd\/wp-content\/uploads\/documentos\/resolucoes\/2005\/resolucao_42_05.pdf\" target=\"_blank\" rel=\"noreferrer noopener\">Resolu\u00e7\u00e3o CEPE n\u00ba 42\/2005<\/a><\/strong><br>Reformula o Projeto Pol\u00edtico-Pedag\u00f3gico do Curso de Matem\u00e1tica &#8211; Habilita\u00e7\u00e3o: Licenciatura, a ser implantado a partir do ano letivo de 2005<\/p>\n\n\n\n<p><strong><a href=\"https:\/\/sites.uel.br\/prograd\/wp-content\/uploads\/documentos\/resolucoes\/2005\/resolucao_41_05.pdf\" target=\"_blank\" rel=\"noreferrer noopener\">Resolu\u00e7\u00e3o CEPE n\u00ba 41\/2005<\/a><\/strong><br>Reformula o Projeto Pol\u00edtico-Pedag\u00f3gico do Curso de Matem\u00e1tica &#8211; Habilita\u00e7\u00e3o: Bacharelado, a ser implantado a partir do ano letivo de 2005<\/p>\n\n\n\n<p><strong><a href=\"https:\/\/sites.uel.br\/prograd\/wp-content\/uploads\/documentos\/resolucoes\/2005\/resolucao_40_05.pdf\" target=\"_blank\" rel=\"noreferrer noopener\">Resolu\u00e7\u00e3o CEPE n\u00ba 40\/2005<\/a><\/strong><br>Reformula o Projeto Pol\u00edtico-Pedag\u00f3gico do Curso de Hist\u00f3ria: Licenciatura, a ser implantado a partir do ano letivo de 2005<\/p>\n\n\n\n<p><strong><a href=\"https:\/\/sites.uel.br\/prograd\/wp-content\/uploads\/documentos\/resolucoes\/2005\/resolucao_39_05.pdf\" target=\"_blank\" rel=\"noreferrer noopener\">Resolu\u00e7\u00e3o CEPE n\u00ba 39\/2005<\/a><\/strong><br>Reformula o Projeto Pol\u00edtico-Pedag\u00f3gico do Curso de Geografia &#8211; Habilita\u00e7\u00e3o: Licenciatura, a ser implantado a partir do ano letivo de 2005<\/p>\n\n\n\n<p><strong><a href=\"https:\/\/sites.uel.br\/prograd\/wp-content\/uploads\/documentos\/resolucoes\/2005\/resolucao_38_05.pdf\" target=\"_blank\" rel=\"noreferrer noopener\">Resolu\u00e7\u00e3o CEPE n\u00ba 38\/2005<\/a><\/strong><br>Reformula o Projeto Pol\u00edtico-Pedag\u00f3gico do Curso de Geografia &#8211; Habilita\u00e7\u00e3o: Bacharelado, a ser implantado a partir do ano letivo de 2005<\/p>\n\n\n\n<p><strong><a href=\"https:\/\/sites.uel.br\/prograd\/wp-content\/uploads\/documentos\/resolucoes\/2005\/resolucao_37_05.pdf\" target=\"_blank\" rel=\"noreferrer noopener\">Resolu\u00e7\u00e3o CEPE n\u00ba 37\/2005<\/a><\/strong><br>Reformula o Projeto Pol\u00edtico-Pedag\u00f3gico do Curso de F\u00edsica &#8211; Habilita\u00e7\u00e3o: Licenciatura, a ser implantado a partir do ano letivo de 2005<\/p>\n\n\n\n<p><strong><a href=\"https:\/\/sites.uel.br\/prograd\/wp-content\/uploads\/documentos\/resolucoes\/2005\/resolucao_36_05.pdf\" target=\"_blank\" rel=\"noreferrer noopener\">Resolu\u00e7\u00e3o CEPE n\u00ba 36\/2005<\/a><\/strong><br>Reformula o Projeto Pol\u00edtico-Pedag\u00f3gico do Curso de F\u00edsica &#8211; Habilita\u00e7\u00e3o: Bacharelado, a ser implantado a partir do ano letivo de 2005<\/p>\n\n\n\n<p><strong><a href=\"https:\/\/sites.uel.br\/prograd\/wp-content\/uploads\/documentos\/resolucoes\/2005\/resolucao_35_05.pdf\" target=\"_blank\" rel=\"noreferrer noopener\">Resolu\u00e7\u00e3o CEPE n\u00ba 35\/2005<\/a><\/strong><br>Reformula o Projeto Pol\u00edtico-Pedag\u00f3gico do Curso de Farm\u00e1cia, a ser implantado a partir do ano letivo de 2005<\/p>\n\n\n\n<p><strong><a href=\"https:\/\/sites.uel.br\/prograd\/wp-content\/uploads\/documentos\/resolucoes\/2005\/resolucao_34_05.pdf\" target=\"_blank\" rel=\"noreferrer noopener\">Resolu\u00e7\u00e3o CEPE n\u00ba 34\/2005<\/a><\/strong><br>Reformula o Projeto Pol\u00edtico-Pedag\u00f3gico do Curso de Engenharia &#8211; Habilita\u00e7\u00e3o: Engenharia Civil, a ser implantado a partir do ano letivo de 2005<\/p>\n\n\n\n<p><strong><a href=\"https:\/\/sites.uel.br\/prograd\/wp-content\/uploads\/documentos\/resolucoes\/2005\/resolucao_33_05.pdf\" target=\"_blank\" rel=\"noreferrer noopener\">Resolu\u00e7\u00e3o CEPE n\u00ba 33\/2005<\/a><\/strong><br>Reformula o Projeto Pol\u00edtico-Pedag\u00f3gico do Curso de Enfermagem, a ser implantado a partir do ano letivo de 2005<\/p>\n\n\n\n<p><strong><a href=\"https:\/\/sites.uel.br\/prograd\/wp-content\/uploads\/documentos\/resolucoes\/2005\/resolucao_32_05.pdf\" target=\"_blank\" rel=\"noreferrer noopener\">Resolu\u00e7\u00e3o CEPE n\u00ba 32\/2005<\/a><\/strong><br>Reformula o Projeto Pol\u00edtico-Pedag\u00f3gico do curso de Educa\u00e7\u00e3o F\u00edsica &#8211; Habilita\u00e7\u00e3o: Licenciatura a ser implantado a partir do ano letivo de 2005<\/p>\n\n\n\n<p><strong><a href=\"https:\/\/sites.uel.br\/prograd\/wp-content\/uploads\/documentos\/resolucoes\/2005\/resolucao_31_05.pdf\" target=\"_blank\" rel=\"noreferrer noopener\">Resolu\u00e7\u00e3o CEPE n\u00ba 31\/2005<\/a><\/strong><br>Estabelece o Projeto Pol\u00edtico-Pedag\u00f3gico do Curso de Educa\u00e7\u00e3o F\u00edsica &#8211; Habilita\u00e7\u00e3o: Bacharelado, a ser implantado a partir do ano letivo de 2005<\/p>\n\n\n\n<p><strong><a href=\"https:\/\/sites.uel.br\/prograd\/wp-content\/uploads\/documentos\/resolucoes\/2005\/resolucao_29_05.pdf\" target=\"_blank\" rel=\"noreferrer noopener\">Resolu\u00e7\u00e3o CEPE n\u00ba 29\/2005<\/a><\/strong><br>Reformula o Projeto Pol\u00edtico-Pedag\u00f3gico do Curso de Design Gr\u00e1fico, a ser implantado a partir do ano letivo de 2005<\/p>\n\n\n\n<p><strong><a href=\"https:\/\/sites.uel.br\/prograd\/wp-content\/uploads\/documentos\/resolucoes\/2005\/resolucao_28_05.pdf\" target=\"_blank\" rel=\"noreferrer noopener\">Resolu\u00e7\u00e3o CEPE n\u00ba 28\/2005<\/a><\/strong><br>Reformula o Projeto Pol\u00edtico-Pedag\u00f3gico do Curso de Design de Moda, a ser implantado a partir do ano letivo de 2005<\/p>\n\n\n\n<p><strong><a href=\"https:\/\/sites.uel.br\/prograd\/wp-content\/uploads\/documentos\/resolucoes\/2005\/resolucao_27_05.pdf\" target=\"_blank\" rel=\"noreferrer noopener\">Resolu\u00e7\u00e3o CEPE n\u00ba 27\/2005<\/a><\/strong><br>Reformula o Projeto Pol\u00edtico-Pedag\u00f3gico do Curso de Ci\u00eancias Sociais &#8211; Habilita\u00e7\u00e3o: Bacharelado, a ser implantado a partir do ano letivo de 2005<\/p>\n\n\n\n<p><strong><a href=\"https:\/\/sites.uel.br\/prograd\/wp-content\/uploads\/documentos\/resolucoes\/2005\/resolucao_26_05.pdf\" target=\"_blank\" rel=\"noreferrer noopener\">Resolu\u00e7\u00e3o CEPE n\u00ba 26\/2005<\/a><\/strong><br>Reformula o Projeto Pol\u00edtico-Pedag\u00f3gico do Curso de Ci\u00eancias Sociais &#8211; Habilita\u00e7\u00e3o: Licenciatura, a ser implantado a partir do ano letivo de 2005<\/p>\n\n\n\n<p><strong><a href=\"https:\/\/sites.uel.br\/prograd\/wp-content\/uploads\/documentos\/resolucoes\/2005\/resolucao_25_05.pdf\" target=\"_blank\" rel=\"noreferrer noopener\">Resolu\u00e7\u00e3o CEPE n\u00ba 25\/2005<\/a><\/strong><br>Reformula o Projeto Pol\u00edtico-Pedag\u00f3gico do Curso de Biblioteconomia, a ser implantado a partir do ano letivo de 2005<\/p>\n\n\n\n<p><strong><a href=\"https:\/\/sites.uel.br\/prograd\/wp-content\/uploads\/documentos\/resolucoes\/2005\/resolucao_24_05.pdf\" target=\"_blank\" rel=\"noreferrer noopener\">Resolu\u00e7\u00e3o CEPE n\u00ba 24\/2005<\/a><\/strong><br>Reformula o Projeto Pol\u00edtico-Pedag\u00f3gico do Curso de Artes C\u00eanicas &#8211; Habilita\u00e7\u00e3o: Interpreta\u00e7\u00e3o Teatral, a ser implantado, a partir do ano letivo de 2005<\/p>\n\n\n\n<p><strong><a href=\"https:\/\/sites.uel.br\/prograd\/wp-content\/uploads\/documentos\/resolucoes\/2005\/resolucao_23_05.pdf\" target=\"_blank\" rel=\"noreferrer noopener\">Resolu\u00e7\u00e3o CEPE n\u00ba 23\/2005<\/a><\/strong><br>Reformula o Projeto Pol\u00edtico-Pedag\u00f3gico do Curso de Arquivologia &#8211; Habilita\u00e7\u00e3o Geral, a ser implantado a partir do ano letivo de 2005<\/p>\n\n\n\n<p><strong><a href=\"https:\/\/sites.uel.br\/prograd\/wp-content\/uploads\/documentos\/resolucoes\/2005\/resolucao_22_05.pdf\" target=\"_blank\" rel=\"noreferrer noopener\">Resolu\u00e7\u00e3o CEPE n\u00ba 22\/2005<\/a><\/strong><br>Reformula o Projeto Pol\u00edtico-Pedag\u00f3gico do Curso de Medicina, a ser implantado a partir do ano letivo de 2005<\/p>\n\n\n\n<p><strong><a href=\"https:\/\/sites.uel.br\/prograd\/wp-content\/uploads\/documentos\/resolucoes\/2005\/resolucao_21_05.pdf\" target=\"_blank\" rel=\"noreferrer noopener\">Resolu\u00e7\u00e3o CEPE n\u00ba 21\/2005<\/a><\/strong><br>Estabelece adequa\u00e7\u00f5es curriculares para o curso de Biomedicina a serem implantadas a partir do ano letivo de 2005<\/p>\n\n\n\n<p><strong><a rel=\"noreferrer noopener\" href=\"https:\/\/sites.uel.br\/prograd\/wp-content\/uploads\/documentos\/resolucoes\/2005\/resolucao_19_05.pdf\" target=\"_blank\">Resolu\u00e7\u00e3o CEPE n\u00ba 19\/2005<\/a><\/strong><br>Estabelece adequa\u00e7\u00f5es curriculares para o curso de Comunica\u00e7\u00e3o Social &#8211; Habilita\u00e7\u00f5es: Jornalismo e Rela\u00e7\u00f5es P\u00fablicas a serem implantadas a partir do ano letivo de 2005<\/p>\n","protected":false},"excerpt":{"rendered":"<p>2005 CEPE Resolu\u00e7\u00e3o CEPE n\u00ba 373\/2005Cria a Habilita\u00e7\u00e3o Opcional em L\u00edngua e Cultura Francesa, a ser implantada, em car\u00e1ter experimental, no ano letivo de 2006. (Alterado para car\u00e1ter regular, a partir de 2007 \u2013 conforme&nbsp;Resolu\u00e7\u00e3o CEPE N\u00ba 172\/2006)Obs: Ver Resolu\u00e7\u00e3o Resolu\u00e7\u00e3o CEPE\/CA n\u00ba 0110\/2009 &#8211; Aprova a cria\u00e7\u00e3o do Curso de Gradua\u00e7\u00e3o em Letras &#8211; [&hellip;]<\/p>\n","protected":false},"author":8,"featured_media":0,"parent":0,"menu_order":0,"comment_status":"closed","ping_status":"closed","template":"","meta":{"_acf_changed":false,"_themeisle_gutenberg_block_has_review":false,"footnotes":""},"class_list":["post-1963","page","type-page","status-publish","hentry"],"acf":[],"_links":{"self":[{"href":"https:\/\/sites.uel.br\/prograd\/wp-json\/wp\/v2\/pages\/1963","targetHints":{"allow":["GET"]}}],"collection":[{"href":"https:\/\/sites.uel.br\/prograd\/wp-json\/wp\/v2\/pages"}],"about":[{"href":"https:\/\/sites.uel.br\/prograd\/wp-json\/wp\/v2\/types\/page"}],"author":[{"embeddable":true,"href":"https:\/\/sites.uel.br\/prograd\/wp-json\/wp\/v2\/users\/8"}],"replies":[{"embeddable":true,"href":"https:\/\/sites.uel.br\/prograd\/wp-json\/wp\/v2\/comments?post=1963"}],"version-history":[{"count":55,"href":"https:\/\/sites.uel.br\/prograd\/wp-json\/wp\/v2\/pages\/1963\/revisions"}],"predecessor-version":[{"id":29594,"href":"https:\/\/sites.uel.br\/prograd\/wp-json\/wp\/v2\/pages\/1963\/revisions\/29594"}],"wp:attachment":[{"href":"https:\/\/sites.uel.br\/prograd\/wp-json\/wp\/v2\/media?parent=1963"}],"curies":[{"name":"wp","href":"https:\/\/api.w.org\/{rel}","templated":true}]}}