{"id":1961,"date":"2023-03-30T16:49:25","date_gmt":"2023-03-30T19:49:25","guid":{"rendered":"https:\/\/sites.uel.br\/prograd\/?page_id=1961"},"modified":"2024-05-08T16:24:10","modified_gmt":"2024-05-08T19:24:10","slug":"resolucoes-2006","status":"publish","type":"page","link":"https:\/\/sites.uel.br\/prograd\/resolucoes-2006\/","title":{"rendered":"Resolu\u00e7\u00f5es"},"content":{"rendered":"\n<hr class=\"wp-block-separator has-alpha-channel-opacity is-style-wide\"\/>\n\n\n\n<h4 class=\"wp-block-heading has-text-align-left\" style=\"font-size:25px\">2006<\/h4>\n\n\n\n<div style=\"height:20px\" aria-hidden=\"true\" class=\"wp-block-spacer\"><\/div>\n\n\n\n<h4 class=\"wp-block-heading\" style=\"font-size:25px\">CA<\/h4>\n\n\n\n<p><strong><a rel=\"noreferrer noopener\" href=\"https:\/\/sites.uel.br\/prograd\/wp-content\/uploads\/documentos\/resolucoes\/2006\/resolucao_160_06.pdf\" target=\"_blank\">Resolu\u00e7\u00e3o CA n\u00ba 160\/2006<\/a><\/strong><br>Aprova Instrumentos padr\u00e3o de conv\u00eanio entre a Universidade Estadual de Londrina e entidades concedentes de est\u00e1gio<\/p>\n\n\n\n<div style=\"height:20px\" aria-hidden=\"true\" class=\"wp-block-spacer\"><\/div>\n\n\n\n<h4 class=\"wp-block-heading\" style=\"font-size:25px\">CEPE<\/h4>\n\n\n\n<p><strong><a href=\"https:\/\/sites.uel.br\/prograd\/wp-content\/uploads\/documentos\/resolucoes\/2006\/resolucao_194_06.pdf\" target=\"_blank\" rel=\"noreferrer noopener\">Resolu\u00e7\u00e3o CEPE n\u00ba 194\/2006<\/a><\/strong><br>Estabelece o Projeto Pedag\u00f3gico do Curso de Esporte, a ser implantado a partir do ano letivo de 2007<\/p>\n\n\n\n<p><strong><a href=\"https:\/\/sites.uel.br\/prograd\/wp-content\/uploads\/documentos\/resolucoes\/2006\/resolucao_193_06.pdf\" target=\"_blank\" rel=\"noreferrer noopener\">Resolu\u00e7\u00e3o CEPE n\u00ba 193\/2006<\/a><\/strong><br>Revoga a Resolu\u00e7\u00e3o CEPE n\u00ba 362\/2005, que criou o Curso de Letras Estrangeiras Modernas, e d\u00e1 outras provid\u00eancias<\/p>\n\n\n\n<p><strong><a rel=\"noreferrer noopener\" href=\"https:\/\/sites.uel.br\/prograd\/wp-content\/uploads\/documentos\/resolucoes\/2006\/resolucao_173_06.pdf\" target=\"_blank\">Resolu\u00e7\u00e3o CEPE n\u00ba 173\/2006<\/a><\/strong><br>Altera os Arts. 22, 28 e 41 e revoga os Arts. 21 e 23 da Resolu\u00e7\u00e3o n. 130\/2006 que aprovou o Regulamento Geral de Est\u00e1gio de Gradua\u00e7\u00e3o da UEL<\/p>\n\n\n\n<p><strong><a rel=\"noreferrer noopener\" href=\"https:\/\/sites.uel.br\/prograd\/wp-content\/uploads\/documentos\/resolucoes\/2006\/resolucao_172_06.pdf\" target=\"_blank\">Resolu\u00e7\u00e3o CEPE n\u00ba 172\/2006<\/a><\/strong><br>Oferta a Habilita\u00e7\u00e3o Opcional em L\u00edngua e Cultura Francesa, em car\u00e1ter regular, a partir do ano letivo de 2007<\/p>\n\n\n\n<p><strong><a rel=\"noreferrer noopener\" href=\"https:\/\/sites.uel.br\/prograd\/wp-content\/uploads\/documentos\/resolucoes\/2006\/resolucao_133_06.pdf\" target=\"_blank\">Resolu\u00e7\u00e3o CEPE n\u00ba 133\/2006<\/a><\/strong><br>Regulamenta o Trancamento de matr\u00edcula para estudantes de gradua\u00e7\u00e3o na Universidade Estadual de Londrina<\/p>\n\n\n\n<p><strong><a href=\"https:\/\/sites.uel.br\/prograd\/wp-content\/uploads\/documentos\/resolucoes\/2006\/resolucao_132_06.pdf\" target=\"_blank\" rel=\"noreferrer noopener\">Resolu\u00e7\u00e3o CEPE n\u00ba 132\/2006<\/a><\/strong><br>Estabelece o Calend\u00e1rio das Atividades de Ensino dos Cursos de Gradua\u00e7\u00e3o para o ano letivo de 2007<\/p>\n\n\n\n<p><strong><a href=\"https:\/\/sites.uel.br\/prograd\/wp-content\/uploads\/documentos\/resolucoes\/2006\/resolucao_128_06.pdf\" target=\"_blank\" rel=\"noreferrer noopener\">Resolu\u00e7\u00e3o CEPE n\u00ba 128\/2006<\/a><\/strong><br>Altera a Resolu\u00e7\u00e3o CEPE N\u00ba 272\/05 referente ao Projeto Pedag\u00f3gico do curso de Pedagogia em implanta\u00e7\u00e3o a partir do ano letivo de 2005<\/p>\n\n\n\n<p><strong><a rel=\"noreferrer noopener\" href=\"https:\/\/sites.uel.br\/prograd\/wp-content\/uploads\/documentos\/resolucoes\/2006\/resolucao_127_06.pdf\" target=\"_blank\">Resolu\u00e7\u00e3o CEPE n\u00ba 127\/2006<\/a><\/strong><br>Estabelece adequa\u00e7\u00f5es curriculares para o curso de gradua\u00e7\u00e3o em Matem\u00e1tica &#8211; Habilita\u00e7\u00e3o: Bacharelado, a serem implantadas a partir do ano letivo de 2007<\/p>\n\n\n\n<p><strong><a rel=\"noreferrer noopener\" href=\"https:\/\/sites.uel.br\/prograd\/wp-content\/uploads\/documentos\/resolucoes\/2006\/resolucao_126_06.pdf\" target=\"_blank\">Resolu\u00e7\u00e3o CEPE n\u00ba 126\/2006<\/a><\/strong><br>Estabelece adequa\u00e7\u00f5es curriculares para o curso de gradua\u00e7\u00e3o em Matem\u00e1tica &#8211; Habilita\u00e7\u00e3o: Licenciatura, a serem implantadas a partir do ano letivo de 2007<\/p>\n\n\n\n<p><strong><a rel=\"noreferrer noopener\" href=\"https:\/\/sites.uel.br\/prograd\/wp-content\/uploads\/documentos\/resolucoes\/2006\/resolucao_125_06.pdf\" target=\"_blank\">Resolu\u00e7\u00e3o CEPE n\u00ba 125\/2006<\/a><\/strong><br>Estabelece adequa\u00e7\u00f5es curriculares para o curso de Letras &#8211; Habilita\u00e7\u00f5es: Licenciatura em L\u00edngua Portuguesa e Respectivas Literaturas, Bacharelado em Estudos da Linguagem e Bacharelado em Estudos Liter\u00e1rios, a serem implantadas a partir do ano Letivo de 2007<\/p>\n\n\n\n<p><strong><a href=\"https:\/\/sites.uel.br\/prograd\/wp-content\/uploads\/documentos\/resolucoes\/2006\/resolucao_124_06.pdf\" target=\"_blank\" rel=\"noreferrer noopener\">Resolu\u00e7\u00e3o CEPE n\u00ba 124\/2006<\/a><\/strong><br>Estabelece adequa\u00e7\u00f5es curriculares para o curso de gradua\u00e7\u00e3o em Enfermagem a serem implantadas a partir do ano letivo de 2007<\/p>\n\n\n\n<p><strong><a rel=\"noreferrer noopener\" href=\"https:\/\/sites.uel.br\/prograd\/wp-content\/uploads\/documentos\/resolucoes\/2006\/resolucao_87_06.pdf\" target=\"_blank\">Resolu\u00e7\u00e3o CEPE n\u00ba 87\/2006<\/a><\/strong><br>Estabelecem procedimentos para o aproveitamento de estudos, referentes \u00e0s disciplinas de l\u00edngua estrangeira cumpridas em outros sistemas de ensino<\/p>\n\n\n\n<div style=\"height:20px\" aria-hidden=\"true\" class=\"wp-block-spacer\"><\/div>\n\n\n\n<h4 class=\"wp-block-heading\" style=\"font-size:25px\">CEPE\/CA<\/h4>\n\n\n\n<p><strong><a href=\"https:\/\/sites.uel.br\/prograd\/wp-content\/uploads\/documentos\/resolucoes\/2006\/resolucao_187_06.pdf\" target=\"_blank\" rel=\"noreferrer noopener\">Resolu\u00e7\u00e3o CEPE\/CA n\u00ba 187\/2006<\/a><\/strong><br>Reformula o Projeto Pedag\u00f3gico do Curso de Gradua\u00e7\u00e3o em Pedagogia &#8211; Licenciatura a ser implantado a partir do ano letivo de 2007<\/p>\n\n\n\n<p><strong><a href=\"https:\/\/sites.uel.br\/prograd\/wp-content\/uploads\/documentos\/resolucoes\/2006\/resolucao_186_06.pdf\" target=\"_blank\" rel=\"noreferrer noopener\">Resolu\u00e7\u00e3o CEPE\/CA n\u00ba 186\/2006<\/a><\/strong><br>Reformula o Projeto Pedag\u00f3gico do curso de Agronomia, a ser implantado a partir do ano letivo de 2007<\/p>\n\n\n\n<p><strong><a href=\"https:\/\/sites.uel.br\/prograd\/wp-content\/uploads\/documentos\/resolucoes\/2006\/resolucao_182_06.pdf\" target=\"_blank\" rel=\"noreferrer noopener\">Resolu\u00e7\u00e3o CEPE\/CA n\u00ba 182\/2006<\/a><\/strong><br>Estabelece adequa\u00e7\u00f5es curriculares para o curso de gradua\u00e7\u00e3o em Engenharia &#8211; Habilita\u00e7\u00e3o: Engenharia Civil a serem implantadas a partir do ano letivo de 2007<\/p>\n\n\n\n<div style=\"height:20px\" aria-hidden=\"true\" class=\"wp-block-spacer\"><\/div>\n\n\n\n<h4 class=\"wp-block-heading\" style=\"font-size:25px\">CU<\/h4>\n\n\n\n<p><strong><a rel=\"noreferrer noopener\" href=\"https:\/\/sites.uel.br\/prograd\/wp-content\/uploads\/documentos\/resolucoes\/2006\/resolucao_196_06.pdf\" target=\"_blank\">Resolu\u00e7\u00e3o CU n\u00ba 196\/2006<\/a><\/strong><br>Altera o Artigo 28 do Regimento Geral da Universidade, em especial, no que tange \u00e0 Atividade Acad\u00eamica Complementar<\/p>\n","protected":false},"excerpt":{"rendered":"<p>2006 CA Resolu\u00e7\u00e3o CA n\u00ba 160\/2006Aprova Instrumentos padr\u00e3o de conv\u00eanio entre a Universidade Estadual de Londrina e entidades concedentes de est\u00e1gio CEPE Resolu\u00e7\u00e3o CEPE n\u00ba 194\/2006Estabelece o Projeto Pedag\u00f3gico do Curso de Esporte, a ser implantado a partir do ano letivo de 2007 Resolu\u00e7\u00e3o CEPE n\u00ba 193\/2006Revoga a Resolu\u00e7\u00e3o CEPE n\u00ba 362\/2005, que criou o [&hellip;]<\/p>\n","protected":false},"author":8,"featured_media":0,"parent":0,"menu_order":0,"comment_status":"closed","ping_status":"closed","template":"","meta":{"_acf_changed":false,"_themeisle_gutenberg_block_has_review":false,"footnotes":""},"class_list":["post-1961","page","type-page","status-publish","hentry"],"acf":[],"_links":{"self":[{"href":"https:\/\/sites.uel.br\/prograd\/wp-json\/wp\/v2\/pages\/1961","targetHints":{"allow":["GET"]}}],"collection":[{"href":"https:\/\/sites.uel.br\/prograd\/wp-json\/wp\/v2\/pages"}],"about":[{"href":"https:\/\/sites.uel.br\/prograd\/wp-json\/wp\/v2\/types\/page"}],"author":[{"embeddable":true,"href":"https:\/\/sites.uel.br\/prograd\/wp-json\/wp\/v2\/users\/8"}],"replies":[{"embeddable":true,"href":"https:\/\/sites.uel.br\/prograd\/wp-json\/wp\/v2\/comments?post=1961"}],"version-history":[{"count":19,"href":"https:\/\/sites.uel.br\/prograd\/wp-json\/wp\/v2\/pages\/1961\/revisions"}],"predecessor-version":[{"id":29590,"href":"https:\/\/sites.uel.br\/prograd\/wp-json\/wp\/v2\/pages\/1961\/revisions\/29590"}],"wp:attachment":[{"href":"https:\/\/sites.uel.br\/prograd\/wp-json\/wp\/v2\/media?parent=1961"}],"curies":[{"name":"wp","href":"https:\/\/api.w.org\/{rel}","templated":true}]}}