{"id":1959,"date":"2023-03-30T16:49:12","date_gmt":"2023-03-30T19:49:12","guid":{"rendered":"https:\/\/sites.uel.br\/prograd\/?page_id=1959"},"modified":"2024-05-08T16:21:02","modified_gmt":"2024-05-08T19:21:02","slug":"resolucoes-2007","status":"publish","type":"page","link":"https:\/\/sites.uel.br\/prograd\/resolucoes-2007\/","title":{"rendered":"Resolu\u00e7\u00f5es"},"content":{"rendered":"\n<hr class=\"wp-block-separator has-alpha-channel-opacity is-style-wide\"\/>\n\n\n\n<h4 class=\"wp-block-heading has-text-align-left\" style=\"font-size:25px\">2007<\/h4>\n\n\n\n<div style=\"height:20px\" aria-hidden=\"true\" class=\"wp-block-spacer\"><\/div>\n\n\n\n<h4 class=\"wp-block-heading\" style=\"font-size:25px\">CA<\/h4>\n\n\n\n<p><strong><a rel=\"noreferrer noopener\" href=\"https:\/\/sites.uel.br\/prograd\/wp-content\/uploads\/documentos\/resolucoes\/2007\/resolucao_191_07.pdf\" target=\"_blank\">Resolu\u00e7\u00e3o CA n\u00ba 0191\/2007<\/a><\/strong><br>Disp\u00f5e sobre a isen\u00e7\u00e3o do pagamento do pre\u00e7o p\u00fablico para a emiss\u00e3o de certificados a Orientadores externos \u00e0 UEL de Campo de Est\u00e1gio Curricular Obrigat\u00f3rio e n\u00e3o Obrigat\u00f3rio<\/p>\n\n\n\n<p><strong><a rel=\"noreferrer noopener\" href=\"https:\/\/sites.uel.br\/prograd\/wp-content\/uploads\/documentos\/resolucoes\/2007\/resolucao_183_07.pdf\" target=\"_blank\">Resolu\u00e7\u00e3o CA n\u00ba 0183\/2007<\/a><\/strong><br>Aprova Instrumento padr\u00e3o de conv\u00eanio entre a Universidade Estadual de Londrina e os Agentes de Integra\u00e7\u00e3o<\/p>\n\n\n\n<p><strong><a rel=\"noreferrer noopener\" href=\"https:\/\/sites.uel.br\/prograd\/wp-content\/uploads\/documentos\/resolucoes\/2007\/resolucao_181_07.pdf\" target=\"_blank\">Resolu\u00e7\u00e3o CA n\u00ba 0181\/2007<\/a><\/strong><br>Aprova procedimentos a serem adotados quando do n\u00e3o cumprimento do Calend\u00e1rio das Atividades de Ensino dos Cursos de Gradua\u00e7\u00e3o para fechamento do Rendimento Escolar por meio eletr\u00f4nico<\/p>\n\n\n\n<p><strong><a rel=\"noreferrer noopener\" href=\"https:\/\/sites.uel.br\/prograd\/wp-content\/uploads\/documentos\/resolucoes\/2007\/resolucao_155_07.pdf\" target=\"_blank\">Resolu\u00e7\u00e3o CA n\u00ba 0155\/2007<\/a><\/strong><br>Institui crit\u00e9rios para a determina\u00e7\u00e3o do \u00cdndice de Refer\u00eancia para Contrata\u00e7\u00e3o (IRC) de carga hor\u00e1ria docente<\/p>\n\n\n\n<p><strong><a rel=\"noreferrer noopener\" href=\"https:\/\/sites.uel.br\/prograd\/wp-content\/uploads\/documentos\/resolucoes\/2007\/resolucao_71_07.pdf\" target=\"_blank\">Resolu\u00e7\u00e3o CA n\u00ba 071\/2007<\/a><\/strong><br>Estabelece o n\u00famero de vagas e o valor da Bolsa Ensino, para o ano letivo de 2007<\/p>\n\n\n\n<div style=\"height:20px\" aria-hidden=\"true\" class=\"wp-block-spacer\"><\/div>\n\n\n\n<h4 class=\"wp-block-heading\" style=\"font-size:25px\">CEPE<\/h4>\n\n\n\n<p><strong><a rel=\"noreferrer noopener\" href=\"https:\/\/sites.uel.br\/prograd\/wp-content\/uploads\/documentos\/resolucoes\/2007\/resolucao_204_07.pdf\" target=\"_blank\">Resolu\u00e7\u00e3o CEPE n\u00ba 0204\/2007<\/a><\/strong><br>Estabelece procedimentos a serem adotados para estudantes que ingressaram por meio de Concurso Vestibular e que se ausentaram das atividades acad\u00eamicas nos 15 (quinze) primeiros dias corridos do ano letivo<\/p>\n\n\n\n<p><strong><a rel=\"noreferrer noopener\" href=\"https:\/\/sites.uel.br\/prograd\/wp-content\/uploads\/documentos\/resolucoes\/2007\/resolucao_203_07.pdf\" target=\"_blank\">Resolu\u00e7\u00e3o CEPE n\u00ba 0203\/2007<\/a><\/strong><br>Disp\u00f5e sobre normas e procedimentos para o cumprimento de disciplina eletiva pelos estudantes dos cursos de gradua\u00e7\u00e3o da UEL<\/p>\n\n\n\n<p><strong><a rel=\"noreferrer noopener\" href=\"https:\/\/sites.uel.br\/prograd\/wp-content\/uploads\/documentos\/resolucoes\/2007\/resolucao_202_07.pdf\" target=\"_blank\">Resolu\u00e7\u00e3o CEPE n\u00ba 0202\/2007<\/a><\/strong><br>Regulamenta o Est\u00e1gio de estudantes do ensino m\u00e9dio matriculado no Col\u00e9gio Estadual &#8220;Professor Jos\u00e9 Alo\u00edsio Arag\u00e3o&#8221; &#8211; Col\u00e9gio de Aplica\u00e7\u00e3o, no \u00e2mbito da Universidade Estadual de Londrina &#8211; UEL<\/p>\n\n\n\n<p><strong><a rel=\"noreferrer noopener\" href=\"https:\/\/sites.uel.br\/prograd\/wp-content\/uploads\/documentos\/resolucoes\/2007\/resolucao_201_07.pdf\" target=\"_blank\">Resolu\u00e7\u00e3o CEPE n\u00ba 0201\/2007<\/a><\/strong><br>Permite a suspens\u00e3o de matr\u00edcula na Habilita\u00e7\u00e3o Opcional em L\u00edngua e Cultura Francesa, a vigorar a partir do ano letivo de 2008<\/p>\n\n\n\n<p><strong><a rel=\"noreferrer noopener\" href=\"https:\/\/sites.uel.br\/prograd\/wp-content\/uploads\/documentos\/resolucoes\/2007\/resolucao_200_07.pdf\" target=\"_blank\">Resolu\u00e7\u00e3o CEPE n\u00ba 0200\/2007<\/a><\/strong><br>Estabelece adequa\u00e7\u00f5es curriculares para o Curso de Gradua\u00e7\u00e3o em Engenharia-Habilita\u00e7\u00e3o: Engenharia Civil, a vigorar a partir do ano letivo de 2008<\/p>\n\n\n\n<p><strong><a rel=\"noreferrer noopener\" href=\"https:\/\/sites.uel.br\/prograd\/wp-content\/uploads\/documentos\/resolucoes\/2007\/resolucao_199_07.pdf\" target=\"_blank\">Resolu\u00e7\u00e3o CEPE n\u00ba 0199\/2007<\/a><\/strong><br>Altera o Sistema de Avalia\u00e7\u00e3o e Promo\u00e7\u00e3o do Curso de Ci\u00eancias Cont\u00e1beis, a vigorar a partir do ano letivo de 2008<\/p>\n\n\n\n<p><strong><a rel=\"noreferrer noopener\" href=\"https:\/\/sites.uel.br\/prograd\/wp-content\/uploads\/documentos\/resolucoes\/2007\/resolucao_198_07.pdf\" target=\"_blank\">Resolu\u00e7\u00e3o CEPE n\u00ba 0198\/2007<\/a><\/strong><br>Disp\u00f5e sobre a transfer\u00eancia interna de turno e de permuta para estudantes de gradua\u00e7\u00e3o da Universidade Estadual de Londrina<\/p>\n\n\n\n<p><strong><a rel=\"noreferrer noopener\" href=\"https:\/\/sites.uel.br\/prograd\/wp-content\/uploads\/documentos\/resolucoes\/2007\/resolucao_197_07.pdf\" target=\"_blank\">Resolu\u00e7\u00e3o CEPE n\u00ba 0197\/2007<\/a><\/strong><br>Disciplina a atividade de agentes de integra\u00e7\u00e3o no \u00e2mbito da Universidade Estadual de Londrina, com a finalidade de intermediar Est\u00e1gios Curriculares Obrigat\u00f3rio e n\u00e3o Obrigat\u00f3rio<\/p>\n\n\n\n<p><a href=\"https:\/\/sites.uel.br\/prograd\/wp-content\/uploads\/documentos\/resolucoes\/2007\/resolucao_173_07.pdf\" target=\"_blank\" rel=\"noreferrer noopener\"><strong>Resolu\u00e7\u00e3o CEPE n\u00ba 0173\/2007<\/strong><\/a><br>Altera o Calend\u00e1rio das Atividades de Ensino dos Cursos de Gradua\u00e7\u00e3o, referente ao ano letivo de 2008<\/p>\n\n\n\n<p><a href=\"https:\/\/sites.uel.br\/prograd\/wp-content\/uploads\/documentos\/resolucoes\/2007\/resolucao_172_07.pdf\" target=\"_blank\" rel=\"noreferrer noopener\"><strong>Resolu\u00e7\u00e3o CEPE n\u00ba 0172\/2007<\/strong><\/a><br>Regulamenta a concess\u00e3o de dilata\u00e7\u00e3o de prazo para a conclus\u00e3o de Cursos de Gradua\u00e7\u00e3o na Universidade Estadual de Londrina<\/p>\n\n\n\n<p><a rel=\"noreferrer noopener\" href=\"https:\/\/sites.uel.br\/prograd\/wp-content\/uploads\/documentos\/resolucoes\/2007\/resolucao_158_07.pdf\" target=\"_blank\"><strong>Resolu\u00e7\u00e3o CEPE n\u00ba 0158\/2007<\/strong><\/a><br>Regulamenta o Processo Seletivo de Ingresso nos Cursos de Gradua\u00e7\u00e3o da Universidade Estadual de Londrina mediante Transfer\u00eancia Externa referente ao ano letivo de 2008<\/p>\n\n\n\n<p><strong><a rel=\"noreferrer noopener\" href=\"https:\/\/sites.uel.br\/prograd\/wp-content\/uploads\/documentos\/resolucoes\/2007\/resolucao_157_07.pdf\" target=\"_blank\">Resolu\u00e7\u00e3o CEPE n\u00ba 0157\/2007<\/a><\/strong><br>Estabelece o Calend\u00e1rio das Atividades de Ensino dos Cursos de Gradua\u00e7\u00e3o para o ano letivo de 2008<\/p>\n\n\n\n<p><strong><a rel=\"noreferrer noopener\" href=\"https:\/\/sites.uel.br\/prograd\/wp-content\/uploads\/documentos\/resolucoes\/2007\/resolucao_146_07.pdf\" target=\"_blank\">Resolu\u00e7\u00e3o CEPE n\u00ba 0146\/2007<\/a><\/strong><br>Regulamenta procedimentos acad\u00eamicos e administrativos para os Cursos de Gradua\u00e7\u00e3o da Universidade Estadual de Londrina<\/p>\n\n\n\n<p><strong><a rel=\"noreferrer noopener\" href=\"https:\/\/sites.uel.br\/prograd\/wp-content\/uploads\/documentos\/resolucoes\/2007\/resolucao_79_07.pdf\" target=\"_blank\">Resolu\u00e7\u00e3o CEPE n\u00ba 079\/2007<\/a><\/strong><br>Regulamenta as atividades pedag\u00f3gicas das Empresas Juniores na UEL, como Programa de Forma\u00e7\u00e3o Complementar<\/p>\n\n\n\n<p><strong><a rel=\"noreferrer noopener\" href=\"https:\/\/sites.uel.br\/prograd\/wp-content\/uploads\/documentos\/resolucoes\/2007\/resolucao_60_07.pdf\" target=\"_blank\">Resolu\u00e7\u00e3o CEPE n\u00ba 060\/2007<\/a><\/strong><br>Altera os Artigos 11 e seus \u00a7 1\u00ba e \u00a7 2\u00ba das Resolu\u00e7\u00f5es CEPE n\u00bas 363\/2005 e 364\/2005 que regulamenta o curr\u00edculo pleno do Curso de Letras &#8211; Modalidade: Licenciatura, Habilita\u00e7\u00e3o: L\u00edngua Inglesa e Respectivas Literaturas e Habilita\u00e7\u00e3o: L\u00edngua Espanhola e Respectivas Literaturas passando a vigorar a partir do ano letivo de 2008<\/p>\n\n\n\n<p><strong><a rel=\"noreferrer noopener\" href=\"https:\/\/sites.uel.br\/prograd\/wp-content\/uploads\/documentos\/resolucoes\/2007\/resolucao_59_07.pdf\" target=\"_blank\">Resolu\u00e7\u00e3o CEPE n\u00ba 059\/2007<\/a><\/strong><br>Regulamenta o Est\u00e1gio dos Cursos de Gradua\u00e7\u00e3o da UEL a ser realizado no exterior<\/p>\n\n\n\n<p><strong><a rel=\"noreferrer noopener\" href=\"https:\/\/sites.uel.br\/prograd\/wp-content\/uploads\/documentos\/resolucoes\/2007\/resolucao_58_07.pdf\" target=\"_blank\">Resolu\u00e7\u00e3o CEPE n\u00ba 058\/2007<\/a><\/strong><br>Estabelece o n\u00famero de vagas na Universidade Estadual de Londrina para atender ao Programa Estudantes &#8211; Conv\u00eanio da Gradua\u00e7\u00e3o &#8211; PEC-G, do Minist\u00e9rio das Rela\u00e7\u00f5es Exteriores e do Minist\u00e9rio da Educa\u00e7\u00e3o<\/p>\n\n\n\n<p><strong><a rel=\"noreferrer noopener\" href=\"https:\/\/sites.uel.br\/prograd\/wp-content\/uploads\/documentos\/resolucoes\/2007\/resolucao_09_07.pdf\" target=\"_blank\">Resolu\u00e7\u00e3o CEPE n\u00ba 09\/2007<\/a><\/strong><br>Regulamenta o gerenciamento do curr\u00edculo e a distribui\u00e7\u00e3o da carga hor\u00e1ria do Curso de Enfermagem<\/p>\n\n\n\n<div style=\"height:20px\" aria-hidden=\"true\" class=\"wp-block-spacer\"><\/div>\n\n\n\n<h4 class=\"wp-block-heading\" style=\"font-size:25px\">CEPE\/CA<\/h4>\n\n\n\n<p><strong><a rel=\"noreferrer noopener\" href=\"https:\/\/sites.uel.br\/prograd\/wp-content\/uploads\/documentos\/resolucoes\/2007\/resolucao_120_07.pdf\" target=\"_blank\">Resolu\u00e7\u00e3o CEPE\/CA n\u00ba 0120\/2007<\/a><\/strong><br>Regulamenta a Tutoria Acad\u00eamica na Universidade Estadual de Londrina<\/p>\n\n\n\n<p><strong><a rel=\"noreferrer noopener\" href=\"https:\/\/sites.uel.br\/prograd\/wp-content\/uploads\/documentos\/resolucoes\/2007\/resolucao_52_07.pdf\" target=\"_blank\">Resolu\u00e7\u00e3o CEPE\/CA n\u00ba 052\/2007<\/a><\/strong><br>Cria e regulamenta a Tutoria no Curso de Agronomia, a ser implantada a partir de 2007<\/p>\n\n\n\n<div style=\"height:20px\" aria-hidden=\"true\" class=\"wp-block-spacer\"><\/div>\n\n\n\n<h4 class=\"wp-block-heading\" style=\"font-size:25px\">CU<\/h4>\n\n\n\n<p><strong><a rel=\"noreferrer noopener\" href=\"https:\/\/sites.uel.br\/prograd\/wp-content\/uploads\/documentos\/resolucoes\/2007\/resolucao_187_07.pdf\" target=\"_blank\">Resolu\u00e7\u00e3o CU n\u00ba 0187\/2007<\/a><\/strong><br>Altera o par\u00e1grafo 7\u00ba, do Artigo 22 do Estatuto e o caput e par\u00e1grafo 2\u00ba, do Artigo 41 do Regimento Geral da Universidade<\/p>\n\n\n\n<p><strong><a rel=\"noreferrer noopener\" href=\"https:\/\/sites.uel.br\/prograd\/wp-content\/uploads\/documentos\/resolucoes\/2007\/resolucao_186_07.pdf\" target=\"_blank\">Resolu\u00e7\u00e3o CU n\u00ba 0186\/2007<\/a><\/strong><br>Altera o Art. 216 do Regimento Geral da Universidade, instituindo a concess\u00e3o de certificados de honra ao m\u00e9rito e de l\u00e1urea acad\u00eamica aos estudantes concluintes de cursos de gradua\u00e7\u00e3o<\/p>\n\n\n\n<p><a rel=\"noreferrer noopener\" href=\"https:\/\/sites.uel.br\/prograd\/wp-content\/uploads\/documentos\/resolucoes\/2007\/resolucao_168_07.pdf\" target=\"_blank\"><strong>Resolu\u00e7\u00e3o CU n\u00ba 0168\/2007<\/strong><\/a><br>Altera a reda\u00e7\u00e3o dos Artigos 64, 65, 66, 67, 68, 69, 70 e 71 do Regimento Geral da Universidade, que disp\u00f5em sobre a estrutura e as atribui\u00e7\u00f5es dos Colegiados de Cursos de Gradua\u00e7\u00e3o da Universidade Estadual de Londrina<\/p>\n\n\n\n<p><a rel=\"noreferrer noopener\" href=\"https:\/\/sites.uel.br\/prograd\/wp-content\/uploads\/documentos\/resolucoes\/2007\/resolucao_140_07.pdf\" target=\"_blank\"><strong>Resolu\u00e7\u00e3o CU n\u00ba 0140\/2007<\/strong><\/a><br>Regulamenta a solenidade de formatura na Universidade Estadual de Londrina<\/p>\n\n\n\n<p><strong><a rel=\"noreferrer noopener\" href=\"https:\/\/sites.uel.br\/prograd\/wp-content\/uploads\/documentos\/resolucoes\/2007\/resolucao_88_07.pdf\" target=\"_blank\">Resolu\u00e7\u00e3o CU n\u00ba 088\/2007<\/a><\/strong><br>Altera o Artigo 38 do Regimento Geral da Universidade Estadual de Londrina, referente \u00e0 renova\u00e7\u00e3o de matr\u00edcula<\/p>\n","protected":false},"excerpt":{"rendered":"<p>2007 CA Resolu\u00e7\u00e3o CA n\u00ba 0191\/2007Disp\u00f5e sobre a isen\u00e7\u00e3o do pagamento do pre\u00e7o p\u00fablico para a emiss\u00e3o de certificados a Orientadores externos \u00e0 UEL de Campo de Est\u00e1gio Curricular Obrigat\u00f3rio e n\u00e3o Obrigat\u00f3rio Resolu\u00e7\u00e3o CA n\u00ba 0183\/2007Aprova Instrumento padr\u00e3o de conv\u00eanio entre a Universidade Estadual de Londrina e os Agentes de Integra\u00e7\u00e3o Resolu\u00e7\u00e3o CA n\u00ba [&hellip;]<\/p>\n","protected":false},"author":8,"featured_media":0,"parent":0,"menu_order":0,"comment_status":"closed","ping_status":"closed","template":"","meta":{"_acf_changed":false,"_themeisle_gutenberg_block_has_review":false,"footnotes":""},"class_list":["post-1959","page","type-page","status-publish","hentry"],"acf":[],"_links":{"self":[{"href":"https:\/\/sites.uel.br\/prograd\/wp-json\/wp\/v2\/pages\/1959","targetHints":{"allow":["GET"]}}],"collection":[{"href":"https:\/\/sites.uel.br\/prograd\/wp-json\/wp\/v2\/pages"}],"about":[{"href":"https:\/\/sites.uel.br\/prograd\/wp-json\/wp\/v2\/types\/page"}],"author":[{"embeddable":true,"href":"https:\/\/sites.uel.br\/prograd\/wp-json\/wp\/v2\/users\/8"}],"replies":[{"embeddable":true,"href":"https:\/\/sites.uel.br\/prograd\/wp-json\/wp\/v2\/comments?post=1959"}],"version-history":[{"count":17,"href":"https:\/\/sites.uel.br\/prograd\/wp-json\/wp\/v2\/pages\/1959\/revisions"}],"predecessor-version":[{"id":29587,"href":"https:\/\/sites.uel.br\/prograd\/wp-json\/wp\/v2\/pages\/1959\/revisions\/29587"}],"wp:attachment":[{"href":"https:\/\/sites.uel.br\/prograd\/wp-json\/wp\/v2\/media?parent=1959"}],"curies":[{"name":"wp","href":"https:\/\/api.w.org\/{rel}","templated":true}]}}