{"id":1951,"date":"2023-03-30T16:48:23","date_gmt":"2023-03-30T19:48:23","guid":{"rendered":"https:\/\/sites.uel.br\/prograd\/?page_id=1951"},"modified":"2024-02-02T13:56:04","modified_gmt":"2024-02-02T16:56:04","slug":"resolucoes-2011","status":"publish","type":"page","link":"https:\/\/sites.uel.br\/prograd\/resolucoes-2011\/","title":{"rendered":"Resolu\u00e7\u00f5es"},"content":{"rendered":"\n<hr class=\"wp-block-separator has-alpha-channel-opacity is-style-wide\"\/>\n\n\n\n<h4 class=\"wp-block-heading has-text-align-left\" style=\"font-size:25px\">2011<\/h4>\n\n\n\n<div style=\"height:20px\" aria-hidden=\"true\" class=\"wp-block-spacer\"><\/div>\n\n\n\n<h4 class=\"wp-block-heading\" style=\"font-size:25px\">CA<\/h4>\n\n\n\n<p><strong><a rel=\"noreferrer noopener\" href=\"https:\/\/sites.uel.br\/prograd\/wp-content\/uploads\/documentos\/resolucoes\/2011\/resolucao_12_11.pdf\" target=\"_blank\">Resolu\u00e7\u00e3o CA n\u00ba 012\/2011<\/a><\/strong><br>Regulamenta o Est\u00e1gio dos estudantes do Ensino M\u00e9dio do Col\u00e9gio de Aplica\u00e7\u00e3o &#8220;Professor Jos\u00e9 Alo\u00edsio Arag\u00e3o&#8221;<\/p>\n\n\n\n<div style=\"height:20px\" aria-hidden=\"true\" class=\"wp-block-spacer\"><\/div>\n\n\n\n<h4 class=\"wp-block-heading\" style=\"font-size:25px\">CEPE<\/h4>\n\n\n\n<p><strong><a rel=\"noreferrer noopener\" href=\"https:\/\/sites.uel.br\/prograd\/wp-content\/uploads\/documentos\/resolucoes\/2011\/resolucao_175_11.pdf\" target=\"_blank\">Resolu\u00e7\u00e3o CEPE n\u00ba 175\/2011<\/a><\/strong><br>Estabelece procedimentos para o aproveitamento de estudos, referentes \u00e0s disciplinas de l\u00edngua estrangeira cumpridas em outros sistemas de ensino<\/p>\n\n\n\n<p><strong><a rel=\"noreferrer noopener\" href=\"https:\/\/sites.uel.br\/prograd\/wp-content\/uploads\/documentos\/resolucoes\/2011\/resolucao_167_11.pdf\" target=\"_blank\">Resolu\u00e7\u00e3o CEPE n\u00ba 167\/2011<\/a><\/strong><br>Estabelece o Projeto Pedag\u00f3gico do Curso de Segunda Licenciatura em Matem\u00e1tica, integrante do Programa Emergencial de Forma\u00e7\u00e3o de Professores em exerc\u00edcio na Educa\u00e7\u00e3o B\u00e1sica P\u00fablica<\/p>\n\n\n\n<p><strong><a rel=\"noreferrer noopener\" href=\"https:\/\/sites.uel.br\/prograd\/wp-content\/uploads\/documentos\/resolucoes\/2011\/resolucao_115_11.pdf\" target=\"_blank\">Resolu\u00e7\u00e3o CEPE n\u00ba 115\/2011<\/a><\/strong>&nbsp;<br>Estabelece o Calend\u00e1rio das Atividades de Ensino dos Cursos de Gradua\u00e7\u00e3o para o ano letivo de 2012<\/p>\n\n\n\n<p><strong><a rel=\"noreferrer noopener\" href=\"https:\/\/sites.uel.br\/prograd\/wp-content\/uploads\/documentos\/resolucoes\/2011\/resolucao_97_11.pdf\" target=\"_blank\">Resolu\u00e7\u00e3o CEPE n\u00ba 097\/2011<\/a><\/strong><br>Estabelece o Projeto Pedag\u00f3gico do Curso de Segunda Licenciatura em Ci\u00eancias da Religi\u00e3o &#8211; Habilita\u00e7\u00e3o: Ensino Religioso, integrante do Programa Emergencial de Forma\u00e7\u00e3o de Professores em exerc\u00edcio na Educa\u00e7\u00e3o B\u00e1sica P\u00fablica<\/p>\n\n\n\n<p><strong><a rel=\"noreferrer noopener\" href=\"https:\/\/sites.uel.br\/prograd\/wp-content\/uploads\/documentos\/resolucoes\/2011\/resolucao_87_11.pdf\" target=\"_blank\">Resolu\u00e7\u00e3o CEPE n\u00ba 087\/2011<\/a><\/strong><br>Altera o Calend\u00e1rio das Atividades de Ensino dos Cursos de Gradua\u00e7\u00e3o, referente ao ano letivo de 2011<\/p>\n\n\n\n<p><strong><a rel=\"noreferrer noopener\" href=\"https:\/\/sites.uel.br\/prograd\/wp-content\/uploads\/documentos\/resolucoes\/2011\/resolucao_86_11.pdf\" target=\"_blank\">Resolu\u00e7\u00e3o CEPE n\u00ba 086\/2011<\/a><\/strong><br>Estabelece o Projeto Pedag\u00f3gico do Curso de Segunda Licenciatura em Hist\u00f3ria, integrante do Programa Emergencial de Forma\u00e7\u00e3o de Professores em exerc\u00edcio na Educa\u00e7\u00e3o B\u00e1sica P\u00fablica<\/p>\n\n\n\n<p><strong><a rel=\"noreferrer noopener\" href=\"https:\/\/sites.uel.br\/prograd\/wp-content\/uploads\/documentos\/resolucoes\/2011\/resolucao_52_11.pdf\" target=\"_blank\">Resolu\u00e7\u00e3o CEPE n\u00ba 052\/2011<\/a><\/strong><br>Estabelece o n\u00famero de vagas na Universidade Estadual de Londrina para atender ao Programa Estudantes &#8211; Conv\u00eanio de Gradua\u00e7\u00e3o &#8211; PEC-G, do Minist\u00e9rio das Rela\u00e7\u00f5es Exteriores e do Minist\u00e9rio da Educa\u00e7\u00e3o<\/p>\n\n\n\n<p><strong><a rel=\"noreferrer noopener\" href=\"https:\/\/sites.uel.br\/prograd\/wp-content\/uploads\/documentos\/resolucoes\/2011\/resolucao_44_11.pdf\" target=\"_blank\">Resolu\u00e7\u00e3o CEPE n\u00ba 044\/2011<\/a><\/strong><br>Fixa normas e vagas para o Processo Seletivo Vestibular 2012 para ingresso nos Cursos de Gradua\u00e7\u00e3o da Universidade Estadual de Londrina<\/p>\n\n\n\n<p><strong><a rel=\"noreferrer noopener\" href=\"https:\/\/sites.uel.br\/prograd\/wp-content\/uploads\/documentos\/resolucoes\/2011\/resolucao_15_11.pdf\" target=\"_blank\">Resolu\u00e7\u00e3o CEPE n\u00ba 015\/2011<\/a><\/strong><br>Regulamenta a oferta de atividades acad\u00eamicas de forma semipresencial e d\u00e1 outras provid\u00eancias<\/p>\n\n\n\n<p><strong><a rel=\"noreferrer noopener\" href=\"https:\/\/sites.uel.br\/prograd\/wp-content\/uploads\/documentos\/resolucoes\/2011\/resolucao_07_11.pdf\" target=\"_blank\">Resolu\u00e7\u00e3o CEPE n\u00ba 007\/2011<\/a><\/strong><br>Estabelece o Projeto Pedag\u00f3gico do Curso de Segunda Licenciatura em Ci\u00eancias Biol\u00f3gicas integrante do Programa Emergencial de Forma\u00e7\u00e3o de Professores em exerc\u00edcio na Educa\u00e7\u00e3o B\u00e1sica P\u00fablica<\/p>\n\n\n\n<p><strong><a rel=\"noreferrer noopener\" href=\"https:\/\/sites.uel.br\/prograd\/wp-content\/uploads\/documentos\/resolucoes\/2011\/resolucao_06_11.pdf\" target=\"_blank\">Resolu\u00e7\u00e3o CEPE n\u00ba 006\/2011<\/a><\/strong><br>Altera o Art. 5\u00ba da Resolu\u00e7\u00e3o CEPE n\u00ba 142\/2008<\/p>\n\n\n\n<p><strong><a rel=\"noreferrer noopener\" href=\"https:\/\/sites.uel.br\/prograd\/wp-content\/uploads\/documentos\/resolucoes\/2011\/resolucao_05_11.pdf\" target=\"_blank\">Resolu\u00e7\u00e3o CEPE n\u00ba 005\/2011<\/a><\/strong><br>Altera o Art. 9\u00ba da Resolu\u00e7\u00e3o CEPE n\u00ba 274\/2005<\/p>\n\n\n\n<div style=\"height:20px\" aria-hidden=\"true\" class=\"wp-block-spacer\"><\/div>\n\n\n\n<h4 class=\"wp-block-heading\" style=\"font-size:25px\">CEPE\/CA<\/h4>\n\n\n\n<p><strong><a rel=\"noreferrer noopener\" href=\"https:\/\/sites.uel.br\/prograd\/wp-content\/uploads\/documentos\/resolucoes\/2011\/resolucao_112_11.pdf\" target=\"_blank\">Resolu\u00e7\u00e3o CEPE\/CA n\u00ba 112\/2011<\/a><\/strong><br>Estabelece o Projeto Pedag\u00f3gico do curso de Primeira Licenciatura em Pedagogia integrante do Programa Emergencial de Forma\u00e7\u00e3o de Professores em exerc\u00edcio na Educa\u00e7\u00e3o B\u00e1sica P\u00fablica, a ser ofertado na modalidade a dist\u00e2ncia<\/p>\n\n\n\n<p><strong><a rel=\"noreferrer noopener\" href=\"https:\/\/sites.uel.br\/prograd\/wp-content\/uploads\/documentos\/resolucoes\/2011\/resolucao_93_11.pdf\" target=\"_blank\">Resolu\u00e7\u00e3o CEPE\/CA n\u00ba 093\/2011<\/a><\/strong><br>Cria o Grupo de Estudos de Pr\u00e1ticas em Ensino (GEPE) junto \u00e0 Pr\u00f3-Reitoria de Gradua\u00e7\u00e3o da Universidade Estadual de Londrina (PROGRAD)<\/p>\n\n\n\n<div style=\"height:20px\" aria-hidden=\"true\" class=\"wp-block-spacer\"><\/div>\n\n\n\n<h4 class=\"wp-block-heading\" style=\"font-size:25px\">CU<\/h4>\n\n\n\n<p><strong><a rel=\"noreferrer noopener\" href=\"https:\/\/sites.uel.br\/prograd\/wp-content\/uploads\/documentos\/resolucoes\/2011\/resolucao_108_11.pdf\" target=\"_blank\">Resolu\u00e7\u00e3o CU n\u00ba 108\/2011<\/a><\/strong><br>Estabelece a reserva de vagas no Processo Seletivo Vestibular para candidatos oriundos de Institui\u00e7\u00f5es P\u00fablicas de Ensino e para aqueles que se autodeclararem negros<\/p>\n\n\n\n<p><strong><a rel=\"noreferrer noopener\" href=\"https:\/\/sites.uel.br\/prograd\/wp-content\/uploads\/documentos\/resolucoes\/2011\/resolucao_99_11.pdf\" target=\"_blank\">Resolu\u00e7\u00e3o CU n\u00ba 099\/2011<\/a><\/strong><br>Altera os Artigos 22 e 40, respectivamente, do Estatuto e o Regimento Geral da Universidade, referentes \u00e0 confirma\u00e7\u00e3o de matr\u00edcula<\/p>\n","protected":false},"excerpt":{"rendered":"<p>2011 CA Resolu\u00e7\u00e3o CA n\u00ba 012\/2011Regulamenta o Est\u00e1gio dos estudantes do Ensino M\u00e9dio do Col\u00e9gio de Aplica\u00e7\u00e3o &#8220;Professor Jos\u00e9 Alo\u00edsio Arag\u00e3o&#8221; CEPE Resolu\u00e7\u00e3o CEPE n\u00ba 175\/2011Estabelece procedimentos para o aproveitamento de estudos, referentes \u00e0s disciplinas de l\u00edngua estrangeira cumpridas em outros sistemas de ensino Resolu\u00e7\u00e3o CEPE n\u00ba 167\/2011Estabelece o Projeto Pedag\u00f3gico do Curso de Segunda [&hellip;]<\/p>\n","protected":false},"author":8,"featured_media":0,"parent":0,"menu_order":0,"comment_status":"closed","ping_status":"closed","template":"","meta":{"_acf_changed":false,"_themeisle_gutenberg_block_has_review":false,"footnotes":""},"class_list":["post-1951","page","type-page","status-publish","hentry"],"acf":[],"_links":{"self":[{"href":"https:\/\/sites.uel.br\/prograd\/wp-json\/wp\/v2\/pages\/1951","targetHints":{"allow":["GET"]}}],"collection":[{"href":"https:\/\/sites.uel.br\/prograd\/wp-json\/wp\/v2\/pages"}],"about":[{"href":"https:\/\/sites.uel.br\/prograd\/wp-json\/wp\/v2\/types\/page"}],"author":[{"embeddable":true,"href":"https:\/\/sites.uel.br\/prograd\/wp-json\/wp\/v2\/users\/8"}],"replies":[{"embeddable":true,"href":"https:\/\/sites.uel.br\/prograd\/wp-json\/wp\/v2\/comments?post=1951"}],"version-history":[{"count":12,"href":"https:\/\/sites.uel.br\/prograd\/wp-json\/wp\/v2\/pages\/1951\/revisions"}],"predecessor-version":[{"id":19563,"href":"https:\/\/sites.uel.br\/prograd\/wp-json\/wp\/v2\/pages\/1951\/revisions\/19563"}],"wp:attachment":[{"href":"https:\/\/sites.uel.br\/prograd\/wp-json\/wp\/v2\/media?parent=1951"}],"curies":[{"name":"wp","href":"https:\/\/api.w.org\/{rel}","templated":true}]}}