{"id":1949,"date":"2023-03-30T16:48:12","date_gmt":"2023-03-30T19:48:12","guid":{"rendered":"https:\/\/sites.uel.br\/prograd\/?page_id=1949"},"modified":"2024-02-02T13:55:53","modified_gmt":"2024-02-02T16:55:53","slug":"resolucoes-2012","status":"publish","type":"page","link":"https:\/\/sites.uel.br\/prograd\/resolucoes-2012\/","title":{"rendered":"Resolu\u00e7\u00f5es"},"content":{"rendered":"\n<hr class=\"wp-block-separator has-alpha-channel-opacity is-style-wide\"\/>\n\n\n\n<h4 class=\"wp-block-heading has-text-align-left\" style=\"font-size:25px\">2012<\/h4>\n\n\n\n<div style=\"height:20px\" aria-hidden=\"true\" class=\"wp-block-spacer\"><\/div>\n\n\n\n<h4 class=\"wp-block-heading\" style=\"font-size:25px\">CA<\/h4>\n\n\n\n<p><strong><a rel=\"noreferrer noopener\" href=\"https:\/\/sites.uel.br\/prograd\/wp-content\/uploads\/documentos\/resolucoes\/2012\/resolucao_28_12.pdf\" target=\"_blank\">Resolu\u00e7\u00e3o CA n\u00ba 028\/2012<\/a><\/strong><br>Regulamenta o aux\u00edlio-viagem a estudantes para participa\u00e7\u00e3o em atividades extracurriculares<\/p>\n\n\n\n<div style=\"height:20px\" aria-hidden=\"true\" class=\"wp-block-spacer\"><\/div>\n\n\n\n<h4 class=\"wp-block-heading\" style=\"font-size:25px\">CEPE<\/h4>\n\n\n\n<p><strong><a rel=\"noreferrer noopener\" href=\"https:\/\/sites.uel.br\/prograd\/wp-content\/uploads\/documentos\/resolucoes\/2012\/resolucao_176_12.pdf\" target=\"_blank\">Resolu\u00e7\u00e3o CEPE n\u00ba 176\/2012<\/a><\/strong><br>Estabelece reformula\u00e7\u00e3o no Curso de Qu\u00edmica &#8211; Habilita\u00e7\u00f5es: Bacharelado e Op\u00e7\u00e3o em Qu\u00edmica Tecnol\u00f3gica, alterando a carga hor\u00e1ria de 2 QUI 066 &#8211; Qu\u00edmica Tecnol\u00f3gica Inorg\u00e2nica<\/p>\n\n\n\n<p><strong><a rel=\"noreferrer noopener\" href=\"https:\/\/sites.uel.br\/prograd\/wp-content\/uploads\/documentos\/resolucoes\/2012\/resolucao_175_12.pdf\" target=\"_blank\">Resolu\u00e7\u00e3o CEPE n\u00ba 175\/2012<\/a><\/strong><br>Altera o Calend\u00e1rio das Atividades de Ensino dos Cursos de Gradua\u00e7\u00e3o, referente ao ano letivo de 2013<\/p>\n\n\n\n<p><strong><a rel=\"noreferrer noopener\" href=\"https:\/\/sites.uel.br\/prograd\/wp-content\/uploads\/documentos\/resolucoes\/2012\/resolucao_174_12.pdf\" target=\"_blank\">Resolu\u00e7\u00e3o CEPE n\u00ba 174\/2012<\/a><\/strong><br>Estabelece o Projeto Pedag\u00f3gico do Curso de Segunda Licenciatura em Letras, habilita\u00e7\u00e3o em L\u00edngua Portuguesa e Respectivas Literaturas, integrante do Programa Emergencial de Forma\u00e7\u00e3o de Professores em exerc\u00edcio na Educa\u00e7\u00e3o B\u00e1sica P\u00fablica<\/p>\n\n\n\n<p><strong><a rel=\"noreferrer noopener\" href=\"https:\/\/sites.uel.br\/prograd\/wp-content\/uploads\/documentos\/resolucoes\/2012\/resolucao_162_12.pdf\" target=\"_blank\">Resolu\u00e7\u00e3o CEPE n\u00ba 162\/2012<\/a><\/strong><br>Estabelece diretrizes para contrata\u00e7\u00e3o de seguro de vida e de acidentes pessoais aos servidores e discentes da UEL e de outras institui\u00e7\u00f5es que realizam est\u00e1gio nesta Institui\u00e7\u00e3o<\/p>\n\n\n\n<p><strong><a rel=\"noreferrer noopener\" href=\"https:\/\/sites.uel.br\/prograd\/wp-content\/uploads\/documentos\/resolucoes\/2012\/resolucao_150_12.pdf\" target=\"_blank\">Resolu\u00e7\u00e3o CEPE n\u00ba 150\/2012<\/a><\/strong><br>Regulamenta procedimentos acad\u00eamicos e administrativos para os Cursos de Gradua\u00e7\u00e3o na modalidade a dist\u00e2ncia da Universidade Estadual de Londrina<\/p>\n\n\n\n<p><strong><a rel=\"noreferrer noopener\" href=\"https:\/\/sites.uel.br\/prograd\/wp-content\/uploads\/documentos\/resolucoes\/2012\/resolucao_149_12.pdf\" target=\"_blank\">Resolu\u00e7\u00e3o CEPE n\u00ba 149\/2012<\/a><\/strong><br>Estabelece o Calend\u00e1rio das Atividades de Ensino dos Cursos de Gradua\u00e7\u00e3o para o ano letivo de 2013<\/p>\n\n\n\n<p><strong><a rel=\"noreferrer noopener\" href=\"https:\/\/sites.uel.br\/prograd\/wp-content\/uploads\/documentos\/resolucoes\/2012\/resolucao_143_12.pdf\" target=\"_blank\">Resolu\u00e7\u00e3o CEPE n\u00ba 143\/2012<\/a><\/strong><br>Regulamenta os procedimentos referentes aos registros Acad\u00eamicos dos estudantes de gradua\u00e7\u00e3o participantes de Programas de Interc\u00e2mbio e Mobilidade Acad\u00eamica<\/p>\n\n\n\n<p><strong><a rel=\"noreferrer noopener\" href=\"https:\/\/sites.uel.br\/prograd\/wp-content\/uploads\/documentos\/resolucoes\/2012\/resolucao_142_12.pdf\" target=\"_blank\">Resolu\u00e7\u00e3o CEPE n\u00ba 142\/2012<\/a><\/strong><br>D\u00e1 nova regulamenta\u00e7\u00e3o ao Programa de Forma\u00e7\u00e3o Complementar no Ensino de Gradua\u00e7\u00e3o da Universidade Estadual de Londrina<\/p>\n\n\n\n<p><strong><a rel=\"noreferrer noopener\" href=\"https:\/\/sites.uel.br\/prograd\/wp-content\/uploads\/documentos\/resolucoes\/2012\/resolucao_97_12.pdf\" target=\"_blank\">Resolu\u00e7\u00e3o CEPE n\u00ba 097\/2012<\/a><\/strong><br>Regulamenta o Processo Seletivo de Transfer\u00eancia Externa para Cursos de Gradua\u00e7\u00e3o da Universidade Estadual de Londrina<\/p>\n\n\n\n<p><strong><a rel=\"noreferrer noopener\" href=\"https:\/\/sites.uel.br\/prograd\/wp-content\/uploads\/documentos\/resolucoes\/2012\/resolucao_70_12.pdf\" target=\"_blank\">Resolu\u00e7\u00e3o CEPE n\u00ba 070\/2012<\/a><\/strong><br>Estabelece normas e procedimentos espec\u00edficos para projetos de Pesquisa em Ensino de Gradua\u00e7\u00e3o, Pesquisa, Extens\u00e3o e Integrados<\/p>\n\n\n\n<p><strong><a rel=\"noreferrer noopener\" href=\"https:\/\/sites.uel.br\/prograd\/wp-content\/uploads\/documentos\/resolucoes\/2012\/resolucao_62_12.pdf\" target=\"_blank\">Resolu\u00e7\u00e3o CEPE n\u00ba 062\/2012<\/a><\/strong><br>Fixa normas e vagas para o Processo Seletivo Vestibular 2013 para ingresso nos Cursos de Gradua\u00e7\u00e3o da Universidade Estadual de Londrina<\/p>\n\n\n\n<p><strong><a rel=\"noreferrer noopener\" href=\"https:\/\/sites.uel.br\/prograd\/wp-content\/uploads\/documentos\/resolucoes\/2012\/resolucao_61_12.pdf\" target=\"_blank\">Resolu\u00e7\u00e3o CEPE n\u00ba 061\/2012<\/a><\/strong><br>Estabelece o n\u00famero de vagas na Universidade Estadual de Londrina para atender ao Programa Estudantes &#8211; Conv\u00eanio de Gradua\u00e7\u00e3o &#8211; PEC-G, do Minist\u00e9rio das Rela\u00e7\u00f5es Exteriores e do Minist\u00e9rio da Educa\u00e7\u00e3o<\/p>\n\n\n\n<p><strong><a rel=\"noreferrer noopener\" href=\"https:\/\/sites.uel.br\/prograd\/wp-content\/uploads\/documentos\/resolucoes\/2012\/resolucao_45_12.pdf\" target=\"_blank\">Resolu\u00e7\u00e3o CEPE n\u00ba 045\/2012<\/a><\/strong><br>Estabelece o Projeto Pedag\u00f3gico do Curso de Segunda Licenciatura em Geografia, integrante do Programa Emergencial de Forma\u00e7\u00e3o de Professores em exerc\u00edcio na Educa\u00e7\u00e3o B\u00e1sica P\u00fablica<\/p>\n\n\n\n<p><strong><a rel=\"noreferrer noopener\" href=\"https:\/\/sites.uel.br\/prograd\/wp-content\/uploads\/documentos\/resolucoes\/2012\/resolucao_11_12.pdf\" target=\"_blank\">Resolu\u00e7\u00e3o CEPE n\u00ba 011\/2012<\/a><\/strong><br>Acrescenta par\u00e1grafo \u00fanico ao art. 1\u00ba da Resolu\u00e7\u00e3o CEPE n\u00ba 139\/2008, que possibilitou a revalida\u00e7\u00e3o de diplomas a partir de 2009, exceto para cursos vinculados ao Centro de Ci\u00eancias da Sa\u00fade<\/p>\n\n\n\n<p><strong><a rel=\"noreferrer noopener\" href=\"https:\/\/sites.uel.br\/prograd\/wp-content\/uploads\/documentos\/resolucoes\/2012\/resolucao_10_12.pdf\" target=\"_blank\">Resolu\u00e7\u00e3o CEPE n\u00ba 010\/2012<\/a><\/strong><br>Estabelece o Projeto Pedag\u00f3gico do Curso de Forma\u00e7\u00e3o Pedag\u00f3gica para Professores da Educa\u00e7\u00e3o B\u00e1sica P\u00fablica do Estado do Paran\u00e1, integrante do Programa Emergencial de Forma\u00e7\u00e3o de Professores em exerc\u00edcio na Educa\u00e7\u00e3o B\u00e1sica P\u00fablica<\/p>\n\n\n\n<div style=\"height:20px\" aria-hidden=\"true\" class=\"wp-block-spacer\"><\/div>\n\n\n\n<h4 class=\"wp-block-heading\" style=\"font-size:25px\">CEPE\/CA<\/h4>\n\n\n\n<p><strong><a rel=\"noreferrer noopener\" href=\"https:\/\/sites.uel.br\/prograd\/wp-content\/uploads\/documentos\/resolucoes\/2012\/resolucao_30_12.pdf\" target=\"_blank\">Resolu\u00e7\u00e3o CEPE\/CA n\u00ba 030\/2012<\/a><\/strong><br>Estabelece diretrizes para a disciplina L\u00edngua Brasileira de Sinais (LIBRAS) para os Projetos Pedag\u00f3gicos dos Cursos<\/p>\n\n\n\n<div style=\"height:20px\" aria-hidden=\"true\" class=\"wp-block-spacer\"><\/div>\n\n\n\n<h4 class=\"wp-block-heading\" style=\"font-size:25px\">CU<\/h4>\n\n\n\n<p><strong><a rel=\"noreferrer noopener\" href=\"https:\/\/sites.uel.br\/prograd\/wp-content\/uploads\/documentos\/resolucoes\/2012\/resolucao_15_12.pdf\" target=\"_blank\">Resolu\u00e7\u00e3o CU n\u00ba 015\/2012<\/a><\/strong><br>Estabelece a reserva de vagas no Processo Seletivo Vestibular para candidatos oriundos de institui\u00e7\u00f5es p\u00fablicas brasileiras de ensino e para aqueles que se autodeclararem negros<\/p>\n","protected":false},"excerpt":{"rendered":"<p>2012 CA Resolu\u00e7\u00e3o CA n\u00ba 028\/2012Regulamenta o aux\u00edlio-viagem a estudantes para participa\u00e7\u00e3o em atividades extracurriculares CEPE Resolu\u00e7\u00e3o CEPE n\u00ba 176\/2012Estabelece reformula\u00e7\u00e3o no Curso de Qu\u00edmica &#8211; Habilita\u00e7\u00f5es: Bacharelado e Op\u00e7\u00e3o em Qu\u00edmica Tecnol\u00f3gica, alterando a carga hor\u00e1ria de 2 QUI 066 &#8211; Qu\u00edmica Tecnol\u00f3gica Inorg\u00e2nica Resolu\u00e7\u00e3o CEPE n\u00ba 175\/2012Altera o Calend\u00e1rio das Atividades de Ensino [&hellip;]<\/p>\n","protected":false},"author":8,"featured_media":0,"parent":0,"menu_order":0,"comment_status":"closed","ping_status":"closed","template":"","meta":{"_acf_changed":false,"_themeisle_gutenberg_block_has_review":false,"footnotes":""},"class_list":["post-1949","page","type-page","status-publish","hentry"],"acf":[],"_links":{"self":[{"href":"https:\/\/sites.uel.br\/prograd\/wp-json\/wp\/v2\/pages\/1949","targetHints":{"allow":["GET"]}}],"collection":[{"href":"https:\/\/sites.uel.br\/prograd\/wp-json\/wp\/v2\/pages"}],"about":[{"href":"https:\/\/sites.uel.br\/prograd\/wp-json\/wp\/v2\/types\/page"}],"author":[{"embeddable":true,"href":"https:\/\/sites.uel.br\/prograd\/wp-json\/wp\/v2\/users\/8"}],"replies":[{"embeddable":true,"href":"https:\/\/sites.uel.br\/prograd\/wp-json\/wp\/v2\/comments?post=1949"}],"version-history":[{"count":13,"href":"https:\/\/sites.uel.br\/prograd\/wp-json\/wp\/v2\/pages\/1949\/revisions"}],"predecessor-version":[{"id":19562,"href":"https:\/\/sites.uel.br\/prograd\/wp-json\/wp\/v2\/pages\/1949\/revisions\/19562"}],"wp:attachment":[{"href":"https:\/\/sites.uel.br\/prograd\/wp-json\/wp\/v2\/media?parent=1949"}],"curies":[{"name":"wp","href":"https:\/\/api.w.org\/{rel}","templated":true}]}}