{"id":1947,"date":"2023-03-30T16:48:00","date_gmt":"2023-03-30T19:48:00","guid":{"rendered":"https:\/\/sites.uel.br\/prograd\/?page_id=1947"},"modified":"2024-02-02T13:55:42","modified_gmt":"2024-02-02T16:55:42","slug":"resolucoes-2013","status":"publish","type":"page","link":"https:\/\/sites.uel.br\/prograd\/resolucoes-2013\/","title":{"rendered":"Resolu\u00e7\u00f5es"},"content":{"rendered":"\n<hr class=\"wp-block-separator has-alpha-channel-opacity is-style-wide\"\/>\n\n\n\n<h4 class=\"wp-block-heading has-text-align-left\" style=\"font-size:25px\">2013<\/h4>\n\n\n\n<div style=\"height:20px\" aria-hidden=\"true\" class=\"wp-block-spacer\"><\/div>\n\n\n\n<h4 class=\"wp-block-heading\" style=\"font-size:25px\">CA<\/h4>\n\n\n\n<p><strong><a rel=\"noreferrer noopener\" href=\"https:\/\/sites.uel.br\/prograd\/wp-content\/uploads\/documentos\/resolucoes\/2013\/resolucao_90_13.pdf\" target=\"_blank\">Resolu\u00e7\u00e3o CA n\u00ba 090\/2013<\/a><\/strong><br>Cria as modalidades de bolsa para rec\u00e9m-graduados e para graduandos na Universidade Estadual de Londrina para o Programa PROPE<\/p>\n\n\n\n<div style=\"height:20px\" aria-hidden=\"true\" class=\"wp-block-spacer\"><\/div>\n\n\n\n<h4 class=\"wp-block-heading\" style=\"font-size:25px\">CEPE<\/h4>\n\n\n\n<p><strong><a rel=\"noreferrer noopener\" href=\"https:\/\/sites.uel.br\/prograd\/wp-content\/uploads\/documentos\/resolucoes\/2013\/resolucao_143_13.pdf\" target=\"_blank\">Resolu\u00e7\u00e3o CEPE n\u00ba 143\/2013<\/a><\/strong><br>Altera o item &#8220;6&#8221; do Anexo B, da Resolu\u00e7\u00e3o CA N\u00ba 163\/2009, que institui crit\u00e9rios para a determina\u00e7\u00e3o do \u00cdndice de Refer\u00eancia para Contrata\u00e7\u00e3o (IRC) de carga hor\u00e1ria docente<\/p>\n\n\n\n<p><strong><a rel=\"noreferrer noopener\" href=\"https:\/\/sites.uel.br\/prograd\/wp-content\/uploads\/documentos\/resolucoes\/2013\/resolucao_141_13.pdf\" target=\"_blank\">Resolu\u00e7\u00e3o CEPE n\u00ba 141\/2013<\/a><\/strong><br>Fixa normas e procedimentos para o aproveitamento da nota do Exame Nacional do Ensino M\u00e9dio &#8211; ENEM nas vagas remanescentes do Processo Seletivo Vestibular da UEL<\/p>\n\n\n\n<p><strong><a rel=\"noreferrer noopener\" href=\"https:\/\/sites.uel.br\/prograd\/wp-content\/uploads\/documentos\/resolucoes\/2013\/resolucao_131_13.pdf\" target=\"_blank\">Resolu\u00e7\u00e3o CEPE n\u00ba 131\/2013<\/a><\/strong><br>Altera o Calend\u00e1rio das Atividades de Ensino dos Cursos de Gradua\u00e7\u00e3o, aprovado pela Resolu\u00e7\u00e3o CEPE n\u00ba 073\/2013<\/p>\n\n\n\n<p><strong><a rel=\"noreferrer noopener\" href=\"https:\/\/sites.uel.br\/prograd\/wp-content\/uploads\/documentos\/resolucoes\/2013\/resolucao_130_13.pdf\" target=\"_blank\">Resolu\u00e7\u00e3o CEPE n\u00ba 130\/2013<\/a><\/strong><br>Altera a Resolu\u00e7\u00e3o CEPE 139\/2005, que estabelece normas e procedimentos para a oferta de disciplina especial, acrescendo o \u00a7 4\u00ba no Art. 2\u00ba, referente \u00e0 oferta da disciplina L\u00edngua Brasileira de Sinais (Libras)<\/p>\n\n\n\n<p><strong><a rel=\"noreferrer noopener\" href=\"https:\/\/sites.uel.br\/prograd\/wp-content\/uploads\/documentos\/resolucoes\/2013\/resolucao_80_13.pdf\" target=\"_blank\">Resolu\u00e7\u00e3o CEPE n\u00ba 080\/2013<\/a><\/strong><br>Altera o regime de depend\u00eancia do curso de Servi\u00e7o Social, a vigorar a partir do ano letivo de 2014<\/p>\n\n\n\n<p><strong><a rel=\"noreferrer noopener\" href=\"https:\/\/sites.uel.br\/prograd\/wp-content\/uploads\/documentos\/resolucoes\/2013\/resolucao_74_13.pdf\" target=\"_blank\">Resolu\u00e7\u00e3o CEPE n\u00ba 074\/2013<\/a><\/strong><br>Estabelece o n\u00famero de vagas na Universidade Estadual de Londrina para atender ao Programa Estudantes &#8211; Conv\u00eanio de Gradua\u00e7\u00e3o &#8211; PEC-G, do Minist\u00e9rio das Rela\u00e7\u00f5es Exteriores e do Minist\u00e9rio da Educa\u00e7\u00e3o<\/p>\n\n\n\n<p><strong><a rel=\"noreferrer noopener\" href=\"https:\/\/sites.uel.br\/prograd\/wp-content\/uploads\/documentos\/resolucoes\/2013\/resolucao_73_13.pdf\" target=\"_blank\">Resolu\u00e7\u00e3o CEPE n\u00ba 073\/2013<\/a><\/strong><br>Estabelece o Calend\u00e1rio das Atividades de Ensino dos Cursos de Gradua\u00e7\u00e3o para o ano letivo de 2014<\/p>\n\n\n\n<p><strong><a rel=\"noreferrer noopener\" href=\"https:\/\/sites.uel.br\/prograd\/wp-content\/uploads\/documentos\/resolucoes\/2013\/resolucao_59_13.pdf\" target=\"_blank\">Resolu\u00e7\u00e3o CEPE n\u00ba 059\/2013<\/a><\/strong><br>Fixa normas e vagas para o Processo Seletivo Vestibular 2014 para ingresso nos Cursos de Gradua\u00e7\u00e3o da Universidade Estadual de Londrina<\/p>\n\n\n\n<p><strong><a rel=\"noreferrer noopener\" href=\"https:\/\/sites.uel.br\/prograd\/wp-content\/uploads\/documentos\/resolucoes\/2013\/resolucao_49_13.pdf\" target=\"_blank\">Resolu\u00e7\u00e3o CEPE n\u00ba 049\/2013<\/a><\/strong><br>Altera a denomina\u00e7\u00e3o do Curso de Letras &#8211; modalidade: Licenciatura &#8211; habilita\u00e7\u00e3o L\u00edngua Inglesa e Literaturas em L\u00edngua Inglesa; Letras &#8211; modalidade: Licenciatura &#8211; habilita\u00e7\u00e3o: L\u00edngua Espanhola e Literatura Hisp\u00e2nica; Letras &#8211; modalidade: Bacharelado &#8211; habilita\u00e7\u00e3o: L\u00edngua e Cultura Francesas; Letras &#8211; Modalidade: Licenciatura &#8211; Habilita\u00e7\u00e3o: L\u00edngua Portuguesa e Respectivas Literaturas e Letras &#8211; Modalidade: Bacharelado &#8211; Habilita\u00e7\u00e3o: Estudos Liter\u00e1rios, a vigorar a partir do ano letivo de 2014<\/p>\n\n\n\n<p><strong><a rel=\"noreferrer noopener\" href=\"https:\/\/sites.uel.br\/prograd\/wp-content\/uploads\/documentos\/resolucoes\/2013\/resolucao_45_13.pdf\" target=\"_blank\">Resolu\u00e7\u00e3o CEPE n\u00ba 045\/2013<\/a><\/strong><br>Reformula o Projeto Pedag\u00f3gico do Curso de Forma\u00e7\u00e3o Pedag\u00f3gica para Professores da Educa\u00e7\u00e3o Profissional da Rede P\u00fablica do Estado do Paran\u00e1, integrante do Programa Emergencial de Forma\u00e7\u00e3o de Professores em exerc\u00edcio na Educa\u00e7\u00e3o B\u00e1sica P\u00fablica &#8211; PARFOR\/UEL<\/p>\n\n\n\n<p><strong><a rel=\"noreferrer noopener\" href=\"https:\/\/sites.uel.br\/prograd\/wp-content\/uploads\/documentos\/resolucoes\/2013\/resolucao_14_13.pdf\" target=\"_blank\">Resolu\u00e7\u00e3o CEPE n\u00ba 014\/2013<\/a><\/strong><br>Aprova o Regulamento Geral do F\u00f3rum Permanente dos Cursos de Licenciatura &#8211; FOPE da Universidade Estadual de Londrina<\/p>\n\n\n\n<div style=\"height:20px\" aria-hidden=\"true\" class=\"wp-block-spacer\"><\/div>\n\n\n\n<h4 class=\"wp-block-heading\" style=\"font-size:25px\">CEPE\/CA<\/h4>\n\n\n\n<p><strong><a rel=\"noreferrer noopener\" href=\"https:\/\/sites.uel.br\/prograd\/wp-content\/uploads\/documentos\/resolucoes\/2013\/resolucao_142_13.pdf\" target=\"_blank\">Resolu\u00e7\u00e3o CEPE\/CA n\u00ba 142\/2013<\/a><\/strong><br>Normatiza o N\u00facleo Docente Estruturante (NDE) na Universidade Estadual de Londrina, vinculado ao Colegiado de Curso e d\u00e1 outras provid\u00eancias<\/p>\n\n\n\n<p><strong><a rel=\"noreferrer noopener\" href=\"https:\/\/sites.uel.br\/prograd\/wp-content\/uploads\/documentos\/resolucoes\/2013\/resolucao_133_13.pdf\" target=\"_blank\">Resolu\u00e7\u00e3o CEPE\/CA n\u00ba 133\/2013<\/a><\/strong><br>Cria o Ciclo Intercultural de Inicia\u00e7\u00e3o Acad\u00eamica para os estudantes ind\u00edgenas da Universidade Estadual de Londrina, a ser implantado a partir do ano letivo de 2014<\/p>\n\n\n\n<p><strong><a rel=\"noreferrer noopener\" href=\"https:\/\/sites.uel.br\/prograd\/wp-content\/uploads\/documentos\/resolucoes\/2013\/resolucao_126_13.pdf\" target=\"_blank\">Resolu\u00e7\u00e3o CEPE\/CA n\u00ba 126\/2013<\/a><\/strong><br>Reformula o Projeto Pedag\u00f3gico do curso de Arquivologia &#8211; Habilita\u00e7\u00e3o: Geral, a vigorar a partir do ano letivo de 2014<\/p>\n\n\n\n<p><strong><a rel=\"noreferrer noopener\" href=\"https:\/\/sites.uel.br\/prograd\/wp-content\/uploads\/documentos\/resolucoes\/2013\/resolucao_87_13.pdf\" target=\"_blank\">Resolu\u00e7\u00e3o CEPE\/CA n\u00ba 087\/2013<\/a><\/strong><br>Altera o par\u00e1grafo \u00fanico, do artigo 26, da Resolu\u00e7\u00e3o CEPE\/CA n\u00ba 0280\/2009, que Reformula o Projeto Pedag\u00f3gico do Curso de Fisioterapia<\/p>\n\n\n\n<p><strong><a rel=\"noreferrer noopener\" href=\"https:\/\/sites.uel.br\/prograd\/wp-content\/uploads\/documentos\/resolucoes\/2013\/resolucao_86_13.pdf\" target=\"_blank\">Resolu\u00e7\u00e3o CEPE\/CA n\u00ba 086\/2013<\/a><\/strong><br>Suprime o par\u00e1grafo \u00fanico, do Artigo 24, das Resolu\u00e7\u00f5es CEPE\/CA n\u00ba 0276\/2009 e n\u00ba 0281\/2009<\/p>\n\n\n\n<p><strong><a rel=\"noreferrer noopener\" href=\"https:\/\/sites.uel.br\/prograd\/wp-content\/uploads\/documentos\/resolucoes\/2013\/resolucao_83_13.pdf\" target=\"_blank\">Resolu\u00e7\u00e3o CEPE\/CA n\u00ba 083\/2013<\/a><\/strong><br>Institui e Regulamenta o Programa de Apoio ao Acesso e Perman\u00eancia para a Forma\u00e7\u00e3o do Estudante da UEL (PROPE)<\/p>\n\n\n\n<p><strong><a rel=\"noreferrer noopener\" href=\"https:\/\/sites.uel.br\/prograd\/wp-content\/uploads\/documentos\/resolucoes\/2013\/resolucao_56_13.pdf\" target=\"_blank\">Resolu\u00e7\u00e3o CEPE\/CA n\u00ba 056\/2013<\/a><\/strong><br>Reformula o Projeto Pedag\u00f3gico do curso de Qu\u00edmica &#8211; Habilita\u00e7\u00e3o: Bacharelado e Op\u00e7\u00e3o em Qu\u00edmica Tecnol\u00f3gica, a ser implantado a partir do ano letivo de 2014<\/p>\n\n\n\n<p><strong><a rel=\"noreferrer noopener\" href=\"https:\/\/sites.uel.br\/prograd\/wp-content\/uploads\/documentos\/resolucoes\/2013\/resolucao_55_13.pdf\" target=\"_blank\">Resolu\u00e7\u00e3o CEPE\/CA n\u00ba 055\/2013<\/a><\/strong><br>Reformula o Projeto Pedag\u00f3gico do curso de Psicologia, a vigorar a partir do ano letivo de 2014<\/p>\n\n\n\n<p><strong><a rel=\"noreferrer noopener\" href=\"https:\/\/sites.uel.br\/prograd\/wp-content\/uploads\/documentos\/resolucoes\/2013\/resolucao_54_13.pdf\" target=\"_blank\">Resolu\u00e7\u00e3o CEPE\/CA n\u00ba 054\/2013<\/a><\/strong><br>Cria a Habilita\u00e7\u00e3o Bacharelado em Matem\u00e1tica Empresarial, do curso de Matem\u00e1tica, a ser implantado a partir do ano letivo de 2014<\/p>\n\n\n\n<p><strong><a rel=\"noreferrer noopener\" href=\"https:\/\/sites.uel.br\/prograd\/wp-content\/uploads\/documentos\/resolucoes\/2013\/resolucao_53_13.pdf\" target=\"_blank\">Resolu\u00e7\u00e3o CEPE\/CA n\u00ba 053\/2013<\/a><\/strong><br>Reformula o Projeto Pedag\u00f3gico do curso de Biblioteconomia, a vigorar a partir do ano letivo de 2014<\/p>\n\n\n\n<p><strong><a rel=\"noreferrer noopener\" href=\"https:\/\/sites.uel.br\/prograd\/wp-content\/uploads\/documentos\/resolucoes\/2013\/resolucao_39_13.pdf\" target=\"_blank\">Resolu\u00e7\u00e3o CEPE\/CA n\u00ba 039\/2013<\/a><\/strong><br>Estabelece o Projeto Pedag\u00f3gico do Curso de Gradua\u00e7\u00e3o em Biotecnologia &#8211; Habilita\u00e7\u00e3o: Bacharelado, a ser implantado a partir do ano letivo de 2015<\/p>\n","protected":false},"excerpt":{"rendered":"<p>2013 CA Resolu\u00e7\u00e3o CA n\u00ba 090\/2013Cria as modalidades de bolsa para rec\u00e9m-graduados e para graduandos na Universidade Estadual de Londrina para o Programa PROPE CEPE Resolu\u00e7\u00e3o CEPE n\u00ba 143\/2013Altera o item &#8220;6&#8221; do Anexo B, da Resolu\u00e7\u00e3o CA N\u00ba 163\/2009, que institui crit\u00e9rios para a determina\u00e7\u00e3o do \u00cdndice de Refer\u00eancia para Contrata\u00e7\u00e3o (IRC) de carga [&hellip;]<\/p>\n","protected":false},"author":8,"featured_media":0,"parent":0,"menu_order":0,"comment_status":"closed","ping_status":"closed","template":"","meta":{"_acf_changed":false,"_themeisle_gutenberg_block_has_review":false,"footnotes":""},"class_list":["post-1947","page","type-page","status-publish","hentry"],"acf":[],"_links":{"self":[{"href":"https:\/\/sites.uel.br\/prograd\/wp-json\/wp\/v2\/pages\/1947","targetHints":{"allow":["GET"]}}],"collection":[{"href":"https:\/\/sites.uel.br\/prograd\/wp-json\/wp\/v2\/pages"}],"about":[{"href":"https:\/\/sites.uel.br\/prograd\/wp-json\/wp\/v2\/types\/page"}],"author":[{"embeddable":true,"href":"https:\/\/sites.uel.br\/prograd\/wp-json\/wp\/v2\/users\/8"}],"replies":[{"embeddable":true,"href":"https:\/\/sites.uel.br\/prograd\/wp-json\/wp\/v2\/comments?post=1947"}],"version-history":[{"count":15,"href":"https:\/\/sites.uel.br\/prograd\/wp-json\/wp\/v2\/pages\/1947\/revisions"}],"predecessor-version":[{"id":19561,"href":"https:\/\/sites.uel.br\/prograd\/wp-json\/wp\/v2\/pages\/1947\/revisions\/19561"}],"wp:attachment":[{"href":"https:\/\/sites.uel.br\/prograd\/wp-json\/wp\/v2\/media?parent=1947"}],"curies":[{"name":"wp","href":"https:\/\/api.w.org\/{rel}","templated":true}]}}