{"id":1945,"date":"2023-03-30T16:47:49","date_gmt":"2023-03-30T19:47:49","guid":{"rendered":"https:\/\/sites.uel.br\/prograd\/?page_id=1945"},"modified":"2024-02-02T13:55:33","modified_gmt":"2024-02-02T16:55:33","slug":"resolucoes-2014","status":"publish","type":"page","link":"https:\/\/sites.uel.br\/prograd\/resolucoes-2014\/","title":{"rendered":"Resolu\u00e7\u00f5es"},"content":{"rendered":"\n<hr class=\"wp-block-separator has-alpha-channel-opacity is-style-wide\"\/>\n\n\n\n<h4 class=\"wp-block-heading has-text-align-left\" style=\"font-size:25px\">2014<\/h4>\n\n\n\n<div style=\"height:20px\" aria-hidden=\"true\" class=\"wp-block-spacer\"><\/div>\n\n\n\n<h4 class=\"wp-block-heading\" style=\"font-size:25px\">CA<\/h4>\n\n\n\n<p><strong><a rel=\"noreferrer noopener\" href=\"https:\/\/sites.uel.br\/prograd\/wp-content\/uploads\/documentos\/resolucoes\/2014\/resolucao_122_14.pdf\" target=\"_blank\">Resolu\u00e7\u00e3o CA n\u00ba 122\/2014<\/a><\/strong><br>Altera as modalidades de bolsa para rec\u00e9m-graduados e para graduandos na Universidade Estadual de Londrina para o Programa PROPE<\/p>\n\n\n\n<p><strong><a rel=\"noreferrer noopener\" href=\"https:\/\/sites.uel.br\/prograd\/wp-content\/uploads\/documentos\/resolucoes\/2014\/resolucao_70_14.pdf\" target=\"_blank\">Resolu\u00e7\u00e3o CA n\u00ba 070\/2014<\/a><\/strong><br>Disp\u00f5e sobre pre\u00e7o p\u00fablico da inscri\u00e7\u00e3o para Transfer\u00eancia Externa<\/p>\n\n\n\n<div style=\"height:20px\" aria-hidden=\"true\" class=\"wp-block-spacer\"><\/div>\n\n\n\n<h4 class=\"wp-block-heading\" style=\"font-size:25px\">CEPE<\/h4>\n\n\n\n<p><strong><a rel=\"noreferrer noopener\" href=\"https:\/\/sites.uel.br\/prograd\/wp-content\/uploads\/documentos\/resolucoes\/2014\/resolucao_118_14.pdf\" target=\"_blank\">Resolu\u00e7\u00e3o CEPE n\u00ba 118\/2014<\/a><\/strong><br>Altera o Calend\u00e1rio das Atividades de Ensino dos Cursos de Gradua\u00e7\u00e3o, aprovado pela Resolu\u00e7\u00e3o CEPE N\u00ba 093\/2014<\/p>\n\n\n\n<p><strong><a rel=\"noreferrer noopener\" href=\"https:\/\/sites.uel.br\/prograd\/wp-content\/uploads\/documentos\/resolucoes\/2014\/resolucao_98_14.pdf\" target=\"_blank\">Resolu\u00e7\u00e3o CEPE n\u00ba 098\/2014<\/a><\/strong><br>Altera o Calend\u00e1rio das Atividades de Ensino dos Cursos de Gradua\u00e7\u00e3o, aprovado pela Resolu\u00e7\u00e3o CEPE N\u00ba 093\/2014<\/p>\n\n\n\n<p><strong><a rel=\"noreferrer noopener\" href=\"https:\/\/sites.uel.br\/prograd\/wp-content\/uploads\/documentos\/resolucoes\/2014\/resolucao_93_14.pdf\" target=\"_blank\">Resolu\u00e7\u00e3o CEPE n\u00ba 093\/2014<\/a><\/strong><br>Estabelece o Calend\u00e1rio das Atividades de Ensino dos Cursos de Gradua\u00e7\u00e3o para o ano letivo de 2015<\/p>\n\n\n\n<p><strong><a rel=\"noreferrer noopener\" href=\"https:\/\/sites.uel.br\/prograd\/wp-content\/uploads\/documentos\/resolucoes\/2014\/resolucao_67_14.pdf\" target=\"_blank\">Resolu\u00e7\u00e3o CEPE n\u00ba 067\/2014<\/a><\/strong><br>Regulamenta o Processo Seletivo de Transfer\u00eancia Externa para Cursos de Gradua\u00e7\u00e3o da Universidade Estadual de Londrina<\/p>\n\n\n\n<p><strong><a rel=\"noreferrer noopener\" href=\"https:\/\/sites.uel.br\/prograd\/wp-content\/uploads\/documentos\/resolucoes\/2014\/resolucao_40_14.pdf\" target=\"_blank\">Resolu\u00e7\u00e3o CEPE n\u00ba 040\/2014<\/a><\/strong><br>Fixa normas e vagas para o Processo Seletivo Vestibular 2015 para ingresso nos Cursos de Gradua\u00e7\u00e3o da Universidade Estadual de Londrina<\/p>\n\n\n\n<p><strong><a rel=\"noreferrer noopener\" href=\"https:\/\/sites.uel.br\/prograd\/wp-content\/uploads\/documentos\/resolucoes\/2014\/resolucao_39_14.pdf\" target=\"_blank\">Resolu\u00e7\u00e3o CEPE n\u00ba 039\/2014<\/a><\/strong><br>Aprova o Regulamento Geral do Grupo de Estudos em Pr\u00e1ticas em Ensino &#8211; GEPE da Universidade Estadual de Londrina<\/p>\n\n\n\n<p><strong><a rel=\"noreferrer noopener\" href=\"https:\/\/sites.uel.br\/prograd\/wp-content\/uploads\/documentos\/resolucoes\/2014\/resolucao_28_14.pdf\" target=\"_blank\">Resolu\u00e7\u00e3o CEPE n\u00ba 028\/2014<\/a><\/strong><br>Altera a Resolu\u00e7\u00e3o CEPE n\u00ba 015\/2011, que regulamenta a oferta de atividades acad\u00eamicas de forma semipresencial e d\u00e1 outras provid\u00eancias<\/p>\n\n\n\n<p><strong><a rel=\"noreferrer noopener\" href=\"https:\/\/sites.uel.br\/prograd\/wp-content\/uploads\/documentos\/resolucoes\/2014\/resolucao_17_14.pdf\" target=\"_blank\">Resolu\u00e7\u00e3o CEPE n\u00ba 017\/2014<\/a><\/strong><br>Estabelece o n\u00famero de vagas na Universidade Estadual de Londrina para atender ao Programa Estudantes &#8211; Conv\u00eanio de Gradua\u00e7\u00e3o &#8211; PEC-G, do Minist\u00e9rio das Rela\u00e7\u00f5es Exteriores e do Minist\u00e9rio da Educa\u00e7\u00e3o<\/p>\n\n\n\n<p><strong><a rel=\"noreferrer noopener\" href=\"https:\/\/sites.uel.br\/prograd\/wp-content\/uploads\/documentos\/resolucoes\/2014\/resolucao_16_14.pdf\" target=\"_blank\">Resolu\u00e7\u00e3o CEPE n\u00ba 016\/2014<\/a><\/strong><br>Regulamenta procedimentos acad\u00eamicos e administrativos para os Cursos de Gradua\u00e7\u00e3o da Universidade Estadual de Londrina<\/p>\n\n\n\n<p><strong><a rel=\"noreferrer noopener\" href=\"https:\/\/sites.uel.br\/prograd\/wp-content\/uploads\/documentos\/resolucoes\/2014\/resolucao_15_14.pdf\" target=\"_blank\">Resolu\u00e7\u00e3o CEPE n\u00ba 015\/2014<\/a><\/strong><br>Altera o Calend\u00e1rio das Atividades de Ensino dos Cursos de Gradua\u00e7\u00e3o, aprovado pela Resolu\u00e7\u00e3o CEPE N\u00ba 073\/2013<\/p>\n\n\n\n<p><strong><a rel=\"noreferrer noopener\" href=\"https:\/\/sites.uel.br\/prograd\/wp-content\/uploads\/documentos\/resolucoes\/2014\/resolucao_14_14.pdf\" target=\"_blank\">Resolu\u00e7\u00e3o CEPE n\u00ba 014\/2014<\/a><\/strong><br>Altera o nome do Curso de Gradua\u00e7\u00e3o em Comunica\u00e7\u00e3o Social &#8211; Habilita\u00e7\u00e3o: Jornalismo, a vigorar partir do ano letivo de 2015<\/p>\n\n\n\n<p><strong><a rel=\"noreferrer noopener\" href=\"https:\/\/sites.uel.br\/prograd\/wp-content\/uploads\/documentos\/resolucoes\/2014\/resolucao_13_14.pdf\" target=\"_blank\">Resolu\u00e7\u00e3o CEPE n\u00ba 013\/2014<\/a><\/strong><br>Altera o nome do Curso de Gradua\u00e7\u00e3o em Comunica\u00e7\u00e3o Social &#8211; Habilita\u00e7\u00e3o: Rela\u00e7\u00f5es P\u00fablicas, a vigorar a partir do ano letivo de 2015<\/p>\n\n\n\n<div style=\"height:20px\" aria-hidden=\"true\" class=\"wp-block-spacer\"><\/div>\n\n\n\n<h4 class=\"wp-block-heading\" style=\"font-size:25px\">CEPE\/CA<\/h4>\n\n\n\n<p><strong><a rel=\"noreferrer noopener\" href=\"https:\/\/sites.uel.br\/prograd\/wp-content\/uploads\/documentos\/resolucoes\/2014\/resolucao_124_14.pdf\" target=\"_blank\">Resolu\u00e7\u00e3o CEPE\/CA n\u00ba 124\/2014<\/a><\/strong><br>Reformula o Projeto Pedag\u00f3gico do curso de Ci\u00eancias Biol\u00f3gicas &#8211; Habilita\u00e7\u00e3o: Bacharelado, a vigorar a partir do ano letivo de 2015<\/p>\n\n\n\n<p><strong><a rel=\"noreferrer noopener\" href=\"https:\/\/sites.uel.br\/prograd\/wp-content\/uploads\/documentos\/resolucoes\/2014\/resolucao_123_14.pdf\" target=\"_blank\">Resolu\u00e7\u00e3o CEPE\/CA n\u00ba 123\/2014<\/a><\/strong><br>Reformula o Projeto Pedag\u00f3gico do curso de Ci\u00eancias Biol\u00f3gicas &#8211; Habilita\u00e7\u00e3o: Licenciatura, a vigorar a partir do ano letivo de 2015<\/p>\n\n\n\n<p><strong><a rel=\"noreferrer noopener\" href=\"https:\/\/sites.uel.br\/prograd\/wp-content\/uploads\/documentos\/resolucoes\/2014\/resolucao_107_14.pdf\" target=\"_blank\">Resolu\u00e7\u00e3o CEPE\/CA n\u00ba 107\/2014<\/a><\/strong><br>Regulamenta o Programa Institucional de Inicia\u00e7\u00e3o \u00e0 Docente<\/p>\n","protected":false},"excerpt":{"rendered":"<p>2014 CA Resolu\u00e7\u00e3o CA n\u00ba 122\/2014Altera as modalidades de bolsa para rec\u00e9m-graduados e para graduandos na Universidade Estadual de Londrina para o Programa PROPE Resolu\u00e7\u00e3o CA n\u00ba 070\/2014Disp\u00f5e sobre pre\u00e7o p\u00fablico da inscri\u00e7\u00e3o para Transfer\u00eancia Externa CEPE Resolu\u00e7\u00e3o CEPE n\u00ba 118\/2014Altera o Calend\u00e1rio das Atividades de Ensino dos Cursos de Gradua\u00e7\u00e3o, aprovado pela Resolu\u00e7\u00e3o CEPE [&hellip;]<\/p>\n","protected":false},"author":8,"featured_media":0,"parent":0,"menu_order":0,"comment_status":"closed","ping_status":"closed","template":"","meta":{"_acf_changed":false,"_themeisle_gutenberg_block_has_review":false,"footnotes":""},"class_list":["post-1945","page","type-page","status-publish","hentry"],"acf":[],"_links":{"self":[{"href":"https:\/\/sites.uel.br\/prograd\/wp-json\/wp\/v2\/pages\/1945","targetHints":{"allow":["GET"]}}],"collection":[{"href":"https:\/\/sites.uel.br\/prograd\/wp-json\/wp\/v2\/pages"}],"about":[{"href":"https:\/\/sites.uel.br\/prograd\/wp-json\/wp\/v2\/types\/page"}],"author":[{"embeddable":true,"href":"https:\/\/sites.uel.br\/prograd\/wp-json\/wp\/v2\/users\/8"}],"replies":[{"embeddable":true,"href":"https:\/\/sites.uel.br\/prograd\/wp-json\/wp\/v2\/comments?post=1945"}],"version-history":[{"count":14,"href":"https:\/\/sites.uel.br\/prograd\/wp-json\/wp\/v2\/pages\/1945\/revisions"}],"predecessor-version":[{"id":19560,"href":"https:\/\/sites.uel.br\/prograd\/wp-json\/wp\/v2\/pages\/1945\/revisions\/19560"}],"wp:attachment":[{"href":"https:\/\/sites.uel.br\/prograd\/wp-json\/wp\/v2\/media?parent=1945"}],"curies":[{"name":"wp","href":"https:\/\/api.w.org\/{rel}","templated":true}]}}