{"id":1941,"date":"2023-03-30T16:47:22","date_gmt":"2023-03-30T19:47:22","guid":{"rendered":"https:\/\/sites.uel.br\/prograd\/?page_id=1941"},"modified":"2024-02-02T13:55:14","modified_gmt":"2024-02-02T16:55:14","slug":"resolucoes-2016","status":"publish","type":"page","link":"https:\/\/sites.uel.br\/prograd\/resolucoes-2016\/","title":{"rendered":"Resolu\u00e7\u00f5es"},"content":{"rendered":"\n<hr class=\"wp-block-separator has-alpha-channel-opacity is-style-wide\"\/>\n\n\n\n<h4 class=\"wp-block-heading has-text-align-left\" style=\"font-size:25px\">2016<\/h4>\n\n\n\n<div style=\"height:20px\" aria-hidden=\"true\" class=\"wp-block-spacer\"><\/div>\n\n\n\n<h4 class=\"wp-block-heading\" style=\"font-size:25px\"><strong>CEPE<\/strong><\/h4>\n\n\n\n<p><strong><a rel=\"noreferrer noopener\" href=\"https:\/\/sites.uel.br\/prograd\/wp-content\/uploads\/documentos\/resolucoes\/2016\/resolucao_108_16.pdf\" target=\"_blank\">Resolu\u00e7\u00e3o CEPE n\u00ba 108\/2016<\/a><\/strong><br>Estabelece o n\u00famero de vagas na Universidade Estadual de Londrina para atender ao Programa Estudantes &#8211; Conv\u00eanio de Gradua\u00e7\u00e3o &#8211; PEC-G, do Minist\u00e9rio das Rela\u00e7\u00f5es Exteriores e do Minist\u00e9rio da Educa\u00e7\u00e3o<\/p>\n\n\n\n<p><strong><a rel=\"noreferrer noopener\" href=\"https:\/\/sites.uel.br\/prograd\/wp-content\/uploads\/documentos\/resolucoes\/2016\/resolucao_107_16.pdf\" target=\"_blank\">Resolu\u00e7\u00e3o CEPE n\u00ba 107\/2016<\/a><\/strong><br>Regulamenta a concess\u00e3o de dilata\u00e7\u00e3o de prazo para a conclus\u00e3o de Cursos de Gradua\u00e7\u00e3o na Universidade Estadual de Londrina<\/p>\n\n\n\n<p><strong><a rel=\"noreferrer noopener\" href=\"https:\/\/sites.uel.br\/prograd\/wp-content\/uploads\/documentos\/resolucoes\/2016\/resolucao_106_16.pdf\" target=\"_blank\">Resolu\u00e7\u00e3o CEPE n\u00ba 106\/2016<\/a><\/strong><br>D\u00e1 nova regulamenta\u00e7\u00e3o a atividade de Monitoria Acad\u00eamica para os Cursos de Gradua\u00e7\u00e3o da Universidade Estadual de Londrina<\/p>\n\n\n\n<p><strong><a rel=\"noreferrer noopener\" href=\"https:\/\/sites.uel.br\/prograd\/wp-content\/uploads\/documentos\/resolucoes\/2016\/resolucao_105_16.pdf\" target=\"_blank\">Resolu\u00e7\u00e3o CEPE n\u00ba 105\/2016<\/a><\/strong><br>Estabelece readequa\u00e7\u00e3o \u00e0 Resolu\u00e7\u00e3o CEPE n\u00ba 076\/2015, que disp\u00f5e sobre o Calend\u00e1rio das Atividades de Ensino dos Cursos de Gradua\u00e7\u00e3o, da Universidade Estadual de Londrina<\/p>\n\n\n\n<p><strong><a rel=\"noreferrer noopener\" href=\"https:\/\/sites.uel.br\/prograd\/wp-content\/uploads\/documentos\/resolucoes\/2016\/resolucao_88_16.pdf\" target=\"_blank\">Resolu\u00e7\u00e3o CEPE n\u00ba 88\/2016<\/a><\/strong><br>Restabelece o Calend\u00e1rio Acad\u00eamico de 2016 dos Cursos de Gradua\u00e7\u00e3o da Universidade Estadual de Londrina<\/p>\n\n\n\n<p><strong><a rel=\"noreferrer noopener\" href=\"https:\/\/sites.uel.br\/prograd\/wp-content\/uploads\/documentos\/resolucoes\/2016\/resolucao_81_16.pdf\" target=\"_blank\">Resolu\u00e7\u00e3o CEPE n\u00ba 81\/2016<\/a><\/strong><br>Suspende o Calend\u00e1rio Acad\u00eamico de 2016 dos Cursos de Gradua\u00e7\u00e3o da Universidade Estadual de Londrina<\/p>\n\n\n\n<p><strong><a rel=\"noreferrer noopener\" href=\"https:\/\/sites.uel.br\/prograd\/wp-content\/uploads\/documentos\/resolucoes\/2016\/resolucao_67_16.pdf\" target=\"_blank\">Resolu\u00e7\u00e3o CEPE n\u00ba 67\/2016<\/a><\/strong><br>Estabelece altera\u00e7\u00e3o da Resolu\u00e7\u00e3o CEPE n\u00ba 076\/2015, que disp\u00f5e sobre o Calend\u00e1rio das Atividades de Ensino dos Cursos de Gradua\u00e7\u00e3o, da Universidade Estadual de Londrina para o ano letivo de 2016<\/p>\n\n\n\n<p><strong><a rel=\"noreferrer noopener\" href=\"https:\/\/sites.uel.br\/prograd\/wp-content\/uploads\/documentos\/resolucoes\/2016\/resolucao_44_16.pdf\" target=\"_blank\">Resolu\u00e7\u00e3o CEPE n\u00ba 44\/2016<\/a><\/strong><br>Inclui, no Projeto Pedag\u00f3gico, a informa\u00e7\u00e3o de que a partir do ano letivo de 2017 o Curso de Qu\u00edmica, Habilita\u00e7\u00e3o Licenciatura, ter\u00e1 atividades acad\u00eamicas com carga hor\u00e1ria te\u00f3rica e pr\u00e1tica fora do turno regular<\/p>\n\n\n\n<p><strong><a rel=\"noreferrer noopener\" href=\"https:\/\/sites.uel.br\/prograd\/wp-content\/uploads\/documentos\/resolucoes\/2016\/resolucao_43_16.pdf\" target=\"_blank\">Resolu\u00e7\u00e3o CEPE n\u00ba 43\/2016<\/a><\/strong><br>Altera a Resolu\u00e7\u00e3o CEPE n. 076\/2015 que disp\u00f5e sobre o Calend\u00e1rio das Atividades de Ensino dos Cursos de Gradua\u00e7\u00e3o, da Universidade Estadual de Londrina para o ano letivo de 2016<\/p>\n\n\n\n<p><strong><a rel=\"noreferrer noopener\" href=\"https:\/\/sites.uel.br\/prograd\/wp-content\/uploads\/documentos\/resolucoes\/2016\/resolucao_30_16.pdf\" target=\"_blank\">Resolu\u00e7\u00e3o CEPE n\u00ba 30\/2016<\/a><\/strong><br>Estabelece altera\u00e7\u00e3o da Resolu\u00e7\u00e3o CEPE n\u00ba 076\/2015, que disp\u00f5e sobre o Calend\u00e1rio das Atividades de Ensino dos Cursos de Gradua\u00e7\u00e3o, da Universidade Estadual de Londrina para o ano letivo de 2016<\/p>\n\n\n\n<p><strong><a rel=\"noreferrer noopener\" href=\"https:\/\/sites.uel.br\/prograd\/wp-content\/uploads\/documentos\/resolucoes\/2016\/resolucao_27_16.pdf\" target=\"_blank\">Resolu\u00e7\u00e3o CEPE n\u00ba 27\/2016<\/a><\/strong><br>Aprova a ades\u00e3o da Universidade Estadual de Londrina (UEL) ao Sistema de Sele\u00e7\u00e3o Unificada (SISU) para Cursos de Gradua\u00e7\u00e3o da UEL e sua regulamenta\u00e7\u00e3o para a 1\u00aa Edi\u00e7\u00e3o &#8211; 2017<\/p>\n\n\n\n<p><strong><a rel=\"noreferrer noopener\" href=\"https:\/\/sites.uel.br\/prograd\/wp-content\/uploads\/documentos\/resolucoes\/2016\/resolucao_14_16.pdf\" target=\"_blank\">Resolu\u00e7\u00e3o CEPE n\u00ba 14\/2016<\/a><\/strong><br>Suspende a oferta do Curso de Letras &#8211; Modalidade: Bacharelado &#8211; Habilita\u00e7\u00e3o: Estudos Liter\u00e1rios, a partir do ano letivo de 2017<\/p>\n\n\n\n<p><strong><a rel=\"noreferrer noopener\" href=\"https:\/\/sites.uel.br\/prograd\/wp-content\/uploads\/documentos\/resolucoes\/2016\/resolucao_12_16.pdf\" target=\"_blank\">Resolu\u00e7\u00e3o CEPE n\u00ba 12\/2016<\/a><\/strong><br>Estabelece procedimentos para o gerenciamento, registro e disponibiliza\u00e7\u00e3o dos Programas das Atividades Acad\u00eamicas dos Cursos de Gradua\u00e7\u00e3o da UEL<\/p>\n\n\n\n<div style=\"height:20px\" aria-hidden=\"true\" class=\"wp-block-spacer\"><\/div>\n\n\n\n<h4 class=\"wp-block-heading\" style=\"font-size:25px\">CEPE\/CA<\/h4>\n\n\n\n<p><strong><a rel=\"noreferrer noopener\" href=\"https:\/\/sites.uel.br\/prograd\/wp-content\/uploads\/documentos\/resolucoes\/2016\/resolucao_54_16.pdf\" target=\"_blank\">Resolu\u00e7\u00e3o CEPE\/CA n\u00ba 54\/2016<\/a><\/strong><br>Reformula o Projeto Pedag\u00f3gico do Curso de Biomedicina, a ser implantado a partir do ano letivo de 2017<\/p>\n\n\n\n<p><strong><a rel=\"noreferrer noopener\" href=\"https:\/\/sites.uel.br\/prograd\/wp-content\/uploads\/documentos\/resolucoes\/2016\/resolucao_11_16.pdf\" target=\"_blank\">Resolu\u00e7\u00e3o CEPE\/CA n\u00ba 11\/2016<\/a><\/strong><br>Reformula o Programa de Apoio ao Acesso e Perman\u00eancia para a Forma\u00e7\u00e3o do Estudante da UEL (PROPE)<\/p>\n\n\n\n<p><strong><a rel=\"noreferrer noopener\" href=\"https:\/\/sites.uel.br\/prograd\/wp-content\/uploads\/documentos\/resolucoes\/2016\/resolucao_05_16.pdf\" target=\"_blank\">Resolu\u00e7\u00e3o CEPE\/CA n\u00ba 05\/2016<\/a><\/strong><br>Reformula o Projeto Pedag\u00f3gico do Curso de Rela\u00e7\u00f5es P\u00fablicas, a ser implantado a partir do ano letivo de 2016<\/p>\n\n\n\n<p><strong><a rel=\"noreferrer noopener\" href=\"https:\/\/sites.uel.br\/prograd\/wp-content\/uploads\/documentos\/resolucoes\/2016\/resolucao_04_16.pdf\" target=\"_blank\">Resolu\u00e7\u00e3o CEPE\/CA n\u00ba 04\/2016<\/a><\/strong><br>Reformula o Projeto Pedag\u00f3gico do Curso de Jornalismo, a ser implantado a partir do ano letivo de 2016<\/p>\n","protected":false},"excerpt":{"rendered":"<p>2016 CEPE Resolu\u00e7\u00e3o CEPE n\u00ba 108\/2016Estabelece o n\u00famero de vagas na Universidade Estadual de Londrina para atender ao Programa Estudantes &#8211; Conv\u00eanio de Gradua\u00e7\u00e3o &#8211; PEC-G, do Minist\u00e9rio das Rela\u00e7\u00f5es Exteriores e do Minist\u00e9rio da Educa\u00e7\u00e3o Resolu\u00e7\u00e3o CEPE n\u00ba 107\/2016Regulamenta a concess\u00e3o de dilata\u00e7\u00e3o de prazo para a conclus\u00e3o de Cursos de Gradua\u00e7\u00e3o na Universidade [&hellip;]<\/p>\n","protected":false},"author":8,"featured_media":0,"parent":0,"menu_order":0,"comment_status":"closed","ping_status":"closed","template":"","meta":{"_acf_changed":false,"_themeisle_gutenberg_block_has_review":false,"footnotes":""},"class_list":["post-1941","page","type-page","status-publish","hentry"],"acf":[],"_links":{"self":[{"href":"https:\/\/sites.uel.br\/prograd\/wp-json\/wp\/v2\/pages\/1941","targetHints":{"allow":["GET"]}}],"collection":[{"href":"https:\/\/sites.uel.br\/prograd\/wp-json\/wp\/v2\/pages"}],"about":[{"href":"https:\/\/sites.uel.br\/prograd\/wp-json\/wp\/v2\/types\/page"}],"author":[{"embeddable":true,"href":"https:\/\/sites.uel.br\/prograd\/wp-json\/wp\/v2\/users\/8"}],"replies":[{"embeddable":true,"href":"https:\/\/sites.uel.br\/prograd\/wp-json\/wp\/v2\/comments?post=1941"}],"version-history":[{"count":15,"href":"https:\/\/sites.uel.br\/prograd\/wp-json\/wp\/v2\/pages\/1941\/revisions"}],"predecessor-version":[{"id":19558,"href":"https:\/\/sites.uel.br\/prograd\/wp-json\/wp\/v2\/pages\/1941\/revisions\/19558"}],"wp:attachment":[{"href":"https:\/\/sites.uel.br\/prograd\/wp-json\/wp\/v2\/media?parent=1941"}],"curies":[{"name":"wp","href":"https:\/\/api.w.org\/{rel}","templated":true}]}}