{"id":1939,"date":"2023-03-30T16:46:40","date_gmt":"2023-03-30T19:46:40","guid":{"rendered":"https:\/\/sites.uel.br\/prograd\/?page_id=1939"},"modified":"2024-09-13T10:37:45","modified_gmt":"2024-09-13T13:37:45","slug":"resolucoes-2017","status":"publish","type":"page","link":"https:\/\/sites.uel.br\/prograd\/resolucoes-2017\/","title":{"rendered":"Resolu\u00e7\u00f5es"},"content":{"rendered":"\n<hr class=\"wp-block-separator has-alpha-channel-opacity is-style-wide\"\/>\n\n\n\n<h4 class=\"wp-block-heading has-text-align-left\" style=\"font-size:25px\">2017<\/h4>\n\n\n\n<div style=\"height:20px\" aria-hidden=\"true\" class=\"wp-block-spacer\"><\/div>\n\n\n\n<h4 class=\"wp-block-heading\" style=\"font-size:25px\">CA<\/h4>\n\n\n\n<p><strong><a rel=\"noreferrer noopener\" href=\"https:\/\/sites.uel.br\/prograd\/wp-content\/uploads\/documentos\/resolucoes\/2017\/resolucao_54_17.pdf\" target=\"_blank\">Resolu\u00e7\u00e3o CA n\u00ba 54\/2017<\/a><\/strong><br>Estabelece os n\u00fameros de vagas e valores das Bolsas da Universidade Estadual de Londrina<\/p>\n\n\n\n<p><strong><a rel=\"noreferrer noopener\" href=\"https:\/\/sites.uel.br\/prograd\/wp-content\/uploads\/documentos\/resolucoes\/2017\/resolucao_10_17.pdf\" target=\"_blank\">Resolu\u00e7\u00e3o CA n\u00ba 10\/2017<\/a><\/strong><br>Disp\u00f5e sobre pre\u00e7o p\u00fablico para expedi\u00e7\u00e3o de documentos e presta\u00e7\u00e3o de servi\u00e7os constantes do Anexo I<\/p>\n\n\n\n<div style=\"height:20px\" aria-hidden=\"true\" class=\"wp-block-spacer\"><\/div>\n\n\n\n<h4 class=\"wp-block-heading\" style=\"font-size:25px\">CEPE<\/h4>\n\n\n\n<p><strong><a rel=\"noreferrer noopener\" href=\"https:\/\/sites.uel.br\/prograd\/wp-content\/uploads\/documentos\/resolucoes\/2017\/resolucao_138_17.pdf\" target=\"_blank\">Resolu\u00e7\u00e3o CEPE n\u00ba 138\/2017<\/a><\/strong><br>Estabelece o Calend\u00e1rio das Atividades de Ensino dos Cursos de Gradua\u00e7\u00e3o para o ano letivo de 2018<\/p>\n\n\n\n<p><strong><a rel=\"noreferrer noopener\" href=\"https:\/\/sites.uel.br\/prograd\/wp-content\/uploads\/documentos\/resolucoes\/2017\/resolucao_137_17.pdf\" target=\"_blank\">Resolu\u00e7\u00e3o CEPE n\u00ba 137\/2017<\/a><\/strong><br>Estabelece altera\u00e7\u00e3o da Resolu\u00e7\u00e3o CEPE n\u00ba 002\/2017, que disp\u00f5e sobre o Calend\u00e1rio das Atividades de Ensino dos Cursos de Gradua\u00e7\u00e3o, da Universidade Estadual de Londrina para o ano letivo de 2017<\/p>\n\n\n\n<p><strong><a rel=\"noreferrer noopener\" href=\"https:\/\/sites.uel.br\/prograd\/wp-content\/uploads\/documentos\/resolucoes\/2017\/resolucao_136_17.pdf\" target=\"_blank\">Resolu\u00e7\u00e3o CEPE n\u00ba 136\/2017<\/a><\/strong><br>Altera o sistema de promo\u00e7\u00e3o do Curso de Administra\u00e7\u00e3o<\/p>\n\n\n\n<p><strong><a rel=\"noreferrer noopener\" href=\"https:\/\/sites.uel.br\/prograd\/wp-content\/uploads\/documentos\/resolucoes\/2017\/resolucao_135_17.pdf\" target=\"_blank\">Resolu\u00e7\u00e3o CEPE n\u00ba 135\/2017<\/a><\/strong><br>Estabelece o n\u00famero de vagas na Universidade Estadual de Londrina para atender ao Programa Estudantes &#8211; Conv\u00eanio de Gradua\u00e7\u00e3o &#8211; PEC-G, do Minist\u00e9rio das Rela\u00e7\u00f5es Exteriores e do Minist\u00e9rio da Educa\u00e7\u00e3o<\/p>\n\n\n\n<p><strong><a rel=\"noreferrer noopener\" href=\"https:\/\/sites.uel.br\/prograd\/wp-content\/uploads\/documentos\/resolucoes\/2017\/resolucao_118_17.pdf\" target=\"_blank\">Resolu\u00e7\u00e3o CEPE n\u00ba 118\/2017<\/a><\/strong><br>Estabelece normas para a admiss\u00e3o de estudante em disciplinas isoladas dos cursos de gradua\u00e7\u00e3o em virtude de conv\u00eanio, acordos de coopera\u00e7\u00e3o t\u00e9cnico-cient\u00edficos e\/ou cultural, e de processos de revalida\u00e7\u00e3o de diplomas<\/p>\n\n\n\n<p><strong><a rel=\"noreferrer noopener\" href=\"https:\/\/sites.uel.br\/prograd\/wp-content\/uploads\/documentos\/resolucoes\/2017\/resolucao_117_17.pdf\" target=\"_blank\">Resolu\u00e7\u00e3o CEPE n\u00ba 117\/2017<\/a><\/strong><br>Estabelece o Calend\u00e1rio das Atividades de Ensino do Curso de Licenciatura em Computa\u00e7\u00e3o, na modalidade a dist\u00e2ncia, para o segundo semestre do ano letivo de 2017<\/p>\n\n\n\n<p><strong><a rel=\"noreferrer noopener\" href=\"https:\/\/sites.uel.br\/prograd\/wp-content\/uploads\/documentos\/resolucoes\/2017\/resolucao_110_17.pdf\" target=\"_blank\">Resolu\u00e7\u00e3o CEPE n\u00ba 110\/2017<\/a><\/strong><br>Altera a Resolu\u00e7\u00e3o CEPE n\u00ba 045\/2017, que disp\u00f5e sobre a ades\u00e3o da Universidade Estadual de Londrina (UEL) ao Sistema de Sele\u00e7\u00e3o Unificada (SISU) para Cursos de Gradua\u00e7\u00e3o da UEL e sua regulamenta\u00e7\u00e3o para a 1\u00aa Edi\u00e7\u00e3o &#8211; 2018<\/p>\n\n\n\n<p><strong><a rel=\"noreferrer noopener\" href=\"https:\/\/sites.uel.br\/prograd\/wp-content\/uploads\/documentos\/resolucoes\/2017\/resolucao_109_17.pdf\" target=\"_blank\">Resolu\u00e7\u00e3o CEPE n\u00ba 109\/2017<\/a><\/strong><br>Estabelece altera\u00e7\u00e3o da Resolu\u00e7\u00e3o CEPE n\u00ba 002\/2017, que disp\u00f5e sobre o Calend\u00e1rio das Atividades de Ensino dos Cursos de Gradua\u00e7\u00e3o, da Universidade Estadual de Londrina para o ano letivo de 2017<\/p>\n\n\n\n<p><strong><a rel=\"noreferrer noopener\" href=\"https:\/\/sites.uel.br\/prograd\/wp-content\/uploads\/documentos\/resolucoes\/2017\/resolucao_47_17.pdf\" target=\"_blank\">Resolu\u00e7\u00e3o CEPE n\u00ba 47\/2017<\/a><\/strong><br>Regulamenta os procedimentos referentes aos estudantes de gradua\u00e7\u00e3o participantes de Programas de Mobilidade Acad\u00eamica<\/p>\n\n\n\n<p><strong><a rel=\"noreferrer noopener\" href=\"https:\/\/sites.uel.br\/prograd\/wp-content\/uploads\/documentos\/resolucoes\/2017\/resolucao_46_17.pdf\" target=\"_blank\">Resolu\u00e7\u00e3o CEPE n\u00ba 46\/2017<\/a><\/strong><br>Cria e regulamenta o Programa de Acompanhamento de Bolsas (PAB), da Pr\u00f3-Reitoria de Gradua\u00e7\u00e3o (Prograd) da Universidade Estadual de Londrina (UEL)<\/p>\n\n\n\n<p><strong><a rel=\"noreferrer noopener\" href=\"https:\/\/sites.uel.br\/prograd\/wp-content\/uploads\/documentos\/resolucoes\/2017\/resolucao_45_17.pdf\" target=\"_blank\">Resolu\u00e7\u00e3o CEPE n\u00ba 45\/2017<\/a><\/strong><br>Aprova a ades\u00e3o da Universidade Estadual de Londrina (UEL) ao Sistema de Sele\u00e7\u00e3o Unificada (SISU) para Cursos de Gradua\u00e7\u00e3o da UEL e sua regulamenta\u00e7\u00e3o para a 1\u00aa Edi\u00e7\u00e3o &#8211; 2018<\/p>\n\n\n\n<p><strong><a rel=\"noreferrer noopener\" href=\"https:\/\/sites.uel.br\/prograd\/wp-content\/uploads\/documentos\/resolucoes\/2017\/resolucao_21_17.pdf\" target=\"_blank\">Resolu\u00e7\u00e3o CEPE n\u00ba 21\/2017<\/a><\/strong><br>Acrescenta o inciso III no Art. 4\u00ba da Resolu\u00e7\u00e3o CEPE n\u00ba 142\/2012, que disp\u00f5e sobre Programa de Forma\u00e7\u00e3o Complementar no Ensino de Gradua\u00e7\u00e3o da Universidade Estadual de Londrina<\/p>\n\n\n\n<p><strong><a href=\"https:\/\/sites.uel.br\/prograd\/wp-content\/uploads\/documentos\/resolucoes\/2017\/resolucao_19_17.pdf\" target=\"_blank\" rel=\"noreferrer noopener\">Resolu\u00e7\u00e3o CEPE n\u00ba 19\/2017<\/a><\/strong><br>Obs: Revogada conforme&nbsp;<a href=\"https:\/\/sites.uel.br\/prograd\/wp-content\/uploads\/documentos\/resolucoes\/2022\/resolucao_116_22.pdf\" target=\"_blank\" rel=\"noreferrer noopener\">Resolu\u00e7\u00e3o CEPE n\u00ba 116\/2022<\/a><br>Disp\u00f5e sobre normas e procedimentos gerais de tramita\u00e7\u00e3o de processos de solicita\u00e7\u00e3o de revalida\u00e7\u00e3o de diplomas de gradua\u00e7\u00e3o estrangeiros expedidos por estabelecimentos estrangeiros de ensino superior<\/p>\n\n\n\n<p><strong><a rel=\"noreferrer noopener\" href=\"https:\/\/sites.uel.br\/prograd\/wp-content\/uploads\/documentos\/resolucoes\/2017\/resolucao_02_17.pdf\" target=\"_blank\">Resolu\u00e7\u00e3o CEPE n\u00ba 02\/2017<\/a><\/strong><br>Estabelece o Calend\u00e1rio das Atividades de Ensino dos Cursos de Gradua\u00e7\u00e3o, da Universidade Estadual de Londrina para o ano letivo de 2017<\/p>\n\n\n\n<p><strong><a rel=\"noreferrer noopener\" href=\"https:\/\/sites.uel.br\/prograd\/wp-content\/uploads\/documentos\/resolucoes\/2017\/resolucao_01_17.pdf\" target=\"_blank\">Resolu\u00e7\u00e3o CEPE n\u00ba 01\/2017<\/a><\/strong><br>Complementa o Artigo 1\u00ba da Resolu\u00e7\u00e3o CEPE n\u00ba 105\/2016, que altera a Resolu\u00e7\u00e3o CEPE n\u00ba 076\/2015, que estabelece o Calend\u00e1rio das Atividades de Ensino dos Cursos de Gradua\u00e7\u00e3o, da Universidade Estadual de Londrina para o ano letivo de 2016<\/p>\n\n\n\n<div style=\"height:20px\" aria-hidden=\"true\" class=\"wp-block-spacer\"><\/div>\n\n\n\n<h4 class=\"wp-block-heading\" style=\"font-size:25px\">CEPE\/CA<\/h4>\n\n\n\n<p><strong><a rel=\"noreferrer noopener\" href=\"https:\/\/sites.uel.br\/prograd\/wp-content\/uploads\/documentos\/resolucoes\/2017\/resolucao_143_17.pdf\" target=\"_blank\">Resolu\u00e7\u00e3o CEPE\/CA n\u00ba 143\/2017<\/a><\/strong><br>Altera o Art. 4, \u00a7 3\u00ba, da Resolu\u00e7\u00e3o CEPE\/CA N\u00ba 011\/2016, que disp\u00f5e sobre o Programa de Apoio ao Acesso e Perman\u00eancia para a Forma\u00e7\u00e3o do Estudante da UEL (PROPE)<\/p>\n\n\n\n<p><strong><a rel=\"noreferrer noopener\" href=\"https:\/\/sites.uel.br\/prograd\/wp-content\/uploads\/documentos\/resolucoes\/2017\/resolucao_142_17.pdf\" target=\"_blank\">Resolu\u00e7\u00e3o CEPE\/CA n\u00ba 142\/2017<\/a><\/strong><br>Reformula o Projeto Pedag\u00f3gico do Curso de Letras Portugu\u00eas &#8211; Modalidade: Licenciatura &#8211; Habilita\u00e7\u00e3o: L\u00edngua Portuguesa e Respectivas Literaturas, a ser implantado a partir do ano letivo de 2018<\/p>\n\n\n\n<p><strong><a rel=\"noreferrer noopener\" href=\"https:\/\/sites.uel.br\/prograd\/wp-content\/uploads\/documentos\/resolucoes\/2017\/resolucao_131_17.pdf\" target=\"_blank\">Resolu\u00e7\u00e3o CEPE\/CA n\u00ba 131\/2017<\/a><\/strong><br>Reformula o Projeto Pedag\u00f3gico do Curso de Ci\u00eancias Cont\u00e1beis, a ser implantado a partir do ano letivo de 2018<\/p>\n\n\n\n<p><strong><a rel=\"noreferrer noopener\" href=\"https:\/\/sites.uel.br\/prograd\/wp-content\/uploads\/documentos\/resolucoes\/2017\/resolucao_51_17.pdf\" target=\"_blank\">Resolu\u00e7\u00e3o CEPE\/CA n\u00ba 51\/2017<\/a><\/strong><br>Altera os Artigos 51 e 52 da Resolu\u00e7\u00e3o CEPE\/CA n\u00ba 020\/2015, referentes ao Sistema de Promo\u00e7\u00e3o do Curso de Educa\u00e7\u00e3o F\u00edsica &#8211; Habilita\u00e7\u00e3o: Bacharelado<\/p>\n\n\n\n<p><strong><a rel=\"noreferrer noopener\" href=\"https:\/\/sites.uel.br\/prograd\/wp-content\/uploads\/documentos\/resolucoes\/2017\/resolucao_50_17.pdf\" target=\"_blank\">Resolu\u00e7\u00e3o CEPE\/CA n\u00ba 50\/2017<\/a><\/strong><br>Reformula o Projeto Pedag\u00f3gico do Curso de Gradua\u00e7\u00e3o em Direito, a ser implantado a partir do ano letivo de 2018<\/p>\n\n\n\n<p><strong><a rel=\"noreferrer noopener\" href=\"https:\/\/sites.uel.br\/prograd\/wp-content\/uploads\/documentos\/resolucoes\/2017\/resolucao_31_17.pdf\" target=\"_blank\">Resolu\u00e7\u00e3o CEPE\/CA n\u00ba 31\/2017<\/a><\/strong><br>Reformula o Projeto Pedag\u00f3gico do Curso de Engenharia &#8211; Habilita\u00e7\u00e3o: Engenharia El\u00e9trica, a ser implantado a partir do ano letivo de 2018<\/p>\n\n\n\n<p><strong><a rel=\"noreferrer noopener\" href=\"https:\/\/sites.uel.br\/prograd\/wp-content\/uploads\/documentos\/resolucoes\/2017\/resolucao_30_17.pdf\" target=\"_blank\">Resolu\u00e7\u00e3o CEPE\/CA n\u00ba 30\/2017<\/a><\/strong><br>Normatiza o N\u00facleo Docente Estruturante (NDE) na Universidade Estadual de Londrina, vinculado ao Colegiado de Curso e d\u00e1 outras provid\u00eancias<\/p>\n\n\n\n<p><strong><a rel=\"noreferrer noopener\" href=\"https:\/\/sites.uel.br\/prograd\/wp-content\/uploads\/documentos\/resolucoes\/2017\/resolucao_18_17.pdf\" target=\"_blank\">Resolu\u00e7\u00e3o CEPE\/CA n\u00ba 18\/2017<\/a><\/strong><br>Altera o sistema de Promo\u00e7\u00e3o do Curso de Gradua\u00e7\u00e3o em Psicologia<\/p>\n\n\n\n<p><strong><a rel=\"noreferrer noopener\" href=\"https:\/\/sites.uel.br\/prograd\/wp-content\/uploads\/documentos\/resolucoes\/2017\/resolucao_03_17.pdf\" target=\"_blank\">Resolu\u00e7\u00e3o CEPE\/CA n\u00ba 03\/2017<\/a><\/strong><br>Altera a forma de ingresso no Curso de Licenciatura em Computa\u00e7\u00e3o, na modalidade a distancia, na Universidade Estadual de Londrina<\/p>\n\n\n\n<div style=\"height:20px\" aria-hidden=\"true\" class=\"wp-block-spacer\"><\/div>\n\n\n\n<h4 class=\"wp-block-heading\" style=\"font-size:25px\">CU<\/h4>\n\n\n\n<p><strong><a rel=\"noreferrer noopener\" href=\"https:\/\/sites.uel.br\/prograd\/wp-content\/uploads\/documentos\/resolucoes\/2017\/resolucao_68_17.pdf\" target=\"_blank\">Resolu\u00e7\u00e3o CU n\u00ba 068\/2017<\/a><\/strong><br>Altera o Artigo 13 do Regimento C\u00e2mara de Gradua\u00e7\u00e3o, do Conselho de Ensino Pesquisa e Extens\u00e3o (Resolu\u00e7\u00e3o CU n\u00ba 067\/2008)<\/p>\n\n\n\n<p><strong>Resolu\u00e7\u00e3o CU n\u00ba 042\/2017<\/strong> (revogada pela <a href=\"https:\/\/sites.uel.br\/prograd\/wp-content\/uploads\/documentos\/resolucoes\/2024\/resolucao_31_24.pdf\" target=\"_blank\" rel=\"noreferrer noopener\">Resolu\u00e7\u00e3o CU 031\/2024<\/a>)<br>Acrescenta o inciso IV no Par\u00e1grafo 1\u00ba do Artigo 1\u00ba e altera o Artigo 4\u00ba, ambos da Resolu\u00e7\u00e3o CU n\u00ba 008\/2017, que estabelece a reserva de vagas no Processo Seletivo Vestibular e no Sistema de Sele\u00e7\u00e3o Unificada (SISU), para candidatos oriundos de institui\u00e7\u00f5es p\u00fablicas brasileiras de ensino e para aqueles que se autodeclararem negros<\/p>\n\n\n\n<p><strong>Resolu\u00e7\u00e3o CU n\u00ba 008\/2017<\/strong> (revogada pela <a href=\"https:\/\/sites.uel.br\/prograd\/wp-content\/uploads\/documentos\/resolucoes\/2024\/resolucao_31_24.pdf\" target=\"_blank\" rel=\"noreferrer noopener\">Resolu\u00e7\u00e3o CU 031\/2024<\/a>)<br>Estabelece a reserva de vagas no Processo Seletivo Vestibular e no Sistema de Sele\u00e7\u00e3o Unificada do Minist\u00e9rio da Educa\u00e7\u00e3o para candidatos oriundos de institui\u00e7\u00f5es p\u00fablicas brasileiras de ensino e para aqueles que se autodeclararem negros<\/p>\n","protected":false},"excerpt":{"rendered":"<p>2017 CA Resolu\u00e7\u00e3o CA n\u00ba 54\/2017Estabelece os n\u00fameros de vagas e valores das Bolsas da Universidade Estadual de Londrina Resolu\u00e7\u00e3o CA n\u00ba 10\/2017Disp\u00f5e sobre pre\u00e7o p\u00fablico para expedi\u00e7\u00e3o de documentos e presta\u00e7\u00e3o de servi\u00e7os constantes do Anexo I CEPE Resolu\u00e7\u00e3o CEPE n\u00ba 138\/2017Estabelece o Calend\u00e1rio das Atividades de Ensino dos Cursos de Gradua\u00e7\u00e3o para o [&hellip;]<\/p>\n","protected":false},"author":8,"featured_media":0,"parent":0,"menu_order":0,"comment_status":"closed","ping_status":"closed","template":"","meta":{"_acf_changed":false,"_themeisle_gutenberg_block_has_review":false,"footnotes":""},"class_list":["post-1939","page","type-page","status-publish","hentry"],"acf":[],"_links":{"self":[{"href":"https:\/\/sites.uel.br\/prograd\/wp-json\/wp\/v2\/pages\/1939","targetHints":{"allow":["GET"]}}],"collection":[{"href":"https:\/\/sites.uel.br\/prograd\/wp-json\/wp\/v2\/pages"}],"about":[{"href":"https:\/\/sites.uel.br\/prograd\/wp-json\/wp\/v2\/types\/page"}],"author":[{"embeddable":true,"href":"https:\/\/sites.uel.br\/prograd\/wp-json\/wp\/v2\/users\/8"}],"replies":[{"embeddable":true,"href":"https:\/\/sites.uel.br\/prograd\/wp-json\/wp\/v2\/comments?post=1939"}],"version-history":[{"count":18,"href":"https:\/\/sites.uel.br\/prograd\/wp-json\/wp\/v2\/pages\/1939\/revisions"}],"predecessor-version":[{"id":32089,"href":"https:\/\/sites.uel.br\/prograd\/wp-json\/wp\/v2\/pages\/1939\/revisions\/32089"}],"wp:attachment":[{"href":"https:\/\/sites.uel.br\/prograd\/wp-json\/wp\/v2\/media?parent=1939"}],"curies":[{"name":"wp","href":"https:\/\/api.w.org\/{rel}","templated":true}]}}