{"id":1937,"date":"2023-03-30T16:46:30","date_gmt":"2023-03-30T19:46:30","guid":{"rendered":"https:\/\/sites.uel.br\/prograd\/?page_id=1937"},"modified":"2024-02-02T13:54:51","modified_gmt":"2024-02-02T16:54:51","slug":"resolucoes-2018","status":"publish","type":"page","link":"https:\/\/sites.uel.br\/prograd\/resolucoes-2018\/","title":{"rendered":"Resolu\u00e7\u00f5es"},"content":{"rendered":"\n<hr class=\"wp-block-separator has-alpha-channel-opacity is-style-wide\"\/>\n\n\n\n<h4 class=\"wp-block-heading has-text-align-left\" style=\"font-size:25px\">2018<\/h4>\n\n\n\n<div style=\"height:20px\" aria-hidden=\"true\" class=\"wp-block-spacer\"><\/div>\n\n\n\n<h4 class=\"wp-block-heading\" style=\"font-size:25px\">CEPE<\/h4>\n\n\n\n<p><strong><a rel=\"noreferrer noopener\" href=\"https:\/\/sites.uel.br\/prograd\/wp-content\/uploads\/documentos\/resolucoes\/2018\/resolucao_137_18.pdf\" target=\"_blank\">Resolu\u00e7\u00e3o CEPE n\u00ba 137\/2018<\/a><\/strong><br>Estabelece adequa\u00e7\u00e3o da Resolu\u00e7\u00e3o CEPE n\u00ba 138\/2017, que disp\u00f5e sobre o Calend\u00e1rio das Atividades de Ensino dos Cursos de Gradua\u00e7\u00e3o, da Universidade Estadual de Londrina para o ano letivo de 2018<\/p>\n\n\n\n<p><strong><a rel=\"noreferrer noopener\" href=\"https:\/\/sites.uel.br\/prograd\/wp-content\/uploads\/documentos\/resolucoes\/2018\/resolucao_136_18.pdf\" target=\"_blank\">Resolu\u00e7\u00e3o CEPE n\u00ba 136\/2018<\/a><\/strong><br>Estabelece altera\u00e7\u00e3o da Resolu\u00e7\u00e3o CEPE n\u00ba 112\/2018, que disp\u00f5e sobre o Calend\u00e1rio das Atividades de Ensino dos Cursos de Gradua\u00e7\u00e3o, da Universidade Estadual de Londrina para o ano letivo de 2019<\/p>\n\n\n\n<p><strong><a rel=\"noreferrer noopener\" href=\"https:\/\/sites.uel.br\/prograd\/wp-content\/uploads\/documentos\/resolucoes\/2018\/resolucao_124_18.pdf\" target=\"_blank\">Resolu\u00e7\u00e3o CEPE n\u00ba 124\/2018<\/a><\/strong><br>Estabelece altera\u00e7\u00e3o da Resolu\u00e7\u00e3o CEPE n\u00ba 138\/2017, que disp\u00f5e sobre o Calend\u00e1rio das Atividades de Ensino dos Cursos de Gradua\u00e7\u00e3o, da Universidade Estadual de Londrina para o ano letivo de 2018<\/p>\n\n\n\n<p><strong><a rel=\"noreferrer noopener\" href=\"https:\/\/sites.uel.br\/prograd\/wp-content\/uploads\/documentos\/resolucoes\/2018\/resolucao_113_18.pdf\" target=\"_blank\">Resolu\u00e7\u00e3o CEPE n\u00ba 113\/2018<\/a><\/strong><br>Extingue a oferta da Habilita\u00e7\u00e3o Bacharelado em Matem\u00e1tica Empresarial a partir do ano letivo de 2020<\/p>\n\n\n\n<p><strong><a rel=\"noreferrer noopener\" href=\"https:\/\/sites.uel.br\/prograd\/wp-content\/uploads\/documentos\/resolucoes\/2018\/resolucao_112_18.pdf\" target=\"_blank\">Resolu\u00e7\u00e3o CEPE n\u00ba 112\/2018<\/a><\/strong><br>Estabelece o Calend\u00e1rio das Atividades de Ensino dos Cursos de Gradua\u00e7\u00e3o para o ano letivo de 2019<\/p>\n\n\n\n<p><strong><a rel=\"noreferrer noopener\" href=\"https:\/\/sites.uel.br\/prograd\/wp-content\/uploads\/documentos\/resolucoes\/2018\/resolucao_99_18.pdf\" target=\"_blank\">Resolu\u00e7\u00e3o CEPE n\u00ba 99\/2018<\/a><\/strong><br>Altera os Artigos 1\u00ba, 6\u00ba e 7\u00ba da Resolu\u00e7\u00e3o CEPE n\u00ba 066\/2018 que aprova a ades\u00e3o da Universidade Estadual de Londrina (UEL) ao Sistema de Sele\u00e7\u00e3o Unificada (SISU) para Cursos de Gradua\u00e7\u00e3o da UEL e sua regulamenta\u00e7\u00e3o para a 1\u00aa Edi\u00e7\u00e3o &#8211; 2019<\/p>\n\n\n\n<p><strong><a rel=\"noreferrer noopener\" href=\"https:\/\/sites.uel.br\/prograd\/wp-content\/uploads\/documentos\/resolucoes\/2018\/resolucao_98_18.pdf\" target=\"_blank\">Resolu\u00e7\u00e3o CEPE n\u00ba 98\/2018<\/a><\/strong><br>Estabelece o n\u00famero de vagas na Universidade Estadual de Londrina para atender ao Programa Estudantes &#8211; Conv\u00eanio de Gradua\u00e7\u00e3o &#8211; PEC-G, do Minist\u00e9rio das Rela\u00e7\u00f5es Exteriores e do Minist\u00e9rio da Educa\u00e7\u00e3o<\/p>\n\n\n\n<p><strong><a rel=\"noreferrer noopener\" href=\"https:\/\/sites.uel.br\/prograd\/wp-content\/uploads\/documentos\/resolucoes\/2018\/resolucao_80_18.pdf\" target=\"_blank\">Resolu\u00e7\u00e3o CEPE n\u00ba 80\/2018<\/a><\/strong>&nbsp;<br>Estabelece altera\u00e7\u00e3o da Resolu\u00e7\u00e3o CEPE n\u00ba 138\/2017, que disp\u00f5e sobre o Calend\u00e1rio das Atividades de Ensino dos Cursos de Gradua\u00e7\u00e3o, da Universidade Estadual de Londrina para o ano letivo de 2018<\/p>\n\n\n\n<p><strong><a rel=\"noreferrer noopener\" href=\"https:\/\/sites.uel.br\/prograd\/wp-content\/uploads\/documentos\/resolucoes\/2018\/resolucao_66_18.pdf\" target=\"_blank\">Resolu\u00e7\u00e3o CEPE n\u00ba 66\/2018<\/a><\/strong><br>Aprova a ades\u00e3o da Universidade Estadual de Londrina (UEL) ao Sistema de Sele\u00e7\u00e3o Unificada (SISU) para Cursos de Gradua\u00e7\u00e3o da UEL e sua regulamenta\u00e7\u00e3o para a 1\u00aa Edi\u00e7\u00e3o &#8211; 2019<\/p>\n\n\n\n<p><strong><a rel=\"noreferrer noopener\" href=\"https:\/\/sites.uel.br\/prograd\/wp-content\/uploads\/documentos\/resolucoes\/2018\/resolucao_58_18.pdf\" target=\"_blank\">Resolu\u00e7\u00e3o CEPE n\u00ba 58\/2018<\/a><\/strong><br>Institui a oferta de Portugu\u00eas para Falantes de Outras L\u00ednguas (PFOL) como disciplina especial, para os estudantes dos Cursos de Gradua\u00e7\u00e3o, na habilita\u00e7\u00e3o Bacharelado e Licenciatura, da Universidade Estadual de Londrina<\/p>\n\n\n\n<p class=\"has-text-color\" style=\"color:#ff0000\"><strong><a rel=\"noreferrer noopener\" href=\"https:\/\/sites.uel.br\/prograd\/wp-content\/uploads\/documentos\/resolucoes\/2018\/resolucao_21_18.pdf\" target=\"_blank\">Resolu\u00e7\u00e3o CEPE n\u00ba 21\/2018<\/a><\/strong><br>Regulamenta procedimentos acad\u00eamicos e administrativos para os Cursos de Gradua\u00e7\u00e3o da Universidade Estadual de Londrina<br>(revogada, substitu\u00edda pela Resolu\u00e7\u00e3o CEPE n\u00ba 17\/2023)<\/p>\n\n\n\n<p><strong><a rel=\"noreferrer noopener\" href=\"https:\/\/sites.uel.br\/prograd\/wp-content\/uploads\/documentos\/resolucoes\/2018\/resolucao_20_18.pdf\" target=\"_blank\">Resolu\u00e7\u00e3o CEPE n\u00ba 20\/2018<\/a><\/strong><br>Suspende o Calend\u00e1rio Acad\u00eamico dos Cursos de Gradua\u00e7\u00e3o da Universidade Estadual de Londrina, no dia 19 de mar\u00e7o de 2018<\/p>\n\n\n\n<p><strong><a rel=\"noreferrer noopener\" href=\"https:\/\/sites.uel.br\/prograd\/wp-content\/uploads\/documentos\/resolucoes\/2018\/resolucao_02_18.pdf\" target=\"_blank\">Resolu\u00e7\u00e3o CEPE n\u00ba 02\/2018<\/a><\/strong><br>Altera a Resolu\u00e7\u00e3o CEPE n\u00ba 002\/2017, que disp\u00f5e sobre o Calend\u00e1rio das Atividades de Ensino dos Cursos de Gradua\u00e7\u00e3o, da Universidade Estadual de Londrina, para o ano letivo de 2017<\/p>\n\n\n\n<div style=\"height:20px\" aria-hidden=\"true\" class=\"wp-block-spacer\"><\/div>\n\n\n\n<h4 class=\"wp-block-heading\" style=\"font-size:25px\">CEPE\/CA<\/h4>\n\n\n\n<p><strong><a rel=\"noreferrer noopener\" href=\"https:\/\/sites.uel.br\/prograd\/wp-content\/uploads\/documentos\/resolucoes\/2018\/resolucao_140_18.pdf\" target=\"_blank\">Resolu\u00e7\u00e3o CEPE\/CA n\u00ba 140\/2018<\/a><\/strong><br>Reformula o Projeto Pedag\u00f3gico do Curso de M\u00fasica &#8211; Licenciatura, a ser implantado a partir do ano letivo de 2019<\/p>\n\n\n\n<p><strong><a rel=\"noreferrer noopener\" href=\"https:\/\/sites.uel.br\/prograd\/wp-content\/uploads\/documentos\/resolucoes\/2018\/resolucao_132_18.pdf\" target=\"_blank\">Resolu\u00e7\u00e3o CEPE\/CA n\u00ba 132\/2018<\/a><\/strong><br>Altera a ementa e o Artigo 1\u00ba da Resolu\u00e7\u00e3o CEPE\/CA n\u00ba 039\/2013, que cria o Curso de Gradua\u00e7\u00e3o em Biotecnologia &#8211; Habilita\u00e7\u00e3o: Bacharelado<\/p>\n\n\n\n<p><strong><a rel=\"noreferrer noopener\" href=\"https:\/\/sites.uel.br\/prograd\/wp-content\/uploads\/documentos\/resolucoes\/2018\/resolucao_131_18.pdf\" target=\"_blank\">Resolu\u00e7\u00e3o CEPE\/CA n\u00ba 131\/2018<\/a><\/strong><br>Reformula o Projeto Pedag\u00f3gico do Curso de Filosofia &#8211; Licenciatura, a ser implantando a partir do ano letivo de 2019<\/p>\n\n\n\n<p><strong><a rel=\"noreferrer noopener\" href=\"https:\/\/sites.uel.br\/prograd\/wp-content\/uploads\/documentos\/resolucoes\/2018\/resolucao_130_18.pdf\" target=\"_blank\">Resolu\u00e7\u00e3o CEPE\/CA n\u00ba 130\/2018<\/a><\/strong><br>Reformula o Projeto Pedag\u00f3gico do Curso de Geografia &#8211; Licenciatura, a ser implantado a partir do ano letivo de 2019<\/p>\n\n\n\n<p><strong><a rel=\"noreferrer noopener\" href=\"https:\/\/sites.uel.br\/prograd\/wp-content\/uploads\/documentos\/resolucoes\/2018\/resolucao_129_18.pdf\" target=\"_blank\">Resolu\u00e7\u00e3o CEPE\/CA n\u00ba 129\/2018<\/a><\/strong><br>Reformula o Projeto Pedag\u00f3gico do Curso de Hist\u00f3ria &#8211; Licenciatura, a ser implantado a partir do ano letivo de 2019<\/p>\n\n\n\n<p><strong><a rel=\"noreferrer noopener\" href=\"https:\/\/sites.uel.br\/prograd\/wp-content\/uploads\/documentos\/resolucoes\/2018\/resolucao_128_18.pdf\" target=\"_blank\">Resolu\u00e7\u00e3o CEPE\/CA n\u00ba 128\/2018<\/a><\/strong><br>Reformula o Projeto Pedag\u00f3gico do Curso de Ci\u00eancias Sociais &#8211; Licenciatura, a ser implantado a partir do ano letivo de 2019<\/p>\n\n\n\n<p><strong><a rel=\"noreferrer noopener\" href=\"https:\/\/sites.uel.br\/prograd\/wp-content\/uploads\/documentos\/resolucoes\/2018\/resolucao_127_18.pdf\" target=\"_blank\">Resolu\u00e7\u00e3o CEPE\/CA n\u00ba 127\/2018<\/a><\/strong><br>Reformula o Projeto Pedag\u00f3gico do Curso de Ci\u00eancias Sociais &#8211; Bacharelado, a ser implantado a partir do ano letivo de 2019<\/p>\n\n\n\n<p><strong><a rel=\"noreferrer noopener\" href=\"https:\/\/sites.uel.br\/prograd\/wp-content\/uploads\/documentos\/resolucoes\/2018\/resolucao_126_18.pdf\" target=\"_blank\">Resolu\u00e7\u00e3o CEPE\/CA n\u00ba 126\/2018<\/a><\/strong><br>Reformula o Projeto Pedag\u00f3gico do Curso de Psicologia, a ser implantado a partir do ano letivo de 2019<\/p>\n\n\n\n<p><strong><a rel=\"noreferrer noopener\" href=\"https:\/\/sites.uel.br\/prograd\/wp-content\/uploads\/documentos\/resolucoes\/2018\/resolucao_121_18.pdf\" target=\"_blank\">Resolu\u00e7\u00e3o CEPE\/CA n\u00ba 121\/2018<\/a><\/strong><br>Reformula o Projeto Pedag\u00f3gico do Curso de Letras Espanhol &#8211; Licenciatura em L\u00edngua Espanhola e Literatura Hisp\u00e2nica, a ser implantado a partir do ano letivo de 2019<\/p>\n\n\n\n<p><strong><a rel=\"noreferrer noopener\" href=\"https:\/\/sites.uel.br\/prograd\/wp-content\/uploads\/documentos\/resolucoes\/2018\/resolucao_120_18.pdf\" target=\"_blank\">Resolu\u00e7\u00e3o CEPE\/CA n\u00ba 120\/2018<\/a><\/strong><br>Reformula o Projeto Pedag\u00f3gico do Curso de Matem\u00e1tica &#8211; Licenciatura, a ser implantado a partir do ano letivo de 2019<\/p>\n\n\n\n<p><strong><a rel=\"noreferrer noopener\" href=\"https:\/\/sites.uel.br\/prograd\/wp-content\/uploads\/documentos\/resolucoes\/2018\/resolucao_119_18.pdf\" target=\"_blank\">Resolu\u00e7\u00e3o CEPE\/CA n\u00ba 119\/2018<\/a><\/strong><br>Reformula o Projeto Pedag\u00f3gico do Curso de Letras Ingl\u00eas &#8211; Licenciatura em L\u00edngua Inglesa e Literaturas em L\u00edngua Inglesa, a ser implantado a partir do ano letivo de 2019<\/p>\n\n\n\n<p><strong><a rel=\"noreferrer noopener\" href=\"https:\/\/sites.uel.br\/prograd\/wp-content\/uploads\/documentos\/resolucoes\/2018\/resolucao_118_18.pdf\" target=\"_blank\">Resolu\u00e7\u00e3o CEPE\/CA n\u00ba 118\/2018<\/a><\/strong><br>Reformula o Projeto Pedag\u00f3gico do Curso de Pedagogia &#8211; Licenciatura, a ser implantado a partir do ano letivo de 2019<\/p>\n\n\n\n<p><strong><a rel=\"noreferrer noopener\" href=\"https:\/\/sites.uel.br\/prograd\/wp-content\/uploads\/documentos\/resolucoes\/2018\/resolucao_117_18.pdf\" target=\"_blank\">Resolu\u00e7\u00e3o CEPE\/CA n\u00ba 117\/2018<\/a><\/strong><br>Reformula o Projeto Pedag\u00f3gico do Curso de Qu\u00edmica &#8211; Licenciatura, a ser implantado a partir do ano letivo de 2019<\/p>\n\n\n\n<p><strong><a rel=\"noreferrer noopener\" href=\"https:\/\/sites.uel.br\/prograd\/wp-content\/uploads\/documentos\/resolucoes\/2018\/resolucao_103_18.pdf\" target=\"_blank\">Resolu\u00e7\u00e3o CEPE\/CA n\u00ba 103\/2018<\/a><\/strong><br>Reformula o Projeto Pedag\u00f3gico do Curso de Artes Visuais &#8211; Licenciatura, a ser implantado a partir do ano letivo de 2019<\/p>\n\n\n\n<p><strong><a rel=\"noreferrer noopener\" href=\"https:\/\/sites.uel.br\/prograd\/wp-content\/uploads\/documentos\/resolucoes\/2018\/resolucao_102_18.pdf\" target=\"_blank\">Resolu\u00e7\u00e3o CEPE\/CA n\u00ba 102\/2018<\/a><\/strong><br>Reformula o Projeto Pedag\u00f3gico do Curso de F\u00edsica &#8211; Licenciatura, a ser implantado a partir do ano letivo de 2019<\/p>\n\n\n\n<p><strong><a rel=\"noreferrer noopener\" href=\"https:\/\/sites.uel.br\/prograd\/wp-content\/uploads\/documentos\/resolucoes\/2018\/resolucao_71_18.pdf\" target=\"_blank\">Resolu\u00e7\u00e3o CEPE\/CA n\u00ba 71\/2018<\/a><\/strong><br>Estabelece a contrapresta\u00e7\u00e3o para acad\u00eamicos da Universidade Estadual de Londrina para realiza\u00e7\u00e3o de est\u00e1gio curricular n\u00e3o obrigat\u00f3rio no Hospital Universit\u00e1rio de Londrina (HU)<\/p>\n\n\n\n<p><strong><a rel=\"noreferrer noopener\" href=\"https:\/\/sites.uel.br\/prograd\/wp-content\/uploads\/documentos\/resolucoes\/2018\/resolucao_70_18.pdf\" target=\"_blank\">Resolu\u00e7\u00e3o CEPE\/CA n\u00ba 70\/2018<\/a><\/strong><br>Cria o Colegiado Gestor da Pol\u00edtica Institucional de Forma\u00e7\u00e3o Inicial e Continuada de Professores (COGEPP) no \u00e2mbito da Universidade Estadual de Londrina<\/p>\n\n\n\n<p><strong><a rel=\"noreferrer noopener\" href=\"https:\/\/sites.uel.br\/prograd\/wp-content\/uploads\/documentos\/resolucoes\/2018\/resolucao_16_18.pdf\" target=\"_blank\">Resolu\u00e7\u00e3o CEPE\/CA n\u00ba 16\/2018<\/a><\/strong><br>Cria o Colegiado Gestor da Pol\u00edtica Institucional de Forma\u00e7\u00e3o Inicial e Continuada de Professores (COGEPP) no \u00e2mbito da Universidade Estadual de Londrina<\/p>\n","protected":false},"excerpt":{"rendered":"<p>2018 CEPE Resolu\u00e7\u00e3o CEPE n\u00ba 137\/2018Estabelece adequa\u00e7\u00e3o da Resolu\u00e7\u00e3o CEPE n\u00ba 138\/2017, que disp\u00f5e sobre o Calend\u00e1rio das Atividades de Ensino dos Cursos de Gradua\u00e7\u00e3o, da Universidade Estadual de Londrina para o ano letivo de 2018 Resolu\u00e7\u00e3o CEPE n\u00ba 136\/2018Estabelece altera\u00e7\u00e3o da Resolu\u00e7\u00e3o CEPE n\u00ba 112\/2018, que disp\u00f5e sobre o Calend\u00e1rio das Atividades de Ensino [&hellip;]<\/p>\n","protected":false},"author":8,"featured_media":0,"parent":0,"menu_order":0,"comment_status":"closed","ping_status":"closed","template":"","meta":{"_acf_changed":false,"_themeisle_gutenberg_block_has_review":false,"footnotes":""},"class_list":["post-1937","page","type-page","status-publish","hentry"],"acf":[],"_links":{"self":[{"href":"https:\/\/sites.uel.br\/prograd\/wp-json\/wp\/v2\/pages\/1937","targetHints":{"allow":["GET"]}}],"collection":[{"href":"https:\/\/sites.uel.br\/prograd\/wp-json\/wp\/v2\/pages"}],"about":[{"href":"https:\/\/sites.uel.br\/prograd\/wp-json\/wp\/v2\/types\/page"}],"author":[{"embeddable":true,"href":"https:\/\/sites.uel.br\/prograd\/wp-json\/wp\/v2\/users\/8"}],"replies":[{"embeddable":true,"href":"https:\/\/sites.uel.br\/prograd\/wp-json\/wp\/v2\/comments?post=1937"}],"version-history":[{"count":17,"href":"https:\/\/sites.uel.br\/prograd\/wp-json\/wp\/v2\/pages\/1937\/revisions"}],"predecessor-version":[{"id":19555,"href":"https:\/\/sites.uel.br\/prograd\/wp-json\/wp\/v2\/pages\/1937\/revisions\/19555"}],"wp:attachment":[{"href":"https:\/\/sites.uel.br\/prograd\/wp-json\/wp\/v2\/media?parent=1937"}],"curies":[{"name":"wp","href":"https:\/\/api.w.org\/{rel}","templated":true}]}}